{"id":3643,"date":"2026-01-24T05:28:11","date_gmt":"2026-01-24T05:28:11","guid":{"rendered":"https:\/\/www.ansenta.com\/?post_type=product&#038;p=3643"},"modified":"2026-01-24T05:28:11","modified_gmt":"2026-01-24T05:28:11","slug":"gel-imaging-analysis-systems-ast-2880","status":"publish","type":"product","link":"https:\/\/www.ansenta.com\/zh\/product\/gel-imaging-analysis-systems-ast-2880\/","title":{"rendered":"\u51dd\u80f6\u6210\u50cf\u5206\u6790\u7cfb\u7edf AST-2880"},"content":{"rendered":"<p>\u2666Product Description<br \/>\nThe automatic gel imaging analysis system is mainly used for the analysis and research of electrophoretic gel images and hybrid films, etc. It is fully automatic computer control and highly programmed to be easily operated, convenient and practical.<br \/>\n\u2666Product Features<br \/>\n\u2022 Multi-function control panel with touch keys, simple and convenient function selection .<br \/>\n\u2022 Zoom , focus, aperture, transmitted UV light and reflection light can be fully automatic controlled by software or chassis panel.<br \/>\n\u2022 The high-definition, high-quality images of scientific research CCD reflect more details of the picture, and the ability to analyze weak bands is stronger.<br \/>\n\u2022 It is much more intuitional and safe to have real-time observation through software or UV protection window.<br \/>\n\u2022 Photos can be saved in TIFF, JPEG and other common formats.<br \/>\n\u2022 Timing protection function: If no command is entered within 15 minutes, all light sources automatically turn off, to extend service life.<br \/>\n\u2022 System automatically turns off all light sources at the same time, making more safe and efficient to experiment.<br \/>\n\u2666Technical Specification<\/p>\n<p style=\"text-align: center;\">Image Analysis Software<\/p>\n<table>\n<tbody>\n<tr>\n<td>CCD chip<\/td>\n<td>1\/2.5 inch, 3096(H) \u00d7 2080(V), 6.4 million pixels<\/td>\n<\/tr>\n<tr>\n<td>Dynamic Range<\/td>\n<td>4.5OD. 16bit gray scale, Double-stranded DNA stained by EB less than 20Pg<\/td>\n<\/tr>\n<tr>\n<td>Image Size<\/td>\n<td>5.7um \u00d7 4.28um<\/td>\n<\/tr>\n<tr>\n<td>Pixel Merging<\/td>\n<td>1\u00d7 1, 2\u00d72, 3\u00d73, 4\u00d74<\/td>\n<\/tr>\n<tr>\n<td>Lens<\/td>\n<td>High permeability electric lens, 8~48mm aperture F1:1.2 automatic, motorized lens<\/td>\n<\/tr>\n<tr>\n<td>Exposure Time<\/td>\n<td>0.294ms &#8211; 2000ms<\/td>\n<\/tr>\n<tr>\n<td>Sensitivity<\/td>\n<td>At least 0.01ngEB chromosome DNA can be detected<\/td>\n<\/tr>\n<tr>\n<td>Detect the signal-to-noise Ratio<\/td>\n<td>\u2265 56dB<\/td>\n<\/tr>\n<tr>\n<td>Excitation Light Source<\/td>\n<td>300nm transmitted UV, 254, 365nm reflected UV<\/td>\n<\/tr>\n<tr>\n<td>Projection Table<\/td>\n<td>Ultra bright UV transmission station, area 210\u00d7260mm, blue and white light:210\u00d7300mm (optional)<\/td>\n<\/tr>\n<tr>\n<td>Optical Filter<\/td>\n<td>Standard 590nm, compatible with EB, Sybr, GoldView and most of other fluorescent dyes<\/td>\n<\/tr>\n<tr>\n<td>Software<\/td>\n<td>JP-GEL 1D Image-Pro Plus<\/td>\n<\/tr>\n<tr>\n<td>Input Power Supply<\/td>\n<td>AC220V, 50\/60Hz<\/td>\n<\/tr>\n<tr>\n<td>Dimension (mm)<\/td>\n<td>380x430x730<\/td>\n<\/tr>\n<tr>\n<td>N.W.(kg)<\/td>\n<td>18.1<\/td>\n<\/tr>\n<\/tbody>\n<\/table>\n<p>\u2666Product Description<\/p>\n<p>It can be used for the imaging and analysis of DNA\/RNA gel, protein gel, autoradiography film, enzyme label plate, thin layer chromatography plate, etc. And it can do aggregate analysis, molecular weight analysis, cluster analysis, homology analysis accurately for bands, spots and any other target region.<\/p>\n<p>\u2666Product Features<br \/>\n\u2022 Background elimination, optical density analysis, band quantification, percentage content calculation, colony count and PCR product quantification, etc.<br \/>\n\u2022 Suitable for Coomassie bright blue and silver dyed protein glue, fluorescent dye dyed nucleic acid glue, GFP\/eGFP analysis, micrographs.<br \/>\n\u2022 Autoradiography, Dot Blot analysis, Northern\/Western Blot analysis, microplate, Macroarray high-throughput analysis, etc.<br \/>\n\u2022 Analysis results can be directly output in Excel tables, and automatically generate reports, easy to archive and call.<br \/>\n\u2022 Integration of analysis software and image acquisition software: image capture, analysis of electrophoresis gel, dot blotting, narrow line blotting and colony counting, etc.<br \/>\n\u2022 Complete on the same interface.<\/p>\n<p><strong>Molecular weight determination<\/strong><br \/>\nThe molecular weight determination function can be applied to DNA\/RNA gel experiment, which can be used forlane correction and strip automatic identification. The molecular weight of each electrophoresis strip can be automatically calculated according to Marker and output in Excel table for easy analysis.<br \/>\n<strong>Accurate area density calculation<\/strong><br \/>\nThe parameters in a certain area can be customized calculation, such as area density value and averagedensity value.<br \/>\n<strong>Rapid and simple quantitative analysis<\/strong><br \/>\nIt can quantitatively analyze nucleic acid and protein in rectangle, circle, contour line or any random region, andrealize accurate concentration analysis such as molecular weight calculation, band quantification, RF value and percentage content.<\/p>\n<p><strong>Flexible lane and strip analysis<\/strong><\/p>\n<p>The horizontal and vertical degrees of the strip can be adjusted manually for more accurate data.<br \/>\n<img fetchpriority=\"high\" decoding=\"async\" class=\"alignnone size-full wp-image-3646\" src=\"https:\/\/www.ansenta.com\/wp-content\/uploads\/2026\/01\/Gel-Imaging-Analysis-Systems-AST-28801.jpg\" alt=\"\" width=\"1162\" height=\"431\" srcset=\"https:\/\/www.ansenta.com\/wp-content\/uploads\/2026\/01\/Gel-Imaging-Analysis-Systems-AST-28801.jpg 1162w, https:\/\/www.ansenta.com\/wp-content\/uploads\/2026\/01\/Gel-Imaging-Analysis-Systems-AST-28801-300x111.jpg 300w, https:\/\/www.ansenta.com\/wp-content\/uploads\/2026\/01\/Gel-Imaging-Analysis-Systems-AST-28801-1024x380.jpg 1024w, https:\/\/www.ansenta.com\/wp-content\/uploads\/2026\/01\/Gel-Imaging-Analysis-Systems-AST-28801-768x285.jpg 768w, https:\/\/www.ansenta.com\/wp-content\/uploads\/2026\/01\/Gel-Imaging-Analysis-Systems-AST-28801-18x7.jpg 18w, https:\/\/www.ansenta.com\/wp-content\/uploads\/2026\/01\/Gel-Imaging-Analysis-Systems-AST-28801-600x223.jpg 600w\" sizes=\"(max-width: 1162px) 100vw, 1162px\" \/><\/p>\n<p><span style=\"color: #003300;\"><strong>\u4e0b\u8f7d\uff1a<\/strong><\/span><br \/>\n<a href=\"https:\/\/www.ansenta.com\/wp-content\/uploads\/2026\/01\/Gel-Imaging-Analysis-Systems-AST-2880.pdf\">\u51dd\u80f6\u6210\u50cf\u5206\u6790\u7cfb\u7edf AST-2880<\/a><\/p>","protected":false},"excerpt":{"rendered":"<p><span style=\"color: #003300;\"><strong>\u54c1\u724c<\/strong><\/span>\u5b89\u68ee\u5854<br \/>\n<span style=\"color: #003300;\"><strong>\u4ea7\u54c1\u4ea7\u5730\uff1a<\/strong><\/span>\u4e2d\u56fd<br \/>\n<span style=\"color: #003300;\"><strong>\u4ea4\u8d27\u65f6\u95f4\uff1a<\/strong><\/span>7 \u5929\u5185<br \/>\n<span style=\"color: #003300;\"><strong>\u4f9b\u5e94\u80fd\u529b\uff1a<\/strong><\/span>\u5de5\u5382\u76f4\u4f9b<br \/>\n<span style=\"color: #003300;\"><strong>\u578b\u53f7<\/strong><\/span>\u51dd\u80f6\u6210\u50cf\u5206\u6790\u7cfb\u7edf AST-2880<br \/>\n<span style=\"color: #003300;\"><strong>\u4ecb\u7ecd\uff1a<\/strong><\/span><br \/>\nThe automatic gel imaging analysis system is mainly used for the analysis and research of electrophoretic gel images and hybrid films, etc. It is fully automatic computer control and highly programmed to be easily operated, convenient and practical.<br \/>\n<span style=\"color: #003300;\"><strong>\u4e0b\u8f7d\uff1a<\/strong><\/span><br \/>\n<a href=\"https:\/\/www.ansenta.com\/wp-content\/uploads\/2026\/01\/Gel-Imaging-Analysis-Systems-AST-2880.pdf\">\u51dd\u80f6\u6210\u50cf\u5206\u6790\u7cfb\u7edf AST-2880<\/a><\/p>","protected":false},"featured_media":3644,"template":"","meta":{"_uag_custom_page_level_css":"","site-sidebar-layout":"default","site-content-layout":"","ast-site-content-layout":"default","site-content-style":"default","site-sidebar-style":"default","ast-global-header-display":"","ast-banner-title-visibility":"","ast-main-header-display":"","ast-hfb-above-header-display":"","ast-hfb-below-header-display":"","ast-hfb-mobile-header-display":"","site-post-title":"","ast-breadcrumbs-content":"","ast-featured-img":"","footer-sml-layout":"","ast-disable-related-posts":"","theme-transparent-header-meta":"default","adv-header-id-meta":"","stick-header-meta":"default","header-above-stick-meta":"","header-main-stick-meta":"","header-below-stick-meta":"","astra-migrate-meta-layouts":"set","ast-page-background-enabled":"default","ast-page-background-meta":{"desktop":{"background-color":"var(--ast-global-color-4)","background-image":"","background-repeat":"repeat","background-position":"center center","background-size":"auto","background-attachment":"scroll","background-type":"","background-media":"","overlay-type":"","overlay-color":"","overlay-opacity":"","overlay-gradient":""},"tablet":{"background-color":"","background-image":"","background-repeat":"repeat","background-position":"center center","background-size":"auto","background-attachment":"scroll","background-type":"","background-media":"","overlay-type":"","overlay-color":"","overlay-opacity":"","overlay-gradient":""},"mobile":{"background-color":"","background-image":"","background-repeat":"repeat","background-position":"center center","background-size":"auto","background-attachment":"scroll","background-type":"","background-media":"","overlay-type":"","overlay-color":"","overlay-opacity":"","overlay-gradient":""}},"ast-content-background-meta":{"desktop":{"background-color":"var(--ast-global-color-5)","background-image":"","background-repeat":"repeat","background-position":"center center","background-size":"auto","background-attachment":"scroll","background-type":"","background-media":"","overlay-type":"","overlay-color":"","overlay-opacity":"","overlay-gradient":""},"tablet":{"background-color":"var(--ast-global-color-5)","background-image":"","background-repeat":"repeat","background-position":"center center","background-size":"auto","background-attachment":"scroll","background-type":"","background-media":"","overlay-type":"","overlay-color":"","overlay-opacity":"","overlay-gradient":""},"mobile":{"background-color":"var(--ast-global-color-5)","background-image":"","background-repeat":"repeat","background-position":"center center","background-size":"auto","background-attachment":"scroll","background-type":"","background-media":"","overlay-type":"","overlay-color":"","overlay-opacity":"","overlay-gradient":""}}},"product_brand":[],"product_cat":[225],"product_tag":[],"class_list":{"0":"post-3643","1":"product","2":"type-product","3":"status-publish","4":"has-post-thumbnail","6":"product_cat-gel-document-imaging-system","7":"desktop-align-left","8":"tablet-align-left","9":"mobile-align-left","10":"ast-col-sm-12","11":"ast-article-post","12":"ast-width-md-12","13":"ast-archive-post","14":"ast-product-gallery-layout-horizontal-slider","15":"ast-product-gallery-with-no-image","16":"ast-product-tabs-layout-horizontal","18":"first","19":"instock","20":"shipping-taxable","21":"product-type-simple"},"uagb_featured_image_src":{"full":["https:\/\/www.ansenta.com\/wp-content\/uploads\/2026\/01\/Gel-Imaging-Analysis-Systems-AST-2880.jpg",1200,1200,false],"thumbnail":["https:\/\/www.ansenta.com\/wp-content\/uploads\/2026\/01\/Gel-Imaging-Analysis-Systems-AST-2880-150x150.jpg",150,150,true],"medium":["https:\/\/www.ansenta.com\/wp-content\/uploads\/2026\/01\/Gel-Imaging-Analysis-Systems-AST-2880-300x300.jpg",300,300,true],"medium_large":["https:\/\/www.ansenta.com\/wp-content\/uploads\/2026\/01\/Gel-Imaging-Analysis-Systems-AST-2880-768x768.jpg",768,768,true],"large":["https:\/\/www.ansenta.com\/wp-content\/uploads\/2026\/01\/Gel-Imaging-Analysis-Systems-AST-2880-1024x1024.jpg",1024,1024,true],"1536x1536":["https:\/\/www.ansenta.com\/wp-content\/uploads\/2026\/01\/Gel-Imaging-Analysis-Systems-AST-2880.jpg",1200,1200,false],"2048x2048":["https:\/\/www.ansenta.com\/wp-content\/uploads\/2026\/01\/Gel-Imaging-Analysis-Systems-AST-2880.jpg",1200,1200,false],"trp-custom-language-flag":["https:\/\/www.ansenta.com\/wp-content\/uploads\/2026\/01\/Gel-Imaging-Analysis-Systems-AST-2880-12x12.jpg",12,12,true],"mailpoet_newsletter_max":["https:\/\/www.ansenta.com\/wp-content\/uploads\/2026\/01\/Gel-Imaging-Analysis-Systems-AST-2880.jpg",1200,1200,false],"woocommerce_thumbnail":["https:\/\/www.ansenta.com\/wp-content\/uploads\/2026\/01\/Gel-Imaging-Analysis-Systems-AST-2880-600x600.jpg",600,600,true],"woocommerce_single":["https:\/\/www.ansenta.com\/wp-content\/uploads\/2026\/01\/Gel-Imaging-Analysis-Systems-AST-2880-600x600.jpg",600,600,true],"woocommerce_gallery_thumbnail":["https:\/\/www.ansenta.com\/wp-content\/uploads\/2026\/01\/Gel-Imaging-Analysis-Systems-AST-2880-100x100.jpg",100,100,true]},"uagb_author_info":{"display_name":"jinxing6611@gmail.com","author_link":"https:\/\/www.ansenta.com\/zh\/author\/"},"uagb_comment_info":0,"uagb_excerpt":"Brand:ANSENTA Product Origin:CHINA Delivery time:Within 7 days Supply capacity:Factory Direct Supply Model:Gel Imaging Analysis Systems AST-2880 Introduction: The automatic gel imaging analysis system is mainly used for the analysis and research of electrophoretic gel images and hybrid films, etc. It is fully automatic computer control and highly programmed to be easily operated, convenient and practical.&hellip;","jetpack_sharing_enabled":true,"_links":{"self":[{"href":"https:\/\/www.ansenta.com\/zh\/wp-json\/wp\/v2\/product\/3643","targetHints":{"allow":["GET"]}}],"collection":[{"href":"https:\/\/www.ansenta.com\/zh\/wp-json\/wp\/v2\/product"}],"about":[{"href":"https:\/\/www.ansenta.com\/zh\/wp-json\/wp\/v2\/types\/product"}],"wp:featuredmedia":[{"embeddable":true,"href":"https:\/\/www.ansenta.com\/zh\/wp-json\/wp\/v2\/media\/3644"}],"wp:attachment":[{"href":"https:\/\/www.ansenta.com\/zh\/wp-json\/wp\/v2\/media?parent=3643"}],"wp:term":[{"taxonomy":"product_brand","embeddable":true,"href":"https:\/\/www.ansenta.com\/zh\/wp-json\/wp\/v2\/product_brand?post=3643"},{"taxonomy":"product_cat","embeddable":true,"href":"https:\/\/www.ansenta.com\/zh\/wp-json\/wp\/v2\/product_cat?post=3643"},{"taxonomy":"product_tag","embeddable":true,"href":"https:\/\/www.ansenta.com\/zh\/wp-json\/wp\/v2\/product_tag?post=3643"}],"curies":[{"name":"wp","href":"https:\/\/api.w.org\/{rel}","templated":true}]}}