{"id":4098,"date":"2026-03-12T16:12:35","date_gmt":"2026-03-12T16:12:35","guid":{"rendered":"https:\/\/www.ansenta.com\/?post_type=product&#038;p=4098"},"modified":"2026-03-12T16:12:35","modified_gmt":"2026-03-12T16:12:35","slug":"ast-acca-integrated-vacuum-centrifugal-concentrator","status":"publish","type":"product","link":"https:\/\/www.ansenta.com\/pt\/produto\/ast-acca-integrated-vacuum-centrifugal-concentrator\/","title":{"rendered":"Concentrador centr\u00edfugo de v\u00e1cuo integrado AST-ACCA"},"content":{"rendered":"<p>O concentrador centr\u00edfugo de v\u00e1cuo integrado AST-ACCA adopta um design integrado, que \u00e9 tridimensional e poupa espa\u00e7o. \u00c9 adequado para evaporar amostras de solventes com um tamanho pequeno e ponto de ebuli\u00e7\u00e3o m\u00e9dio. Tem a fun\u00e7\u00e3o de evaporar rapidamente e com seguran\u00e7a a \u00e1gua e os solventes org\u00e2nicos na amostra. Tubos EP, tubos de ensaio de vidro, v\u00e1rios tubos de centrifuga\u00e7\u00e3o, frascos cromatogr\u00e1ficos, frascos de centrifuga\u00e7\u00e3o ou placas de 96 po\u00e7os s\u00e3o adequados para utiliza\u00e7\u00e3o.<\/p>\n<p><strong>Descri\u00e7\u00e3o do produto<\/strong><br \/>\nConcentrador centr\u00edfugo de v\u00e1cuo integrado AST-ACCA Shanghai Bionoon O concentrador centr\u00edfugo de v\u00e1cuo integrado Bionoon VAC-AIO adota um design integrado, que \u00e9 tridimensional e economiza espa\u00e7o. \u00c9 adequado para evaporar amostras de solventes com um tamanho de amostra pequeno e ponto de ebuli\u00e7\u00e3o m\u00e9dio. Tem a fun\u00e7\u00e3o de evaporar de forma r\u00e1pida e segura a \u00e1gua e os solventes org\u00e2nicos na amostra. Pode ser utilizado em tubos EP, tubos de ensaio de vidro, v\u00e1rios tubos de centrifuga\u00e7\u00e3o, frascos cromatogr\u00e1ficos, frascos de centrifuga\u00e7\u00e3o ou placas de 96 po\u00e7os.<\/p>\n<p><strong>\u3010Carater\u00edsticas do produto\u3011<\/strong><br \/>\n1. Toda a m\u00e1quina adopta um design integrado, tridimensional, de pequeno volume e com economia de espa\u00e7o;<br \/>\n2. Bomba de diafragma importada incorporada, alta velocidade de bombagem, mais amiga do ambiente;<br \/>\n3. O rotor de encaixe r\u00e1pido \u00e9 formado integralmente, f\u00e1cil de substituir e mais dur\u00e1vel;<br \/>\n4. C\u00e2mara centr\u00edfuga de corros\u00e3o anti-qu\u00edmica, resist\u00eancia a \u00e1cidos e \u00e1lcalis, moldagem numa s\u00f3 pe\u00e7a, design de arco de \u00e2ngulo R, f\u00e1cil de limpar;<br \/>\n5. Motor de indu\u00e7\u00e3o de convers\u00e3o de frequ\u00eancia AC sem manuten\u00e7\u00e3o, sistema centr\u00edfugo de acionamento eletromagn\u00e9tico, baixo ru\u00eddo e sem manuten\u00e7\u00e3o. 6. Fun\u00e7\u00e3o de arranque com um bot\u00e3o, todo o processo \u00e9 conclu\u00eddo de uma s\u00f3 vez, com um elevado grau de automatiza\u00e7\u00e3o;<br \/>\n7. 32 grupos de programas diferentes incorporados, que podem ser chamados arbitrariamente de acordo com diferentes amostras;<br \/>\n8. A conce\u00e7\u00e3o do controlo de temperatura em cinco fases da c\u00e2mara de amostras protege eficazmente a seguran\u00e7a das amostras.<\/p>\n<p><span style=\"color: #003300;\"><strong>Descarregar:<\/strong><\/span><br \/>\n<a href=\"https:\/\/www.ansenta.com\/wp-content\/uploads\/2026\/03\/AST-ACCA-Integrated-Vacuum-Centrifugal-Concentrator.pdf\">Concentrador centr\u00edfugo de v\u00e1cuo integrado AST-ACCA<\/a><\/p>","protected":false},"excerpt":{"rendered":"<p><span style=\"color: #003300;\"><strong>Marca:<\/strong><\/span>ANSENTA<br \/>\n<span style=\"color: #003300;\"><strong>Origem do produto:<\/strong><\/span>CHINA<br \/>\n<span style=\"color: #003300;\"><strong>Prazo de entrega:<\/strong><\/span>No prazo de 7 dias<br \/>\n<span style=\"color: #003300;\"><strong>Capacidade de fornecimento:<\/strong><\/span>Fornecimento direto da f\u00e1brica<br \/>\n<span style=\"color: #003300;\"><strong>Modelo:<\/strong><\/span>Concentrador centr\u00edfugo de v\u00e1cuo integrado AST-ACCA<br \/>\n<span style=\"color: #003300;\"><strong>Introdu\u00e7\u00e3o:<\/strong><\/span><br \/>\nO concentrador centr\u00edfugo de v\u00e1cuo integrado AST-ACCA adopta um design integrado, que \u00e9 tridimensional e poupa espa\u00e7o. \u00c9 adequado para evaporar amostras de solventes com um tamanho pequeno e ponto de ebuli\u00e7\u00e3o m\u00e9dio. Tem a fun\u00e7\u00e3o de evaporar rapidamente e com seguran\u00e7a a \u00e1gua e os solventes org\u00e2nicos na amostra. Tubos EP, tubos de ensaio de vidro, v\u00e1rios tubos de centrifuga\u00e7\u00e3o, frascos cromatogr\u00e1ficos, frascos de centrifuga\u00e7\u00e3o ou placas de 96 po\u00e7os s\u00e3o adequados para utiliza\u00e7\u00e3o.<br \/>\n<span style=\"color: #003300;\"><strong>Descarregar:<\/strong><\/span><br \/>\n<a href=\"https:\/\/www.ansenta.com\/wp-content\/uploads\/2026\/03\/AST-ACCA-Integrated-Vacuum-Centrifugal-Concentrator.pdf\">Concentrador centr\u00edfugo de v\u00e1cuo integrado AST-ACCA<\/a><\/p>","protected":false},"featured_media":4099,"template":"","meta":{"_uag_custom_page_level_css":"","site-sidebar-layout":"default","site-content-layout":"","ast-site-content-layout":"default","site-content-style":"default","site-sidebar-style":"default","ast-global-header-display":"","ast-banner-title-visibility":"","ast-main-header-display":"","ast-hfb-above-header-display":"","ast-hfb-below-header-display":"","ast-hfb-mobile-header-display":"","site-post-title":"","ast-breadcrumbs-content":"","ast-featured-img":"","footer-sml-layout":"","ast-disable-related-posts":"","theme-transparent-header-meta":"default","adv-header-id-meta":"","stick-header-meta":"default","header-above-stick-meta":"","header-main-stick-meta":"","header-below-stick-meta":"","astra-migrate-meta-layouts":"set","ast-page-background-enabled":"default","ast-page-background-meta":{"desktop":{"background-color":"var(--ast-global-color-4)","background-image":"","background-repeat":"repeat","background-position":"center center","background-size":"auto","background-attachment":"scroll","background-type":"","background-media":"","overlay-type":"","overlay-color":"","overlay-opacity":"","overlay-gradient":""},"tablet":{"background-color":"","background-image":"","background-repeat":"repeat","background-position":"center center","background-size":"auto","background-attachment":"scroll","background-type":"","background-media":"","overlay-type":"","overlay-color":"","overlay-opacity":"","overlay-gradient":""},"mobile":{"background-color":"","background-image":"","background-repeat":"repeat","background-position":"center center","background-size":"auto","background-attachment":"scroll","background-type":"","background-media":"","overlay-type":"","overlay-color":"","overlay-opacity":"","overlay-gradient":""}},"ast-content-background-meta":{"desktop":{"background-color":"var(--ast-global-color-5)","background-image":"","background-repeat":"repeat","background-position":"center center","background-size":"auto","background-attachment":"scroll","background-type":"","background-media":"","overlay-type":"","overlay-color":"","overlay-opacity":"","overlay-gradient":""},"tablet":{"background-color":"var(--ast-global-color-5)","background-image":"","background-repeat":"repeat","background-position":"center center","background-size":"auto","background-attachment":"scroll","background-type":"","background-media":"","overlay-type":"","overlay-color":"","overlay-opacity":"","overlay-gradient":""},"mobile":{"background-color":"var(--ast-global-color-5)","background-image":"","background-repeat":"repeat","background-position":"center center","background-size":"auto","background-attachment":"scroll","background-type":"","background-media":"","overlay-type":"","overlay-color":"","overlay-opacity":"","overlay-gradient":""}}},"product_brand":[],"product_cat":[147],"product_tag":[],"class_list":{"0":"post-4098","1":"product","2":"type-product","3":"status-publish","4":"has-post-thumbnail","6":"product_cat-other-specific-function-centrifuge","7":"desktop-align-left","8":"tablet-align-left","9":"mobile-align-left","10":"ast-col-sm-12","11":"ast-article-post","12":"ast-width-md-12","13":"ast-archive-post","14":"ast-product-gallery-layout-horizontal-slider","15":"ast-product-gallery-with-no-image","16":"ast-product-tabs-layout-horizontal","18":"first","19":"instock","20":"shipping-taxable","21":"product-type-simple"},"uagb_featured_image_src":{"full":["https:\/\/www.ansenta.com\/wp-content\/uploads\/2026\/03\/AST-ACCA-Integrated-Vacuum-Centrifugal-Concentrator.png",400,400,false],"thumbnail":["https:\/\/www.ansenta.com\/wp-content\/uploads\/2026\/03\/AST-ACCA-Integrated-Vacuum-Centrifugal-Concentrator-150x150.png",150,150,true],"medium":["https:\/\/www.ansenta.com\/wp-content\/uploads\/2026\/03\/AST-ACCA-Integrated-Vacuum-Centrifugal-Concentrator-300x300.png",300,300,true],"medium_large":["https:\/\/www.ansenta.com\/wp-content\/uploads\/2026\/03\/AST-ACCA-Integrated-Vacuum-Centrifugal-Concentrator.png",400,400,false],"large":["https:\/\/www.ansenta.com\/wp-content\/uploads\/2026\/03\/AST-ACCA-Integrated-Vacuum-Centrifugal-Concentrator.png",400,400,false],"1536x1536":["https:\/\/www.ansenta.com\/wp-content\/uploads\/2026\/03\/AST-ACCA-Integrated-Vacuum-Centrifugal-Concentrator.png",400,400,false],"2048x2048":["https:\/\/www.ansenta.com\/wp-content\/uploads\/2026\/03\/AST-ACCA-Integrated-Vacuum-Centrifugal-Concentrator.png",400,400,false],"trp-custom-language-flag":["https:\/\/www.ansenta.com\/wp-content\/uploads\/2026\/03\/AST-ACCA-Integrated-Vacuum-Centrifugal-Concentrator-12x12.png",12,12,true],"mailpoet_newsletter_max":["https:\/\/www.ansenta.com\/wp-content\/uploads\/2026\/03\/AST-ACCA-Integrated-Vacuum-Centrifugal-Concentrator.png",400,400,false],"woocommerce_thumbnail":["https:\/\/www.ansenta.com\/wp-content\/uploads\/2026\/03\/AST-ACCA-Integrated-Vacuum-Centrifugal-Concentrator.png",400,400,false],"woocommerce_single":["https:\/\/www.ansenta.com\/wp-content\/uploads\/2026\/03\/AST-ACCA-Integrated-Vacuum-Centrifugal-Concentrator.png",400,400,false],"woocommerce_gallery_thumbnail":["https:\/\/www.ansenta.com\/wp-content\/uploads\/2026\/03\/AST-ACCA-Integrated-Vacuum-Centrifugal-Concentrator-100x100.png",100,100,true]},"uagb_author_info":{"display_name":"jinxing6611@gmail.com","author_link":"https:\/\/www.ansenta.com\/pt\/author\/"},"uagb_comment_info":0,"uagb_excerpt":"Brand:ANSENTA Product Origin:CHINA Delivery time:Within 7 days Supply capacity:Factory Direct Supply Model:AST-ACCA Integrated Vacuum Centrifugal Concentrator Introduction: AST-ACCA integrated vacuum centrifugal concentrator adopts an integrated design, which is three-dimensional and saves space. It is suitable for evaporating solvent samples with a small size and medium boiling point. It has the function of quickly and safely&hellip;","jetpack_sharing_enabled":true,"_links":{"self":[{"href":"https:\/\/www.ansenta.com\/pt\/wp-json\/wp\/v2\/product\/4098","targetHints":{"allow":["GET"]}}],"collection":[{"href":"https:\/\/www.ansenta.com\/pt\/wp-json\/wp\/v2\/product"}],"about":[{"href":"https:\/\/www.ansenta.com\/pt\/wp-json\/wp\/v2\/types\/product"}],"wp:featuredmedia":[{"embeddable":true,"href":"https:\/\/www.ansenta.com\/pt\/wp-json\/wp\/v2\/media\/4099"}],"wp:attachment":[{"href":"https:\/\/www.ansenta.com\/pt\/wp-json\/wp\/v2\/media?parent=4098"}],"wp:term":[{"taxonomy":"product_brand","embeddable":true,"href":"https:\/\/www.ansenta.com\/pt\/wp-json\/wp\/v2\/product_brand?post=4098"},{"taxonomy":"product_cat","embeddable":true,"href":"https:\/\/www.ansenta.com\/pt\/wp-json\/wp\/v2\/product_cat?post=4098"},{"taxonomy":"product_tag","embeddable":true,"href":"https:\/\/www.ansenta.com\/pt\/wp-json\/wp\/v2\/product_tag?post=4098"}],"curies":[{"name":"wp","href":"https:\/\/api.w.org\/{rel}","templated":true}]}}