{"id":4089,"date":"2026-03-12T15:54:50","date_gmt":"2026-03-12T15:54:50","guid":{"rendered":"https:\/\/www.ansenta.com\/?post_type=product&#038;p=4089"},"modified":"2026-03-12T15:54:50","modified_gmt":"2026-03-12T15:54:50","slug":"precision-washing-elisa-plate-washer","status":"publish","type":"product","link":"https:\/\/www.ansenta.com\/pt\/produto\/precision-washing-elisa-plate-washer\/","title":{"rendered":"Lavagem de precis\u00e3o Lavador de placas Elisa"},"content":{"rendered":"<p><strong>Vantagem<\/strong><br \/>\nLCD grande com design de menu para uma utiliza\u00e7\u00e3o f\u00e1cil;<br \/>\n2. limpeza de toda a placa ou limpeza de uma \u00fanica tira;<br \/>\n3. fun\u00e7\u00e3o de alarme de transbordamento de l\u00edquido residual;<br \/>\n4. lavagem de um ponto, de dois pontos e de todo o fundo;<br \/>\n5. limpeza de tiras de fundo plano, fundo em V ou fundo em U;<br \/>\n6. grande mem\u00f3ria para armazenar at\u00e9 48 programas de limpeza programados pelo utilizador.<\/p>\n<p><span style=\"color: #003300;\"><strong>Descarregar:<\/strong><\/span><br \/>\n<a href=\"https:\/\/www.ansenta.com\/wp-content\/uploads\/2026\/03\/Precision-Washing-Elisa-Plate-Washer.pdf\">Lavagem de precis\u00e3o Lavador de placas Elisa<\/a><\/p>","protected":false},"excerpt":{"rendered":"<p><span style=\"color: #003300;\"><strong>Marca:<\/strong><\/span>ANSENTA<br \/>\n<span style=\"color: #003300;\"><strong>Origem do produto:<\/strong><\/span>CHINA<br \/>\n<span style=\"color: #003300;\"><strong>Prazo de entrega:<\/strong><\/span>No prazo de 7 dias<br \/>\n<span style=\"color: #003300;\"><strong>Capacidade de fornecimento:<\/strong><\/span>Fornecimento direto da f\u00e1brica<br \/>\n<span style=\"color: #003300;\"><strong>Modelo:<\/strong><\/span>Lavagem de precis\u00e3o Lavador de placas Elisa<br \/>\n<span style=\"color: #003300;\"><strong>Introdu\u00e7\u00e3o:<\/strong><\/span><br \/>\nO lavador de microplacas \u00e9 um dispositivo m\u00e9dico especialmente utilizado para limpar a microplaca e \u00e9 geralmente utilizado em conjunto com o leitor de microplacas. \u00c9 utilizado principalmente para limpar alguns res\u00edduos ap\u00f3s a dete\u00e7\u00e3o da placa ELISA, reduzindo assim o erro causado pelos res\u00edduos no processo de dete\u00e7\u00e3o subsequente. Tem sido amplamente utilizado na limpeza de placas marcadas com enzimas em hospitais, esta\u00e7\u00f5es de sangue, esta\u00e7\u00f5es de saneamento e preven\u00e7\u00e3o de epidemias, f\u00e1bricas de reagentes e laborat\u00f3rios de investiga\u00e7\u00e3o.<br \/>\n<span style=\"color: #003300;\"><strong>Descarregar:<\/strong><\/span><br \/>\n<a href=\"https:\/\/www.ansenta.com\/wp-content\/uploads\/2026\/03\/Precision-Washing-Elisa-Plate-Washer.pdf\">Lavagem de precis\u00e3o Lavador de placas Elisa<\/a><\/p>","protected":false},"featured_media":4090,"template":"","meta":{"_uag_custom_page_level_css":"","site-sidebar-layout":"default","site-content-layout":"","ast-site-content-layout":"default","site-content-style":"default","site-sidebar-style":"default","ast-global-header-display":"","ast-banner-title-visibility":"","ast-main-header-display":"","ast-hfb-above-header-display":"","ast-hfb-below-header-display":"","ast-hfb-mobile-header-display":"","site-post-title":"","ast-breadcrumbs-content":"","ast-featured-img":"","footer-sml-layout":"","ast-disable-related-posts":"","theme-transparent-header-meta":"default","adv-header-id-meta":"","stick-header-meta":"default","header-above-stick-meta":"","header-main-stick-meta":"","header-below-stick-meta":"","astra-migrate-meta-layouts":"set","ast-page-background-enabled":"default","ast-page-background-meta":{"desktop":{"background-color":"var(--ast-global-color-4)","background-image":"","background-repeat":"repeat","background-position":"center center","background-size":"auto","background-attachment":"scroll","background-type":"","background-media":"","overlay-type":"","overlay-color":"","overlay-opacity":"","overlay-gradient":""},"tablet":{"background-color":"","background-image":"","background-repeat":"repeat","background-position":"center center","background-size":"auto","background-attachment":"scroll","background-type":"","background-media":"","overlay-type":"","overlay-color":"","overlay-opacity":"","overlay-gradient":""},"mobile":{"background-color":"","background-image":"","background-repeat":"repeat","background-position":"center center","background-size":"auto","background-attachment":"scroll","background-type":"","background-media":"","overlay-type":"","overlay-color":"","overlay-opacity":"","overlay-gradient":""}},"ast-content-background-meta":{"desktop":{"background-color":"var(--ast-global-color-5)","background-image":"","background-repeat":"repeat","background-position":"center center","background-size":"auto","background-attachment":"scroll","background-type":"","background-media":"","overlay-type":"","overlay-color":"","overlay-opacity":"","overlay-gradient":""},"tablet":{"background-color":"var(--ast-global-color-5)","background-image":"","background-repeat":"repeat","background-position":"center center","background-size":"auto","background-attachment":"scroll","background-type":"","background-media":"","overlay-type":"","overlay-color":"","overlay-opacity":"","overlay-gradient":""},"mobile":{"background-color":"var(--ast-global-color-5)","background-image":"","background-repeat":"repeat","background-position":"center center","background-size":"auto","background-attachment":"scroll","background-type":"","background-media":"","overlay-type":"","overlay-color":"","overlay-opacity":"","overlay-gradient":""}}},"product_brand":[],"product_cat":[97],"product_tag":[],"class_list":{"0":"post-4089","1":"product","2":"type-product","3":"status-publish","4":"has-post-thumbnail","6":"product_cat-elisa-equipment","7":"desktop-align-left","8":"tablet-align-left","9":"mobile-align-left","10":"ast-col-sm-12","11":"ast-article-post","12":"ast-width-md-12","13":"ast-archive-post","14":"ast-product-gallery-layout-horizontal-slider","15":"ast-product-gallery-with-no-image","16":"ast-product-tabs-layout-horizontal","18":"first","19":"instock","20":"shipping-taxable","21":"product-type-simple"},"uagb_featured_image_src":{"full":["https:\/\/www.ansenta.com\/wp-content\/uploads\/2026\/03\/Precision-Washing-Elisa-Plate-Washer.jpg",400,400,false],"thumbnail":["https:\/\/www.ansenta.com\/wp-content\/uploads\/2026\/03\/Precision-Washing-Elisa-Plate-Washer-150x150.jpg",150,150,true],"medium":["https:\/\/www.ansenta.com\/wp-content\/uploads\/2026\/03\/Precision-Washing-Elisa-Plate-Washer-300x300.jpg",300,300,true],"medium_large":["https:\/\/www.ansenta.com\/wp-content\/uploads\/2026\/03\/Precision-Washing-Elisa-Plate-Washer.jpg",400,400,false],"large":["https:\/\/www.ansenta.com\/wp-content\/uploads\/2026\/03\/Precision-Washing-Elisa-Plate-Washer.jpg",400,400,false],"1536x1536":["https:\/\/www.ansenta.com\/wp-content\/uploads\/2026\/03\/Precision-Washing-Elisa-Plate-Washer.jpg",400,400,false],"2048x2048":["https:\/\/www.ansenta.com\/wp-content\/uploads\/2026\/03\/Precision-Washing-Elisa-Plate-Washer.jpg",400,400,false],"trp-custom-language-flag":["https:\/\/www.ansenta.com\/wp-content\/uploads\/2026\/03\/Precision-Washing-Elisa-Plate-Washer-12x12.jpg",12,12,true],"mailpoet_newsletter_max":["https:\/\/www.ansenta.com\/wp-content\/uploads\/2026\/03\/Precision-Washing-Elisa-Plate-Washer.jpg",400,400,false],"woocommerce_thumbnail":["https:\/\/www.ansenta.com\/wp-content\/uploads\/2026\/03\/Precision-Washing-Elisa-Plate-Washer.jpg",400,400,false],"woocommerce_single":["https:\/\/www.ansenta.com\/wp-content\/uploads\/2026\/03\/Precision-Washing-Elisa-Plate-Washer.jpg",400,400,false],"woocommerce_gallery_thumbnail":["https:\/\/www.ansenta.com\/wp-content\/uploads\/2026\/03\/Precision-Washing-Elisa-Plate-Washer-100x100.jpg",100,100,true]},"uagb_author_info":{"display_name":"jinxing6611@gmail.com","author_link":"https:\/\/www.ansenta.com\/pt\/author\/"},"uagb_comment_info":0,"uagb_excerpt":"Brand:ANSENTA Product Origin:CHINA Delivery time:Within 7 days Supply capacity:Factory Direct Supply Model:Precision Washing Elisa Plate Washer Introduction: The microplate washer is a medical device specially used for cleaning the microplate, and it is generally used in conjunction with the microplate reader. It is mainly used to clean some residues after the detection of the ELISA&hellip;","jetpack_sharing_enabled":true,"_links":{"self":[{"href":"https:\/\/www.ansenta.com\/pt\/wp-json\/wp\/v2\/product\/4089","targetHints":{"allow":["GET"]}}],"collection":[{"href":"https:\/\/www.ansenta.com\/pt\/wp-json\/wp\/v2\/product"}],"about":[{"href":"https:\/\/www.ansenta.com\/pt\/wp-json\/wp\/v2\/types\/product"}],"wp:featuredmedia":[{"embeddable":true,"href":"https:\/\/www.ansenta.com\/pt\/wp-json\/wp\/v2\/media\/4090"}],"wp:attachment":[{"href":"https:\/\/www.ansenta.com\/pt\/wp-json\/wp\/v2\/media?parent=4089"}],"wp:term":[{"taxonomy":"product_brand","embeddable":true,"href":"https:\/\/www.ansenta.com\/pt\/wp-json\/wp\/v2\/product_brand?post=4089"},{"taxonomy":"product_cat","embeddable":true,"href":"https:\/\/www.ansenta.com\/pt\/wp-json\/wp\/v2\/product_cat?post=4089"},{"taxonomy":"product_tag","embeddable":true,"href":"https:\/\/www.ansenta.com\/pt\/wp-json\/wp\/v2\/product_tag?post=4089"}],"curies":[{"name":"wp","href":"https:\/\/api.w.org\/{rel}","templated":true}]}}