{"id":4037,"date":"2026-03-10T12:31:06","date_gmt":"2026-03-10T12:31:06","guid":{"rendered":"https:\/\/www.ansenta.com\/?post_type=product&#038;p=4037"},"modified":"2026-03-10T12:33:14","modified_gmt":"2026-03-10T12:33:14","slug":"amt-r1510","status":"publish","type":"product","link":"https:\/\/www.ansenta.com\/pt\/produto\/amt-r1510\/","title":{"rendered":"AMT-R1510"},"content":{"rendered":"<p><strong>Descri\u00e7\u00e3o<\/strong><br \/>\nScitek&#8217;s rotary microscopes are designed to meet the demands of reliability, precision and safety. The MT-R210 is the best choice for an economical slicer! Guaranteed optimal performance for cutting tissue samples<br \/>\n<strong>Vantagem<\/strong><br \/>\n1. Continuously adjustable slicing speed.<br \/>\n2.The machine&#8217;s weight is about 23KG, so you can move it quickly.<br \/>\n3.8\u00b0 XY-axis adjustment for precise positioning of the sample head.<\/p>\n<p><span style=\"color: #003300;\"><strong>Descarregar:<\/strong><\/span><br \/>\n<a href=\"https:\/\/www.ansenta.com\/wp-content\/uploads\/2026\/03\/AMT-210-AMT-R1510.pdf\">AMT-210 AMT-R1510<\/a><\/p>","protected":false},"excerpt":{"rendered":"<p><span style=\"color: #003300;\"><strong>Marca:<\/strong><\/span>ANSENTA<br \/>\n<span style=\"color: #003300;\"><strong>Origem do produto:<\/strong><\/span>CHINA<br \/>\n<span style=\"color: #003300;\"><strong>Prazo de entrega:<\/strong><\/span>No prazo de 7 dias<br \/>\n<span style=\"color: #003300;\"><strong>Capacidade de fornecimento:<\/strong><\/span>Fornecimento direto da f\u00e1brica<br \/>\n<span style=\"color: #003300;\"><strong>Modelo:<\/strong><\/span>AMT-R1510<br \/>\n<span style=\"color: #003300;\"><strong>Introdu\u00e7\u00e3o:<\/strong><\/span><br \/>\nO micr\u00f3tomo rotativo manual \u00e9 um instrumento de corte preciso utilizado em laborat\u00f3rios de histologia para preparar sec\u00e7\u00f5es finas de tecido a partir de amostras inclu\u00eddas em parafina.<br \/>\n<span style=\"color: #003300;\"><strong>Descarregar:<\/strong><\/span><br \/>\n<a href=\"https:\/\/www.ansenta.com\/wp-content\/uploads\/2026\/03\/AMT-210-AMT-R1510.pdf\">AMT-210 AMT-R1510<\/a><\/p>","protected":false},"featured_media":4038,"template":"","meta":{"_uag_custom_page_level_css":"","site-sidebar-layout":"default","site-content-layout":"","ast-site-content-layout":"default","site-content-style":"default","site-sidebar-style":"default","ast-global-header-display":"","ast-banner-title-visibility":"","ast-main-header-display":"","ast-hfb-above-header-display":"","ast-hfb-below-header-display":"","ast-hfb-mobile-header-display":"","site-post-title":"","ast-breadcrumbs-content":"","ast-featured-img":"","footer-sml-layout":"","ast-disable-related-posts":"","theme-transparent-header-meta":"default","adv-header-id-meta":"","stick-header-meta":"default","header-above-stick-meta":"","header-main-stick-meta":"","header-below-stick-meta":"","astra-migrate-meta-layouts":"set","ast-page-background-enabled":"default","ast-page-background-meta":{"desktop":{"background-color":"var(--ast-global-color-4)","background-image":"","background-repeat":"repeat","background-position":"center center","background-size":"auto","background-attachment":"scroll","background-type":"","background-media":"","overlay-type":"","overlay-color":"","overlay-opacity":"","overlay-gradient":""},"tablet":{"background-color":"","background-image":"","background-repeat":"repeat","background-position":"center center","background-size":"auto","background-attachment":"scroll","background-type":"","background-media":"","overlay-type":"","overlay-color":"","overlay-opacity":"","overlay-gradient":""},"mobile":{"background-color":"","background-image":"","background-repeat":"repeat","background-position":"center center","background-size":"auto","background-attachment":"scroll","background-type":"","background-media":"","overlay-type":"","overlay-color":"","overlay-opacity":"","overlay-gradient":""}},"ast-content-background-meta":{"desktop":{"background-color":"var(--ast-global-color-5)","background-image":"","background-repeat":"repeat","background-position":"center center","background-size":"auto","background-attachment":"scroll","background-type":"","background-media":"","overlay-type":"","overlay-color":"","overlay-opacity":"","overlay-gradient":""},"tablet":{"background-color":"var(--ast-global-color-5)","background-image":"","background-repeat":"repeat","background-position":"center center","background-size":"auto","background-attachment":"scroll","background-type":"","background-media":"","overlay-type":"","overlay-color":"","overlay-opacity":"","overlay-gradient":""},"mobile":{"background-color":"var(--ast-global-color-5)","background-image":"","background-repeat":"repeat","background-position":"center center","background-size":"auto","background-attachment":"scroll","background-type":"","background-media":"","overlay-type":"","overlay-color":"","overlay-opacity":"","overlay-gradient":""}}},"product_brand":[],"product_cat":[187],"product_tag":[509,507,506,510,508],"class_list":{"0":"post-4037","1":"product","2":"type-product","3":"status-publish","4":"has-post-thumbnail","6":"product_cat-microtome","7":"product_tag-high-precision-histology-microtome","8":"product_tag-histology-microtome","9":"product_tag-manual-rotary-microtome","10":"product_tag-mechanical-rotary-microtome","11":"product_tag-rotary-microtome-for-histopathology","12":"desktop-align-left","13":"tablet-align-left","14":"mobile-align-left","15":"ast-col-sm-12","16":"ast-article-post","17":"ast-width-md-12","18":"ast-archive-post","19":"ast-product-gallery-layout-horizontal-slider","20":"ast-product-gallery-with-no-image","21":"ast-product-tabs-layout-horizontal","23":"first","24":"instock","25":"shipping-taxable","26":"product-type-simple"},"uagb_featured_image_src":{"full":["https:\/\/www.ansenta.com\/wp-content\/uploads\/2026\/03\/AMT-R1510.jpg",400,400,false],"thumbnail":["https:\/\/www.ansenta.com\/wp-content\/uploads\/2026\/03\/AMT-R1510-150x150.jpg",150,150,true],"medium":["https:\/\/www.ansenta.com\/wp-content\/uploads\/2026\/03\/AMT-R1510-300x300.jpg",300,300,true],"medium_large":["https:\/\/www.ansenta.com\/wp-content\/uploads\/2026\/03\/AMT-R1510.jpg",400,400,false],"large":["https:\/\/www.ansenta.com\/wp-content\/uploads\/2026\/03\/AMT-R1510.jpg",400,400,false],"1536x1536":["https:\/\/www.ansenta.com\/wp-content\/uploads\/2026\/03\/AMT-R1510.jpg",400,400,false],"2048x2048":["https:\/\/www.ansenta.com\/wp-content\/uploads\/2026\/03\/AMT-R1510.jpg",400,400,false],"trp-custom-language-flag":["https:\/\/www.ansenta.com\/wp-content\/uploads\/2026\/03\/AMT-R1510-12x12.jpg",12,12,true],"mailpoet_newsletter_max":["https:\/\/www.ansenta.com\/wp-content\/uploads\/2026\/03\/AMT-R1510.jpg",400,400,false],"woocommerce_thumbnail":["https:\/\/www.ansenta.com\/wp-content\/uploads\/2026\/03\/AMT-R1510.jpg",400,400,false],"woocommerce_single":["https:\/\/www.ansenta.com\/wp-content\/uploads\/2026\/03\/AMT-R1510.jpg",400,400,false],"woocommerce_gallery_thumbnail":["https:\/\/www.ansenta.com\/wp-content\/uploads\/2026\/03\/AMT-R1510-100x100.jpg",100,100,true]},"uagb_author_info":{"display_name":"jinxing6611@gmail.com","author_link":"https:\/\/www.ansenta.com\/pt\/author\/"},"uagb_comment_info":0,"uagb_excerpt":"Brand:ANSENTA Product Origin:CHINA Delivery time:Within 7 days Supply capacity:Factory Direct Supply Model:AMT-R1510 Introduction: The Manual Rotary Microtome is a precise slicing instrument used in histology laboratories for preparing thin tissue sections from paraffin-embedded specimens. Download: AMT-210 AMT-R1510","jetpack_sharing_enabled":true,"_links":{"self":[{"href":"https:\/\/www.ansenta.com\/pt\/wp-json\/wp\/v2\/product\/4037","targetHints":{"allow":["GET"]}}],"collection":[{"href":"https:\/\/www.ansenta.com\/pt\/wp-json\/wp\/v2\/product"}],"about":[{"href":"https:\/\/www.ansenta.com\/pt\/wp-json\/wp\/v2\/types\/product"}],"wp:featuredmedia":[{"embeddable":true,"href":"https:\/\/www.ansenta.com\/pt\/wp-json\/wp\/v2\/media\/4038"}],"wp:attachment":[{"href":"https:\/\/www.ansenta.com\/pt\/wp-json\/wp\/v2\/media?parent=4037"}],"wp:term":[{"taxonomy":"product_brand","embeddable":true,"href":"https:\/\/www.ansenta.com\/pt\/wp-json\/wp\/v2\/product_brand?post=4037"},{"taxonomy":"product_cat","embeddable":true,"href":"https:\/\/www.ansenta.com\/pt\/wp-json\/wp\/v2\/product_cat?post=4037"},{"taxonomy":"product_tag","embeddable":true,"href":"https:\/\/www.ansenta.com\/pt\/wp-json\/wp\/v2\/product_tag?post=4037"}],"curies":[{"name":"wp","href":"https:\/\/api.w.org\/{rel}","templated":true}]}}