{"id":4028,"date":"2026-03-10T12:17:33","date_gmt":"2026-03-10T12:17:33","guid":{"rendered":"https:\/\/www.ansenta.com\/?post_type=product&#038;p=4028"},"modified":"2026-03-10T12:17:34","modified_gmt":"2026-03-10T12:17:34","slug":"60%e2%84%83-horizontal-freezer-58l-120l-220l-320l-458l","status":"publish","type":"product","link":"https:\/\/www.ansenta.com\/pt\/produto\/60%e2%84%83-horizontal-freezer-58l-120l-220l-320l-458l\/","title":{"rendered":"-60\u2103 Congelador horizontal 58L 120L 220L 320L 458L"},"content":{"rendered":"<p><strong>Relia bility<\/strong><br \/>\n\u25cfAudible buzzer and visible flashing temperature alarm system for High\/low temperature,power failure,sensor\u00a0 error,door ajar,thermostat failure alarm.<br \/>\n\u25cfSafety password protected control panel prevents unauthorized system modification.<br \/>\n\u25cfDoor lock for storage safety.<br \/>\n<strong>Ergonomic Design<\/strong><br \/>\n\u25cfUpright door with limit door hinge prevents collision when door opens.<br \/>\n\u25cfController password protected to avoid unauthorized system modification.<br \/>\n\u25cfLockable universal caster wheels for easy moving.<\/p>\n<p><span style=\"color: #003300;\"><strong>Descarregar:<\/strong><\/span><br \/>\n<a href=\"https:\/\/www.ansenta.com\/wp-content\/uploads\/2026\/03\/40\u00b0C-Chest-Freezer.pdf\">-40\u00b0C Arca congeladora<\/a><\/p>","protected":false},"excerpt":{"rendered":"<p><span style=\"color: #003300;\"><strong>Marca:<\/strong><\/span>ANSENTA<br \/>\n<span style=\"color: #003300;\"><strong>Origem do produto:<\/strong><\/span>CHINA<br \/>\n<span style=\"color: #003300;\"><strong>Prazo de entrega:<\/strong><\/span>No prazo de 7 dias<br \/>\n<span style=\"color: #003300;\"><strong>Capacidade de fornecimento:<\/strong><\/span>Fornecimento direto da f\u00e1brica<br \/>\n<span style=\"color: #003300;\"><strong>Modelo:<\/strong><\/span>AST-40H110,AST-40H310,AST-40H490<br \/>\n<span style=\"color: #003300;\"><strong>Introdu\u00e7\u00e3o:<\/strong><\/span><br \/>\nOs produtos da s\u00e9rie manual do congelador profundo s\u00e3o aplicados em locais que necessitam de armazenamento a uma temperatura constante, tais como hospitais, bancos de sangue, institui\u00e7\u00f5es de investiga\u00e7\u00e3o cient\u00edfica, faculdades e universidades, engenharia gen\u00e9tica, empres\u00e1rios, etc. A temperatura de armazenamento no corpo pode ser definida pelo bot\u00e3o de temperatura no painel de controlo. A aplica\u00e7\u00e3o \u00e9 conveniente e o desempenho \u00e9 fi\u00e1vel.<br \/>\n<span style=\"color: #003300;\"><strong>Descarregar:<\/strong><\/span><br \/>\n<a href=\"https:\/\/www.ansenta.com\/wp-content\/uploads\/2026\/03\/40\u00b0C-Chest-Freezer.pdf\">-40\u00b0C Arca congeladora<\/a><\/p>","protected":false},"featured_media":4029,"template":"","meta":{"_uag_custom_page_level_css":"","site-sidebar-layout":"default","site-content-layout":"","ast-site-content-layout":"default","site-content-style":"default","site-sidebar-style":"default","ast-global-header-display":"","ast-banner-title-visibility":"","ast-main-header-display":"","ast-hfb-above-header-display":"","ast-hfb-below-header-display":"","ast-hfb-mobile-header-display":"","site-post-title":"","ast-breadcrumbs-content":"","ast-featured-img":"","footer-sml-layout":"","ast-disable-related-posts":"","theme-transparent-header-meta":"default","adv-header-id-meta":"","stick-header-meta":"default","header-above-stick-meta":"","header-main-stick-meta":"","header-below-stick-meta":"","astra-migrate-meta-layouts":"set","ast-page-background-enabled":"default","ast-page-background-meta":{"desktop":{"background-color":"var(--ast-global-color-4)","background-image":"","background-repeat":"repeat","background-position":"center center","background-size":"auto","background-attachment":"scroll","background-type":"","background-media":"","overlay-type":"","overlay-color":"","overlay-opacity":"","overlay-gradient":""},"tablet":{"background-color":"","background-image":"","background-repeat":"repeat","background-position":"center center","background-size":"auto","background-attachment":"scroll","background-type":"","background-media":"","overlay-type":"","overlay-color":"","overlay-opacity":"","overlay-gradient":""},"mobile":{"background-color":"","background-image":"","background-repeat":"repeat","background-position":"center center","background-size":"auto","background-attachment":"scroll","background-type":"","background-media":"","overlay-type":"","overlay-color":"","overlay-opacity":"","overlay-gradient":""}},"ast-content-background-meta":{"desktop":{"background-color":"var(--ast-global-color-5)","background-image":"","background-repeat":"repeat","background-position":"center center","background-size":"auto","background-attachment":"scroll","background-type":"","background-media":"","overlay-type":"","overlay-color":"","overlay-opacity":"","overlay-gradient":""},"tablet":{"background-color":"var(--ast-global-color-5)","background-image":"","background-repeat":"repeat","background-position":"center center","background-size":"auto","background-attachment":"scroll","background-type":"","background-media":"","overlay-type":"","overlay-color":"","overlay-opacity":"","overlay-gradient":""},"mobile":{"background-color":"var(--ast-global-color-5)","background-image":"","background-repeat":"repeat","background-position":"center center","background-size":"auto","background-attachment":"scroll","background-type":"","background-media":"","overlay-type":"","overlay-color":"","overlay-opacity":"","overlay-gradient":""}}},"product_brand":[],"product_cat":[70],"product_tag":[504,501,505,502,503],"class_list":{"0":"post-4028","1":"product","2":"type-product","3":"status-publish","4":"has-post-thumbnail","6":"product_cat-freeze-dryer","7":"product_tag-60-freezer","8":"product_tag-60-lab-freezer","9":"product_tag-60-refrigerator","10":"product_tag-biobase-60-freezer","11":"product_tag-horizontal-lab-freezer","12":"desktop-align-left","13":"tablet-align-left","14":"mobile-align-left","15":"ast-col-sm-12","16":"ast-article-post","17":"ast-width-md-12","18":"ast-archive-post","19":"ast-product-gallery-layout-horizontal-slider","20":"ast-product-gallery-with-no-image","21":"ast-product-tabs-layout-horizontal","23":"first","24":"instock","25":"shipping-taxable","26":"product-type-simple"},"uagb_featured_image_src":{"full":["https:\/\/www.ansenta.com\/wp-content\/uploads\/2026\/03\/\u4ea7\u54c1\u56fe\u7247-1.png",841,986,false],"thumbnail":["https:\/\/www.ansenta.com\/wp-content\/uploads\/2026\/03\/\u4ea7\u54c1\u56fe\u7247-1-150x150.png",150,150,true],"medium":["https:\/\/www.ansenta.com\/wp-content\/uploads\/2026\/03\/\u4ea7\u54c1\u56fe\u7247-1-256x300.png",256,300,true],"medium_large":["https:\/\/www.ansenta.com\/wp-content\/uploads\/2026\/03\/\u4ea7\u54c1\u56fe\u7247-1-768x900.png",768,900,true],"large":["https:\/\/www.ansenta.com\/wp-content\/uploads\/2026\/03\/\u4ea7\u54c1\u56fe\u7247-1.png",841,986,false],"1536x1536":["https:\/\/www.ansenta.com\/wp-content\/uploads\/2026\/03\/\u4ea7\u54c1\u56fe\u7247-1.png",841,986,false],"2048x2048":["https:\/\/www.ansenta.com\/wp-content\/uploads\/2026\/03\/\u4ea7\u54c1\u56fe\u7247-1.png",841,986,false],"trp-custom-language-flag":["https:\/\/www.ansenta.com\/wp-content\/uploads\/2026\/03\/\u4ea7\u54c1\u56fe\u7247-1-10x12.png",10,12,true],"mailpoet_newsletter_max":["https:\/\/www.ansenta.com\/wp-content\/uploads\/2026\/03\/\u4ea7\u54c1\u56fe\u7247-1.png",841,986,false],"woocommerce_thumbnail":["https:\/\/www.ansenta.com\/wp-content\/uploads\/2026\/03\/\u4ea7\u54c1\u56fe\u7247-1-600x600.png",600,600,true],"woocommerce_single":["https:\/\/www.ansenta.com\/wp-content\/uploads\/2026\/03\/\u4ea7\u54c1\u56fe\u7247-1-600x703.png",600,703,true],"woocommerce_gallery_thumbnail":["https:\/\/www.ansenta.com\/wp-content\/uploads\/2026\/03\/\u4ea7\u54c1\u56fe\u7247-1-100x100.png",100,100,true]},"uagb_author_info":{"display_name":"jinxing6611@gmail.com","author_link":"https:\/\/www.ansenta.com\/pt\/author\/"},"uagb_comment_info":0,"uagb_excerpt":"Brand:ANSENTA Product Origin:CHINA Delivery time:Within 7 days Supply capacity:Factory Direct Supply Model:AST-40H110,AST-40H310,AST-40H490 Introduction: Deep freezer manual series products are applied to places needing storage at constant temperature, such as hospitals, blood banks, scientific research institutions, colleges and universities, genetic engineering, entrepreneurs, etc. The storing temperature in the body can set by the temperature button on&hellip;","jetpack_sharing_enabled":true,"_links":{"self":[{"href":"https:\/\/www.ansenta.com\/pt\/wp-json\/wp\/v2\/product\/4028","targetHints":{"allow":["GET"]}}],"collection":[{"href":"https:\/\/www.ansenta.com\/pt\/wp-json\/wp\/v2\/product"}],"about":[{"href":"https:\/\/www.ansenta.com\/pt\/wp-json\/wp\/v2\/types\/product"}],"wp:featuredmedia":[{"embeddable":true,"href":"https:\/\/www.ansenta.com\/pt\/wp-json\/wp\/v2\/media\/4029"}],"wp:attachment":[{"href":"https:\/\/www.ansenta.com\/pt\/wp-json\/wp\/v2\/media?parent=4028"}],"wp:term":[{"taxonomy":"product_brand","embeddable":true,"href":"https:\/\/www.ansenta.com\/pt\/wp-json\/wp\/v2\/product_brand?post=4028"},{"taxonomy":"product_cat","embeddable":true,"href":"https:\/\/www.ansenta.com\/pt\/wp-json\/wp\/v2\/product_cat?post=4028"},{"taxonomy":"product_tag","embeddable":true,"href":"https:\/\/www.ansenta.com\/pt\/wp-json\/wp\/v2\/product_tag?post=4028"}],"curies":[{"name":"wp","href":"https:\/\/api.w.org\/{rel}","templated":true}]}}