{"id":3988,"date":"2026-03-07T06:37:39","date_gmt":"2026-03-07T06:37:39","guid":{"rendered":"https:\/\/www.ansenta.com\/?post_type=product&#038;p=3988"},"modified":"2026-03-07T06:37:40","modified_gmt":"2026-03-07T06:37:40","slug":"muffle-furnace","status":"publish","type":"product","link":"https:\/\/www.ansenta.com\/pt\/produto\/muffle-furnace\/","title":{"rendered":"Forno de mufla"},"content":{"rendered":"<p><strong><b>Introdu\u00e7\u00e3o<\/b><\/strong><br \/>\nThe box-type mufle furnace is specifically designed equipment for sintering and melting analysis of metallic,non-metallic and other compound materials,used in laboratories of colleges and universities,research institutes,industrial and mining enterprises.<\/p>\n<p><strong><b>Application<\/b><\/strong><br \/>\nIt is widely used for scientific research and small-batch production in enterprise and public institution,also in the fields of ceramics, metallurgy,electronics,glass,chemical engineering,machinery,refractory materials,new material development,special materials, building materials involved in scientific research and teaching in colleges.<\/p>\n<p><strong><b>Feature<\/b><\/strong><br \/>\n\u25cfAppearance Design<br \/>\nIt adopts a humanized design,elegant and easy to operate.The outer paint layer is treated with high-temperature baking process of powder coating,which makes it high temperature resistant,oxidation resistant,acid and alkali resistant.<br \/>\n\u25cf Structure Design<br \/>\nThe sell adopts a double-layer forced air-cooling structure.Cooling is fast,which can make the external temperature of the furnace close to the room temperature when the furnace is at high temperature,avoiding the occurrence of accidental injuries.<br \/>\n\u25cfFurnace Chamber Design<br \/>\nIt adopts a stepped assembly structure,integrates the laws of mechanics,effectively ensures the force is evenly applied during the heating process,guarantees that thermal energy is not easily lost,and prolongs the service life of the furnace chamber.<br \/>\n\u25cfFurnace Chamber Material<br \/>\nThe furnace chamber is made of high qualified alumina ceramic fiber,with features of excellent heat preservation,light weight and high temperature resistance,resistant to sudden temperature changes,no cracks,no crystallization and on crumbling.There is no worry about polluting the products being fired.<br \/>\n\u25cf Temperature Control Mode<br \/>\nStandard with intelligent 30 segment PID temperature control.<br \/>\n\u25cf Temperature Control Safety<br \/>\nThe electric furnace adopts integrated circuit and module control to make the electric furnace work stably, reliably and safely.With protection functions such as bias temperature protection,over-temperature protection,broken circuit.<\/p>\n<p><span style=\"color: #003300;\"><strong>Descarregar:<\/strong><\/span><br \/>\n<a href=\"https:\/\/www.ansenta.com\/wp-content\/uploads\/2026\/03\/Muffle-Furnace.pdf\">Forno de mufla<\/a><\/p>","protected":false},"excerpt":{"rendered":"<p><span style=\"color: #003300;\"><strong>Marca:<\/strong><\/span>ANSENTA<br \/>\n<span style=\"color: #003300;\"><strong>Origem do produto:<\/strong><\/span>CHINA<br \/>\n<span style=\"color: #003300;\"><strong>Prazo de entrega:<\/strong><\/span>No prazo de 7 dias<br \/>\n<span style=\"color: #003300;\"><strong>Capacidade de fornecimento:<\/strong><\/span>Fornecimento direto da f\u00e1brica<br \/>\n<span style=\"color: #003300;\"><strong>Modelo:<\/strong><\/span>Forno de mufla<br \/>\n<span style=\"color: #003300;\"><strong>Introdu\u00e7\u00e3o:<\/strong><\/span><br \/>\nO forno de mufla \u00e9 um forno de resist\u00eancia el\u00e9ctrica de alta temperatura para uso laboratorial e industrial. Possui um controlo preciso da temperatura e um bom desempenho de preserva\u00e7\u00e3o do calor, sendo amplamente utilizado para a incinera\u00e7\u00e3o, fus\u00e3o, sinteriza\u00e7\u00e3o e tratamento t\u00e9rmico de amostras nos dom\u00ednios da investiga\u00e7\u00e3o cient\u00edfica, qu\u00edmica, materiais e farmac\u00eautica.<br \/>\n<span style=\"color: #003300;\"><strong>Descarregar:<\/strong><\/span><br \/>\n<a href=\"https:\/\/www.ansenta.com\/wp-content\/uploads\/2026\/03\/Muffle-Furnace.pdf\">Forno de mufla<\/a><\/p>","protected":false},"featured_media":3989,"template":"","meta":{"_uag_custom_page_level_css":"","site-sidebar-layout":"default","site-content-layout":"","ast-site-content-layout":"default","site-content-style":"default","site-sidebar-style":"default","ast-global-header-display":"","ast-banner-title-visibility":"","ast-main-header-display":"","ast-hfb-above-header-display":"","ast-hfb-below-header-display":"","ast-hfb-mobile-header-display":"","site-post-title":"","ast-breadcrumbs-content":"","ast-featured-img":"","footer-sml-layout":"","ast-disable-related-posts":"","theme-transparent-header-meta":"default","adv-header-id-meta":"","stick-header-meta":"default","header-above-stick-meta":"","header-main-stick-meta":"","header-below-stick-meta":"","astra-migrate-meta-layouts":"set","ast-page-background-enabled":"default","ast-page-background-meta":{"desktop":{"background-color":"var(--ast-global-color-4)","background-image":"","background-repeat":"repeat","background-position":"center center","background-size":"auto","background-attachment":"scroll","background-type":"","background-media":"","overlay-type":"","overlay-color":"","overlay-opacity":"","overlay-gradient":""},"tablet":{"background-color":"","background-image":"","background-repeat":"repeat","background-position":"center center","background-size":"auto","background-attachment":"scroll","background-type":"","background-media":"","overlay-type":"","overlay-color":"","overlay-opacity":"","overlay-gradient":""},"mobile":{"background-color":"","background-image":"","background-repeat":"repeat","background-position":"center center","background-size":"auto","background-attachment":"scroll","background-type":"","background-media":"","overlay-type":"","overlay-color":"","overlay-opacity":"","overlay-gradient":""}},"ast-content-background-meta":{"desktop":{"background-color":"var(--ast-global-color-5)","background-image":"","background-repeat":"repeat","background-position":"center center","background-size":"auto","background-attachment":"scroll","background-type":"","background-media":"","overlay-type":"","overlay-color":"","overlay-opacity":"","overlay-gradient":""},"tablet":{"background-color":"var(--ast-global-color-5)","background-image":"","background-repeat":"repeat","background-position":"center center","background-size":"auto","background-attachment":"scroll","background-type":"","background-media":"","overlay-type":"","overlay-color":"","overlay-opacity":"","overlay-gradient":""},"mobile":{"background-color":"var(--ast-global-color-5)","background-image":"","background-repeat":"repeat","background-position":"center center","background-size":"auto","background-attachment":"scroll","background-type":"","background-media":"","overlay-type":"","overlay-color":"","overlay-opacity":"","overlay-gradient":""}}},"product_brand":[],"product_cat":[143],"product_tag":[478,479,477,476,475],"class_list":{"0":"post-3988","1":"product","2":"type-product","3":"status-publish","4":"has-post-thumbnail","6":"product_cat-high-temperature-drying-oven","7":"product_tag-box-type-muffle-furnace","8":"product_tag-electric-muffle-furnace","9":"product_tag-high-temperature-muffle-furnace","10":"product_tag-laboratory-muffle-furnace","11":"product_tag-muffle-furnace","12":"desktop-align-left","13":"tablet-align-left","14":"mobile-align-left","15":"ast-col-sm-12","16":"ast-article-post","17":"ast-width-md-12","18":"ast-archive-post","19":"ast-product-gallery-layout-horizontal-slider","20":"ast-product-gallery-with-no-image","21":"ast-product-tabs-layout-horizontal","23":"first","24":"instock","25":"shipping-taxable","26":"product-type-simple"},"uagb_featured_image_src":{"full":["https:\/\/www.ansenta.com\/wp-content\/uploads\/2026\/03\/Muffle-furnace.jpg",640,580,false],"thumbnail":["https:\/\/www.ansenta.com\/wp-content\/uploads\/2026\/03\/Muffle-furnace-150x150.jpg",150,150,true],"medium":["https:\/\/www.ansenta.com\/wp-content\/uploads\/2026\/03\/Muffle-furnace-300x272.jpg",300,272,true],"medium_large":["https:\/\/www.ansenta.com\/wp-content\/uploads\/2026\/03\/Muffle-furnace.jpg",640,580,false],"large":["https:\/\/www.ansenta.com\/wp-content\/uploads\/2026\/03\/Muffle-furnace.jpg",640,580,false],"1536x1536":["https:\/\/www.ansenta.com\/wp-content\/uploads\/2026\/03\/Muffle-furnace.jpg",640,580,false],"2048x2048":["https:\/\/www.ansenta.com\/wp-content\/uploads\/2026\/03\/Muffle-furnace.jpg",640,580,false],"trp-custom-language-flag":["https:\/\/www.ansenta.com\/wp-content\/uploads\/2026\/03\/Muffle-furnace-13x12.jpg",13,12,true],"mailpoet_newsletter_max":["https:\/\/www.ansenta.com\/wp-content\/uploads\/2026\/03\/Muffle-furnace.jpg",640,580,false],"woocommerce_thumbnail":["https:\/\/www.ansenta.com\/wp-content\/uploads\/2026\/03\/Muffle-furnace-600x580.jpg",600,580,true],"woocommerce_single":["https:\/\/www.ansenta.com\/wp-content\/uploads\/2026\/03\/Muffle-furnace-600x544.jpg",600,544,true],"woocommerce_gallery_thumbnail":["https:\/\/www.ansenta.com\/wp-content\/uploads\/2026\/03\/Muffle-furnace-100x100.jpg",100,100,true]},"uagb_author_info":{"display_name":"jinxing6611@gmail.com","author_link":"https:\/\/www.ansenta.com\/pt\/author\/"},"uagb_comment_info":0,"uagb_excerpt":"Brand:ANSENTA Product Origin:CHINA Delivery time:Within 7 days Supply capacity:Factory Direct Supply Model:Muffle furnace Introduction: Muffle furnace is a high-temperature electric resistance furnace for laboratory and industrial use. It features precise temperature control and good heat preservation performance, widely used for sample ashing, melting, sintering and heat treatment in scientific research, chemical, materials and pharmaceutical fields.&hellip;","jetpack_sharing_enabled":true,"_links":{"self":[{"href":"https:\/\/www.ansenta.com\/pt\/wp-json\/wp\/v2\/product\/3988","targetHints":{"allow":["GET"]}}],"collection":[{"href":"https:\/\/www.ansenta.com\/pt\/wp-json\/wp\/v2\/product"}],"about":[{"href":"https:\/\/www.ansenta.com\/pt\/wp-json\/wp\/v2\/types\/product"}],"wp:featuredmedia":[{"embeddable":true,"href":"https:\/\/www.ansenta.com\/pt\/wp-json\/wp\/v2\/media\/3989"}],"wp:attachment":[{"href":"https:\/\/www.ansenta.com\/pt\/wp-json\/wp\/v2\/media?parent=3988"}],"wp:term":[{"taxonomy":"product_brand","embeddable":true,"href":"https:\/\/www.ansenta.com\/pt\/wp-json\/wp\/v2\/product_brand?post=3988"},{"taxonomy":"product_cat","embeddable":true,"href":"https:\/\/www.ansenta.com\/pt\/wp-json\/wp\/v2\/product_cat?post=3988"},{"taxonomy":"product_tag","embeddable":true,"href":"https:\/\/www.ansenta.com\/pt\/wp-json\/wp\/v2\/product_tag?post=3988"}],"curies":[{"name":"wp","href":"https:\/\/api.w.org\/{rel}","templated":true}]}}