{"id":3933,"date":"2026-03-04T13:47:18","date_gmt":"2026-03-04T13:47:18","guid":{"rendered":"https:\/\/www.ansenta.com\/?post_type=product&#038;p=3933"},"modified":"2026-03-04T13:47:18","modified_gmt":"2026-03-04T13:47:18","slug":"key-operated-benchtop-ph-meter","status":"publish","type":"product","link":"https:\/\/www.ansenta.com\/pt\/produto\/key-operated-benchtop-ph-meter\/","title":{"rendered":"Medidor de pH de bancada operado por chave"},"content":{"rendered":"<p><b>Vantagens do produto<\/b><\/p>\n<p>1. equipado com um ecr\u00e3 LED de 6,5 polegadas com visualiza\u00e7\u00e3o completa e intuitiva dos par\u00e2metros. O design da interface de f\u00e1cil utiliza\u00e7\u00e3o garante uma opera\u00e7\u00e3o f\u00e1cil.<br \/>\n2. adopta teclas t\u00e1cteis de longa dura\u00e7\u00e3o da OMRON, que s\u00e3o c\u00f3modas e duradouras, com uma vida \u00fatil de mais de 100 000 press\u00f5es.<br \/>\n3. cumpre as normas internacionais GLP. As carater\u00edsticas incluem calibra\u00e7\u00e3o autom\u00e1tica, compensa\u00e7\u00e3o autom\u00e1tica de temperatura, armazenamento de dados, sa\u00edda USB, visualiza\u00e7\u00e3o do rel\u00f3gio, configura\u00e7\u00e3o de impress\u00e3o sem fios e mem\u00f3ria autom\u00e1tica de pontos de paragem.<br \/>\n4. mem\u00f3ria de grande capacidade incorporada pode armazenar at\u00e9 1000 conjuntos de dados de medi\u00e7\u00e3o. Os dados podem ser transferidos atrav\u00e9s de uma unidade flash USB e abertos com software de escrit\u00f3rio comum, como o Excel, facilitando grandemente a edi\u00e7\u00e3o do cliente.<br \/>\n5. reconhece automaticamente as solu\u00e7\u00f5es tamp\u00e3o padr\u00e3o de pH. Est\u00e3o dispon\u00edveis tr\u00eas s\u00e9ries: s\u00e9rie EUA\/UE, s\u00e9rie NIST e s\u00e9rie China.<br \/>\n6. o instrumento est\u00e1 equipado com um m\u00f3dulo Bluetooth padr\u00e3o, suportando impress\u00e3o Bluetooth sem fios para uma opera\u00e7\u00e3o conveniente. Est\u00e1 dispon\u00edvel a op\u00e7\u00e3o de transmiss\u00e3o de dados por Bluetooth para telem\u00f3veis e computadores.<br \/>\n7. avalia de forma inteligente o estado do el\u00e9trodo para garantir uma utiliza\u00e7\u00e3o precisa por parte dos clientes.<br \/>\n8. concebido para cumprir o grau IP54 \u00e0 prova de poeira e de salpicos.<br \/>\n<span style=\"color: #003300;\"><strong>Descarregar:<\/strong><\/span><br \/>\n<a href=\"https:\/\/www.ansenta.com\/wp-content\/uploads\/2026\/03\/Key-operated-benchtop-pH-meter.pdf\">Medidor de pH de bancada operado por chave<\/a><\/p>","protected":false},"excerpt":{"rendered":"<p><span style=\"color: #003300;\"><strong>Marca:<\/strong><\/span>ANSENTA<br \/>\n<span style=\"color: #003300;\"><strong>Origem do produto:<\/strong><\/span>CHINA<br \/>\n<span style=\"color: #003300;\"><strong>Prazo de entrega:<\/strong><\/span>No prazo de 7 dias<br \/>\n<span style=\"color: #003300;\"><strong>Capacidade de fornecimento:<\/strong><\/span>Fornecimento direto da f\u00e1brica<br \/>\n<span style=\"color: #003300;\"><strong>Modelo:<\/strong><\/span>Medidor de pH de bancada operado por chave<br \/>\n<span style=\"color: #003300;\"><strong>Descarregar:<\/strong><\/span><br \/>\n<a href=\"https:\/\/www.ansenta.com\/wp-content\/uploads\/2026\/03\/Key-operated-benchtop-pH-meter.pdf\">Medidor de pH de bancada operado por chave<\/a><\/p>","protected":false},"featured_media":3934,"template":"","meta":{"_uag_custom_page_level_css":"","site-sidebar-layout":"default","site-content-layout":"","ast-site-content-layout":"default","site-content-style":"default","site-sidebar-style":"default","ast-global-header-display":"","ast-banner-title-visibility":"","ast-main-header-display":"","ast-hfb-above-header-display":"","ast-hfb-below-header-display":"","ast-hfb-mobile-header-display":"","site-post-title":"","ast-breadcrumbs-content":"","ast-featured-img":"","footer-sml-layout":"","ast-disable-related-posts":"","theme-transparent-header-meta":"default","adv-header-id-meta":"","stick-header-meta":"default","header-above-stick-meta":"","header-main-stick-meta":"","header-below-stick-meta":"","astra-migrate-meta-layouts":"set","ast-page-background-enabled":"default","ast-page-background-meta":{"desktop":{"background-color":"var(--ast-global-color-4)","background-image":"","background-repeat":"repeat","background-position":"center center","background-size":"auto","background-attachment":"scroll","background-type":"","background-media":"","overlay-type":"","overlay-color":"","overlay-opacity":"","overlay-gradient":""},"tablet":{"background-color":"","background-image":"","background-repeat":"repeat","background-position":"center center","background-size":"auto","background-attachment":"scroll","background-type":"","background-media":"","overlay-type":"","overlay-color":"","overlay-opacity":"","overlay-gradient":""},"mobile":{"background-color":"","background-image":"","background-repeat":"repeat","background-position":"center center","background-size":"auto","background-attachment":"scroll","background-type":"","background-media":"","overlay-type":"","overlay-color":"","overlay-opacity":"","overlay-gradient":""}},"ast-content-background-meta":{"desktop":{"background-color":"var(--ast-global-color-5)","background-image":"","background-repeat":"repeat","background-position":"center center","background-size":"auto","background-attachment":"scroll","background-type":"","background-media":"","overlay-type":"","overlay-color":"","overlay-opacity":"","overlay-gradient":""},"tablet":{"background-color":"var(--ast-global-color-5)","background-image":"","background-repeat":"repeat","background-position":"center center","background-size":"auto","background-attachment":"scroll","background-type":"","background-media":"","overlay-type":"","overlay-color":"","overlay-opacity":"","overlay-gradient":""},"mobile":{"background-color":"var(--ast-global-color-5)","background-image":"","background-repeat":"repeat","background-position":"center center","background-size":"auto","background-attachment":"scroll","background-type":"","background-media":"","overlay-type":"","overlay-color":"","overlay-opacity":"","overlay-gradient":""}}},"product_brand":[],"product_cat":[63],"product_tag":[],"class_list":{"0":"post-3933","1":"product","2":"type-product","3":"status-publish","4":"has-post-thumbnail","6":"product_cat-ph-meter","7":"desktop-align-left","8":"tablet-align-left","9":"mobile-align-left","10":"ast-col-sm-12","11":"ast-article-post","12":"ast-width-md-12","13":"ast-archive-post","14":"ast-product-gallery-layout-horizontal-slider","15":"ast-product-gallery-with-no-image","16":"ast-product-tabs-layout-horizontal","18":"first","19":"instock","20":"shipping-taxable","21":"product-type-simple"},"uagb_featured_image_src":{"full":["https:\/\/www.ansenta.com\/wp-content\/uploads\/2026\/03\/Key-operated-benchtop-pH-meter.png",858,858,false],"thumbnail":["https:\/\/www.ansenta.com\/wp-content\/uploads\/2026\/03\/Key-operated-benchtop-pH-meter-150x150.png",150,150,true],"medium":["https:\/\/www.ansenta.com\/wp-content\/uploads\/2026\/03\/Key-operated-benchtop-pH-meter-300x300.png",300,300,true],"medium_large":["https:\/\/www.ansenta.com\/wp-content\/uploads\/2026\/03\/Key-operated-benchtop-pH-meter-768x768.png",768,768,true],"large":["https:\/\/www.ansenta.com\/wp-content\/uploads\/2026\/03\/Key-operated-benchtop-pH-meter.png",858,858,false],"1536x1536":["https:\/\/www.ansenta.com\/wp-content\/uploads\/2026\/03\/Key-operated-benchtop-pH-meter.png",858,858,false],"2048x2048":["https:\/\/www.ansenta.com\/wp-content\/uploads\/2026\/03\/Key-operated-benchtop-pH-meter.png",858,858,false],"trp-custom-language-flag":["https:\/\/www.ansenta.com\/wp-content\/uploads\/2026\/03\/Key-operated-benchtop-pH-meter-12x12.png",12,12,true],"mailpoet_newsletter_max":["https:\/\/www.ansenta.com\/wp-content\/uploads\/2026\/03\/Key-operated-benchtop-pH-meter.png",858,858,false],"woocommerce_thumbnail":["https:\/\/www.ansenta.com\/wp-content\/uploads\/2026\/03\/Key-operated-benchtop-pH-meter-600x600.png",600,600,true],"woocommerce_single":["https:\/\/www.ansenta.com\/wp-content\/uploads\/2026\/03\/Key-operated-benchtop-pH-meter-600x600.png",600,600,true],"woocommerce_gallery_thumbnail":["https:\/\/www.ansenta.com\/wp-content\/uploads\/2026\/03\/Key-operated-benchtop-pH-meter-100x100.png",100,100,true]},"uagb_author_info":{"display_name":"jinxing6611@gmail.com","author_link":"https:\/\/www.ansenta.com\/pt\/author\/"},"uagb_comment_info":0,"uagb_excerpt":"Brand:ANSENTA Product Origin:CHINA Delivery time:Within 7 days Supply capacity:Factory Direct Supply Model:Key-operated benchtop pH meter Download: Key-operated benchtop pH meter","jetpack_sharing_enabled":true,"_links":{"self":[{"href":"https:\/\/www.ansenta.com\/pt\/wp-json\/wp\/v2\/product\/3933","targetHints":{"allow":["GET"]}}],"collection":[{"href":"https:\/\/www.ansenta.com\/pt\/wp-json\/wp\/v2\/product"}],"about":[{"href":"https:\/\/www.ansenta.com\/pt\/wp-json\/wp\/v2\/types\/product"}],"wp:featuredmedia":[{"embeddable":true,"href":"https:\/\/www.ansenta.com\/pt\/wp-json\/wp\/v2\/media\/3934"}],"wp:attachment":[{"href":"https:\/\/www.ansenta.com\/pt\/wp-json\/wp\/v2\/media?parent=3933"}],"wp:term":[{"taxonomy":"product_brand","embeddable":true,"href":"https:\/\/www.ansenta.com\/pt\/wp-json\/wp\/v2\/product_brand?post=3933"},{"taxonomy":"product_cat","embeddable":true,"href":"https:\/\/www.ansenta.com\/pt\/wp-json\/wp\/v2\/product_cat?post=3933"},{"taxonomy":"product_tag","embeddable":true,"href":"https:\/\/www.ansenta.com\/pt\/wp-json\/wp\/v2\/product_tag?post=3933"}],"curies":[{"name":"wp","href":"https:\/\/api.w.org\/{rel}","templated":true}]}}