{"id":3904,"date":"2026-03-03T12:41:50","date_gmt":"2026-03-03T12:41:50","guid":{"rendered":"https:\/\/www.ansenta.com\/?post_type=product&#038;p=3904"},"modified":"2026-03-03T12:41:50","modified_gmt":"2026-03-03T12:41:50","slug":"eps-ast600d","status":"publish","type":"product","link":"https:\/\/www.ansenta.com\/pt\/produto\/eps-ast600d\/","title":{"rendered":"EPS-AST600D"},"content":{"rendered":"<p><b>Carater\u00edsticas<\/b><br \/>\nTipos de sa\u00edda: Tens\u00e3o constante, corrente constante, pot\u00eancia constante<br \/>\nAmpla Compatibilidade: Compat\u00edvel com cubas de eletroforese internacionais e nacionais da Bio-Rad, Thermo Fisher Scientific, e 61M, etc.<br \/>\nConfigura\u00e7\u00e3o com um clique: Configura\u00e7\u00e3o de um clique para fun\u00e7\u00f5es de prote\u00edna; liga\u00e7\u00e3o autom\u00e1tica de energia ao gel de separa\u00e7\u00e3o ap\u00f3s o empilhamento do gel, reduzindo o inc\u00f3modo da reposi\u00e7\u00e3o manual.<br \/>\nTr\u00eas Constantes Inteligentes: Defina qualquer valor constante (tens\u00e3o constante, corrente constante ou pot\u00eancia constante), com limites m\u00e1ximos nos outros dois indicadores, obtendo tr\u00eas constantes din\u00e2micas e evitando a sobre-limita\u00e7\u00e3o.<br \/>\nManuten\u00e7\u00e3o de microcorrente: Passa automaticamente para a microcorrente ap\u00f3s a eletroforese para evitar a difus\u00e3o de amostras e o excesso de amostras quando o laborat\u00f3rio est\u00e1 desocupado e o temporizador est\u00e1 desligado.<br \/>\nAmpla entrada de energia: AC110V-240V 50\/60Hz, ampla faixa de entrada de energia para maior estabilidade.<br \/>\nEcr\u00e3 de grandes dimens\u00f5es: Ecr\u00e3 t\u00e1til de 4,3 polegadas; funcionamento por toque; visualiza\u00e7\u00e3o simult\u00e2nea da tens\u00e3o, corrente, pot\u00eancia e temporizador; permite a visualiza\u00e7\u00e3o simult\u00e2nea dos valores de sa\u00edda predefinidos e reais.<br \/>\nDire\u00e7\u00e3o de temporiza\u00e7\u00e3o: Dire\u00e7\u00e3o de temporiza\u00e7\u00e3o selecion\u00e1vel; pode ser usado para avan\u00e7ar ou contagem regressiva. F\u00e1cil de utilizar: A interface de f\u00e1cil utiliza\u00e7\u00e3o torna a opera\u00e7\u00e3o t\u00e3o simples como utilizar um telem\u00f3vel.<br \/>\nRecupera\u00e7\u00e3o de falha de energia: Ap\u00f3s uma falha de energia, a fonte de alimenta\u00e7\u00e3o lembra-se automaticamente do estado nesse momento e restaura automaticamente o estado electrofor\u00e9tico antes da falha de energia quando a energia \u00e9 restaurada.<br \/>\nPoupan\u00e7a de espa\u00e7o: Suporte empilh\u00e1vel e rebat\u00edvel para uma observa\u00e7\u00e3o f\u00e1cil<br \/>\nEletroforese paralela: 4 conjuntos em paralelo, capazes de alimentar v\u00e1rios tanques de eletroforese em simult\u00e2neo<br \/>\nMem\u00f3ria autom\u00e1tica: Possui fun\u00e7\u00f5es de mem\u00f3ria autom\u00e1tica e desligamento autom\u00e1tico<br \/>\nArmazenamento de m\u00e9todos: Armazenamento program\u00e1vel de 30 m\u00e9todos, cada um contendo at\u00e9 10 passos<br \/>\nCarater\u00edsticas de seguran\u00e7a: Monitoriza\u00e7\u00e3o de sobretens\u00e3o, arco, sem carga e mudan\u00e7a s\u00fabita de carga; monitoriza\u00e7\u00e3o de sobrecarga\/curto-circuito; prote\u00e7\u00e3o contra fugas; alarme de circuito aberto.<br \/>\n<span style=\"color: #003300;\"><strong>Descarregar:<\/strong><\/span><br \/>\n<a href=\"https:\/\/www.ansenta.com\/wp-content\/uploads\/2026\/03\/EPS-AST600D.pdf\">EPS-AST600D<\/a><\/p>","protected":false},"excerpt":{"rendered":"<p><span style=\"color: #003300;\"><strong>Marca:<\/strong><\/span>ANSENTA<br \/>\n<span style=\"color: #003300;\"><strong>Origem do produto:<\/strong><\/span>CHINA<br \/>\n<span style=\"color: #003300;\"><strong>Prazo de entrega:<\/strong><\/span>No prazo de 7 dias<br \/>\n<span style=\"color: #003300;\"><strong>Capacidade de fornecimento:<\/strong><\/span>Fornecimento direto da f\u00e1brica<br \/>\n<span style=\"color: #003300;\"><strong>Modelo:<\/strong><\/span>EPS-AST600D<br \/>\n<span style=\"color: #003300;\"><strong>Introdu\u00e7\u00e3o:<\/strong><\/span><br \/>\nA fonte de alimenta\u00e7\u00e3o para eletroforese \u00e9 uma unidade de controlo de tens\u00e3o e corrente de precis\u00e3o concebida especificamente para utiliza\u00e7\u00e3o em aplica\u00e7\u00f5es de eletroforese em gel, como a an\u00e1lise de ADN, ARN e prote\u00ednas.<br \/>\n<span style=\"color: #003300;\"><strong>Descarregar:<\/strong><\/span><br \/>\n<a href=\"https:\/\/www.ansenta.com\/wp-content\/uploads\/2026\/03\/EPS-AST600D.pdf\">EPS-AST600D<\/a><\/p>","protected":false},"featured_media":3905,"template":"","meta":{"_uag_custom_page_level_css":"","site-sidebar-layout":"default","site-content-layout":"","ast-site-content-layout":"default","site-content-style":"default","site-sidebar-style":"default","ast-global-header-display":"","ast-banner-title-visibility":"","ast-main-header-display":"","ast-hfb-above-header-display":"","ast-hfb-below-header-display":"","ast-hfb-mobile-header-display":"","site-post-title":"","ast-breadcrumbs-content":"","ast-featured-img":"","footer-sml-layout":"","ast-disable-related-posts":"","theme-transparent-header-meta":"default","adv-header-id-meta":"","stick-header-meta":"default","header-above-stick-meta":"","header-main-stick-meta":"","header-below-stick-meta":"","astra-migrate-meta-layouts":"set","ast-page-background-enabled":"default","ast-page-background-meta":{"desktop":{"background-color":"var(--ast-global-color-4)","background-image":"","background-repeat":"repeat","background-position":"center center","background-size":"auto","background-attachment":"scroll","background-type":"","background-media":"","overlay-type":"","overlay-color":"","overlay-opacity":"","overlay-gradient":""},"tablet":{"background-color":"","background-image":"","background-repeat":"repeat","background-position":"center center","background-size":"auto","background-attachment":"scroll","background-type":"","background-media":"","overlay-type":"","overlay-color":"","overlay-opacity":"","overlay-gradient":""},"mobile":{"background-color":"","background-image":"","background-repeat":"repeat","background-position":"center center","background-size":"auto","background-attachment":"scroll","background-type":"","background-media":"","overlay-type":"","overlay-color":"","overlay-opacity":"","overlay-gradient":""}},"ast-content-background-meta":{"desktop":{"background-color":"var(--ast-global-color-5)","background-image":"","background-repeat":"repeat","background-position":"center center","background-size":"auto","background-attachment":"scroll","background-type":"","background-media":"","overlay-type":"","overlay-color":"","overlay-opacity":"","overlay-gradient":""},"tablet":{"background-color":"var(--ast-global-color-5)","background-image":"","background-repeat":"repeat","background-position":"center center","background-size":"auto","background-attachment":"scroll","background-type":"","background-media":"","overlay-type":"","overlay-color":"","overlay-opacity":"","overlay-gradient":""},"mobile":{"background-color":"var(--ast-global-color-5)","background-image":"","background-repeat":"repeat","background-position":"center center","background-size":"auto","background-attachment":"scroll","background-type":"","background-media":"","overlay-type":"","overlay-color":"","overlay-opacity":"","overlay-gradient":""}}},"product_brand":[],"product_cat":[223],"product_tag":[436,434,435],"class_list":{"0":"post-3904","1":"product","2":"type-product","3":"status-publish","4":"has-post-thumbnail","6":"product_cat-electrophoresis-system","7":"product_tag-dna-electrophoresis-power-unit","8":"product_tag-electrophoresis-power-supply","9":"product_tag-gel-electrophoresis-power-supply","10":"desktop-align-left","11":"tablet-align-left","12":"mobile-align-left","13":"ast-col-sm-12","14":"ast-article-post","15":"ast-width-md-12","16":"ast-archive-post","17":"ast-product-gallery-layout-horizontal-slider","18":"ast-product-gallery-with-no-image","19":"ast-product-tabs-layout-horizontal","21":"first","22":"instock","23":"shipping-taxable","24":"product-type-simple"},"uagb_featured_image_src":{"full":["https:\/\/www.ansenta.com\/wp-content\/uploads\/2026\/03\/EPS-AST600D.jpg",1200,1200,false],"thumbnail":["https:\/\/www.ansenta.com\/wp-content\/uploads\/2026\/03\/EPS-AST600D-150x150.jpg",150,150,true],"medium":["https:\/\/www.ansenta.com\/wp-content\/uploads\/2026\/03\/EPS-AST600D-300x300.jpg",300,300,true],"medium_large":["https:\/\/www.ansenta.com\/wp-content\/uploads\/2026\/03\/EPS-AST600D-768x768.jpg",768,768,true],"large":["https:\/\/www.ansenta.com\/wp-content\/uploads\/2026\/03\/EPS-AST600D-1024x1024.jpg",1024,1024,true],"1536x1536":["https:\/\/www.ansenta.com\/wp-content\/uploads\/2026\/03\/EPS-AST600D.jpg",1200,1200,false],"2048x2048":["https:\/\/www.ansenta.com\/wp-content\/uploads\/2026\/03\/EPS-AST600D.jpg",1200,1200,false],"trp-custom-language-flag":["https:\/\/www.ansenta.com\/wp-content\/uploads\/2026\/03\/EPS-AST600D-12x12.jpg",12,12,true],"mailpoet_newsletter_max":["https:\/\/www.ansenta.com\/wp-content\/uploads\/2026\/03\/EPS-AST600D.jpg",1200,1200,false],"woocommerce_thumbnail":["https:\/\/www.ansenta.com\/wp-content\/uploads\/2026\/03\/EPS-AST600D-600x600.jpg",600,600,true],"woocommerce_single":["https:\/\/www.ansenta.com\/wp-content\/uploads\/2026\/03\/EPS-AST600D-600x600.jpg",600,600,true],"woocommerce_gallery_thumbnail":["https:\/\/www.ansenta.com\/wp-content\/uploads\/2026\/03\/EPS-AST600D-100x100.jpg",100,100,true]},"uagb_author_info":{"display_name":"jinxing6611@gmail.com","author_link":"https:\/\/www.ansenta.com\/pt\/author\/"},"uagb_comment_info":0,"uagb_excerpt":"Brand:ANSENTA Product Origin:CHINA Delivery time:Within 7 days Supply capacity:Factory Direct Supply Model:EPS-AST600D Introduction: The Electrophoresis Power Supply is a precision voltage and current control unit designed specifically for use in gel electrophoresis applications, such as DNA, RNA, and protein analysis. Download: EPS-AST600D","jetpack_sharing_enabled":true,"_links":{"self":[{"href":"https:\/\/www.ansenta.com\/pt\/wp-json\/wp\/v2\/product\/3904","targetHints":{"allow":["GET"]}}],"collection":[{"href":"https:\/\/www.ansenta.com\/pt\/wp-json\/wp\/v2\/product"}],"about":[{"href":"https:\/\/www.ansenta.com\/pt\/wp-json\/wp\/v2\/types\/product"}],"wp:featuredmedia":[{"embeddable":true,"href":"https:\/\/www.ansenta.com\/pt\/wp-json\/wp\/v2\/media\/3905"}],"wp:attachment":[{"href":"https:\/\/www.ansenta.com\/pt\/wp-json\/wp\/v2\/media?parent=3904"}],"wp:term":[{"taxonomy":"product_brand","embeddable":true,"href":"https:\/\/www.ansenta.com\/pt\/wp-json\/wp\/v2\/product_brand?post=3904"},{"taxonomy":"product_cat","embeddable":true,"href":"https:\/\/www.ansenta.com\/pt\/wp-json\/wp\/v2\/product_cat?post=3904"},{"taxonomy":"product_tag","embeddable":true,"href":"https:\/\/www.ansenta.com\/pt\/wp-json\/wp\/v2\/product_tag?post=3904"}],"curies":[{"name":"wp","href":"https:\/\/api.w.org\/{rel}","templated":true}]}}