{"id":3885,"date":"2026-03-01T12:43:30","date_gmt":"2026-03-01T12:43:30","guid":{"rendered":"https:\/\/www.ansenta.com\/?post_type=product&#038;p=3885"},"modified":"2026-03-01T12:43:30","modified_gmt":"2026-03-01T12:43:30","slug":"ast-dj21-online-water-temperature-sensor","status":"publish","type":"product","link":"https:\/\/www.ansenta.com\/pt\/produto\/ast-dj21-online-water-temperature-sensor\/","title":{"rendered":"AST-DJ21 Sensor de temperatura da \u00e1gua em linha"},"content":{"rendered":"<p>Carater\u00edsticas<br \/>\nOs sensores de temperatura da \u00e1gua em linha s\u00e3o amplamente utilizados na refrigera\u00e7\u00e3o industrial, tratamento de \u00e1guas residuais, aquacultura, monitoriza\u00e7\u00e3o ambiental, sistemas AVAC e outros dom\u00ednios. Monitorizam a temperatura da \u00e1gua em tempo real para garantir um funcionamento eficiente e seguro do sistema. Por exemplo, as centrais el\u00e9ctricas e as instala\u00e7\u00f5es qu\u00edmicas exigem a monitoriza\u00e7\u00e3o da temperatura da \u00e1gua de arrefecimento para evitar o sobreaquecimento do equipamento; as explora\u00e7\u00f5es de aquacultura precisam de regular a temperatura da \u00e1gua para promover o crescimento biol\u00f3gico; a monitoriza\u00e7\u00e3o ambiental avalia a sa\u00fade ecol\u00f3gica das massas de \u00e1gua. Operando em diversos ambientes, estes sensores possuem capacidades de impermeabiliza\u00e7\u00e3o, resist\u00eancia \u00e0 corros\u00e3o e anti-interfer\u00eancia.<\/p>\n<p><span style=\"color: #003300;\"><strong>Descarregar:<\/strong><\/span><br \/>\n<a href=\"https:\/\/www.ansenta.com\/wp-content\/uploads\/2026\/03\/AST-DJ21-Online-Water-Temperature-Sensor.pdf\">AST-DJ21 Sensor de temperatura da \u00e1gua em linha<\/a><\/p>","protected":false},"excerpt":{"rendered":"<p><span style=\"color: #003300;\"><strong>Marca:<\/strong><\/span>ANSENTA<br \/>\n<span style=\"color: #003300;\"><strong>Origem do produto:<\/strong><\/span>CHINA<br \/>\n<span style=\"color: #003300;\"><strong>Prazo de entrega:<\/strong><\/span>No prazo de 7 dias<br \/>\n<span style=\"color: #003300;\"><strong>Capacidade de fornecimento:<\/strong><\/span>Fornecimento direto da f\u00e1brica<br \/>\n<span style=\"color: #003300;\"><strong>Modelo:<\/strong><\/span>AST-DJ21 Sensor de temperatura da \u00e1gua em linha<br \/>\n<span style=\"color: #003300;\"><strong>Introdu\u00e7\u00e3o:<\/strong><\/span><br \/>\nOs sensores de temperatura da \u00e1gua em linha s\u00e3o amplamente utilizados na refrigera\u00e7\u00e3o industrial, tratamento de \u00e1guas residuais, aquacultura, monitoriza\u00e7\u00e3o ambiental, sistemas AVAC e outros dom\u00ednios. Monitorizam a temperatura da \u00e1gua em tempo real para garantir um funcionamento eficiente e seguro do sistema. Por exemplo, as centrais el\u00e9ctricas e as instala\u00e7\u00f5es qu\u00edmicas exigem a monitoriza\u00e7\u00e3o da temperatura da \u00e1gua de arrefecimento para evitar o sobreaquecimento do equipamento; as explora\u00e7\u00f5es de aquacultura precisam de regular a temperatura da \u00e1gua para promover o crescimento biol\u00f3gico; a monitoriza\u00e7\u00e3o ambiental avalia a sa\u00fade ecol\u00f3gica das massas de \u00e1gua. Operando em diversos ambientes, estes sensores possuem capacidades de impermeabiliza\u00e7\u00e3o, resist\u00eancia \u00e0 corros\u00e3o e anti-interfer\u00eancia.<br \/>\n<span style=\"color: #003300;\"><strong>Descarregar:<\/strong><\/span><br \/>\n<a href=\"https:\/\/www.ansenta.com\/wp-content\/uploads\/2026\/03\/AST-DJ21-Online-Water-Temperature-Sensor.pdf\">AST-DJ21 Sensor de temperatura da \u00e1gua em linha<\/a><\/p>","protected":false},"featured_media":3886,"template":"","meta":{"_uag_custom_page_level_css":"","site-sidebar-layout":"default","site-content-layout":"","ast-site-content-layout":"default","site-content-style":"default","site-sidebar-style":"default","ast-global-header-display":"","ast-banner-title-visibility":"","ast-main-header-display":"","ast-hfb-above-header-display":"","ast-hfb-below-header-display":"","ast-hfb-mobile-header-display":"","site-post-title":"","ast-breadcrumbs-content":"","ast-featured-img":"","footer-sml-layout":"","ast-disable-related-posts":"","theme-transparent-header-meta":"default","adv-header-id-meta":"","stick-header-meta":"default","header-above-stick-meta":"","header-main-stick-meta":"","header-below-stick-meta":"","astra-migrate-meta-layouts":"set","ast-page-background-enabled":"default","ast-page-background-meta":{"desktop":{"background-color":"var(--ast-global-color-4)","background-image":"","background-repeat":"repeat","background-position":"center center","background-size":"auto","background-attachment":"scroll","background-type":"","background-media":"","overlay-type":"","overlay-color":"","overlay-opacity":"","overlay-gradient":""},"tablet":{"background-color":"","background-image":"","background-repeat":"repeat","background-position":"center center","background-size":"auto","background-attachment":"scroll","background-type":"","background-media":"","overlay-type":"","overlay-color":"","overlay-opacity":"","overlay-gradient":""},"mobile":{"background-color":"","background-image":"","background-repeat":"repeat","background-position":"center center","background-size":"auto","background-attachment":"scroll","background-type":"","background-media":"","overlay-type":"","overlay-color":"","overlay-opacity":"","overlay-gradient":""}},"ast-content-background-meta":{"desktop":{"background-color":"var(--ast-global-color-5)","background-image":"","background-repeat":"repeat","background-position":"center center","background-size":"auto","background-attachment":"scroll","background-type":"","background-media":"","overlay-type":"","overlay-color":"","overlay-opacity":"","overlay-gradient":""},"tablet":{"background-color":"var(--ast-global-color-5)","background-image":"","background-repeat":"repeat","background-position":"center center","background-size":"auto","background-attachment":"scroll","background-type":"","background-media":"","overlay-type":"","overlay-color":"","overlay-opacity":"","overlay-gradient":""},"mobile":{"background-color":"var(--ast-global-color-5)","background-image":"","background-repeat":"repeat","background-position":"center center","background-size":"auto","background-attachment":"scroll","background-type":"","background-media":"","overlay-type":"","overlay-color":"","overlay-opacity":"","overlay-gradient":""}}},"product_brand":[],"product_cat":[253],"product_tag":[],"class_list":{"0":"post-3885","1":"product","2":"type-product","3":"status-publish","4":"has-post-thumbnail","6":"product_cat-other-lab-equipments","7":"desktop-align-left","8":"tablet-align-left","9":"mobile-align-left","10":"ast-col-sm-12","11":"ast-article-post","12":"ast-width-md-12","13":"ast-archive-post","14":"ast-product-gallery-layout-horizontal-slider","15":"ast-product-gallery-with-no-image","16":"ast-product-tabs-layout-horizontal","18":"first","19":"instock","20":"shipping-taxable","21":"product-type-simple"},"uagb_featured_image_src":{"full":["https:\/\/www.ansenta.com\/wp-content\/uploads\/2026\/03\/AST-DJ21-Online-Water-Temperature-Sensor.jpg",640,640,false],"thumbnail":["https:\/\/www.ansenta.com\/wp-content\/uploads\/2026\/03\/AST-DJ21-Online-Water-Temperature-Sensor-150x150.jpg",150,150,true],"medium":["https:\/\/www.ansenta.com\/wp-content\/uploads\/2026\/03\/AST-DJ21-Online-Water-Temperature-Sensor-300x300.jpg",300,300,true],"medium_large":["https:\/\/www.ansenta.com\/wp-content\/uploads\/2026\/03\/AST-DJ21-Online-Water-Temperature-Sensor.jpg",640,640,false],"large":["https:\/\/www.ansenta.com\/wp-content\/uploads\/2026\/03\/AST-DJ21-Online-Water-Temperature-Sensor.jpg",640,640,false],"1536x1536":["https:\/\/www.ansenta.com\/wp-content\/uploads\/2026\/03\/AST-DJ21-Online-Water-Temperature-Sensor.jpg",640,640,false],"2048x2048":["https:\/\/www.ansenta.com\/wp-content\/uploads\/2026\/03\/AST-DJ21-Online-Water-Temperature-Sensor.jpg",640,640,false],"trp-custom-language-flag":["https:\/\/www.ansenta.com\/wp-content\/uploads\/2026\/03\/AST-DJ21-Online-Water-Temperature-Sensor-12x12.jpg",12,12,true],"mailpoet_newsletter_max":["https:\/\/www.ansenta.com\/wp-content\/uploads\/2026\/03\/AST-DJ21-Online-Water-Temperature-Sensor.jpg",640,640,false],"woocommerce_thumbnail":["https:\/\/www.ansenta.com\/wp-content\/uploads\/2026\/03\/AST-DJ21-Online-Water-Temperature-Sensor-600x600.jpg",600,600,true],"woocommerce_single":["https:\/\/www.ansenta.com\/wp-content\/uploads\/2026\/03\/AST-DJ21-Online-Water-Temperature-Sensor-600x600.jpg",600,600,true],"woocommerce_gallery_thumbnail":["https:\/\/www.ansenta.com\/wp-content\/uploads\/2026\/03\/AST-DJ21-Online-Water-Temperature-Sensor-100x100.jpg",100,100,true]},"uagb_author_info":{"display_name":"jinxing6611@gmail.com","author_link":"https:\/\/www.ansenta.com\/pt\/author\/"},"uagb_comment_info":0,"uagb_excerpt":"Brand:ANSENTA Product Origin:CHINA Delivery time:Within 7 days Supply capacity:Factory Direct Supply Model:AST-DJ21 Online Water Temperature Sensor Introduction: Online water temperature sensors are widely used in industrial cooling, wastewater treatment, aquaculture, environmental monitoring, HVAC systems, and other fields. They monitor water temperature in real time to ensure efficient and safe system operation. For instance, power plants&hellip;","jetpack_sharing_enabled":true,"_links":{"self":[{"href":"https:\/\/www.ansenta.com\/pt\/wp-json\/wp\/v2\/product\/3885","targetHints":{"allow":["GET"]}}],"collection":[{"href":"https:\/\/www.ansenta.com\/pt\/wp-json\/wp\/v2\/product"}],"about":[{"href":"https:\/\/www.ansenta.com\/pt\/wp-json\/wp\/v2\/types\/product"}],"wp:featuredmedia":[{"embeddable":true,"href":"https:\/\/www.ansenta.com\/pt\/wp-json\/wp\/v2\/media\/3886"}],"wp:attachment":[{"href":"https:\/\/www.ansenta.com\/pt\/wp-json\/wp\/v2\/media?parent=3885"}],"wp:term":[{"taxonomy":"product_brand","embeddable":true,"href":"https:\/\/www.ansenta.com\/pt\/wp-json\/wp\/v2\/product_brand?post=3885"},{"taxonomy":"product_cat","embeddable":true,"href":"https:\/\/www.ansenta.com\/pt\/wp-json\/wp\/v2\/product_cat?post=3885"},{"taxonomy":"product_tag","embeddable":true,"href":"https:\/\/www.ansenta.com\/pt\/wp-json\/wp\/v2\/product_tag?post=3885"}],"curies":[{"name":"wp","href":"https:\/\/api.w.org\/{rel}","templated":true}]}}