{"id":3865,"date":"2026-03-01T01:29:18","date_gmt":"2026-03-01T01:29:18","guid":{"rendered":"https:\/\/www.ansenta.com\/?post_type=product&#038;p=3865"},"modified":"2026-03-01T01:29:18","modified_gmt":"2026-03-01T01:29:18","slug":"mouse-ivc-cage-system","status":"publish","type":"product","link":"https:\/\/www.ansenta.com\/pt\/produto\/mouse-ivc-cage-system\/","title":{"rendered":"Sistema de gaiola IVC para ratos"},"content":{"rendered":"<p>A gaiola de isolamento com fornecimento de ar independente (IVC) \u00e9 constitu\u00edda por quatro partes: o sistema de fornecimento de ar, o sistema de exaust\u00e3o, a estrutura da gaiola e a caixa do rato. O ventilador \u00e9 um ventilador de baixo ru\u00eddo. Na caixa de entrada de ar e na caixa de exaust\u00e3o, existem filtros prim\u00e1rios e de alta efici\u00eancia, com a efici\u00eancia do filtro de alta efici\u00eancia a atingir \u2265 99,99%. O sensor de press\u00e3o utiliza uma marca bem conhecida. A estrutura da gaiola \u00e9 feita de tubos de a\u00e7o inoxid\u00e1vel 304 de formato especial. A mat\u00e9ria-prima da caixa do rato \u00e9 material transparente PPSU. A caixa do mouse e todos os materiais de veda\u00e7\u00e3o usam borracha de silicone, que \u00e9 resistente a \u00e1cidos e \u00e1lcalis, pode suportar uma temperatura de 135 \u2103 e uma press\u00e3o de 15 libras por 30 minutos sem deforma\u00e7\u00e3o.<\/p>\n<p><span style=\"color: #003300;\"><strong>Descarregar:<\/strong><\/span><br \/>\n<a href=\"https:\/\/www.ansenta.com\/wp-content\/uploads\/2026\/03\/Mouse-IVC-cage-System.pdf\">Sistema de gaiola IVC para ratos<\/a><br \/>\n<a href=\"https:\/\/www.ansenta.com\/wp-content\/uploads\/2026\/03\/Mouse-IVC-cage-.pdf\">Gaiola de VCI de ratinho<\/a><\/p>","protected":false},"excerpt":{"rendered":"<p><span style=\"color: #003300;\"><strong>Marca:<\/strong><\/span>ANSENTA<br \/>\n<span style=\"color: #003300;\"><strong>Origem do produto:<\/strong><\/span>CHINA<br \/>\n<span style=\"color: #003300;\"><strong>Prazo de entrega:<\/strong><\/span>No prazo de 7 dias<br \/>\n<span style=\"color: #003300;\"><strong>Capacidade de fornecimento:<\/strong><\/span>Fornecimento direto da f\u00e1brica<br \/>\n<span style=\"color: #003300;\"><strong>Modelo:<\/strong><\/span>Sistema de gaiola IVC para ratos<br \/>\n<span style=\"color: #003300;\"><strong>Introdu\u00e7\u00e3o:<\/strong><\/span><br \/>\nO sistema de gaiolas para ratos IVC (Individually Ventilated Cages) \u00e9 uma solu\u00e7\u00e3o inovadora concebida para proporcionar um ambiente controlado e higi\u00e9nico para ratos de laborat\u00f3rio. Este sistema avan\u00e7ado de alojamento assegura condi\u00e7\u00f5es \u00f3ptimas para o bem-estar dos animais, facilitando a manuten\u00e7\u00e3o e melhorando os resultados da investiga\u00e7\u00e3o.<br \/>\n<span style=\"color: #003300;\"><strong>Descarregar:<\/strong><\/span><br \/>\n<a href=\"https:\/\/www.ansenta.com\/wp-content\/uploads\/2026\/03\/Mouse-IVC-cage-System.pdf\">Sistema de gaiola IVC para ratos<\/a><br \/>\n<a href=\"https:\/\/www.ansenta.com\/wp-content\/uploads\/2026\/03\/Mouse-IVC-cage-.pdf\">Gaiola de VCI de ratinho<\/a><\/p>","protected":false},"featured_media":3866,"template":"","meta":{"_uag_custom_page_level_css":"","site-sidebar-layout":"default","site-content-layout":"","ast-site-content-layout":"default","site-content-style":"default","site-sidebar-style":"default","ast-global-header-display":"","ast-banner-title-visibility":"","ast-main-header-display":"","ast-hfb-above-header-display":"","ast-hfb-below-header-display":"","ast-hfb-mobile-header-display":"","site-post-title":"","ast-breadcrumbs-content":"","ast-featured-img":"","footer-sml-layout":"","ast-disable-related-posts":"","theme-transparent-header-meta":"default","adv-header-id-meta":"","stick-header-meta":"default","header-above-stick-meta":"","header-main-stick-meta":"","header-below-stick-meta":"","astra-migrate-meta-layouts":"set","ast-page-background-enabled":"default","ast-page-background-meta":{"desktop":{"background-color":"var(--ast-global-color-4)","background-image":"","background-repeat":"repeat","background-position":"center center","background-size":"auto","background-attachment":"scroll","background-type":"","background-media":"","overlay-type":"","overlay-color":"","overlay-opacity":"","overlay-gradient":""},"tablet":{"background-color":"","background-image":"","background-repeat":"repeat","background-position":"center center","background-size":"auto","background-attachment":"scroll","background-type":"","background-media":"","overlay-type":"","overlay-color":"","overlay-opacity":"","overlay-gradient":""},"mobile":{"background-color":"","background-image":"","background-repeat":"repeat","background-position":"center center","background-size":"auto","background-attachment":"scroll","background-type":"","background-media":"","overlay-type":"","overlay-color":"","overlay-opacity":"","overlay-gradient":""}},"ast-content-background-meta":{"desktop":{"background-color":"var(--ast-global-color-5)","background-image":"","background-repeat":"repeat","background-position":"center center","background-size":"auto","background-attachment":"scroll","background-type":"","background-media":"","overlay-type":"","overlay-color":"","overlay-opacity":"","overlay-gradient":""},"tablet":{"background-color":"var(--ast-global-color-5)","background-image":"","background-repeat":"repeat","background-position":"center center","background-size":"auto","background-attachment":"scroll","background-type":"","background-media":"","overlay-type":"","overlay-color":"","overlay-opacity":"","overlay-gradient":""},"mobile":{"background-color":"var(--ast-global-color-5)","background-image":"","background-repeat":"repeat","background-position":"center center","background-size":"auto","background-attachment":"scroll","background-type":"","background-media":"","overlay-type":"","overlay-color":"","overlay-opacity":"","overlay-gradient":""}}},"product_brand":[],"product_cat":[267],"product_tag":[400,401,402],"class_list":{"0":"post-3865","1":"product","2":"type-product","3":"status-publish","4":"has-post-thumbnail","6":"product_cat-mouse-cage","7":"product_tag-ivc-mouse-cage-system","8":"product_tag-laboratory-mouse-housing-system","9":"product_tag-mouse-cage-with-individual-ventilation","10":"desktop-align-left","11":"tablet-align-left","12":"mobile-align-left","13":"ast-col-sm-12","14":"ast-article-post","15":"ast-width-md-12","16":"ast-archive-post","17":"ast-product-gallery-layout-horizontal-slider","18":"ast-product-gallery-with-no-image","19":"ast-product-tabs-layout-horizontal","21":"first","22":"instock","23":"shipping-taxable","24":"product-type-simple"},"uagb_featured_image_src":{"full":["https:\/\/www.ansenta.com\/wp-content\/uploads\/2026\/03\/Mouse-IVC-cage-System.jpg",1200,1200,false],"thumbnail":["https:\/\/www.ansenta.com\/wp-content\/uploads\/2026\/03\/Mouse-IVC-cage-System-150x150.jpg",150,150,true],"medium":["https:\/\/www.ansenta.com\/wp-content\/uploads\/2026\/03\/Mouse-IVC-cage-System-300x300.jpg",300,300,true],"medium_large":["https:\/\/www.ansenta.com\/wp-content\/uploads\/2026\/03\/Mouse-IVC-cage-System-768x768.jpg",768,768,true],"large":["https:\/\/www.ansenta.com\/wp-content\/uploads\/2026\/03\/Mouse-IVC-cage-System-1024x1024.jpg",1024,1024,true],"1536x1536":["https:\/\/www.ansenta.com\/wp-content\/uploads\/2026\/03\/Mouse-IVC-cage-System.jpg",1200,1200,false],"2048x2048":["https:\/\/www.ansenta.com\/wp-content\/uploads\/2026\/03\/Mouse-IVC-cage-System.jpg",1200,1200,false],"trp-custom-language-flag":["https:\/\/www.ansenta.com\/wp-content\/uploads\/2026\/03\/Mouse-IVC-cage-System-12x12.jpg",12,12,true],"mailpoet_newsletter_max":["https:\/\/www.ansenta.com\/wp-content\/uploads\/2026\/03\/Mouse-IVC-cage-System.jpg",1200,1200,false],"woocommerce_thumbnail":["https:\/\/www.ansenta.com\/wp-content\/uploads\/2026\/03\/Mouse-IVC-cage-System-600x600.jpg",600,600,true],"woocommerce_single":["https:\/\/www.ansenta.com\/wp-content\/uploads\/2026\/03\/Mouse-IVC-cage-System-600x600.jpg",600,600,true],"woocommerce_gallery_thumbnail":["https:\/\/www.ansenta.com\/wp-content\/uploads\/2026\/03\/Mouse-IVC-cage-System-100x100.jpg",100,100,true]},"uagb_author_info":{"display_name":"jinxing6611@gmail.com","author_link":"https:\/\/www.ansenta.com\/pt\/author\/"},"uagb_comment_info":0,"uagb_excerpt":"Brand:ANSENTA Product Origin:CHINA Delivery time:Within 7 days Supply capacity:Factory Direct Supply Model:Mouse IVC cage System Introduction: The IVC Mouse Cage System(Individually Ventilated Cages) is an innovative solution designed to provide a controlled and hygienic environment for laboratory mice. This advanced housing system ensures optimal conditions for the well-being of animals while facilitating ease of maintenance&hellip;","jetpack_sharing_enabled":true,"_links":{"self":[{"href":"https:\/\/www.ansenta.com\/pt\/wp-json\/wp\/v2\/product\/3865","targetHints":{"allow":["GET"]}}],"collection":[{"href":"https:\/\/www.ansenta.com\/pt\/wp-json\/wp\/v2\/product"}],"about":[{"href":"https:\/\/www.ansenta.com\/pt\/wp-json\/wp\/v2\/types\/product"}],"wp:featuredmedia":[{"embeddable":true,"href":"https:\/\/www.ansenta.com\/pt\/wp-json\/wp\/v2\/media\/3866"}],"wp:attachment":[{"href":"https:\/\/www.ansenta.com\/pt\/wp-json\/wp\/v2\/media?parent=3865"}],"wp:term":[{"taxonomy":"product_brand","embeddable":true,"href":"https:\/\/www.ansenta.com\/pt\/wp-json\/wp\/v2\/product_brand?post=3865"},{"taxonomy":"product_cat","embeddable":true,"href":"https:\/\/www.ansenta.com\/pt\/wp-json\/wp\/v2\/product_cat?post=3865"},{"taxonomy":"product_tag","embeddable":true,"href":"https:\/\/www.ansenta.com\/pt\/wp-json\/wp\/v2\/product_tag?post=3865"}],"curies":[{"name":"wp","href":"https:\/\/api.w.org\/{rel}","templated":true}]}}