{"id":3770,"date":"2026-02-09T01:08:25","date_gmt":"2026-02-09T01:08:25","guid":{"rendered":"https:\/\/www.ansenta.com\/?post_type=product&#038;p=3770"},"modified":"2026-02-09T01:08:25","modified_gmt":"2026-02-09T01:08:25","slug":"ast-2000c-friability-tester","status":"publish","type":"product","link":"https:\/\/www.ansenta.com\/pt\/produto\/ast-2000c-friability-tester\/","title":{"rendered":"Testador de friabilidade AST-2000C"},"content":{"rendered":"<p><b>Introdu\u00e7\u00e3o do produto:<\/b><br \/>\nO verificador de friabilidade AST-2000C \u00e9 totalmente funcional e f\u00e1cil de operar, capaz de efetuar medi\u00e7\u00f5es de rota\u00e7\u00e3o fixa e cont\u00ednuas. Utiliza um controlador DSP de alta resolu\u00e7\u00e3o para uma velocidade de rota\u00e7\u00e3o mais est\u00e1vel e precisa, que \u00e9 ajust\u00e1vel. Possui uma impressora t\u00e9rmica online e um ecr\u00e3 t\u00e1til a cores de grandes dimens\u00f5es para uma visualiza\u00e7\u00e3o de dados mais intuitiva e clara. As suas especifica\u00e7\u00f5es de desempenho cumprem os regulamentos relevantes da Farmacopeia Chinesa e da Farmacopeia dos Estados Unidos. Pode satisfazer as necessidades das principais empresas farmac\u00eauticas, institutos de testes de medicamentos e unidades de investiga\u00e7\u00e3o de medicamentos.<\/p>\n<p><b>Carater\u00edsticas de desempenho:<\/b><br \/>\n- Controlador DSP de alta resolu\u00e7\u00e3o.<br \/>\n- A conce\u00e7\u00e3o de cablagem redundante garante uma liga\u00e7\u00e3o est\u00e1vel e fi\u00e1vel.<br \/>\n- Controlo de acesso: Controlo de acesso de tr\u00eas n\u00edveis.<br \/>\n- N\u00famero de contas: 7.<br \/>\n- Pista de auditoria: 128 registos x 366 dias.<br \/>\n- Ecr\u00e3 t\u00e1til a cores.<br \/>\n- Impress\u00e3o online<\/p>\n<p><b>Especifica\u00e7\u00f5es t\u00e9cnicas:<\/b><br \/>\n- Gama de medi\u00e7\u00e3o da velocidade: 10-90 rpm (predefini\u00e7\u00e3o de f\u00e1brica 25 rpm)<br \/>\n- Resolu\u00e7\u00e3o da velocidade: 0,1 rpm<br \/>\n- Precis\u00e3o da velocidade: \u00b11 rpm<br \/>\n- Gama de contagem: 1-9999 rota\u00e7\u00f5es<br \/>\n- Intervalo de medi\u00e7\u00e3o do tempo: 99 horas e 59 minutos<br \/>\n- Resolu\u00e7\u00e3o de tempo: 1 segundo<br \/>\n- Precis\u00e3o de temporiza\u00e7\u00e3o: \u00b11 segundo<\/p>\n<p><span style=\"color: #003300;\"><strong>Descarregar:<\/strong><\/span><br \/>\n<a href=\"https:\/\/www.ansenta.com\/wp-content\/uploads\/2026\/02\/AST-2000C-Friability-Tester.pdf\">Testador de friabilidade AST-2000C<\/a><\/p>","protected":false},"excerpt":{"rendered":"<p><span style=\"color: #003300;\"><strong>Marca:<\/strong><\/span>ANSENTA<br \/>\n<span style=\"color: #003300;\"><strong>Origem do produto:<\/strong><\/span>CHINA<br \/>\n<span style=\"color: #003300;\"><strong>Prazo de entrega:<\/strong><\/span>No prazo de 7 dias<br \/>\n<span style=\"color: #003300;\"><strong>Capacidade de fornecimento:<\/strong><\/span>Fornecimento direto da f\u00e1brica<br \/>\n<span style=\"color: #003300;\"><strong>Modelo:<\/strong><\/span>Testador de friabilidade AST-2000C<br \/>\n<span style=\"color: #003300;\"><strong>Introdu\u00e7\u00e3o:<\/strong><\/span><br \/>\nO verificador de friabilidade AST-2000C \u00e9 totalmente funcional e f\u00e1cil de operar, capaz de efetuar medi\u00e7\u00f5es de rota\u00e7\u00e3o fixa e cont\u00ednuas. Utiliza um controlador DSP de alta resolu\u00e7\u00e3o para uma velocidade de rota\u00e7\u00e3o mais est\u00e1vel e precisa, que \u00e9 ajust\u00e1vel. Possui uma impressora t\u00e9rmica online e um ecr\u00e3 t\u00e1til a cores de grandes dimens\u00f5es para uma visualiza\u00e7\u00e3o de dados mais intuitiva e clara. As suas especifica\u00e7\u00f5es de desempenho est\u00e3o em conformidade com os regulamentos relevantes da Farmacopeia Chinesa e da Farmacopeia dos Estados Unidos. Pode satisfazer as necessidades das principais empresas farmac\u00eauticas, institutos de testes de medicamentos e unidades de investiga\u00e7\u00e3o de medicamentos.<br \/>\n<span style=\"color: #003300;\"><strong>Descarregar:<\/strong><\/span><br \/>\n<a href=\"https:\/\/www.ansenta.com\/wp-content\/uploads\/2026\/02\/AST-2000C-Friability-Tester.pdf\">Testador de friabilidade AST-2000C<\/a><\/p>","protected":false},"featured_media":3771,"template":"","meta":{"_uag_custom_page_level_css":"","site-sidebar-layout":"default","site-content-layout":"","ast-site-content-layout":"default","site-content-style":"default","site-sidebar-style":"default","ast-global-header-display":"","ast-banner-title-visibility":"","ast-main-header-display":"","ast-hfb-above-header-display":"","ast-hfb-below-header-display":"","ast-hfb-mobile-header-display":"","site-post-title":"","ast-breadcrumbs-content":"","ast-featured-img":"","footer-sml-layout":"","ast-disable-related-posts":"","theme-transparent-header-meta":"default","adv-header-id-meta":"","stick-header-meta":"default","header-above-stick-meta":"","header-main-stick-meta":"","header-below-stick-meta":"","astra-migrate-meta-layouts":"set","ast-page-background-enabled":"default","ast-page-background-meta":{"desktop":{"background-color":"var(--ast-global-color-4)","background-image":"","background-repeat":"repeat","background-position":"center center","background-size":"auto","background-attachment":"scroll","background-type":"","background-media":"","overlay-type":"","overlay-color":"","overlay-opacity":"","overlay-gradient":""},"tablet":{"background-color":"","background-image":"","background-repeat":"repeat","background-position":"center center","background-size":"auto","background-attachment":"scroll","background-type":"","background-media":"","overlay-type":"","overlay-color":"","overlay-opacity":"","overlay-gradient":""},"mobile":{"background-color":"","background-image":"","background-repeat":"repeat","background-position":"center center","background-size":"auto","background-attachment":"scroll","background-type":"","background-media":"","overlay-type":"","overlay-color":"","overlay-opacity":"","overlay-gradient":""}},"ast-content-background-meta":{"desktop":{"background-color":"var(--ast-global-color-5)","background-image":"","background-repeat":"repeat","background-position":"center center","background-size":"auto","background-attachment":"scroll","background-type":"","background-media":"","overlay-type":"","overlay-color":"","overlay-opacity":"","overlay-gradient":""},"tablet":{"background-color":"var(--ast-global-color-5)","background-image":"","background-repeat":"repeat","background-position":"center center","background-size":"auto","background-attachment":"scroll","background-type":"","background-media":"","overlay-type":"","overlay-color":"","overlay-opacity":"","overlay-gradient":""},"mobile":{"background-color":"var(--ast-global-color-5)","background-image":"","background-repeat":"repeat","background-position":"center center","background-size":"auto","background-attachment":"scroll","background-type":"","background-media":"","overlay-type":"","overlay-color":"","overlay-opacity":"","overlay-gradient":""}}},"product_brand":[],"product_cat":[198],"product_tag":[329,328,327],"class_list":{"0":"post-3770","1":"product","2":"type-product","3":"status-publish","4":"has-post-thumbnail","6":"product_cat-tablet-friability-tester","7":"product_tag-automatic-tablet-friability-machine","8":"product_tag-pharmaceutical-tablet-friability-tester","9":"product_tag-tablet-friability-tester","10":"desktop-align-left","11":"tablet-align-left","12":"mobile-align-left","13":"ast-col-sm-12","14":"ast-article-post","15":"ast-width-md-12","16":"ast-archive-post","17":"ast-product-gallery-layout-horizontal-slider","18":"ast-product-gallery-with-no-image","19":"ast-product-tabs-layout-horizontal","21":"first","22":"instock","23":"shipping-taxable","24":"product-type-simple"},"uagb_featured_image_src":{"full":["https:\/\/www.ansenta.com\/wp-content\/uploads\/2026\/02\/AST-2000C-Friability-Tester.jpg",960,960,false],"thumbnail":["https:\/\/www.ansenta.com\/wp-content\/uploads\/2026\/02\/AST-2000C-Friability-Tester-150x150.jpg",150,150,true],"medium":["https:\/\/www.ansenta.com\/wp-content\/uploads\/2026\/02\/AST-2000C-Friability-Tester-300x300.jpg",300,300,true],"medium_large":["https:\/\/www.ansenta.com\/wp-content\/uploads\/2026\/02\/AST-2000C-Friability-Tester-768x768.jpg",768,768,true],"large":["https:\/\/www.ansenta.com\/wp-content\/uploads\/2026\/02\/AST-2000C-Friability-Tester.jpg",960,960,false],"1536x1536":["https:\/\/www.ansenta.com\/wp-content\/uploads\/2026\/02\/AST-2000C-Friability-Tester.jpg",960,960,false],"2048x2048":["https:\/\/www.ansenta.com\/wp-content\/uploads\/2026\/02\/AST-2000C-Friability-Tester.jpg",960,960,false],"trp-custom-language-flag":["https:\/\/www.ansenta.com\/wp-content\/uploads\/2026\/02\/AST-2000C-Friability-Tester-12x12.jpg",12,12,true],"mailpoet_newsletter_max":["https:\/\/www.ansenta.com\/wp-content\/uploads\/2026\/02\/AST-2000C-Friability-Tester.jpg",960,960,false],"woocommerce_thumbnail":["https:\/\/www.ansenta.com\/wp-content\/uploads\/2026\/02\/AST-2000C-Friability-Tester-600x600.jpg",600,600,true],"woocommerce_single":["https:\/\/www.ansenta.com\/wp-content\/uploads\/2026\/02\/AST-2000C-Friability-Tester-600x600.jpg",600,600,true],"woocommerce_gallery_thumbnail":["https:\/\/www.ansenta.com\/wp-content\/uploads\/2026\/02\/AST-2000C-Friability-Tester-100x100.jpg",100,100,true]},"uagb_author_info":{"display_name":"jinxing6611@gmail.com","author_link":"https:\/\/www.ansenta.com\/pt\/author\/"},"uagb_comment_info":0,"uagb_excerpt":"Brand:ANSENTA Product Origin:CHINA Delivery time:Within 7 days Supply capacity:Factory Direct Supply Model:AST-2000C Friability Tester Introduction: The AST-2000C Friability Tester is fully functional and easy to operate, capable of both fixed-rotation and continuous measurement. It employs a DSP high-resolution driver for more stable and accurate rotation speed, which is adjustable. It features an online thermal printer&hellip;","jetpack_sharing_enabled":true,"_links":{"self":[{"href":"https:\/\/www.ansenta.com\/pt\/wp-json\/wp\/v2\/product\/3770","targetHints":{"allow":["GET"]}}],"collection":[{"href":"https:\/\/www.ansenta.com\/pt\/wp-json\/wp\/v2\/product"}],"about":[{"href":"https:\/\/www.ansenta.com\/pt\/wp-json\/wp\/v2\/types\/product"}],"wp:featuredmedia":[{"embeddable":true,"href":"https:\/\/www.ansenta.com\/pt\/wp-json\/wp\/v2\/media\/3771"}],"wp:attachment":[{"href":"https:\/\/www.ansenta.com\/pt\/wp-json\/wp\/v2\/media?parent=3770"}],"wp:term":[{"taxonomy":"product_brand","embeddable":true,"href":"https:\/\/www.ansenta.com\/pt\/wp-json\/wp\/v2\/product_brand?post=3770"},{"taxonomy":"product_cat","embeddable":true,"href":"https:\/\/www.ansenta.com\/pt\/wp-json\/wp\/v2\/product_cat?post=3770"},{"taxonomy":"product_tag","embeddable":true,"href":"https:\/\/www.ansenta.com\/pt\/wp-json\/wp\/v2\/product_tag?post=3770"}],"curies":[{"name":"wp","href":"https:\/\/api.w.org\/{rel}","templated":true}]}}