{"id":3749,"date":"2026-02-06T16:37:29","date_gmt":"2026-02-06T16:37:29","guid":{"rendered":"https:\/\/www.ansenta.com\/?post_type=product&#038;p=3749"},"modified":"2026-02-06T16:37:29","modified_gmt":"2026-02-06T16:37:29","slug":"ast-cd-600s-online-total-organic-carbon-analyzer","status":"publish","type":"product","link":"https:\/\/www.ansenta.com\/pt\/produto\/ast-cd-600s-online-total-organic-carbon-analyzer\/","title":{"rendered":"Analisador online de carbono org\u00e2nico total AST-CD-600S"},"content":{"rendered":"<p><strong>Introdu\u00e7\u00e3o ao produto<\/strong><br \/>\nThe AST-CD-600S Total Organic Carbon Analyzer is an analytical instrument independently developed and manufactured by JINAN ANSENTA MEDICAL EQUIPMENT CO., LTD for determining the total organic carbon concentration in water samples. It can detect water samples with TOC concentrations ranging from 0. 1\u00b5g\/L to 1500.0\u00b5g\/L, and features high sensitivity, accuracy, and excellent stability.<\/p>\n<p><strong>Working Principle<\/strong><br \/>\nThe AST-CD-600S Total Organic Carbon Analyzer uses a UV lamp to oxidize a slowly flowing water sample. The TOC value of the water sample is obtained by measuring the change in conductivity before and after oxidation.<br \/>\nThe water sample enters a Teflon tube under the action of a peristaltic pump, passing sequentially through the first electrode, a quartz spiral tube, and the second electrode, and is finally discharged through the waste pipe.<br \/>\nDuring detection, the conductivity values of two sensors are collected simultaneously, resulting in G1 and G2. Organic matter in the water sample produces CO2 under the action of dual UV lamps, increasing conductivity. The difference (G2-G1) is used to determine the corresponding total organic carbon.<\/p>\n<p><span style=\"color: #003300;\"><strong>Descarregar:<\/strong><\/span><br \/>\n<a href=\"https:\/\/www.ansenta.com\/wp-content\/uploads\/2026\/02\/AST-CD-600S-Online-Total-Organic-Carbon-Analyzer.pdf\">Analisador online de carbono org\u00e2nico total AST-CD-600S<\/a><\/p>","protected":false},"excerpt":{"rendered":"<p><span style=\"color: #003300;\"><strong>Marca:<\/strong><\/span>ANSENTA<br \/>\n<span style=\"color: #003300;\"><strong>Origem do produto:<\/strong><\/span>CHINA<br \/>\n<span style=\"color: #003300;\"><strong>Prazo de entrega:<\/strong><\/span>No prazo de 7 dias<br \/>\n<span style=\"color: #003300;\"><strong>Capacidade de fornecimento:<\/strong><\/span>Fornecimento direto da f\u00e1brica<br \/>\n<span style=\"color: #003300;\"><strong>Modelo:<\/strong><\/span>Analisador online de carbono org\u00e2nico total AST-CD-600S<br \/>\n<span style=\"color: #003300;\"><strong>Introdu\u00e7\u00e3o:<\/strong><\/span><br \/>\nThe AST-CD-600S Total Organic Carbon Analyzer is an analytical instrument independently developed and manufactured by JINAN ANSENTA MEDICAL EQUIPMENT CO., LTD for determining the total organic carbon concentration in water samples. It can detect water samples with TOC concentrations ranging from 0. 1\u00b5g\/L to 1500.0\u00b5g\/L, and features high sensitivity, accuracy, and excellent stability.<br \/>\n<span style=\"color: #003300;\"><strong>Descarregar:<\/strong><\/span><br \/>\n<a href=\"https:\/\/www.ansenta.com\/wp-content\/uploads\/2026\/02\/AST-CD-600S-Online-Total-Organic-Carbon-Analyzer.pdf\">Analisador online de carbono org\u00e2nico total AST-CD-600S<\/a><\/p>","protected":false},"featured_media":3750,"template":"","meta":{"_uag_custom_page_level_css":"","site-sidebar-layout":"default","site-content-layout":"","ast-site-content-layout":"default","site-content-style":"default","site-sidebar-style":"default","ast-global-header-display":"","ast-banner-title-visibility":"","ast-main-header-display":"","ast-hfb-above-header-display":"","ast-hfb-below-header-display":"","ast-hfb-mobile-header-display":"","site-post-title":"","ast-breadcrumbs-content":"","ast-featured-img":"","footer-sml-layout":"","ast-disable-related-posts":"","theme-transparent-header-meta":"default","adv-header-id-meta":"","stick-header-meta":"default","header-above-stick-meta":"","header-main-stick-meta":"","header-below-stick-meta":"","astra-migrate-meta-layouts":"set","ast-page-background-enabled":"default","ast-page-background-meta":{"desktop":{"background-color":"var(--ast-global-color-4)","background-image":"","background-repeat":"repeat","background-position":"center center","background-size":"auto","background-attachment":"scroll","background-type":"","background-media":"","overlay-type":"","overlay-color":"","overlay-opacity":"","overlay-gradient":""},"tablet":{"background-color":"","background-image":"","background-repeat":"repeat","background-position":"center center","background-size":"auto","background-attachment":"scroll","background-type":"","background-media":"","overlay-type":"","overlay-color":"","overlay-opacity":"","overlay-gradient":""},"mobile":{"background-color":"","background-image":"","background-repeat":"repeat","background-position":"center center","background-size":"auto","background-attachment":"scroll","background-type":"","background-media":"","overlay-type":"","overlay-color":"","overlay-opacity":"","overlay-gradient":""}},"ast-content-background-meta":{"desktop":{"background-color":"var(--ast-global-color-5)","background-image":"","background-repeat":"repeat","background-position":"center center","background-size":"auto","background-attachment":"scroll","background-type":"","background-media":"","overlay-type":"","overlay-color":"","overlay-opacity":"","overlay-gradient":""},"tablet":{"background-color":"var(--ast-global-color-5)","background-image":"","background-repeat":"repeat","background-position":"center center","background-size":"auto","background-attachment":"scroll","background-type":"","background-media":"","overlay-type":"","overlay-color":"","overlay-opacity":"","overlay-gradient":""},"mobile":{"background-color":"var(--ast-global-color-5)","background-image":"","background-repeat":"repeat","background-position":"center center","background-size":"auto","background-attachment":"scroll","background-type":"","background-media":"","overlay-type":"","overlay-color":"","overlay-opacity":"","overlay-gradient":""}}},"product_brand":[],"product_cat":[90],"product_tag":[],"class_list":{"0":"post-3749","1":"product","2":"type-product","3":"status-publish","4":"has-post-thumbnail","6":"product_cat-new-products","7":"desktop-align-left","8":"tablet-align-left","9":"mobile-align-left","10":"ast-col-sm-12","11":"ast-article-post","12":"ast-width-md-12","13":"ast-archive-post","14":"ast-product-gallery-layout-horizontal-slider","15":"ast-product-gallery-with-no-image","16":"ast-product-tabs-layout-horizontal","18":"first","19":"instock","20":"shipping-taxable","21":"product-type-simple"},"uagb_featured_image_src":{"full":["https:\/\/www.ansenta.com\/wp-content\/uploads\/2026\/02\/AST-800S-Total-Organic-Carbon-Analyzer-1.jpg",400,400,false],"thumbnail":["https:\/\/www.ansenta.com\/wp-content\/uploads\/2026\/02\/AST-800S-Total-Organic-Carbon-Analyzer-1-150x150.jpg",150,150,true],"medium":["https:\/\/www.ansenta.com\/wp-content\/uploads\/2026\/02\/AST-800S-Total-Organic-Carbon-Analyzer-1-300x300.jpg",300,300,true],"medium_large":["https:\/\/www.ansenta.com\/wp-content\/uploads\/2026\/02\/AST-800S-Total-Organic-Carbon-Analyzer-1.jpg",400,400,false],"large":["https:\/\/www.ansenta.com\/wp-content\/uploads\/2026\/02\/AST-800S-Total-Organic-Carbon-Analyzer-1.jpg",400,400,false],"1536x1536":["https:\/\/www.ansenta.com\/wp-content\/uploads\/2026\/02\/AST-800S-Total-Organic-Carbon-Analyzer-1.jpg",400,400,false],"2048x2048":["https:\/\/www.ansenta.com\/wp-content\/uploads\/2026\/02\/AST-800S-Total-Organic-Carbon-Analyzer-1.jpg",400,400,false],"trp-custom-language-flag":["https:\/\/www.ansenta.com\/wp-content\/uploads\/2026\/02\/AST-800S-Total-Organic-Carbon-Analyzer-1-12x12.jpg",12,12,true],"mailpoet_newsletter_max":["https:\/\/www.ansenta.com\/wp-content\/uploads\/2026\/02\/AST-800S-Total-Organic-Carbon-Analyzer-1.jpg",400,400,false],"woocommerce_thumbnail":["https:\/\/www.ansenta.com\/wp-content\/uploads\/2026\/02\/AST-800S-Total-Organic-Carbon-Analyzer-1.jpg",400,400,false],"woocommerce_single":["https:\/\/www.ansenta.com\/wp-content\/uploads\/2026\/02\/AST-800S-Total-Organic-Carbon-Analyzer-1.jpg",400,400,false],"woocommerce_gallery_thumbnail":["https:\/\/www.ansenta.com\/wp-content\/uploads\/2026\/02\/AST-800S-Total-Organic-Carbon-Analyzer-1-100x100.jpg",100,100,true]},"uagb_author_info":{"display_name":"jinxing6611@gmail.com","author_link":"https:\/\/www.ansenta.com\/pt\/author\/"},"uagb_comment_info":0,"uagb_excerpt":"Brand:ANSENTA Product Origin:CHINA Delivery time:Within 7 days Supply capacity:Factory Direct Supply Model:AST-CD-600S Online Total Organic Carbon Analyzer Introduction: The AST-CD-600S Total Organic Carbon Analyzer is an analytical instrument independently developed and manufactured by JINAN ANSENTA MEDICAL EQUIPMENT CO., LTD for determining the total organic carbon concentration in water samples. It can detect water samples with&hellip;","jetpack_sharing_enabled":true,"_links":{"self":[{"href":"https:\/\/www.ansenta.com\/pt\/wp-json\/wp\/v2\/product\/3749","targetHints":{"allow":["GET"]}}],"collection":[{"href":"https:\/\/www.ansenta.com\/pt\/wp-json\/wp\/v2\/product"}],"about":[{"href":"https:\/\/www.ansenta.com\/pt\/wp-json\/wp\/v2\/types\/product"}],"wp:featuredmedia":[{"embeddable":true,"href":"https:\/\/www.ansenta.com\/pt\/wp-json\/wp\/v2\/media\/3750"}],"wp:attachment":[{"href":"https:\/\/www.ansenta.com\/pt\/wp-json\/wp\/v2\/media?parent=3749"}],"wp:term":[{"taxonomy":"product_brand","embeddable":true,"href":"https:\/\/www.ansenta.com\/pt\/wp-json\/wp\/v2\/product_brand?post=3749"},{"taxonomy":"product_cat","embeddable":true,"href":"https:\/\/www.ansenta.com\/pt\/wp-json\/wp\/v2\/product_cat?post=3749"},{"taxonomy":"product_tag","embeddable":true,"href":"https:\/\/www.ansenta.com\/pt\/wp-json\/wp\/v2\/product_tag?post=3749"}],"curies":[{"name":"wp","href":"https:\/\/api.w.org\/{rel}","templated":true}]}}