{"id":3733,"date":"2026-02-06T15:11:03","date_gmt":"2026-02-06T15:11:03","guid":{"rendered":"https:\/\/www.ansenta.com\/?post_type=product&#038;p=3733"},"modified":"2026-02-06T15:57:44","modified_gmt":"2026-02-06T15:57:44","slug":"blast-drying-oven","status":"publish","type":"product","link":"https:\/\/www.ansenta.com\/pt\/produto\/blast-drying-oven\/","title":{"rendered":"Forno de secagem a jato"},"content":{"rendered":"<p><strong><b> \u00c2mbito de aplica\u00e7\u00e3o<\/b><\/strong><br \/>\nO forno de secagem a jato \u00e9 adequado para secagem, cozedura, fus\u00e3o de cera e esteriliza\u00e7\u00e3o em empresas industriais e mineiras, laborat\u00f3rios e institui\u00e7\u00f5es de investiga\u00e7\u00e3o. Esta s\u00e9rie de fornos de secagem a jato \u00e9 composta por um corpo de arm\u00e1rio, um sistema de controlo de temperatura e um sistema de circula\u00e7\u00e3o de ar. O revestimento exterior do arm\u00e1rio \u00e9 feito de chapa de a\u00e7o de alta qualidade por estampagem, com um acabamento de pulveriza\u00e7\u00e3o eletrost\u00e1tica na superf\u00edcie, o revestimento interior \u00e9 feito de a\u00e7o inoxid\u00e1vel com acabamento espelhado, e a camada de isolamento \u00e9 feita de algod\u00e3o de silicato de alta qualidade. Um anel de veda\u00e7\u00e3o de borracha de silicone resistente a altas temperaturas \u00e9 instalado na jun\u00e7\u00e3o entre a c\u00e2mara de trabalho e a porta do forno.<\/p>\n<p><strong><b> Principais par\u00e2metros t\u00e9cnicos<\/b><\/strong><\/p>\n<p><img fetchpriority=\"high\" decoding=\"async\" class=\"alignnone size-full wp-image-3736\" src=\"https:\/\/www.ansenta.com\/wp-content\/uploads\/2026\/02\/Blast-Drying-Oven-3.jpg\" alt=\"\" width=\"1200\" height=\"1159\" srcset=\"https:\/\/www.ansenta.com\/wp-content\/uploads\/2026\/02\/Blast-Drying-Oven-3.jpg 1200w, https:\/\/www.ansenta.com\/wp-content\/uploads\/2026\/02\/Blast-Drying-Oven-3-300x290.jpg 300w, https:\/\/www.ansenta.com\/wp-content\/uploads\/2026\/02\/Blast-Drying-Oven-3-1024x989.jpg 1024w, https:\/\/www.ansenta.com\/wp-content\/uploads\/2026\/02\/Blast-Drying-Oven-3-768x742.jpg 768w, https:\/\/www.ansenta.com\/wp-content\/uploads\/2026\/02\/Blast-Drying-Oven-3-12x12.jpg 12w, https:\/\/www.ansenta.com\/wp-content\/uploads\/2026\/02\/Blast-Drying-Oven-3-600x580.jpg 600w\" sizes=\"(max-width: 1200px) 100vw, 1200px\" \/><\/p>\n<p><strong><b>Carater\u00edsticas do produto<\/b><\/strong><\/p>\n<p>1. o interior do arm\u00e1rio \u00e9 feito de chapa galvanizada, e o exterior \u00e9 feito de chapa de a\u00e7o de alta qualidade, apresentando um design atrativo e moderno.<br \/>\n2. equipado com um controlador de temperatura P.I.D. de microcomputador com prote\u00e7\u00e3o contra desvio de temperatura excessiva e visor digital, bem como uma fun\u00e7\u00e3o de temporiza\u00e7\u00e3o, garantindo um controlo de temperatura preciso e fi\u00e1vel.<br \/>\n3. o sistema de circula\u00e7\u00e3o de ar quente \u00e9 constitu\u00eddo por um ventilador capaz de funcionar continuamente a altas temperaturas e por uma conduta de ar bem concebida, que melhora a uniformidade da temperatura na c\u00e2mara de trabalho<\/p>\n<p><span style=\"color: #003300;\"><strong>Descarregar:<\/strong><\/span><br \/>\n<a href=\"https:\/\/www.ansenta.com\/wp-content\/uploads\/2026\/02\/Blast-Drying-Oven.pdf\">Forno de secagem a jato<\/a><\/p>","protected":false},"excerpt":{"rendered":"<p><span style=\"color: #003300;\"><strong>Marca:<\/strong><\/span>ANSENTA<br \/>\n<span style=\"color: #003300;\"><strong>Origem do produto:<\/strong><\/span>CHINA<br \/>\n<span style=\"color: #003300;\"><strong>Prazo de entrega:<\/strong><\/span>No prazo de 7 dias<br \/>\n<span style=\"color: #003300;\"><strong>Capacidade de fornecimento:<\/strong><\/span>Fornecimento direto da f\u00e1brica<br \/>\n<span style=\"color: #003300;\"><strong>Modelo:<\/strong><\/span>Forno de secagem a jato<br \/>\n<span style=\"color: #003300;\"><strong>Descarregar:<\/strong><\/span><br \/>\n<a href=\"https:\/\/www.ansenta.com\/wp-content\/uploads\/2026\/02\/Blast-Drying-Oven.pdf\">Forno de secagem a jato<\/a><\/p>","protected":false},"featured_media":3734,"template":"","meta":{"_uag_custom_page_level_css":"","site-sidebar-layout":"default","site-content-layout":"","ast-site-content-layout":"default","site-content-style":"default","site-sidebar-style":"default","ast-global-header-display":"","ast-banner-title-visibility":"","ast-main-header-display":"","ast-hfb-above-header-display":"","ast-hfb-below-header-display":"","ast-hfb-mobile-header-display":"","site-post-title":"","ast-breadcrumbs-content":"","ast-featured-img":"","footer-sml-layout":"","ast-disable-related-posts":"","theme-transparent-header-meta":"default","adv-header-id-meta":"","stick-header-meta":"default","header-above-stick-meta":"","header-main-stick-meta":"","header-below-stick-meta":"","astra-migrate-meta-layouts":"set","ast-page-background-enabled":"default","ast-page-background-meta":{"desktop":{"background-color":"var(--ast-global-color-4)","background-image":"","background-repeat":"repeat","background-position":"center center","background-size":"auto","background-attachment":"scroll","background-type":"","background-media":"","overlay-type":"","overlay-color":"","overlay-opacity":"","overlay-gradient":""},"tablet":{"background-color":"","background-image":"","background-repeat":"repeat","background-position":"center center","background-size":"auto","background-attachment":"scroll","background-type":"","background-media":"","overlay-type":"","overlay-color":"","overlay-opacity":"","overlay-gradient":""},"mobile":{"background-color":"","background-image":"","background-repeat":"repeat","background-position":"center center","background-size":"auto","background-attachment":"scroll","background-type":"","background-media":"","overlay-type":"","overlay-color":"","overlay-opacity":"","overlay-gradient":""}},"ast-content-background-meta":{"desktop":{"background-color":"var(--ast-global-color-5)","background-image":"","background-repeat":"repeat","background-position":"center center","background-size":"auto","background-attachment":"scroll","background-type":"","background-media":"","overlay-type":"","overlay-color":"","overlay-opacity":"","overlay-gradient":""},"tablet":{"background-color":"var(--ast-global-color-5)","background-image":"","background-repeat":"repeat","background-position":"center center","background-size":"auto","background-attachment":"scroll","background-type":"","background-media":"","overlay-type":"","overlay-color":"","overlay-opacity":"","overlay-gradient":""},"mobile":{"background-color":"var(--ast-global-color-5)","background-image":"","background-repeat":"repeat","background-position":"center center","background-size":"auto","background-attachment":"scroll","background-type":"","background-media":"","overlay-type":"","overlay-color":"","overlay-opacity":"","overlay-gradient":""}}},"product_brand":[],"product_cat":[143],"product_tag":[309,310,312,311],"class_list":{"0":"post-3733","1":"product","2":"type-product","3":"status-publish","4":"has-post-thumbnail","6":"product_cat-high-temperature-drying-oven","7":"product_tag-blast-drying-oven","8":"product_tag-constant-temperature-drying-oven","9":"product_tag-forced-air-drying-oven","10":"product_tag-laboratory-drying-oven","11":"desktop-align-left","12":"tablet-align-left","13":"mobile-align-left","14":"ast-col-sm-12","15":"ast-article-post","16":"ast-width-md-12","17":"ast-archive-post","18":"ast-product-gallery-layout-horizontal-slider","19":"ast-product-gallery-with-no-image","20":"ast-product-tabs-layout-horizontal","22":"first","23":"instock","24":"shipping-taxable","25":"product-type-simple"},"uagb_featured_image_src":{"full":["https:\/\/www.ansenta.com\/wp-content\/uploads\/2026\/02\/Blast-Drying-Oven.jpg",1200,1200,false],"thumbnail":["https:\/\/www.ansenta.com\/wp-content\/uploads\/2026\/02\/Blast-Drying-Oven-150x150.jpg",150,150,true],"medium":["https:\/\/www.ansenta.com\/wp-content\/uploads\/2026\/02\/Blast-Drying-Oven-300x300.jpg",300,300,true],"medium_large":["https:\/\/www.ansenta.com\/wp-content\/uploads\/2026\/02\/Blast-Drying-Oven-768x768.jpg",768,768,true],"large":["https:\/\/www.ansenta.com\/wp-content\/uploads\/2026\/02\/Blast-Drying-Oven-1024x1024.jpg",1024,1024,true],"1536x1536":["https:\/\/www.ansenta.com\/wp-content\/uploads\/2026\/02\/Blast-Drying-Oven.jpg",1200,1200,false],"2048x2048":["https:\/\/www.ansenta.com\/wp-content\/uploads\/2026\/02\/Blast-Drying-Oven.jpg",1200,1200,false],"trp-custom-language-flag":["https:\/\/www.ansenta.com\/wp-content\/uploads\/2026\/02\/Blast-Drying-Oven-12x12.jpg",12,12,true],"mailpoet_newsletter_max":["https:\/\/www.ansenta.com\/wp-content\/uploads\/2026\/02\/Blast-Drying-Oven.jpg",1200,1200,false],"woocommerce_thumbnail":["https:\/\/www.ansenta.com\/wp-content\/uploads\/2026\/02\/Blast-Drying-Oven-600x600.jpg",600,600,true],"woocommerce_single":["https:\/\/www.ansenta.com\/wp-content\/uploads\/2026\/02\/Blast-Drying-Oven-600x600.jpg",600,600,true],"woocommerce_gallery_thumbnail":["https:\/\/www.ansenta.com\/wp-content\/uploads\/2026\/02\/Blast-Drying-Oven-100x100.jpg",100,100,true]},"uagb_author_info":{"display_name":"jinxing6611@gmail.com","author_link":"https:\/\/www.ansenta.com\/pt\/author\/"},"uagb_comment_info":0,"uagb_excerpt":"Brand:ANSENTA Product Origin:CHINA Delivery time:Within 7 days Supply capacity:Factory Direct Supply Model:Blast Drying Oven Download: Blast Drying Oven","jetpack_sharing_enabled":true,"_links":{"self":[{"href":"https:\/\/www.ansenta.com\/pt\/wp-json\/wp\/v2\/product\/3733","targetHints":{"allow":["GET"]}}],"collection":[{"href":"https:\/\/www.ansenta.com\/pt\/wp-json\/wp\/v2\/product"}],"about":[{"href":"https:\/\/www.ansenta.com\/pt\/wp-json\/wp\/v2\/types\/product"}],"wp:featuredmedia":[{"embeddable":true,"href":"https:\/\/www.ansenta.com\/pt\/wp-json\/wp\/v2\/media\/3734"}],"wp:attachment":[{"href":"https:\/\/www.ansenta.com\/pt\/wp-json\/wp\/v2\/media?parent=3733"}],"wp:term":[{"taxonomy":"product_brand","embeddable":true,"href":"https:\/\/www.ansenta.com\/pt\/wp-json\/wp\/v2\/product_brand?post=3733"},{"taxonomy":"product_cat","embeddable":true,"href":"https:\/\/www.ansenta.com\/pt\/wp-json\/wp\/v2\/product_cat?post=3733"},{"taxonomy":"product_tag","embeddable":true,"href":"https:\/\/www.ansenta.com\/pt\/wp-json\/wp\/v2\/product_tag?post=3733"}],"curies":[{"name":"wp","href":"https:\/\/api.w.org\/{rel}","templated":true}]}}