{"id":3699,"date":"2026-01-31T05:49:46","date_gmt":"2026-01-31T05:49:46","guid":{"rendered":"https:\/\/www.ansenta.com\/?post_type=product&#038;p=3699"},"modified":"2026-01-31T05:49:46","modified_gmt":"2026-01-31T05:49:46","slug":"ast-electrolyte-yl","status":"publish","type":"product","link":"https:\/\/www.ansenta.com\/pt\/produto\/ast-electrolyte-yl\/","title":{"rendered":"AST Eletr\u00f3lito YL"},"content":{"rendered":"<p><strong>Funcionalidades avan\u00e7adas<\/strong><br \/>\n- Ensaio simult\u00e2neo de K+ , Na+ , Cl- , iCa2+ e iMg2+\uff0e<br \/>\n- Teste de Magn\u00e9sio Ionizado (iMg2+ ).<br \/>\n- Tecnologia eletroqu\u00edmica seca com um design patenteado de estrutura de pellets .<br \/>\n- Sondas moleculares e algoritmos exclusivos .<\/p>\n<p><strong>Efici\u00eancia e precis\u00e3o<\/strong><br \/>\n- Calibra\u00e7\u00e3o e teste r\u00e1pidos em menos de 5 minutos .<br \/>\n- Solu\u00e7\u00e3o de calibra\u00e7\u00e3o incorporada .<\/p>\n<p><b>Experi\u00eancia de f\u00e1cil utiliza\u00e7\u00e3o<\/b><br \/>\n- An\u00e1lise de sangue total para resultados imediatos .<br \/>\n- Volume m\u00ednimo de amostra exigido ( 100 \u03bcL) .<br \/>\n- Sem vias de circula\u00e7\u00e3o de fluidos para um funcionamento sem problemas e uma manuten\u00e7\u00e3o m\u00ednima. .<br \/>\n- Cartuchos de teste armazenados \u00e0 temperatura ambiente (at\u00e9 8 meses) .<\/p>\n<p><b>Portabilidade e armazenamento de dados<\/b><br \/>\n- Design compacto e port\u00e1til para utiliza\u00e7\u00e3o em movimento .<br \/>\n- Mais de 50 testes consecutivos numa \u00fanica carga com a bateria de l\u00edtio incorporada .<br \/>\n- Leitor de c\u00f3digos de barras e impressora t\u00e9rmica incorporados .<br \/>\n- Armazena mais de 99.999 registos .<br \/>\n- Liga\u00e7\u00e3o ao LIS\/ HIS.<br \/>\n<span style=\"color: #003300;\"><strong>Descarregar:<\/strong><\/span><br \/>\n<a href=\"https:\/\/www.ansenta.com\/wp-content\/uploads\/2026\/01\/AST-Electrolyte-YL.pdf\">AST-Electrolyte-YL<\/a><\/p>","protected":false},"excerpt":{"rendered":"<p><span style=\"color: #003300;\"><strong>Marca:<\/strong><\/span>ANSENTA<br \/>\n<span style=\"color: #003300;\"><strong>Origem do produto:<\/strong><\/span>CHINA<br \/>\n<span style=\"color: #003300;\"><strong>Prazo de entrega:<\/strong><\/span>No prazo de 7 dias<br \/>\n<span style=\"color: #003300;\"><strong>Capacidade de fornecimento:<\/strong><\/span>Fornecimento direto da f\u00e1brica<br \/>\n<span style=\"color: #003300;\"><strong>Modelo:<\/strong><\/span>AST Eletr\u00f3lito YL<br \/>\n<span style=\"color: #003300;\"><strong>Introdu\u00e7\u00e3o:<\/strong><\/span><br \/>\nA precis\u00e3o do Ansenta Electrolyte Analyzer foi validada por uma an\u00e1lise de regress\u00e3o linear que mostra uma forte rela\u00e7\u00e3o positiva e linear entre os dois analisadores (R2 &gt; 0,94 para todos os par\u00e2metros), demonstrando a precis\u00e3o do nosso analisador para medi\u00e7\u00f5es de K+ , Na+ , Cl- , iCa2+ e iMg2+ .<br \/>\n<span style=\"color: #003300;\"><strong>Descarregar:<\/strong><\/span><br \/>\n<a href=\"https:\/\/www.ansenta.com\/wp-content\/uploads\/2026\/01\/AST-Electrolyte-YL.pdf\">AST-Electrolyte-YL<\/a><\/p>","protected":false},"featured_media":3700,"template":"","meta":{"_uag_custom_page_level_css":"","site-sidebar-layout":"default","site-content-layout":"","ast-site-content-layout":"default","site-content-style":"default","site-sidebar-style":"default","ast-global-header-display":"","ast-banner-title-visibility":"","ast-main-header-display":"","ast-hfb-above-header-display":"","ast-hfb-below-header-display":"","ast-hfb-mobile-header-display":"","site-post-title":"","ast-breadcrumbs-content":"","ast-featured-img":"","footer-sml-layout":"","ast-disable-related-posts":"","theme-transparent-header-meta":"default","adv-header-id-meta":"","stick-header-meta":"default","header-above-stick-meta":"","header-main-stick-meta":"","header-below-stick-meta":"","astra-migrate-meta-layouts":"set","ast-page-background-enabled":"default","ast-page-background-meta":{"desktop":{"background-color":"var(--ast-global-color-4)","background-image":"","background-repeat":"repeat","background-position":"center center","background-size":"auto","background-attachment":"scroll","background-type":"","background-media":"","overlay-type":"","overlay-color":"","overlay-opacity":"","overlay-gradient":""},"tablet":{"background-color":"","background-image":"","background-repeat":"repeat","background-position":"center center","background-size":"auto","background-attachment":"scroll","background-type":"","background-media":"","overlay-type":"","overlay-color":"","overlay-opacity":"","overlay-gradient":""},"mobile":{"background-color":"","background-image":"","background-repeat":"repeat","background-position":"center center","background-size":"auto","background-attachment":"scroll","background-type":"","background-media":"","overlay-type":"","overlay-color":"","overlay-opacity":"","overlay-gradient":""}},"ast-content-background-meta":{"desktop":{"background-color":"var(--ast-global-color-5)","background-image":"","background-repeat":"repeat","background-position":"center center","background-size":"auto","background-attachment":"scroll","background-type":"","background-media":"","overlay-type":"","overlay-color":"","overlay-opacity":"","overlay-gradient":""},"tablet":{"background-color":"var(--ast-global-color-5)","background-image":"","background-repeat":"repeat","background-position":"center center","background-size":"auto","background-attachment":"scroll","background-type":"","background-media":"","overlay-type":"","overlay-color":"","overlay-opacity":"","overlay-gradient":""},"mobile":{"background-color":"var(--ast-global-color-5)","background-image":"","background-repeat":"repeat","background-position":"center center","background-size":"auto","background-attachment":"scroll","background-type":"","background-media":"","overlay-type":"","overlay-color":"","overlay-opacity":"","overlay-gradient":""}}},"product_brand":[],"product_cat":[51],"product_tag":[],"class_list":{"0":"post-3699","1":"product","2":"type-product","3":"status-publish","4":"has-post-thumbnail","6":"product_cat-electrolyte-analyzer","7":"desktop-align-left","8":"tablet-align-left","9":"mobile-align-left","10":"ast-col-sm-12","11":"ast-article-post","12":"ast-width-md-12","13":"ast-archive-post","14":"ast-product-gallery-layout-horizontal-slider","15":"ast-product-gallery-with-no-image","16":"ast-product-tabs-layout-horizontal","18":"first","19":"instock","20":"shipping-taxable","21":"product-type-simple"},"uagb_featured_image_src":{"full":["https:\/\/www.ansenta.com\/wp-content\/uploads\/2026\/01\/AST-Electrolyte-YL.jpg",1200,1200,false],"thumbnail":["https:\/\/www.ansenta.com\/wp-content\/uploads\/2026\/01\/AST-Electrolyte-YL-150x150.jpg",150,150,true],"medium":["https:\/\/www.ansenta.com\/wp-content\/uploads\/2026\/01\/AST-Electrolyte-YL-300x300.jpg",300,300,true],"medium_large":["https:\/\/www.ansenta.com\/wp-content\/uploads\/2026\/01\/AST-Electrolyte-YL-768x768.jpg",768,768,true],"large":["https:\/\/www.ansenta.com\/wp-content\/uploads\/2026\/01\/AST-Electrolyte-YL-1024x1024.jpg",1024,1024,true],"1536x1536":["https:\/\/www.ansenta.com\/wp-content\/uploads\/2026\/01\/AST-Electrolyte-YL.jpg",1200,1200,false],"2048x2048":["https:\/\/www.ansenta.com\/wp-content\/uploads\/2026\/01\/AST-Electrolyte-YL.jpg",1200,1200,false],"trp-custom-language-flag":["https:\/\/www.ansenta.com\/wp-content\/uploads\/2026\/01\/AST-Electrolyte-YL-12x12.jpg",12,12,true],"mailpoet_newsletter_max":["https:\/\/www.ansenta.com\/wp-content\/uploads\/2026\/01\/AST-Electrolyte-YL.jpg",1200,1200,false],"woocommerce_thumbnail":["https:\/\/www.ansenta.com\/wp-content\/uploads\/2026\/01\/AST-Electrolyte-YL-600x600.jpg",600,600,true],"woocommerce_single":["https:\/\/www.ansenta.com\/wp-content\/uploads\/2026\/01\/AST-Electrolyte-YL-600x600.jpg",600,600,true],"woocommerce_gallery_thumbnail":["https:\/\/www.ansenta.com\/wp-content\/uploads\/2026\/01\/AST-Electrolyte-YL-100x100.jpg",100,100,true]},"uagb_author_info":{"display_name":"jinxing6611@gmail.com","author_link":"https:\/\/www.ansenta.com\/pt\/author\/"},"uagb_comment_info":0,"uagb_excerpt":"Brand:ANSENTA Product Origin:CHINA Delivery time:Within 7 days Supply capacity:Factory Direct Supply Model:AST Electrolyte YL Introduction: The accuracy of Ansenta Electrolyte Analyzer has been validated by linear regression analysis showing a strong positive , linear relationship between two analyzers (R2 > 0.94 for all parameters) , demonstrating the accuracy of our analyzer for K+ , Na+&hellip;","jetpack_sharing_enabled":true,"_links":{"self":[{"href":"https:\/\/www.ansenta.com\/pt\/wp-json\/wp\/v2\/product\/3699","targetHints":{"allow":["GET"]}}],"collection":[{"href":"https:\/\/www.ansenta.com\/pt\/wp-json\/wp\/v2\/product"}],"about":[{"href":"https:\/\/www.ansenta.com\/pt\/wp-json\/wp\/v2\/types\/product"}],"wp:featuredmedia":[{"embeddable":true,"href":"https:\/\/www.ansenta.com\/pt\/wp-json\/wp\/v2\/media\/3700"}],"wp:attachment":[{"href":"https:\/\/www.ansenta.com\/pt\/wp-json\/wp\/v2\/media?parent=3699"}],"wp:term":[{"taxonomy":"product_brand","embeddable":true,"href":"https:\/\/www.ansenta.com\/pt\/wp-json\/wp\/v2\/product_brand?post=3699"},{"taxonomy":"product_cat","embeddable":true,"href":"https:\/\/www.ansenta.com\/pt\/wp-json\/wp\/v2\/product_cat?post=3699"},{"taxonomy":"product_tag","embeddable":true,"href":"https:\/\/www.ansenta.com\/pt\/wp-json\/wp\/v2\/product_tag?post=3699"}],"curies":[{"name":"wp","href":"https:\/\/api.w.org\/{rel}","templated":true}]}}