{"id":3696,"date":"2026-01-31T05:39:54","date_gmt":"2026-01-31T05:39:54","guid":{"rendered":"https:\/\/www.ansenta.com\/?post_type=product&#038;p=3696"},"modified":"2026-01-31T05:40:59","modified_gmt":"2026-01-31T05:40:59","slug":"ast-dry-electrolyte-analyzer-2","status":"publish","type":"product","link":"https:\/\/www.ansenta.com\/pt\/produto\/ast-dry-electrolyte-analyzer-2\/","title":{"rendered":"Analisador de electr\u00f3litos AST-Dry"},"content":{"rendered":"<p><strong>Dry electrolyte analyzer<\/strong><br \/>\nR\u00e1pido: M\u00e9todo de qu\u00edmica seca, cada teste demora pouco mais de um minuto.<br \/>\n\u25c6 Maintenance-free: The instrument has no liquid path and can be turned on and off at any time; no dedicated maintenance is required.<br \/>\nOpera\u00e7\u00e3o simples: Apenas uma adi\u00e7\u00e3o de amostra \u00e9 necess\u00e1ria para completar o teste de tr\u00eas itens.<br \/>\n\u25c6 Stable and reliable performance: The uniquely designed constant temperature incubator can accurately measure the concentration of K+, Na+, and Cl\u207b in blood.<br \/>\nSem contamina\u00e7\u00e3o port\u00e1til: O m\u00e9todo de qu\u00edmica seca utiliza tiras de reagente descart\u00e1veis.<br \/>\nLeve e port\u00e1til: O instrumento mede 295\u00d7215X120mm e pesa apenas 2,2kg.<br \/>\n<strong>I. Detection Performance<\/strong><\/p>\n<table>\n<tbody>\n<tr>\n<td rowspan=\"2\">par\u00e2metro<\/td>\n<td rowspan=\"2\">Accuracy(deviation)<\/td>\n<td rowspan=\"2\">Precision(CV)<\/td>\n<td colspan=\"3\">linear<\/td>\n<td rowspan=\"2\">Stability (R)<\/td>\n<\/tr>\n<tr>\n<td>Intervalo (mmol\/L)<\/td>\n<td>Preconceito<\/td>\n<td>Correlationcoefficient (r)<\/td>\n<\/tr>\n<tr>\n<td>K+<\/td>\n<td>N\u00e3o superior a \u00b13%<\/td>\n<td>\u22641.5%<\/td>\n<td>1.5~7.5<\/td>\n<td>\u22643.0%<\/td>\n<td>\u22650.995<\/td>\n<td>\u22642.0%<\/td>\n<\/tr>\n<tr>\n<td>Na+<\/td>\n<td>N\u00e3o superior a \u00b13%<\/td>\n<td>\u22641.5%<\/td>\n<td>100.0~180.0<\/td>\n<td>\u22643.0%<\/td>\n<td>\u22650.995<\/td>\n<td>\u22642.0%<\/td>\n<\/tr>\n<tr>\n<td>CI-<\/td>\n<td>N\u00e3o superior a \u00b13%<\/td>\n<td>\u22641.5%<\/td>\n<td>80.0~160.0<\/td>\n<td>\u22643.0%<\/td>\n<td>\u22650.995<\/td>\n<td>\u22642.0%<\/td>\n<\/tr>\n<\/tbody>\n<\/table>\n<p><strong>II. Instrument Parameters<\/strong><\/p>\n<table>\n<tbody>\n<tr>\n<td>Tipo de esp\u00e9cime<\/td>\n<td>soro, plasma<\/td>\n<td>Interface de sa\u00edda<\/td>\n<td>RS232<\/td>\n<\/tr>\n<tr>\n<td>Quantidade de esp\u00e9cimes<\/td>\n<td>50\u03bcL<\/td>\n<td>Requisitos de energia<\/td>\n<td>AC 220V\u00b122V 50Hz\u00b11Hz<\/td>\n<\/tr>\n<tr>\n<td>Itens de teste<\/td>\n<td>K+\u3001\u00a0Na+\u3001CI\u00a0Three simultaneous measurements<\/td>\n<td>Pot\u00eancia nominal<\/td>\n<td>50VA<\/td>\n<\/tr>\n<tr>\n<td>Interface de ecr\u00e3<\/td>\n<td>Ecr\u00e3 LCD chin\u00eas<\/td>\n<td>Peso do instrumento<\/td>\n<td>2,2 kg<\/td>\n<\/tr>\n<tr>\n<td>Impressora<\/td>\n<td>Impressora t\u00e9rmica incorporada<\/td>\n<td>Ambiente operacional<\/td>\n<td>15\u2103~30\u2103<\/td>\n<\/tr>\n<\/tbody>\n<\/table>\n<p><span style=\"color: #003300;\"><strong>Descarregar:<\/strong><\/span><br \/>\n<a href=\"https:\/\/www.ansenta.com\/wp-content\/uploads\/2026\/01\/AST-Dry-Electrolyte-Analyzer-1.pdf\">Analisador de electr\u00f3litos AST-Dry<\/a><\/p>","protected":false},"excerpt":{"rendered":"<p><span style=\"color: #003300;\"><strong>Marca:<\/strong><\/span>ANSENTA<br \/>\n<span style=\"color: #003300;\"><strong>Origem do produto:<\/strong><\/span>CHINA<br \/>\n<span style=\"color: #003300;\"><strong>Prazo de entrega:<\/strong><\/span>No prazo de 7 dias<br \/>\n<span style=\"color: #003300;\"><strong>Capacidade de fornecimento:<\/strong><\/span>Fornecimento direto da f\u00e1brica<br \/>\n<span style=\"color: #003300;\"><strong>Modelo:<\/strong><\/span>Analisador de electr\u00f3litos AST-Dry<br \/>\n<span style=\"color: #003300;\"><strong>Introdu\u00e7\u00e3o:<\/strong><\/span><br \/>\nOs electr\u00f3litos s\u00e3o um item comum das an\u00e1lises ao sangue. Os doentes com febre, choque, diarreia, diabetes, hipertens\u00e3o e doen\u00e7a renal precisam frequentemente de fazer an\u00e1lises aos electr\u00f3litos. Os indicadores de an\u00e1lise habitualmente utilizados incluem i\u00f5es de pot\u00e1ssio, i\u00f5es de s\u00f3dio e i\u00f5es de cloreto.<br \/>\n<span style=\"color: #003300;\"><strong>Descarregar:<\/strong><\/span><br \/>\n<a href=\"https:\/\/www.ansenta.com\/wp-content\/uploads\/2026\/01\/AST-Dry-Electrolyte-Analyzer-1.pdf\">Analisador de electr\u00f3litos AST-Dry<\/a><\/p>","protected":false},"featured_media":3697,"template":"","meta":{"_uag_custom_page_level_css":"","site-sidebar-layout":"default","site-content-layout":"","ast-site-content-layout":"default","site-content-style":"default","site-sidebar-style":"default","ast-global-header-display":"","ast-banner-title-visibility":"","ast-main-header-display":"","ast-hfb-above-header-display":"","ast-hfb-below-header-display":"","ast-hfb-mobile-header-display":"","site-post-title":"","ast-breadcrumbs-content":"","ast-featured-img":"","footer-sml-layout":"","ast-disable-related-posts":"","theme-transparent-header-meta":"default","adv-header-id-meta":"","stick-header-meta":"default","header-above-stick-meta":"","header-main-stick-meta":"","header-below-stick-meta":"","astra-migrate-meta-layouts":"set","ast-page-background-enabled":"default","ast-page-background-meta":{"desktop":{"background-color":"var(--ast-global-color-4)","background-image":"","background-repeat":"repeat","background-position":"center center","background-size":"auto","background-attachment":"scroll","background-type":"","background-media":"","overlay-type":"","overlay-color":"","overlay-opacity":"","overlay-gradient":""},"tablet":{"background-color":"","background-image":"","background-repeat":"repeat","background-position":"center center","background-size":"auto","background-attachment":"scroll","background-type":"","background-media":"","overlay-type":"","overlay-color":"","overlay-opacity":"","overlay-gradient":""},"mobile":{"background-color":"","background-image":"","background-repeat":"repeat","background-position":"center center","background-size":"auto","background-attachment":"scroll","background-type":"","background-media":"","overlay-type":"","overlay-color":"","overlay-opacity":"","overlay-gradient":""}},"ast-content-background-meta":{"desktop":{"background-color":"var(--ast-global-color-5)","background-image":"","background-repeat":"repeat","background-position":"center center","background-size":"auto","background-attachment":"scroll","background-type":"","background-media":"","overlay-type":"","overlay-color":"","overlay-opacity":"","overlay-gradient":""},"tablet":{"background-color":"var(--ast-global-color-5)","background-image":"","background-repeat":"repeat","background-position":"center center","background-size":"auto","background-attachment":"scroll","background-type":"","background-media":"","overlay-type":"","overlay-color":"","overlay-opacity":"","overlay-gradient":""},"mobile":{"background-color":"var(--ast-global-color-5)","background-image":"","background-repeat":"repeat","background-position":"center center","background-size":"auto","background-attachment":"scroll","background-type":"","background-media":"","overlay-type":"","overlay-color":"","overlay-opacity":"","overlay-gradient":""}}},"product_brand":[],"product_cat":[51],"product_tag":[],"class_list":{"0":"post-3696","1":"product","2":"type-product","3":"status-publish","4":"has-post-thumbnail","6":"product_cat-electrolyte-analyzer","7":"desktop-align-left","8":"tablet-align-left","9":"mobile-align-left","10":"ast-col-sm-12","11":"ast-article-post","12":"ast-width-md-12","13":"ast-archive-post","14":"ast-product-gallery-layout-horizontal-slider","15":"ast-product-gallery-with-no-image","16":"ast-product-tabs-layout-horizontal","18":"first","19":"instock","20":"shipping-taxable","21":"product-type-simple"},"uagb_featured_image_src":{"full":["https:\/\/www.ansenta.com\/wp-content\/uploads\/2026\/01\/AST-Dry-Electrolyte-Analyzer.jpg",400,400,false],"thumbnail":["https:\/\/www.ansenta.com\/wp-content\/uploads\/2026\/01\/AST-Dry-Electrolyte-Analyzer-150x150.jpg",150,150,true],"medium":["https:\/\/www.ansenta.com\/wp-content\/uploads\/2026\/01\/AST-Dry-Electrolyte-Analyzer-300x300.jpg",300,300,true],"medium_large":["https:\/\/www.ansenta.com\/wp-content\/uploads\/2026\/01\/AST-Dry-Electrolyte-Analyzer.jpg",400,400,false],"large":["https:\/\/www.ansenta.com\/wp-content\/uploads\/2026\/01\/AST-Dry-Electrolyte-Analyzer.jpg",400,400,false],"1536x1536":["https:\/\/www.ansenta.com\/wp-content\/uploads\/2026\/01\/AST-Dry-Electrolyte-Analyzer.jpg",400,400,false],"2048x2048":["https:\/\/www.ansenta.com\/wp-content\/uploads\/2026\/01\/AST-Dry-Electrolyte-Analyzer.jpg",400,400,false],"trp-custom-language-flag":["https:\/\/www.ansenta.com\/wp-content\/uploads\/2026\/01\/AST-Dry-Electrolyte-Analyzer-12x12.jpg",12,12,true],"mailpoet_newsletter_max":["https:\/\/www.ansenta.com\/wp-content\/uploads\/2026\/01\/AST-Dry-Electrolyte-Analyzer.jpg",400,400,false],"woocommerce_thumbnail":["https:\/\/www.ansenta.com\/wp-content\/uploads\/2026\/01\/AST-Dry-Electrolyte-Analyzer.jpg",400,400,false],"woocommerce_single":["https:\/\/www.ansenta.com\/wp-content\/uploads\/2026\/01\/AST-Dry-Electrolyte-Analyzer.jpg",400,400,false],"woocommerce_gallery_thumbnail":["https:\/\/www.ansenta.com\/wp-content\/uploads\/2026\/01\/AST-Dry-Electrolyte-Analyzer-100x100.jpg",100,100,true]},"uagb_author_info":{"display_name":"jinxing6611@gmail.com","author_link":"https:\/\/www.ansenta.com\/pt\/author\/"},"uagb_comment_info":0,"uagb_excerpt":"Brand:ANSENTA Product Origin:CHINA Delivery time:Within 7 days Supply capacity:Factory Direct Supply Model:AST-Dry Electrolyte Analyzer Introduction: Electrolytes are a common blood test item. Patients with fever, shock, diarrhea, as well as those with diabetes, hypertension, and kidney disease often need to have their electrolytes tested. Commonly used test indicators usually include potassium ions, sodium ions, and&hellip;","jetpack_sharing_enabled":true,"_links":{"self":[{"href":"https:\/\/www.ansenta.com\/pt\/wp-json\/wp\/v2\/product\/3696","targetHints":{"allow":["GET"]}}],"collection":[{"href":"https:\/\/www.ansenta.com\/pt\/wp-json\/wp\/v2\/product"}],"about":[{"href":"https:\/\/www.ansenta.com\/pt\/wp-json\/wp\/v2\/types\/product"}],"wp:featuredmedia":[{"embeddable":true,"href":"https:\/\/www.ansenta.com\/pt\/wp-json\/wp\/v2\/media\/3697"}],"wp:attachment":[{"href":"https:\/\/www.ansenta.com\/pt\/wp-json\/wp\/v2\/media?parent=3696"}],"wp:term":[{"taxonomy":"product_brand","embeddable":true,"href":"https:\/\/www.ansenta.com\/pt\/wp-json\/wp\/v2\/product_brand?post=3696"},{"taxonomy":"product_cat","embeddable":true,"href":"https:\/\/www.ansenta.com\/pt\/wp-json\/wp\/v2\/product_cat?post=3696"},{"taxonomy":"product_tag","embeddable":true,"href":"https:\/\/www.ansenta.com\/pt\/wp-json\/wp\/v2\/product_tag?post=3696"}],"curies":[{"name":"wp","href":"https:\/\/api.w.org\/{rel}","templated":true}]}}