{"id":3690,"date":"2026-01-30T15:37:52","date_gmt":"2026-01-30T15:37:52","guid":{"rendered":"https:\/\/www.ansenta.com\/?post_type=product&#038;p=3690"},"modified":"2026-02-05T12:39:04","modified_gmt":"2026-02-05T12:39:04","slug":"processador-automatico-de-tecidos-por-vacuo","status":"publish","type":"product","link":"https:\/\/www.ansenta.com\/pt\/produto\/processador-automatico-de-tecidos-por-vacuo\/","title":{"rendered":"processador autom\u00e1tico de tecidos por v\u00e1cuo"},"content":{"rendered":"<p><b>Caracter\u00edsticas de Desempenho<\/b><br \/>\n1. Volume do cilindro de tratamento: 6,5L<br \/>\n2. Capacidade do parafina:5L<br \/>\n3. N\u00famero do cilindro de parafina:4<br \/>\n4. Press\u00e3o de opera\u00e7\u00e3o: \u00b170 kPa<br \/>\n5. Tempo de agita\u00e7\u00e3o: 30 segundos<br \/>\n6. Tempo de intervalo de agita\u00e7\u00e3o: 5 minutos<br \/>\n7. Capacidade m\u00e1xima de 400 caixas de tecido<br \/>\n8. Capacidade da garrafa do reagente: 5L<br \/>\n9. Temperatura da c\u00e2mara de tratamento: temperatura ambiente ajust\u00e1vel at\u00e9 -85\u00b0C<br \/>\n10. Temperatura do cilindro de parafina: temperatura ambiente a -85 \u00b0C, ajust\u00e1vel<br \/>\n11. Fonte de alimenta\u00e7\u00e3o: 220V+10% 50HZ, &lt;1500VA<\/p>\n<p><b>Par\u00e2metro T\u00e9cnico<\/b><br \/>\n1. Opera\u00e7\u00e3o com grande ecr\u00e3 LCD a cores e toque;<br \/>\n2. Com veda\u00e7\u00e3o total, funcionamento em v\u00e1cuo, sem polui\u00e7\u00e3o e sem libera\u00e7\u00e3o de formalde\u00eddo, xileno ou outros gases nocivos;<br \/>\n3. \u00c9 equipado com fun\u00e7\u00e3o de chave inteligente (n\u00e3o permite opera\u00e7\u00e3o cega sem visualiza\u00e7\u00e3o do ecr\u00e3); quando as fun\u00e7\u00f5es principais do desidratador funcionam normalmente, o ecr\u00e3 n\u00e3o exibe informa\u00e7\u00f5es e a fun\u00e7\u00e3o t\u00e1til permanece intacta.<br \/>\n4. Voc\u00ea pode definir a senha de inicializa\u00e7\u00e3o ou a senha para interromper a execu\u00e7\u00e3o do programa;<br \/>\n5. Possibilita configurar at\u00e9 20 programas diferentes, com um sistema inteligente de monitoramento e prote\u00e7\u00e3o contra anomalias, altamente eficaz.<br \/>\n6. Possui a fun\u00e7\u00e3o de registrar dados operacionais, como o n\u00famero do programa de opera\u00e7\u00e3o, o hor\u00e1rio de in\u00edcio, o hor\u00e1rio de t\u00e9rmino e o estado do auto-teste, bem como os dados iniciais [05: hor\u00e1rio de in\u00edcio, hor\u00e1rio de t\u00e9rmino e estado de cada frasco de reagente], para facilitar a localiza\u00e7\u00e3o e an\u00e1lise de falhas.<br \/>\n7. O desidratador de oeste pode exibir o n\u00famero total de amostras desidratadas, o n\u00famero de camadas do cesto de amostras, o tempo de funcionamento, dados hist\u00f3ricos, entre outros, permitindo que os clientes compreendam claramente.<br \/>\n8. O desidratador a v\u00e1cuo possui uma interface com fun\u00e7\u00e3o de &#8220;autoteste&#8221;, capaz de diagnosticar autonomamente falhas e exibir em tempo real o estado operacional e par\u00e2metros como press\u00e3o do ar e tempo. Cada ciclo de autoteste dura menos de 10 minutos, e a solu\u00e7\u00e3o pode tamb\u00e9m pode ser detectado: a quantidade de solu\u00e7\u00e3o \u00e9 insuficiente, o l\u00edquido n\u00e3o foi carregado com sucesso, e, se o l\u00edquido n\u00e3o for desidratado com sucesso, um alarme ser\u00e1 acionado para alertar;<br \/>\n9. Se a \u00fanica garrafa de solu\u00e7\u00e3o falhar durante a opera\u00e7\u00e3o, o equipamento continuar\u00e1 a executar automaticamente o pr\u00f3ximo cilindro; caso a solu\u00e7\u00e3o de duas garrafas falhe, o equipamento entra automaticamente no estado de prote\u00e7\u00e3o.<br \/>\n10. O g\u00e1s impulsiona a agita\u00e7\u00e3o do reagente, enquanto a contra\u00e7\u00e3o da press\u00e3o atmosf\u00e9rica provoca a expans\u00e3o e contra\u00e7\u00e3o das c\u00e9lulas teciduais, maximizando a penetra\u00e7\u00e3o do reagente.<br \/>\n11. Ao trocar o l\u00edquido, a press\u00e3o negativa aspira com for\u00e7a e efici\u00eancia os reagentes presentes na amostra, superando o problema dos desidratadores tradicionais, que durante a opera\u00e7\u00e3o transferem grandes quantidades de reagentes para o cilindro seguinte.<\/p>\n<p><span style=\"color: #003300;\"><strong>Descarregar:<\/strong><\/span><br \/>\n<a href=\"https:\/\/www.ansenta.com\/wp-content\/uploads\/2026\/01\/processador-automatico-de-tecidos-por-vacuo.pdf\">processador autom\u00e1tico de tecidos por v\u00e1cuo<\/a><\/p>","protected":false},"excerpt":{"rendered":"<p><span style=\"color: #003300;\"><strong>Marca:<\/strong><\/span>ANSENTA<br \/>\n<span style=\"color: #003300;\"><strong>Origem do produto:<\/strong><\/span>CHINA<br \/>\n<span style=\"color: #003300;\"><strong>Prazo de entrega:<\/strong><\/span>No prazo de 7 dias<br \/>\n<span style=\"color: #003300;\"><strong>Capacidade de fornecimento:<\/strong><\/span>Fornecimento direto da f\u00e1brica<br \/>\n<span style=\"color: #003300;\"><strong>Modelo:<\/strong><\/span>processador autom\u00e1tico de tecidos por v\u00e1cuo<br \/>\n<span style=\"color: #003300;\"><strong>Descarregar:<\/strong><\/span><br \/>\n<a href=\"https:\/\/www.ansenta.com\/wp-content\/uploads\/2026\/01\/processador-automatico-de-tecidos-por-vacuo.pdf\">processador autom\u00e1tico de tecidos por v\u00e1cuo<\/a><\/p>","protected":false},"featured_media":3692,"template":"","meta":{"_uag_custom_page_level_css":"","site-sidebar-layout":"default","site-content-layout":"","ast-site-content-layout":"default","site-content-style":"default","site-sidebar-style":"default","ast-global-header-display":"","ast-banner-title-visibility":"","ast-main-header-display":"","ast-hfb-above-header-display":"","ast-hfb-below-header-display":"","ast-hfb-mobile-header-display":"","site-post-title":"","ast-breadcrumbs-content":"","ast-featured-img":"","footer-sml-layout":"","ast-disable-related-posts":"","theme-transparent-header-meta":"default","adv-header-id-meta":"","stick-header-meta":"default","header-above-stick-meta":"","header-main-stick-meta":"","header-below-stick-meta":"","astra-migrate-meta-layouts":"set","ast-page-background-enabled":"default","ast-page-background-meta":{"desktop":{"background-color":"var(--ast-global-color-4)","background-image":"","background-repeat":"repeat","background-position":"center center","background-size":"auto","background-attachment":"scroll","background-type":"","background-media":"","overlay-type":"","overlay-color":"","overlay-opacity":"","overlay-gradient":""},"tablet":{"background-color":"","background-image":"","background-repeat":"repeat","background-position":"center center","background-size":"auto","background-attachment":"scroll","background-type":"","background-media":"","overlay-type":"","overlay-color":"","overlay-opacity":"","overlay-gradient":""},"mobile":{"background-color":"","background-image":"","background-repeat":"repeat","background-position":"center center","background-size":"auto","background-attachment":"scroll","background-type":"","background-media":"","overlay-type":"","overlay-color":"","overlay-opacity":"","overlay-gradient":""}},"ast-content-background-meta":{"desktop":{"background-color":"var(--ast-global-color-5)","background-image":"","background-repeat":"repeat","background-position":"center center","background-size":"auto","background-attachment":"scroll","background-type":"","background-media":"","overlay-type":"","overlay-color":"","overlay-opacity":"","overlay-gradient":""},"tablet":{"background-color":"var(--ast-global-color-5)","background-image":"","background-repeat":"repeat","background-position":"center center","background-size":"auto","background-attachment":"scroll","background-type":"","background-media":"","overlay-type":"","overlay-color":"","overlay-opacity":"","overlay-gradient":""},"mobile":{"background-color":"var(--ast-global-color-5)","background-image":"","background-repeat":"repeat","background-position":"center center","background-size":"auto","background-attachment":"scroll","background-type":"","background-media":"","overlay-type":"","overlay-color":"","overlay-opacity":"","overlay-gradient":""}}},"product_brand":[],"product_cat":[188],"product_tag":[],"class_list":{"0":"post-3690","1":"product","2":"type-product","3":"status-publish","4":"has-post-thumbnail","6":"product_cat-automated-tissue-processor","7":"desktop-align-left","8":"tablet-align-left","9":"mobile-align-left","10":"ast-col-sm-12","11":"ast-article-post","12":"ast-width-md-12","13":"ast-archive-post","14":"ast-product-gallery-layout-horizontal-slider","15":"ast-product-gallery-with-no-image","16":"ast-product-tabs-layout-horizontal","18":"first","19":"instock","20":"shipping-taxable","21":"product-type-simple"},"uagb_featured_image_src":{"full":["https:\/\/www.ansenta.com\/wp-content\/uploads\/2026\/01\/\u4ea7\u54c1\u7167\u7247.jpg",1200,1200,false],"thumbnail":["https:\/\/www.ansenta.com\/wp-content\/uploads\/2026\/01\/\u4ea7\u54c1\u7167\u7247-150x150.jpg",150,150,true],"medium":["https:\/\/www.ansenta.com\/wp-content\/uploads\/2026\/01\/\u4ea7\u54c1\u7167\u7247-300x300.jpg",300,300,true],"medium_large":["https:\/\/www.ansenta.com\/wp-content\/uploads\/2026\/01\/\u4ea7\u54c1\u7167\u7247-768x768.jpg",768,768,true],"large":["https:\/\/www.ansenta.com\/wp-content\/uploads\/2026\/01\/\u4ea7\u54c1\u7167\u7247-1024x1024.jpg",1024,1024,true],"1536x1536":["https:\/\/www.ansenta.com\/wp-content\/uploads\/2026\/01\/\u4ea7\u54c1\u7167\u7247.jpg",1200,1200,false],"2048x2048":["https:\/\/www.ansenta.com\/wp-content\/uploads\/2026\/01\/\u4ea7\u54c1\u7167\u7247.jpg",1200,1200,false],"trp-custom-language-flag":["https:\/\/www.ansenta.com\/wp-content\/uploads\/2026\/01\/\u4ea7\u54c1\u7167\u7247-12x12.jpg",12,12,true],"mailpoet_newsletter_max":["https:\/\/www.ansenta.com\/wp-content\/uploads\/2026\/01\/\u4ea7\u54c1\u7167\u7247.jpg",1200,1200,false],"woocommerce_thumbnail":["https:\/\/www.ansenta.com\/wp-content\/uploads\/2026\/01\/\u4ea7\u54c1\u7167\u7247-600x600.jpg",600,600,true],"woocommerce_single":["https:\/\/www.ansenta.com\/wp-content\/uploads\/2026\/01\/\u4ea7\u54c1\u7167\u7247-600x600.jpg",600,600,true],"woocommerce_gallery_thumbnail":["https:\/\/www.ansenta.com\/wp-content\/uploads\/2026\/01\/\u4ea7\u54c1\u7167\u7247-100x100.jpg",100,100,true]},"uagb_author_info":{"display_name":"jinxing6611@gmail.com","author_link":"https:\/\/www.ansenta.com\/pt\/author\/"},"uagb_comment_info":0,"uagb_excerpt":"Brand:ANSENTA Product Origin:CHINA Delivery time:Within 7 days Supply capacity:Factory Direct Supply Model:processador autom\u00e1tico de tecidos por v\u00e1cuo Download: processador autom\u00e1tico de tecidos por v\u00e1cuo","jetpack_sharing_enabled":true,"_links":{"self":[{"href":"https:\/\/www.ansenta.com\/pt\/wp-json\/wp\/v2\/product\/3690","targetHints":{"allow":["GET"]}}],"collection":[{"href":"https:\/\/www.ansenta.com\/pt\/wp-json\/wp\/v2\/product"}],"about":[{"href":"https:\/\/www.ansenta.com\/pt\/wp-json\/wp\/v2\/types\/product"}],"wp:featuredmedia":[{"embeddable":true,"href":"https:\/\/www.ansenta.com\/pt\/wp-json\/wp\/v2\/media\/3692"}],"wp:attachment":[{"href":"https:\/\/www.ansenta.com\/pt\/wp-json\/wp\/v2\/media?parent=3690"}],"wp:term":[{"taxonomy":"product_brand","embeddable":true,"href":"https:\/\/www.ansenta.com\/pt\/wp-json\/wp\/v2\/product_brand?post=3690"},{"taxonomy":"product_cat","embeddable":true,"href":"https:\/\/www.ansenta.com\/pt\/wp-json\/wp\/v2\/product_cat?post=3690"},{"taxonomy":"product_tag","embeddable":true,"href":"https:\/\/www.ansenta.com\/pt\/wp-json\/wp\/v2\/product_tag?post=3690"}],"curies":[{"name":"wp","href":"https:\/\/api.w.org\/{rel}","templated":true}]}}