{"id":3681,"date":"2026-01-30T14:51:37","date_gmt":"2026-01-30T14:51:37","guid":{"rendered":"https:\/\/www.ansenta.com\/?post_type=product&#038;p=3681"},"modified":"2026-01-30T14:51:37","modified_gmt":"2026-01-30T14:51:37","slug":"ast-2876-stereomicroscope","status":"publish","type":"product","link":"https:\/\/www.ansenta.com\/pt\/produto\/ast-2876-stereomicroscope\/","title":{"rendered":"AST-2876 Estereomicrosc\u00f3pio"},"content":{"rendered":"<table>\n<tbody>\n<tr>\n<td rowspan=\"3\"><strong><b>Eyepiece<\/b><\/strong><\/td>\n<td colspan=\"2\"><strong><b>Standard Configuration<\/b><\/strong><\/td>\n<\/tr>\n<tr>\n<td colspan=\"2\"><strong><b>Working Distance<\/b><\/strong><strong><b>\u00a0<\/b><\/strong><strong><b>\u00a0120mm<\/b><\/strong><\/td>\n<\/tr>\n<tr>\n<td><strong><b>Magnification<\/b><\/strong><\/td>\n<td><strong><b>Field of View(MM<\/b><\/strong>)<\/td>\n<\/tr>\n<tr>\n<td rowspan=\"2\"><strong><b>WF10X\/22<\/b><\/strong><\/td>\n<td><strong><b>7X<\/b><\/strong><\/td>\n<td><strong><b>31.4<\/b><\/strong><\/td>\n<\/tr>\n<tr>\n<td><strong><b>60X<\/b><\/strong><\/td>\n<td>3.7<\/td>\n<\/tr>\n<tr>\n<td rowspan=\"2\"><strong><b>WF20X\/10<\/b><\/strong><\/td>\n<td><strong><b>14X<\/b><\/strong><\/td>\n<td><strong><b>14.3<\/b><\/strong><\/td>\n<\/tr>\n<tr>\n<td><strong><b>120X<\/b><\/strong><\/td>\n<td>2<\/td>\n<\/tr>\n<tr>\n<td><strong><b>Magnification<\/b><\/strong><\/td>\n<td colspan=\"2\"><strong><b>Standard:7X-60X stereo zoom,3.5X-200X with optional lens<\/b><\/strong><\/td>\n<\/tr>\n<tr>\n<td><strong><b>Eyepiece<\/b><\/strong><\/td>\n<td colspan=\"2\">Standard WF10X\/22MM high eye-point wide field eyepiece,convenience for eye-wearing observers.WF15X\/15MM,WF20X\/10MM,WF25X\/9MM\u00a0eyepiece \u00a0is optional.<\/td>\n<\/tr>\n<tr>\n<td><strong><b>Microscope Head<\/b><\/strong><\/td>\n<td colspan=\"2\"><strong><b>Binocular\/Trinocular head,45\u00b0inclined,360\u00b0rotatable.Interpupillary distanc:54-76mm.Diopter adjustable on both tubes.<\/b><\/strong><\/td>\n<\/tr>\n<tr>\n<td><strong><b>Objective<\/b><\/strong><\/td>\n<td colspan=\"2\"><strong><b>0.7X-6X stereo zoom.Zoom Ratio 8.6:1<\/b><\/strong><\/td>\n<\/tr>\n<tr>\n<td><strong><b>Auxiliary Lens<\/b><\/strong><\/td>\n<td colspan=\"2\"><strong><b>Can choose 0.5XAuxiliary Lens,the working distance is 172mm<\/b><\/strong><\/td>\n<\/tr>\n<tr>\n<td><strong><b>Focusing Adjustment<\/b><\/strong><\/td>\n<td colspan=\"2\"><strong><b>A1 focus arm with tension adjustment,rang:50mm<\/b><\/strong><\/td>\n<\/tr>\n<tr>\n<td><strong><b>Microscope Stand<\/b><\/strong><\/td>\n<td colspan=\"2\">B1 stand with black\/white plate in diameter 95mm.Other stands are variable.<\/td>\n<\/tr>\n<tr>\n<td><strong><b>Illumination<\/b><\/strong><\/td>\n<td colspan=\"2\"><strong><b>LED ring lamp\/optical fiber source<\/b><\/strong><\/td>\n<\/tr>\n<tr>\n<td><strong><b>Camera Adapter<\/b><\/strong><\/td>\n<td colspan=\"2\"><strong><b>0.5X,0.35X,1X for option<\/b><\/strong><\/td>\n<\/tr>\n<\/tbody>\n<\/table>\n<p><span style=\"color: #003300;\"><strong>Descarregar:<\/strong><\/span><br \/>\n<a href=\"https:\/\/www.ansenta.com\/wp-content\/uploads\/2026\/01\/AST-2876-Stereomicroscope.pdf\">AST-2876 Estereomicrosc\u00f3pio<\/a><\/p>","protected":false},"excerpt":{"rendered":"<p><span style=\"color: #003300;\"><strong>Marca:<\/strong><\/span>ANSENTA<br \/>\n<span style=\"color: #003300;\"><strong>Origem do produto:<\/strong><\/span>CHINA<br \/>\n<span style=\"color: #003300;\"><strong>Prazo de entrega:<\/strong><\/span>No prazo de 7 dias<br \/>\n<span style=\"color: #003300;\"><strong>Capacidade de fornecimento:<\/strong><\/span>Fornecimento direto da f\u00e1brica<br \/>\n<span style=\"color: #003300;\"><strong>Modelo:<\/strong><\/span>AST-2876 Estereomicrosc\u00f3pio<br \/>\n<span style=\"color: #003300;\"><strong>Introdu\u00e7\u00e3o:<\/strong><\/span><br \/>\nO microsc\u00f3pio est\u00e9reozoom \u00e9 um microsc\u00f3pio que combina a tecnologia de zoom e a microscopia estereosc\u00f3pica, o que permite ao utilizador visualizar a amostra em diferentes planos focais, resultando numa imagem mais n\u00edtida e tridimensional. O microsc\u00f3pio de zoom estereosc\u00f3pico ajusta a dist\u00e2ncia focal atrav\u00e9s da tecnologia de zoom para observar diferentes n\u00edveis da amostra, enquanto a tecnologia de microscopia estereosc\u00f3pica combina v\u00e1rias imagens de visualiza\u00e7\u00e3o da amostra numa imagem estereosc\u00f3pica para apresentar a estrutura tridimensional da amostra.<br \/>\n<span style=\"color: #003300;\"><strong>Descarregar:<\/strong><\/span><br \/>\n<a href=\"https:\/\/www.ansenta.com\/wp-content\/uploads\/2026\/01\/AST-2876-Stereomicroscope.pdf\">AST-2876 Estereomicrosc\u00f3pio<\/a><\/p>","protected":false},"featured_media":3682,"template":"","meta":{"_uag_custom_page_level_css":"","site-sidebar-layout":"default","site-content-layout":"","ast-site-content-layout":"default","site-content-style":"default","site-sidebar-style":"default","ast-global-header-display":"","ast-banner-title-visibility":"","ast-main-header-display":"","ast-hfb-above-header-display":"","ast-hfb-below-header-display":"","ast-hfb-mobile-header-display":"","site-post-title":"","ast-breadcrumbs-content":"","ast-featured-img":"","footer-sml-layout":"","ast-disable-related-posts":"","theme-transparent-header-meta":"default","adv-header-id-meta":"","stick-header-meta":"default","header-above-stick-meta":"","header-main-stick-meta":"","header-below-stick-meta":"","astra-migrate-meta-layouts":"set","ast-page-background-enabled":"default","ast-page-background-meta":{"desktop":{"background-color":"var(--ast-global-color-4)","background-image":"","background-repeat":"repeat","background-position":"center center","background-size":"auto","background-attachment":"scroll","background-type":"","background-media":"","overlay-type":"","overlay-color":"","overlay-opacity":"","overlay-gradient":""},"tablet":{"background-color":"","background-image":"","background-repeat":"repeat","background-position":"center center","background-size":"auto","background-attachment":"scroll","background-type":"","background-media":"","overlay-type":"","overlay-color":"","overlay-opacity":"","overlay-gradient":""},"mobile":{"background-color":"","background-image":"","background-repeat":"repeat","background-position":"center center","background-size":"auto","background-attachment":"scroll","background-type":"","background-media":"","overlay-type":"","overlay-color":"","overlay-opacity":"","overlay-gradient":""}},"ast-content-background-meta":{"desktop":{"background-color":"var(--ast-global-color-5)","background-image":"","background-repeat":"repeat","background-position":"center center","background-size":"auto","background-attachment":"scroll","background-type":"","background-media":"","overlay-type":"","overlay-color":"","overlay-opacity":"","overlay-gradient":""},"tablet":{"background-color":"var(--ast-global-color-5)","background-image":"","background-repeat":"repeat","background-position":"center center","background-size":"auto","background-attachment":"scroll","background-type":"","background-media":"","overlay-type":"","overlay-color":"","overlay-opacity":"","overlay-gradient":""},"mobile":{"background-color":"var(--ast-global-color-5)","background-image":"","background-repeat":"repeat","background-position":"center center","background-size":"auto","background-attachment":"scroll","background-type":"","background-media":"","overlay-type":"","overlay-color":"","overlay-opacity":"","overlay-gradient":""}}},"product_brand":[],"product_cat":[179],"product_tag":[],"class_list":{"0":"post-3681","1":"product","2":"type-product","3":"status-publish","4":"has-post-thumbnail","6":"product_cat-microscope","7":"desktop-align-left","8":"tablet-align-left","9":"mobile-align-left","10":"ast-col-sm-12","11":"ast-article-post","12":"ast-width-md-12","13":"ast-archive-post","14":"ast-product-gallery-layout-horizontal-slider","15":"ast-product-gallery-with-no-image","16":"ast-product-tabs-layout-horizontal","18":"first","19":"instock","20":"shipping-taxable","21":"product-type-simple"},"uagb_featured_image_src":{"full":["https:\/\/www.ansenta.com\/wp-content\/uploads\/2026\/01\/AST-2876-Stereomicroscope.jpg",400,400,false],"thumbnail":["https:\/\/www.ansenta.com\/wp-content\/uploads\/2026\/01\/AST-2876-Stereomicroscope-150x150.jpg",150,150,true],"medium":["https:\/\/www.ansenta.com\/wp-content\/uploads\/2026\/01\/AST-2876-Stereomicroscope-300x300.jpg",300,300,true],"medium_large":["https:\/\/www.ansenta.com\/wp-content\/uploads\/2026\/01\/AST-2876-Stereomicroscope.jpg",400,400,false],"large":["https:\/\/www.ansenta.com\/wp-content\/uploads\/2026\/01\/AST-2876-Stereomicroscope.jpg",400,400,false],"1536x1536":["https:\/\/www.ansenta.com\/wp-content\/uploads\/2026\/01\/AST-2876-Stereomicroscope.jpg",400,400,false],"2048x2048":["https:\/\/www.ansenta.com\/wp-content\/uploads\/2026\/01\/AST-2876-Stereomicroscope.jpg",400,400,false],"trp-custom-language-flag":["https:\/\/www.ansenta.com\/wp-content\/uploads\/2026\/01\/AST-2876-Stereomicroscope-12x12.jpg",12,12,true],"mailpoet_newsletter_max":["https:\/\/www.ansenta.com\/wp-content\/uploads\/2026\/01\/AST-2876-Stereomicroscope.jpg",400,400,false],"woocommerce_thumbnail":["https:\/\/www.ansenta.com\/wp-content\/uploads\/2026\/01\/AST-2876-Stereomicroscope.jpg",400,400,false],"woocommerce_single":["https:\/\/www.ansenta.com\/wp-content\/uploads\/2026\/01\/AST-2876-Stereomicroscope.jpg",400,400,false],"woocommerce_gallery_thumbnail":["https:\/\/www.ansenta.com\/wp-content\/uploads\/2026\/01\/AST-2876-Stereomicroscope-100x100.jpg",100,100,true]},"uagb_author_info":{"display_name":"jinxing6611@gmail.com","author_link":"https:\/\/www.ansenta.com\/pt\/author\/"},"uagb_comment_info":0,"uagb_excerpt":"Brand:ANSENTA Product Origin:CHINA Delivery time:Within 7 days Supply capacity:Factory Direct Supply Model:AST-2876 Stereomicroscope Introduction: The stereozoom microscope \u200c is a microscope that combines zoom technology and stereoscopic microscopy, which allows the user to view the sample in different focal planes, resulting in a sharper and three-dimensional image. The stereo zoom microscope adjusts the focal length&hellip;","jetpack_sharing_enabled":true,"_links":{"self":[{"href":"https:\/\/www.ansenta.com\/pt\/wp-json\/wp\/v2\/product\/3681","targetHints":{"allow":["GET"]}}],"collection":[{"href":"https:\/\/www.ansenta.com\/pt\/wp-json\/wp\/v2\/product"}],"about":[{"href":"https:\/\/www.ansenta.com\/pt\/wp-json\/wp\/v2\/types\/product"}],"wp:featuredmedia":[{"embeddable":true,"href":"https:\/\/www.ansenta.com\/pt\/wp-json\/wp\/v2\/media\/3682"}],"wp:attachment":[{"href":"https:\/\/www.ansenta.com\/pt\/wp-json\/wp\/v2\/media?parent=3681"}],"wp:term":[{"taxonomy":"product_brand","embeddable":true,"href":"https:\/\/www.ansenta.com\/pt\/wp-json\/wp\/v2\/product_brand?post=3681"},{"taxonomy":"product_cat","embeddable":true,"href":"https:\/\/www.ansenta.com\/pt\/wp-json\/wp\/v2\/product_cat?post=3681"},{"taxonomy":"product_tag","embeddable":true,"href":"https:\/\/www.ansenta.com\/pt\/wp-json\/wp\/v2\/product_tag?post=3681"}],"curies":[{"name":"wp","href":"https:\/\/api.w.org\/{rel}","templated":true}]}}