{"id":3661,"date":"2026-01-30T04:10:12","date_gmt":"2026-01-30T04:10:12","guid":{"rendered":"https:\/\/www.ansenta.com\/?post_type=product&#038;p=3661"},"modified":"2026-01-30T04:12:14","modified_gmt":"2026-01-30T04:12:14","slug":"ast31-upright-fluorescence-microscope","status":"publish","type":"product","link":"https:\/\/www.ansenta.com\/pt\/produto\/ast31-upright-fluorescence-microscope\/","title":{"rendered":"Microsc\u00f3pio de fluoresc\u00eancia AST31 \u00e0 direita"},"content":{"rendered":"<p><strong>Features:<\/strong><br \/>\nLED fluorescence illumination. Both bright field and fluorescence are LED. Compact designin one unit.<br \/>\n<strong>Benefits:<\/strong><br \/>\nEnergy saving,environment and user friendly. Improve laboratory wokring efficency.<br \/>\nFunctional with various fluorescence samoles.<br \/>\n<strong>Advantages:<\/strong><br \/>\nDifferent wavelength fluorescence optional. Easy to use andlong working life. Compatible with phase contrast upgrade.<br \/>\nCompatible with phase contrast upgrade.<\/p>\n<table>\n<tbody>\n<tr>\n<td>Sistema \u00f3tico<\/td>\n<td>Sistema \u00f3tico infinito<\/td>\n<\/tr>\n<tr>\n<td>Cabe\u00e7a de observa\u00e7\u00e3o<\/td>\n<td>Tubo trinocular, 30\u00b0 inclinado; dist\u00e2ncia da pupila 53~75mm<\/td>\n<\/tr>\n<tr>\n<td>Oculares<\/td>\n<td>Campo amplo WF10X\/FN22mm<\/td>\n<\/tr>\n<tr>\n<td>Ilumina\u00e7\u00e3o por fluoresc\u00eancia<\/td>\n<td>EF:420-480nm \/DM:&gt;500nm \/BF:&gt;510nm LED azul<\/td>\n<\/tr>\n<tr>\n<td>Nariz<\/td>\n<td>Nariz qu\u00e1druplo com retrocesso<\/td>\n<\/tr>\n<tr>\n<td rowspan=\"4\">Objectivos<\/td>\n<td>Plano infinito Objetiva acrom\u00e1tica 4x\/0,1W.D.=21,5mm<\/td>\n<\/tr>\n<tr>\n<td>Plano infinito Objetiva acrom\u00e1tica 10\u00d7\/0,25 L.D.=7,5 mm<\/td>\n<\/tr>\n<tr>\n<td>Objetiva acrom\u00e1tica de plano infinito 40x\/0,65 L.D.=0,65mm<\/td>\n<\/tr>\n<tr>\n<td>Objetiva acrom\u00e1tica de plano infinito 100x\/1,25 L.D.=0,185mm<\/td>\n<\/tr>\n<tr>\n<td>Condensador<\/td>\n<td>Abbe NA.1.25,Diafragma de abertura incorporado<\/td>\n<\/tr>\n<tr>\n<td>Sistema de focagem<\/td>\n<td>Ajuste fino e grosso com tens\u00e3o e batente limitado, escala de 2um, c\u00edrculo grosso 40mm, c\u00edrculo fino 0,2mm, dist\u00e2ncia de focagem 24mm<\/td>\n<\/tr>\n<tr>\n<td>Est\u00e1gio<\/td>\n<td>Duplo est\u00e1gio, Tamanhos: 210x140mm; faixa de movimento: 76x50mm<\/td>\n<\/tr>\n<tr>\n<td>Ilumina\u00e7\u00e3o Kohler<\/td>\n<td>LED branco, brilho ajust\u00e1vel<\/td>\n<\/tr>\n<tr>\n<td>Fonte de energia<\/td>\n<td>AC,100-240V,50-60Hz<\/td>\n<\/tr>\n<tr>\n<td>Porto<\/td>\n<td>Adaptador de montagem em C de 0,5X<\/td>\n<\/tr>\n<\/tbody>\n<\/table>\n<p><span style=\"color: #003300;\"><strong>Descarregar:<\/strong><\/span><br \/>\n<a href=\"https:\/\/www.ansenta.com\/wp-content\/uploads\/2026\/01\/AST31-upright-fluorescence-microscope.pdf\">Microsc\u00f3pio de fluoresc\u00eancia AST31 \u00e0 direita<\/a><\/p>","protected":false},"excerpt":{"rendered":"<p><span style=\"color: #003300;\"><strong>Marca:<\/strong><\/span>ANSENTA<br \/>\n<span style=\"color: #003300;\"><strong>Origem do produto:<\/strong><\/span>CHINA<br \/>\n<span style=\"color: #003300;\"><strong>Prazo de entrega:<\/strong><\/span>No prazo de 7 dias<br \/>\n<span style=\"color: #003300;\"><strong>Capacidade de fornecimento:<\/strong><\/span>Fornecimento direto da f\u00e1brica<br \/>\n<span style=\"color: #003300;\"><strong>Modelo:<\/strong><\/span>Microsc\u00f3pio de fluoresc\u00eancia AST31 \u00e0 direita<br \/>\n<span style=\"color: #003300;\"><strong>Introdu\u00e7\u00e3o:<\/strong><\/span><br \/>\nO Microsc\u00f3pio Biol\u00f3gico de Fluoresc\u00eancia \u00e9 um instrumento de imagiologia avan\u00e7ado concebido para a an\u00e1lise de alta precis\u00e3o de amostras biol\u00f3gicas sob ilumina\u00e7\u00e3o de fluoresc\u00eancia.<\/p>\n<table>\n<tbody>\n<tr>\n<td>Sistema \u00f3tico<\/td>\n<td>Sistema \u00f3tico infinito<\/td>\n<\/tr>\n<tr>\n<td>Cabe\u00e7a de observa\u00e7\u00e3o<\/td>\n<td>Tubo trinocular, 30\u00b0 inclinado; dist\u00e2ncia da pupila 53~75mm<\/td>\n<\/tr>\n<tr>\n<td>Oculares<\/td>\n<td>Campo amplo WF10X\/FN22mm<\/td>\n<\/tr>\n<tr>\n<td>Ilumina\u00e7\u00e3o por fluoresc\u00eancia<\/td>\n<td>EF:420-480nm \/DM:&gt;500nm \/BF:&gt;510nm LED azul<\/td>\n<\/tr>\n<tr>\n<td>Nariz<\/td>\n<td>Nariz qu\u00e1druplo com retrocesso<\/td>\n<\/tr>\n<tr>\n<td rowspan=\"4\">Objectivos<\/td>\n<td>Plano infinito Objetiva acrom\u00e1tica 4x\/0,1W.D.=21,5mm<\/td>\n<\/tr>\n<tr>\n<td>Plano infinito Objetiva acrom\u00e1tica 10\u00d7\/0,25 L.D.=7,5 mm<\/td>\n<\/tr>\n<tr>\n<td>Objetiva acrom\u00e1tica de plano infinito 40x\/0,65 L.D.=0,65mm<\/td>\n<\/tr>\n<tr>\n<td>Objetiva acrom\u00e1tica de plano infinito 100x\/1,25 L.D.=0,185mm<\/td>\n<\/tr>\n<tr>\n<td>Condensador<\/td>\n<td>Abbe NA.1.25,Diafragma de abertura incorporado<\/td>\n<\/tr>\n<tr>\n<td>Sistema de focagem<\/td>\n<td>Ajuste fino e grosso com tens\u00e3o e batente limitado, escala de 2um, c\u00edrculo grosso 40mm, c\u00edrculo fino 0,2mm, dist\u00e2ncia de focagem 24mm<\/td>\n<\/tr>\n<tr>\n<td>Est\u00e1gio<\/td>\n<td>Duplo est\u00e1gio, Tamanhos: 210x140mm; faixa de movimento: 76x50mm<\/td>\n<\/tr>\n<tr>\n<td>Ilumina\u00e7\u00e3o Kohler<\/td>\n<td>LED branco, brilho ajust\u00e1vel<\/td>\n<\/tr>\n<tr>\n<td>Fonte de energia<\/td>\n<td>AC,100-240V,50-60Hz<\/td>\n<\/tr>\n<tr>\n<td>Porto<\/td>\n<td>Adaptador de montagem em C de 0,5X<\/td>\n<\/tr>\n<\/tbody>\n<\/table>\n<p><span style=\"color: #003300;\"><strong>Descarregar:<\/strong><\/span><br \/>\n<a href=\"https:\/\/www.ansenta.com\/wp-content\/uploads\/2026\/01\/AST31-upright-fluorescence-microscope.pdf\">Microsc\u00f3pio de fluoresc\u00eancia AST31 \u00e0 direita<\/a><\/p>","protected":false},"featured_media":3662,"template":"","meta":{"_uag_custom_page_level_css":"","site-sidebar-layout":"default","site-content-layout":"","ast-site-content-layout":"default","site-content-style":"default","site-sidebar-style":"default","ast-global-header-display":"","ast-banner-title-visibility":"","ast-main-header-display":"","ast-hfb-above-header-display":"","ast-hfb-below-header-display":"","ast-hfb-mobile-header-display":"","site-post-title":"","ast-breadcrumbs-content":"","ast-featured-img":"","footer-sml-layout":"","ast-disable-related-posts":"","theme-transparent-header-meta":"default","adv-header-id-meta":"","stick-header-meta":"default","header-above-stick-meta":"","header-main-stick-meta":"","header-below-stick-meta":"","astra-migrate-meta-layouts":"set","ast-page-background-enabled":"default","ast-page-background-meta":{"desktop":{"background-color":"var(--ast-global-color-4)","background-image":"","background-repeat":"repeat","background-position":"center center","background-size":"auto","background-attachment":"scroll","background-type":"","background-media":"","overlay-type":"","overlay-color":"","overlay-opacity":"","overlay-gradient":""},"tablet":{"background-color":"","background-image":"","background-repeat":"repeat","background-position":"center center","background-size":"auto","background-attachment":"scroll","background-type":"","background-media":"","overlay-type":"","overlay-color":"","overlay-opacity":"","overlay-gradient":""},"mobile":{"background-color":"","background-image":"","background-repeat":"repeat","background-position":"center center","background-size":"auto","background-attachment":"scroll","background-type":"","background-media":"","overlay-type":"","overlay-color":"","overlay-opacity":"","overlay-gradient":""}},"ast-content-background-meta":{"desktop":{"background-color":"var(--ast-global-color-5)","background-image":"","background-repeat":"repeat","background-position":"center center","background-size":"auto","background-attachment":"scroll","background-type":"","background-media":"","overlay-type":"","overlay-color":"","overlay-opacity":"","overlay-gradient":""},"tablet":{"background-color":"var(--ast-global-color-5)","background-image":"","background-repeat":"repeat","background-position":"center center","background-size":"auto","background-attachment":"scroll","background-type":"","background-media":"","overlay-type":"","overlay-color":"","overlay-opacity":"","overlay-gradient":""},"mobile":{"background-color":"var(--ast-global-color-5)","background-image":"","background-repeat":"repeat","background-position":"center center","background-size":"auto","background-attachment":"scroll","background-type":"","background-media":"","overlay-type":"","overlay-color":"","overlay-opacity":"","overlay-gradient":""}}},"product_brand":[],"product_cat":[179],"product_tag":[],"class_list":{"0":"post-3661","1":"product","2":"type-product","3":"status-publish","4":"has-post-thumbnail","6":"product_cat-microscope","7":"desktop-align-left","8":"tablet-align-left","9":"mobile-align-left","10":"ast-col-sm-12","11":"ast-article-post","12":"ast-width-md-12","13":"ast-archive-post","14":"ast-product-gallery-layout-horizontal-slider","15":"ast-product-gallery-with-no-image","16":"ast-product-tabs-layout-horizontal","18":"first","19":"instock","20":"shipping-taxable","21":"product-type-simple"},"uagb_featured_image_src":{"full":["https:\/\/www.ansenta.com\/wp-content\/uploads\/2026\/01\/AST31-upright-fluorescence-microscope.jpg",388,388,false],"thumbnail":["https:\/\/www.ansenta.com\/wp-content\/uploads\/2026\/01\/AST31-upright-fluorescence-microscope-150x150.jpg",150,150,true],"medium":["https:\/\/www.ansenta.com\/wp-content\/uploads\/2026\/01\/AST31-upright-fluorescence-microscope-300x300.jpg",300,300,true],"medium_large":["https:\/\/www.ansenta.com\/wp-content\/uploads\/2026\/01\/AST31-upright-fluorescence-microscope.jpg",388,388,false],"large":["https:\/\/www.ansenta.com\/wp-content\/uploads\/2026\/01\/AST31-upright-fluorescence-microscope.jpg",388,388,false],"1536x1536":["https:\/\/www.ansenta.com\/wp-content\/uploads\/2026\/01\/AST31-upright-fluorescence-microscope.jpg",388,388,false],"2048x2048":["https:\/\/www.ansenta.com\/wp-content\/uploads\/2026\/01\/AST31-upright-fluorescence-microscope.jpg",388,388,false],"trp-custom-language-flag":["https:\/\/www.ansenta.com\/wp-content\/uploads\/2026\/01\/AST31-upright-fluorescence-microscope-12x12.jpg",12,12,true],"mailpoet_newsletter_max":["https:\/\/www.ansenta.com\/wp-content\/uploads\/2026\/01\/AST31-upright-fluorescence-microscope.jpg",388,388,false],"woocommerce_thumbnail":["https:\/\/www.ansenta.com\/wp-content\/uploads\/2026\/01\/AST31-upright-fluorescence-microscope.jpg",388,388,false],"woocommerce_single":["https:\/\/www.ansenta.com\/wp-content\/uploads\/2026\/01\/AST31-upright-fluorescence-microscope.jpg",388,388,false],"woocommerce_gallery_thumbnail":["https:\/\/www.ansenta.com\/wp-content\/uploads\/2026\/01\/AST31-upright-fluorescence-microscope-100x100.jpg",100,100,true]},"uagb_author_info":{"display_name":"jinxing6611@gmail.com","author_link":"https:\/\/www.ansenta.com\/pt\/author\/"},"uagb_comment_info":0,"uagb_excerpt":"Brand:ANSENTA Product Origin:CHINA Delivery time:Within 7 days Supply capacity:Factory Direct Supply Model:AST31-upright-fluorescence microscope Introduction: The Fluorescence Biological Microscope is an advanced imaging instrument designed for high-precision analysis of biological samples under fluorescence illumination. Optical system Infinity optical system Observation head Trinocular tube,30\u00b0inclined;Pupil distance 53~75mm Eyepieces Wide field WF10X\/FN22mm Fluorescence\u00a0illumination EF:420-480nm \/DM:&gt;500nm \/BF:&gt;510nm Blue LED Nosepiece&hellip;","jetpack_sharing_enabled":true,"_links":{"self":[{"href":"https:\/\/www.ansenta.com\/pt\/wp-json\/wp\/v2\/product\/3661","targetHints":{"allow":["GET"]}}],"collection":[{"href":"https:\/\/www.ansenta.com\/pt\/wp-json\/wp\/v2\/product"}],"about":[{"href":"https:\/\/www.ansenta.com\/pt\/wp-json\/wp\/v2\/types\/product"}],"wp:featuredmedia":[{"embeddable":true,"href":"https:\/\/www.ansenta.com\/pt\/wp-json\/wp\/v2\/media\/3662"}],"wp:attachment":[{"href":"https:\/\/www.ansenta.com\/pt\/wp-json\/wp\/v2\/media?parent=3661"}],"wp:term":[{"taxonomy":"product_brand","embeddable":true,"href":"https:\/\/www.ansenta.com\/pt\/wp-json\/wp\/v2\/product_brand?post=3661"},{"taxonomy":"product_cat","embeddable":true,"href":"https:\/\/www.ansenta.com\/pt\/wp-json\/wp\/v2\/product_cat?post=3661"},{"taxonomy":"product_tag","embeddable":true,"href":"https:\/\/www.ansenta.com\/pt\/wp-json\/wp\/v2\/product_tag?post=3661"}],"curies":[{"name":"wp","href":"https:\/\/api.w.org\/{rel}","templated":true}]}}