{"id":3603,"date":"2026-01-22T00:52:09","date_gmt":"2026-01-22T00:52:09","guid":{"rendered":"https:\/\/www.ansenta.com\/?post_type=product&#038;p=3603"},"modified":"2026-01-22T00:52:09","modified_gmt":"2026-01-22T00:52:09","slug":"ast-camping-tent","status":"publish","type":"product","link":"https:\/\/www.ansenta.com\/pt\/produto\/ast-camping-tent\/","title":{"rendered":"Tenda de campismo AST"},"content":{"rendered":"<table>\n<tbody>\n<tr>\n<td><strong><b>Nome<\/b><\/strong><\/td>\n<td><strong><b>AST-Tenda autom\u00e1tica com quatro quartos e uma sala de estar<\/b><\/strong><\/td>\n<\/tr>\n<tr>\n<td><strong><b>Modelo<\/b><\/strong><\/td>\n<td><strong><b>Tamanho grande<\/b><\/strong><\/td>\n<\/tr>\n<tr>\n<td><strong><b>Cor<\/b><\/strong><\/td>\n<td><strong><b>Verde escuro\/Bege\/Caf\u00e9<\/b><\/strong><\/td>\n<\/tr>\n<tr>\n<td><strong><b>Dimens\u00f5es desdobradas (cm)<\/b><\/strong><\/td>\n<td><strong><b>630*310*185 cm<\/b><\/strong><\/td>\n<\/tr>\n<tr>\n<td><strong><b>Material<\/b><\/strong><\/td>\n<td><strong><b>Tenda exterior: Tecido Oxford preto axadrezado 210D, press\u00e3o da \u00e1gua 10000+<\/b><\/strong><br \/>\n<strong><b>Tenda interior: Tecido Oxford 210D, press\u00e3o da \u00e1gua 1500+<\/b><\/strong><br \/>\n<strong><b>Tecido inferior: Tecido Oxford denso 300D, press\u00e3o da \u00e1gua 8000+<\/b><\/strong><br \/>\n<strong><b>Postes de tenda: Postes de alum\u00ednio autom\u00e1ticos<\/b><\/strong><br \/>\n<strong><b>Folha de solo: tecido PE 130g, press\u00e3o da \u00e1gua 8000+<\/b><\/strong><\/td>\n<\/tr>\n<tr>\n<td><strong><b>Acess\u00f3rios<\/b><\/strong><\/td>\n<td><strong><b>1 saco de arruma\u00e7\u00e3o, 4 postes de apoio para o foyer, 22 cavilhas para o ch\u00e3o, 12 cordas \u00e0 prova de vento<\/b><\/strong><\/td>\n<\/tr>\n<tr>\n<td><strong><b>Dimens\u00f5es da embalagem<\/b><\/strong><br \/>\n<strong><b>(cm)<\/b><\/strong><\/td>\n<td><strong><b>126*28*28<\/b><\/strong><\/td>\n<\/tr>\n<tr>\n<td><strong><b>Peso<\/b><\/strong><\/td>\n<td><strong><b>27.5KG<\/b><\/strong><\/td>\n<\/tr>\n<tr>\n<td><strong><b>Imagens do produto<\/b><\/strong><\/td>\n<td><img fetchpriority=\"high\" decoding=\"async\" class=\"alignnone size-full wp-image-3608\" src=\"https:\/\/www.ansenta.com\/wp-content\/uploads\/2026\/01\/AST-Camping-tent3.jpg\" alt=\"\" width=\"1224\" height=\"412\" srcset=\"https:\/\/www.ansenta.com\/wp-content\/uploads\/2026\/01\/AST-Camping-tent3.jpg 1224w, https:\/\/www.ansenta.com\/wp-content\/uploads\/2026\/01\/AST-Camping-tent3-300x101.jpg 300w, https:\/\/www.ansenta.com\/wp-content\/uploads\/2026\/01\/AST-Camping-tent3-1024x345.jpg 1024w, https:\/\/www.ansenta.com\/wp-content\/uploads\/2026\/01\/AST-Camping-tent3-768x259.jpg 768w, https:\/\/www.ansenta.com\/wp-content\/uploads\/2026\/01\/AST-Camping-tent3-18x6.jpg 18w, https:\/\/www.ansenta.com\/wp-content\/uploads\/2026\/01\/AST-Camping-tent3-600x202.jpg 600w\" sizes=\"(max-width: 1224px) 100vw, 1224px\" \/><\/td>\n<\/tr>\n<\/tbody>\n<\/table>\n<table>\n<tbody>\n<tr>\n<td><strong><b>Nome<\/b><\/strong><\/td>\n<td><strong><b>AST-Tenda de dois quartos com tudo inclu\u00eddo<\/b><\/strong><\/td>\n<\/tr>\n<tr>\n<td><strong><b>Modelo<\/b><\/strong><\/td>\n<td><strong><b>Tamanho grande<\/b><\/strong><\/td>\n<\/tr>\n<tr>\n<td><strong><b>Cor<\/b><\/strong><\/td>\n<td><strong><b>Verde fruta\/verde esmeralda<\/b><\/strong><\/td>\n<\/tr>\n<tr>\n<td><strong><b>Dimens\u00f5es desdobradas (cm)<\/b><\/strong><\/td>\n<td><strong><b>420*305*210 cm<\/b><\/strong><\/td>\n<\/tr>\n<tr>\n<td><strong><b>Material<\/b><\/strong><\/td>\n<td><strong><b>Tenda exterior: Tecido Oxford 210D revestido a prata, teste de press\u00e3o de \u00e1gua de 3000 mm<\/b><\/strong><br \/>\n<strong><b>Tenda interior: Tecido Oxford 210D, teste de press\u00e3o de \u00e1gua PU de 1500 mm<\/b><\/strong><br \/>\n<strong><b>Tecido do fundo: Tecido PE 130g, teste de press\u00e3o de \u00e1gua de 8000mm<\/b><\/strong><br \/>\n<strong><b>Postes da tenda: 6 x tubos de ferro de 19 mm + 2 x tubos de ferro de 16 mm + 3 x postes de fibra de 11 mm<\/b><\/strong><\/td>\n<\/tr>\n<tr>\n<td><strong><b>Acess\u00f3rios<\/b><\/strong><\/td>\n<td><strong><b>Um saco de arruma\u00e7\u00e3o, quatro postes de apoio para o foyer, 18 cavilhas para o ch\u00e3o e 10 cordas \u00e0 prova de vento<\/b><\/strong><\/td>\n<\/tr>\n<tr>\n<td><strong><b>Dimens\u00f5es da embalagem<\/b><\/strong><br \/>\n<strong><b>(cm)<\/b><\/strong><\/td>\n<td><strong><b>70*30*30<\/b><\/strong><\/td>\n<\/tr>\n<tr>\n<td><strong><b>Peso<\/b><\/strong><\/td>\n<td><strong><b>18 kg<\/b><\/strong><\/td>\n<\/tr>\n<tr>\n<td><strong><b>Imagens do produto<\/b><\/strong><\/td>\n<td><img decoding=\"async\" class=\"alignnone size-full wp-image-3609\" src=\"https:\/\/www.ansenta.com\/wp-content\/uploads\/2026\/01\/AST-Camping-tent4.jpg\" alt=\"\" width=\"1369\" height=\"1284\" srcset=\"https:\/\/www.ansenta.com\/wp-content\/uploads\/2026\/01\/AST-Camping-tent4.jpg 1369w, https:\/\/www.ansenta.com\/wp-content\/uploads\/2026\/01\/AST-Camping-tent4-300x281.jpg 300w, https:\/\/www.ansenta.com\/wp-content\/uploads\/2026\/01\/AST-Camping-tent4-1024x960.jpg 1024w, https:\/\/www.ansenta.com\/wp-content\/uploads\/2026\/01\/AST-Camping-tent4-768x720.jpg 768w, https:\/\/www.ansenta.com\/wp-content\/uploads\/2026\/01\/AST-Camping-tent4-13x12.jpg 13w, https:\/\/www.ansenta.com\/wp-content\/uploads\/2026\/01\/AST-Camping-tent4-1320x1238.jpg 1320w, https:\/\/www.ansenta.com\/wp-content\/uploads\/2026\/01\/AST-Camping-tent4-600x563.jpg 600w\" sizes=\"(max-width: 1369px) 100vw, 1369px\" \/><\/td>\n<\/tr>\n<\/tbody>\n<\/table>\n<p><span style=\"color: #003300;\"><strong>Descarregar:<\/strong><\/span><br \/>\n<a href=\"https:\/\/www.ansenta.com\/wp-content\/uploads\/2026\/01\/AST-Camping-tent.pdf\">Tenda de campismo AST<\/a><\/p>","protected":false},"excerpt":{"rendered":"<p><span style=\"color: #003300;\"><strong>Marca:<\/strong><\/span>ANSENTA<br \/>\n<span style=\"color: #003300;\"><strong>Origem do produto:<\/strong><\/span>CHINA<br \/>\n<span style=\"color: #003300;\"><strong>Prazo de entrega:<\/strong><\/span>No prazo de 7 dias<br \/>\n<span style=\"color: #003300;\"><strong>Capacidade de fornecimento:<\/strong><\/span>Fornecimento direto da f\u00e1brica<br \/>\n<span style=\"color: #003300;\"><strong>Modelo:<\/strong><\/span>Tenda de campismo AST<br \/>\n<span style=\"color: #003300;\"><strong>Introdu\u00e7\u00e3o:<\/strong><\/span><br \/>\nAs tendas de campismo, enquanto equipamento essencial para acampar ao ar livre, s\u00e3o cruciais para a constru\u00e7\u00e3o de espa\u00e7os de habita\u00e7\u00e3o tempor\u00e1rios e para a prote\u00e7\u00e3o contra perturba\u00e7\u00f5es ambientais naturais. Proporcionam aos campistas uma prote\u00e7\u00e3o b\u00e1sica contra o vento e a chuva, o sol e o calor, e os insectos, garantindo tamb\u00e9m conforto e adaptabilidade a diferentes cen\u00e1rios. Est\u00e3o dispon\u00edveis v\u00e1rios tipos para responder a diferentes necessidades, como o campismo de lazer, as caminhadas e a aventura, o alpinismo e as viagens de carro em fam\u00edlia.<br \/>\n<span style=\"color: #003300;\"><strong>Descarregar:<\/strong><\/span><br \/>\n<a href=\"https:\/\/www.ansenta.com\/wp-content\/uploads\/2026\/01\/AST-Camping-tent.pdf\">Tenda de campismo AST<\/a><\/p>","protected":false},"featured_media":3605,"template":"","meta":{"_uag_custom_page_level_css":"","site-sidebar-layout":"default","site-content-layout":"","ast-site-content-layout":"default","site-content-style":"default","site-sidebar-style":"default","ast-global-header-display":"","ast-banner-title-visibility":"","ast-main-header-display":"","ast-hfb-above-header-display":"","ast-hfb-below-header-display":"","ast-hfb-mobile-header-display":"","site-post-title":"","ast-breadcrumbs-content":"","ast-featured-img":"","footer-sml-layout":"","ast-disable-related-posts":"","theme-transparent-header-meta":"default","adv-header-id-meta":"","stick-header-meta":"default","header-above-stick-meta":"","header-main-stick-meta":"","header-below-stick-meta":"","astra-migrate-meta-layouts":"set","ast-page-background-enabled":"default","ast-page-background-meta":{"desktop":{"background-color":"var(--ast-global-color-4)","background-image":"","background-repeat":"repeat","background-position":"center center","background-size":"auto","background-attachment":"scroll","background-type":"","background-media":"","overlay-type":"","overlay-color":"","overlay-opacity":"","overlay-gradient":""},"tablet":{"background-color":"","background-image":"","background-repeat":"repeat","background-position":"center center","background-size":"auto","background-attachment":"scroll","background-type":"","background-media":"","overlay-type":"","overlay-color":"","overlay-opacity":"","overlay-gradient":""},"mobile":{"background-color":"","background-image":"","background-repeat":"repeat","background-position":"center center","background-size":"auto","background-attachment":"scroll","background-type":"","background-media":"","overlay-type":"","overlay-color":"","overlay-opacity":"","overlay-gradient":""}},"ast-content-background-meta":{"desktop":{"background-color":"var(--ast-global-color-5)","background-image":"","background-repeat":"repeat","background-position":"center center","background-size":"auto","background-attachment":"scroll","background-type":"","background-media":"","overlay-type":"","overlay-color":"","overlay-opacity":"","overlay-gradient":""},"tablet":{"background-color":"var(--ast-global-color-5)","background-image":"","background-repeat":"repeat","background-position":"center center","background-size":"auto","background-attachment":"scroll","background-type":"","background-media":"","overlay-type":"","overlay-color":"","overlay-opacity":"","overlay-gradient":""},"mobile":{"background-color":"var(--ast-global-color-5)","background-image":"","background-repeat":"repeat","background-position":"center center","background-size":"auto","background-attachment":"scroll","background-type":"","background-media":"","overlay-type":"","overlay-color":"","overlay-opacity":"","overlay-gradient":""}}},"product_brand":[],"product_cat":[289],"product_tag":[],"class_list":{"0":"post-3603","1":"product","2":"type-product","3":"status-publish","4":"has-post-thumbnail","6":"product_cat-ast-camping-tent-other-lab-equipments","7":"desktop-align-left","8":"tablet-align-left","9":"mobile-align-left","10":"ast-col-sm-12","11":"ast-article-post","12":"ast-width-md-12","13":"ast-archive-post","14":"ast-product-gallery-layout-horizontal-slider","15":"ast-product-tabs-layout-horizontal","17":"first","18":"instock","19":"shipping-taxable","20":"product-type-simple"},"uagb_featured_image_src":{"full":["https:\/\/www.ansenta.com\/wp-content\/uploads\/2026\/01\/AST-Camping-tent1.jpg",800,800,false],"thumbnail":["https:\/\/www.ansenta.com\/wp-content\/uploads\/2026\/01\/AST-Camping-tent1-150x150.jpg",150,150,true],"medium":["https:\/\/www.ansenta.com\/wp-content\/uploads\/2026\/01\/AST-Camping-tent1-300x300.jpg",300,300,true],"medium_large":["https:\/\/www.ansenta.com\/wp-content\/uploads\/2026\/01\/AST-Camping-tent1-768x768.jpg",768,768,true],"large":["https:\/\/www.ansenta.com\/wp-content\/uploads\/2026\/01\/AST-Camping-tent1.jpg",800,800,false],"1536x1536":["https:\/\/www.ansenta.com\/wp-content\/uploads\/2026\/01\/AST-Camping-tent1.jpg",800,800,false],"2048x2048":["https:\/\/www.ansenta.com\/wp-content\/uploads\/2026\/01\/AST-Camping-tent1.jpg",800,800,false],"trp-custom-language-flag":["https:\/\/www.ansenta.com\/wp-content\/uploads\/2026\/01\/AST-Camping-tent1-12x12.jpg",12,12,true],"mailpoet_newsletter_max":["https:\/\/www.ansenta.com\/wp-content\/uploads\/2026\/01\/AST-Camping-tent1.jpg",800,800,false],"woocommerce_thumbnail":["https:\/\/www.ansenta.com\/wp-content\/uploads\/2026\/01\/AST-Camping-tent1-600x600.jpg",600,600,true],"woocommerce_single":["https:\/\/www.ansenta.com\/wp-content\/uploads\/2026\/01\/AST-Camping-tent1-600x600.jpg",600,600,true],"woocommerce_gallery_thumbnail":["https:\/\/www.ansenta.com\/wp-content\/uploads\/2026\/01\/AST-Camping-tent1-100x100.jpg",100,100,true]},"uagb_author_info":{"display_name":"jinxing6611@gmail.com","author_link":"https:\/\/www.ansenta.com\/pt\/author\/"},"uagb_comment_info":0,"uagb_excerpt":"Brand:ANSENTA Product Origin:CHINA Delivery time:Within 7 days Supply capacity:Factory Direct Supply Model:AST-Camping tent Introduction: Camping tents, as core equipment for outdoor camping, are crucial for building temporary living spaces and protecting against natural environmental disturbances. They provide campers with basic protection from wind and rain, sun and warmth, and insects, while also ensuring comfort and&hellip;","jetpack_sharing_enabled":true,"_links":{"self":[{"href":"https:\/\/www.ansenta.com\/pt\/wp-json\/wp\/v2\/product\/3603","targetHints":{"allow":["GET"]}}],"collection":[{"href":"https:\/\/www.ansenta.com\/pt\/wp-json\/wp\/v2\/product"}],"about":[{"href":"https:\/\/www.ansenta.com\/pt\/wp-json\/wp\/v2\/types\/product"}],"wp:featuredmedia":[{"embeddable":true,"href":"https:\/\/www.ansenta.com\/pt\/wp-json\/wp\/v2\/media\/3605"}],"wp:attachment":[{"href":"https:\/\/www.ansenta.com\/pt\/wp-json\/wp\/v2\/media?parent=3603"}],"wp:term":[{"taxonomy":"product_brand","embeddable":true,"href":"https:\/\/www.ansenta.com\/pt\/wp-json\/wp\/v2\/product_brand?post=3603"},{"taxonomy":"product_cat","embeddable":true,"href":"https:\/\/www.ansenta.com\/pt\/wp-json\/wp\/v2\/product_cat?post=3603"},{"taxonomy":"product_tag","embeddable":true,"href":"https:\/\/www.ansenta.com\/pt\/wp-json\/wp\/v2\/product_tag?post=3603"}],"curies":[{"name":"wp","href":"https:\/\/api.w.org\/{rel}","templated":true}]}}