{"id":3594,"date":"2026-01-17T08:59:16","date_gmt":"2026-01-17T08:59:16","guid":{"rendered":"https:\/\/www.ansenta.com\/?post_type=product&#038;p=3594"},"modified":"2026-01-17T09:15:12","modified_gmt":"2026-01-17T09:15:12","slug":"sly-c-plus-automatic-seed-counter","status":"publish","type":"product","link":"https:\/\/www.ansenta.com\/pt\/produto\/sly-c-plus-automatic-seed-counter\/","title":{"rendered":"Contador de sementes autom\u00e1tico SLY-C Plus"},"content":{"rendered":"<p><strong><b>Introdu\u00e7\u00e3o<\/b><\/strong><br \/>\nIt is also called electronic automatic grain counting instrument, using microcomput- er automatic control, touch buttons, LED display set numbers and actual numbers, widely used in corn, wheat, rice, rape, vegetables and other seeds automatic count- ing grains, large and small seeds are universal, widely used in agricultural science institutes, agricultural colleges, seed companies and food departments in the sorting of seeds, 1000-grain weight measurement, number of seeds and other aspects. The accurate automatic counting function undertakes the complicated work of artificial counting of grains, reduces the work intensity of manual counting of grains by breed- ers, and provides convenience for users.<\/p>\n<p><strong><b>Carater\u00edsticas<\/b><\/strong><\/p>\n<ul>\n<li>Two modes: Free count and bulk count.<\/li>\n<li>The counting speed is adjustable.<\/li>\n<li>High accuracy: Sensitivity levels for different size of particles.<\/li>\n<li>Automatic deceleration: when counting number is close to the seting numbe, the counting speed slow down automatically.<\/li>\n<li>Automatic motor Protection: the motor will stop work once it detects there is no particles on the plate for 60seconds.<\/li>\n<li>User-friendly interface: LCD screen, modeselection, counting time, level and num- ber of particles display clearly.<\/li>\n<li>Widely application: suitable for particles includes but is not limited to: crops seeds, vegetable seeds, feed, diamond, tablet.<\/li>\n<\/ul>\n<p><strong><b>Technical Parameter<\/b><\/strong><\/p>\n<table>\n<tbody>\n<tr>\n<td>Particlelength<\/td>\n<td>1~12mm<\/td>\n<td>Vibration noise<\/td>\n<td>\u2264 70dB<\/td>\n<\/tr>\n<tr>\n<td>Count capacity<\/td>\n<td>1~99999capsules<\/td>\n<td>Countingspeed<\/td>\n<td>\u2265 1000capsules\/3min<\/td>\n<\/tr>\n<tr>\n<td>Counting error<\/td>\n<td>\u00b12\u2030<\/td>\n<td>Continuousworkinghours<\/td>\n<td>\u2265 5h<\/td>\n<\/tr>\n<tr>\n<td>Instrument size<\/td>\n<td>284*210*176mm<\/td>\n<td>Operatingambienttemperature<\/td>\n<td>-10~+50\u2103<\/td>\n<\/tr>\n<\/tbody>\n<\/table>\n<p><span style=\"color: #003300;\"><strong>Descarregar:<\/strong><\/span><br \/>\n<a href=\"https:\/\/www.ansenta.com\/wp-content\/uploads\/2026\/01\/AUTOMATIC-SEED-COUNTER.pdf\">AUTOMATIC SEED COUNTER<\/a><\/p>","protected":false},"excerpt":{"rendered":"<p><span style=\"color: #003300;\"><strong>Marca:<\/strong><\/span>ANSENTA<br \/>\n<span style=\"color: #003300;\"><strong>Origem do produto:<\/strong><\/span>CHINA<br \/>\n<span style=\"color: #003300;\"><strong>Prazo de entrega:<\/strong><\/span>No prazo de 7 dias<br \/>\n<span style=\"color: #003300;\"><strong>Capacidade de fornecimento:<\/strong><\/span>Fornecimento direto da f\u00e1brica<br \/>\n<span style=\"color: #003300;\"><strong>Modelo:<\/strong><\/span>Contador de sementes autom\u00e1tico SLY-C Plus<br \/>\n<span style=\"color: #003300;\"><strong>Introdu\u00e7\u00e3o:<\/strong><\/span><br \/>\nIt is also called electronic automatic grain counting instrument, using microcomput- er automatic control, touch buttons, LED display set numbers and actual numbers, widely used in corn, wheat, rice, rape, vegetables and other seeds automatic count- ing grains, large and small seeds are universal, widely used in agricultural science institutes, agricultural colleges, seed companies and food departments in the sorting of seeds, 1000-grain weight measurement, number of seeds and other aspects. The accurate automatic counting function undertakes the complicated work of artificial counting of grains, reduces the work intensity of manual counting of grains by breed- ers, and provides convenience for users.<br \/>\n<span style=\"color: #003300;\"><strong>Descarregar:<\/strong><\/span><br \/>\n<a href=\"https:\/\/www.ansenta.com\/wp-content\/uploads\/2026\/01\/AUTOMATIC-SEED-COUNTER.pdf\">AUTOMATIC SEED COUNTER<\/a><\/p>","protected":false},"featured_media":3595,"template":"","meta":{"_uag_custom_page_level_css":"","site-sidebar-layout":"default","site-content-layout":"","ast-site-content-layout":"default","site-content-style":"default","site-sidebar-style":"default","ast-global-header-display":"","ast-banner-title-visibility":"","ast-main-header-display":"","ast-hfb-above-header-display":"","ast-hfb-below-header-display":"","ast-hfb-mobile-header-display":"","site-post-title":"","ast-breadcrumbs-content":"","ast-featured-img":"","footer-sml-layout":"","ast-disable-related-posts":"","theme-transparent-header-meta":"default","adv-header-id-meta":"","stick-header-meta":"default","header-above-stick-meta":"","header-main-stick-meta":"","header-below-stick-meta":"","astra-migrate-meta-layouts":"set","ast-page-background-enabled":"default","ast-page-background-meta":{"desktop":{"background-color":"var(--ast-global-color-4)","background-image":"","background-repeat":"repeat","background-position":"center center","background-size":"auto","background-attachment":"scroll","background-type":"","background-media":"","overlay-type":"","overlay-color":"","overlay-opacity":"","overlay-gradient":""},"tablet":{"background-color":"","background-image":"","background-repeat":"repeat","background-position":"center center","background-size":"auto","background-attachment":"scroll","background-type":"","background-media":"","overlay-type":"","overlay-color":"","overlay-opacity":"","overlay-gradient":""},"mobile":{"background-color":"","background-image":"","background-repeat":"repeat","background-position":"center center","background-size":"auto","background-attachment":"scroll","background-type":"","background-media":"","overlay-type":"","overlay-color":"","overlay-opacity":"","overlay-gradient":""}},"ast-content-background-meta":{"desktop":{"background-color":"var(--ast-global-color-5)","background-image":"","background-repeat":"repeat","background-position":"center center","background-size":"auto","background-attachment":"scroll","background-type":"","background-media":"","overlay-type":"","overlay-color":"","overlay-opacity":"","overlay-gradient":""},"tablet":{"background-color":"var(--ast-global-color-5)","background-image":"","background-repeat":"repeat","background-position":"center center","background-size":"auto","background-attachment":"scroll","background-type":"","background-media":"","overlay-type":"","overlay-color":"","overlay-opacity":"","overlay-gradient":""},"mobile":{"background-color":"var(--ast-global-color-5)","background-image":"","background-repeat":"repeat","background-position":"center center","background-size":"auto","background-attachment":"scroll","background-type":"","background-media":"","overlay-type":"","overlay-color":"","overlay-opacity":"","overlay-gradient":""}}},"product_brand":[],"product_cat":[170],"product_tag":[],"class_list":{"0":"post-3594","1":"product","2":"type-product","3":"status-publish","4":"has-post-thumbnail","6":"product_cat-plant-photosynthesis-meter","7":"desktop-align-left","8":"tablet-align-left","9":"mobile-align-left","10":"ast-col-sm-12","11":"ast-article-post","12":"ast-width-md-12","13":"ast-archive-post","14":"ast-product-gallery-layout-horizontal-slider","15":"ast-product-gallery-with-no-image","16":"ast-product-tabs-layout-horizontal","18":"first","19":"instock","20":"shipping-taxable","21":"product-type-simple"},"uagb_featured_image_src":{"full":["https:\/\/www.ansenta.com\/wp-content\/uploads\/2026\/01\/SLY-C-Plus-automatic-Seed-Counter1.png",630,630,false],"thumbnail":["https:\/\/www.ansenta.com\/wp-content\/uploads\/2026\/01\/SLY-C-Plus-automatic-Seed-Counter1-150x150.png",150,150,true],"medium":["https:\/\/www.ansenta.com\/wp-content\/uploads\/2026\/01\/SLY-C-Plus-automatic-Seed-Counter1-300x300.png",300,300,true],"medium_large":["https:\/\/www.ansenta.com\/wp-content\/uploads\/2026\/01\/SLY-C-Plus-automatic-Seed-Counter1.png",630,630,false],"large":["https:\/\/www.ansenta.com\/wp-content\/uploads\/2026\/01\/SLY-C-Plus-automatic-Seed-Counter1.png",630,630,false],"1536x1536":["https:\/\/www.ansenta.com\/wp-content\/uploads\/2026\/01\/SLY-C-Plus-automatic-Seed-Counter1.png",630,630,false],"2048x2048":["https:\/\/www.ansenta.com\/wp-content\/uploads\/2026\/01\/SLY-C-Plus-automatic-Seed-Counter1.png",630,630,false],"trp-custom-language-flag":["https:\/\/www.ansenta.com\/wp-content\/uploads\/2026\/01\/SLY-C-Plus-automatic-Seed-Counter1-12x12.png",12,12,true],"mailpoet_newsletter_max":["https:\/\/www.ansenta.com\/wp-content\/uploads\/2026\/01\/SLY-C-Plus-automatic-Seed-Counter1.png",630,630,false],"woocommerce_thumbnail":["https:\/\/www.ansenta.com\/wp-content\/uploads\/2026\/01\/SLY-C-Plus-automatic-Seed-Counter1-600x600.png",600,600,true],"woocommerce_single":["https:\/\/www.ansenta.com\/wp-content\/uploads\/2026\/01\/SLY-C-Plus-automatic-Seed-Counter1-600x600.png",600,600,true],"woocommerce_gallery_thumbnail":["https:\/\/www.ansenta.com\/wp-content\/uploads\/2026\/01\/SLY-C-Plus-automatic-Seed-Counter1-100x100.png",100,100,true]},"uagb_author_info":{"display_name":"jinxing6611@gmail.com","author_link":"https:\/\/www.ansenta.com\/pt\/author\/"},"uagb_comment_info":0,"uagb_excerpt":"Brand:ANSENTA Product Origin:CHINA Delivery time:Within 7 days Supply capacity:Factory Direct Supply Model:SLY-C Plus automatic Seed Counter Introduction: It is also called electronic automatic grain counting instrument, using microcomput- er automatic control, touch buttons, LED display set numbers and actual numbers, widely used in corn, wheat, rice, rape, vegetables and other seeds automatic count- ing grains,&hellip;","jetpack_sharing_enabled":true,"_links":{"self":[{"href":"https:\/\/www.ansenta.com\/pt\/wp-json\/wp\/v2\/product\/3594","targetHints":{"allow":["GET"]}}],"collection":[{"href":"https:\/\/www.ansenta.com\/pt\/wp-json\/wp\/v2\/product"}],"about":[{"href":"https:\/\/www.ansenta.com\/pt\/wp-json\/wp\/v2\/types\/product"}],"wp:featuredmedia":[{"embeddable":true,"href":"https:\/\/www.ansenta.com\/pt\/wp-json\/wp\/v2\/media\/3595"}],"wp:attachment":[{"href":"https:\/\/www.ansenta.com\/pt\/wp-json\/wp\/v2\/media?parent=3594"}],"wp:term":[{"taxonomy":"product_brand","embeddable":true,"href":"https:\/\/www.ansenta.com\/pt\/wp-json\/wp\/v2\/product_brand?post=3594"},{"taxonomy":"product_cat","embeddable":true,"href":"https:\/\/www.ansenta.com\/pt\/wp-json\/wp\/v2\/product_cat?post=3594"},{"taxonomy":"product_tag","embeddable":true,"href":"https:\/\/www.ansenta.com\/pt\/wp-json\/wp\/v2\/product_tag?post=3594"}],"curies":[{"name":"wp","href":"https:\/\/api.w.org\/{rel}","templated":true}]}}