{"id":3588,"date":"2026-01-14T12:07:49","date_gmt":"2026-01-14T12:07:49","guid":{"rendered":"https:\/\/www.ansenta.com\/?post_type=product&#038;p=3588"},"modified":"2026-01-14T12:07:49","modified_gmt":"2026-01-14T12:07:49","slug":"ultrasonic-cleaner-ctuw-y06-160-lcd-series","status":"publish","type":"product","link":"https:\/\/www.ansenta.com\/pt\/produto\/ultrasonic-cleaner-ctuw-y06-160-lcd-series\/","title":{"rendered":"M\u00e1quina de limpeza por ultra-sons CTUW-Y06-160 S\u00e9rie LCD"},"content":{"rendered":"<p><strong>Main Technical Parameter:<\/strong><\/p>\n<p>Model: CTUW-Y06-160<br \/>\nVolume: 6L<br \/>\nDimensions: 320\u00d7175\u00d7340 mm<br \/>\nInner Tank Dimensions: 300\u00d7150\u00d7150<br \/>\nmm Ultrasonic Frequency: 40KHz<br \/>\nUltrasonic Power: 160W<br \/>\nUltrasonic Power Adjustment Range: 1%~100% adjustable<br \/>\nHeating Power: 400W<br \/>\nWater Heating Temperature Range: Room temperature~80\u2103 adjustable<br \/>\nWorking Time: 1~9999min adjustable<br \/>\nPower Supply: 220V 50Hz<br \/>\nOther Configurations: Soundproof cover, stainless steel mesh basket, manual inlet and outlet valve<\/p>\n<p><strong>Main Features:<\/strong><\/p>\n<p>LCD Screen:<\/p>\n<p>LCD screen, button operation; large screen Chinese display, comprehensively displays working parameters such as frequency, power, temperature, and time.<br \/>\nUltrasonic power is adjustable from 10-100%, can be set for 1-9999 minutes or continuous operation, and the heating temperature can be set from room temperature to 80\u00b0C.<br \/>\nData storage function allows for easy retrieval of saved working parameters.<br \/>\nUses imported components, stable frequency output, powerful power, and low failure rate.<\/p>\n<p><strong>High-Quality Materials:<\/strong><\/p>\n<p>The cleaning machine shell and inner tank are all made of 304 stainless steel, and the inner tank is integrally stamped and formed.<br \/>\nStandard configuration includes a mesh basket and soundproof cover, all made of 304 stainless steel.<br \/>\nThe bottom is equipped with a drain valve, using a 304 stainless steel ball valve for good sealing and durability.<br \/>\nThe equipment has carrying handles on both sides for easy movement and transportation.<\/p>\n<p><strong>Clean Cleaning:<\/strong><\/p>\n<p>Industrial-grade ultrasonic circuit design ensures continuous long-term operation.<br \/>\nSelf-excited automatic frequency sweeping function, automatic frequency tracking, uniform ultrasonic distribution, and high cleaning efficiency.<br \/>\nThe ultrasonic generator has a power compensation function, ensuring uniform ultrasonic output and good cleaning effect.<br \/>\nCeramic chip water heating system, automatic detection of machine body temperature, uniform, accurate, and stable heating temperature.<br \/>\nEquipped with rapid degassing technology to enhance cleaning efficiency and reduce working noise.<\/p>\n<p><strong>Safety Protection:<\/strong><\/p>\n<p>Ultrasonic power soft start, with short-circuit protection, leakage protection, and overload protection functions.<br \/>\nDisplays cumulative working time and provides over-temperature, over-voltage, over-current, and fault buzzer alarms.<\/p>\n<p><span style=\"color: #003300;\"><strong>Descarregar:<\/strong><\/span><br \/>\n<a href=\"https:\/\/www.ansenta.com\/wp-content\/uploads\/2026\/01\/CTUW-Y06-160-LCD-Series-Ultrasonic-Cleaning-Machine.pdf\">M\u00e1quina de limpeza por ultra-sons da s\u00e9rie LCD CTUW-Y06-160<\/a><\/p>","protected":false},"excerpt":{"rendered":"<p><span style=\"color: #003300;\"><strong>Marca:<\/strong><\/span>ANSENTA<br \/>\n<span style=\"color: #003300;\"><strong>Origem do produto:<\/strong><\/span>CHINA<br \/>\n<span style=\"color: #003300;\"><strong>Prazo de entrega:<\/strong><\/span>No prazo de 7 dias<br \/>\n<span style=\"color: #003300;\"><strong>Capacidade de fornecimento:<\/strong><\/span>Fornecimento direto da f\u00e1brica<br \/>\n<span style=\"color: #003300;\"><strong>Modelo:<\/strong><\/span> M\u00e1quina de limpeza por ultra-sons CTUW-Y06-160 S\u00e9rie LCD<br \/>\n<span style=\"color: #003300;\"><strong>Introdu\u00e7\u00e3o:<\/strong><\/span><br \/>\nO aparelho de limpeza por ultra-sons \u00e9 um equipamento de limpeza n\u00e3o poluente, n\u00e3o prejudicial e polivalente. N\u00e3o s\u00f3 tem um efeito de limpeza poderoso em objectos com formas complexas, como tamb\u00e9m acelera a dissolu\u00e7\u00e3o e a emulsifica\u00e7\u00e3o. A m\u00e1quina de limpeza por ultra-sons tem as vantagens incompar\u00e1veis de outras limpezas f\u00edsicas ou qu\u00edmicas e \u00e9 amplamente utilizada na ind\u00fastria de servi\u00e7os, na ind\u00fastria eletr\u00f3nica, em laborat\u00f3rios, na ind\u00fastria de maquinaria, na ind\u00fastria de carboneto cimentado, na ind\u00fastria qu\u00edmica e noutros dom\u00ednios<br \/>\n<span style=\"color: #003300;\"><strong>Descarregar:<\/strong><\/span><br \/>\n<a href=\"https:\/\/www.ansenta.com\/wp-content\/uploads\/2026\/01\/CTUW-Y06-160-LCD-Series-Ultrasonic-Cleaning-Machine.pdf\">M\u00e1quina de limpeza por ultra-sons da s\u00e9rie LCD CTUW-Y06-160<\/a><\/p>","protected":false},"featured_media":3589,"template":"","meta":{"_uag_custom_page_level_css":"","site-sidebar-layout":"default","site-content-layout":"","ast-site-content-layout":"default","site-content-style":"default","site-sidebar-style":"default","ast-global-header-display":"","ast-banner-title-visibility":"","ast-main-header-display":"","ast-hfb-above-header-display":"","ast-hfb-below-header-display":"","ast-hfb-mobile-header-display":"","site-post-title":"","ast-breadcrumbs-content":"","ast-featured-img":"","footer-sml-layout":"","ast-disable-related-posts":"","theme-transparent-header-meta":"default","adv-header-id-meta":"","stick-header-meta":"default","header-above-stick-meta":"","header-main-stick-meta":"","header-below-stick-meta":"","astra-migrate-meta-layouts":"set","ast-page-background-enabled":"default","ast-page-background-meta":{"desktop":{"background-color":"var(--ast-global-color-4)","background-image":"","background-repeat":"repeat","background-position":"center center","background-size":"auto","background-attachment":"scroll","background-type":"","background-media":"","overlay-type":"","overlay-color":"","overlay-opacity":"","overlay-gradient":""},"tablet":{"background-color":"","background-image":"","background-repeat":"repeat","background-position":"center center","background-size":"auto","background-attachment":"scroll","background-type":"","background-media":"","overlay-type":"","overlay-color":"","overlay-opacity":"","overlay-gradient":""},"mobile":{"background-color":"","background-image":"","background-repeat":"repeat","background-position":"center center","background-size":"auto","background-attachment":"scroll","background-type":"","background-media":"","overlay-type":"","overlay-color":"","overlay-opacity":"","overlay-gradient":""}},"ast-content-background-meta":{"desktop":{"background-color":"var(--ast-global-color-5)","background-image":"","background-repeat":"repeat","background-position":"center center","background-size":"auto","background-attachment":"scroll","background-type":"","background-media":"","overlay-type":"","overlay-color":"","overlay-opacity":"","overlay-gradient":""},"tablet":{"background-color":"var(--ast-global-color-5)","background-image":"","background-repeat":"repeat","background-position":"center center","background-size":"auto","background-attachment":"scroll","background-type":"","background-media":"","overlay-type":"","overlay-color":"","overlay-opacity":"","overlay-gradient":""},"mobile":{"background-color":"var(--ast-global-color-5)","background-image":"","background-repeat":"repeat","background-position":"center center","background-size":"auto","background-attachment":"scroll","background-type":"","background-media":"","overlay-type":"","overlay-color":"","overlay-opacity":"","overlay-gradient":""}}},"product_brand":[],"product_cat":[271],"product_tag":[],"class_list":{"0":"post-3588","1":"product","2":"type-product","3":"status-publish","4":"has-post-thumbnail","6":"product_cat-ultrasonic-cleaner","7":"desktop-align-left","8":"tablet-align-left","9":"mobile-align-left","10":"ast-col-sm-12","11":"ast-article-post","12":"ast-width-md-12","13":"ast-archive-post","14":"ast-product-gallery-layout-horizontal-slider","15":"ast-product-gallery-with-no-image","16":"ast-product-tabs-layout-horizontal","18":"first","19":"instock","20":"shipping-taxable","21":"product-type-simple"},"uagb_featured_image_src":{"full":["https:\/\/www.ansenta.com\/wp-content\/uploads\/2026\/01\/Ultrasonic-Cleaner-CTUW-Y06-160-LCD-Series.jpg",1024,1024,false],"thumbnail":["https:\/\/www.ansenta.com\/wp-content\/uploads\/2026\/01\/Ultrasonic-Cleaner-CTUW-Y06-160-LCD-Series-150x150.jpg",150,150,true],"medium":["https:\/\/www.ansenta.com\/wp-content\/uploads\/2026\/01\/Ultrasonic-Cleaner-CTUW-Y06-160-LCD-Series-300x300.jpg",300,300,true],"medium_large":["https:\/\/www.ansenta.com\/wp-content\/uploads\/2026\/01\/Ultrasonic-Cleaner-CTUW-Y06-160-LCD-Series-768x768.jpg",768,768,true],"large":["https:\/\/www.ansenta.com\/wp-content\/uploads\/2026\/01\/Ultrasonic-Cleaner-CTUW-Y06-160-LCD-Series.jpg",1024,1024,false],"1536x1536":["https:\/\/www.ansenta.com\/wp-content\/uploads\/2026\/01\/Ultrasonic-Cleaner-CTUW-Y06-160-LCD-Series.jpg",1024,1024,false],"2048x2048":["https:\/\/www.ansenta.com\/wp-content\/uploads\/2026\/01\/Ultrasonic-Cleaner-CTUW-Y06-160-LCD-Series.jpg",1024,1024,false],"trp-custom-language-flag":["https:\/\/www.ansenta.com\/wp-content\/uploads\/2026\/01\/Ultrasonic-Cleaner-CTUW-Y06-160-LCD-Series-12x12.jpg",12,12,true],"mailpoet_newsletter_max":["https:\/\/www.ansenta.com\/wp-content\/uploads\/2026\/01\/Ultrasonic-Cleaner-CTUW-Y06-160-LCD-Series.jpg",1024,1024,false],"woocommerce_thumbnail":["https:\/\/www.ansenta.com\/wp-content\/uploads\/2026\/01\/Ultrasonic-Cleaner-CTUW-Y06-160-LCD-Series-600x600.jpg",600,600,true],"woocommerce_single":["https:\/\/www.ansenta.com\/wp-content\/uploads\/2026\/01\/Ultrasonic-Cleaner-CTUW-Y06-160-LCD-Series-600x600.jpg",600,600,true],"woocommerce_gallery_thumbnail":["https:\/\/www.ansenta.com\/wp-content\/uploads\/2026\/01\/Ultrasonic-Cleaner-CTUW-Y06-160-LCD-Series-100x100.jpg",100,100,true]},"uagb_author_info":{"display_name":"jinxing6611@gmail.com","author_link":"https:\/\/www.ansenta.com\/pt\/author\/"},"uagb_comment_info":0,"uagb_excerpt":"Brand:ANSENTA Product Origin:CHINA Delivery time:Within 7 days Supply capacity:Factory Direct Supply Model: Ultrasonic Cleaner CTUW-Y06-160 LCD Series Introduction: Ultrasonic cleaner is a non-polluting, non-damaging, multi-purpose cleaning equipment. It not only has a powerful cleaning effect on objects with complex shapes, but also accelerates dissolution and emulsification. Ultrasonic cleaner has the unparalleled advantages of other physical&hellip;","jetpack_sharing_enabled":true,"_links":{"self":[{"href":"https:\/\/www.ansenta.com\/pt\/wp-json\/wp\/v2\/product\/3588","targetHints":{"allow":["GET"]}}],"collection":[{"href":"https:\/\/www.ansenta.com\/pt\/wp-json\/wp\/v2\/product"}],"about":[{"href":"https:\/\/www.ansenta.com\/pt\/wp-json\/wp\/v2\/types\/product"}],"wp:featuredmedia":[{"embeddable":true,"href":"https:\/\/www.ansenta.com\/pt\/wp-json\/wp\/v2\/media\/3589"}],"wp:attachment":[{"href":"https:\/\/www.ansenta.com\/pt\/wp-json\/wp\/v2\/media?parent=3588"}],"wp:term":[{"taxonomy":"product_brand","embeddable":true,"href":"https:\/\/www.ansenta.com\/pt\/wp-json\/wp\/v2\/product_brand?post=3588"},{"taxonomy":"product_cat","embeddable":true,"href":"https:\/\/www.ansenta.com\/pt\/wp-json\/wp\/v2\/product_cat?post=3588"},{"taxonomy":"product_tag","embeddable":true,"href":"https:\/\/www.ansenta.com\/pt\/wp-json\/wp\/v2\/product_tag?post=3588"}],"curies":[{"name":"wp","href":"https:\/\/api.w.org\/{rel}","templated":true}]}}