{"id":3576,"date":"2026-01-10T09:17:43","date_gmt":"2026-01-10T09:17:43","guid":{"rendered":"https:\/\/www.ansenta.com\/?post_type=product&#038;p=3576"},"modified":"2026-01-10T10:39:09","modified_gmt":"2026-01-10T10:39:09","slug":"lk-led-500-model-led-surgical-shadowless-lamp-mobile-type","status":"publish","type":"product","link":"https:\/\/www.ansenta.com\/pt\/produto\/lk-led-500-model-led-surgical-shadowless-lamp-mobile-type\/","title":{"rendered":"Modelo LK\/LED-500 L\u00e2mpada cir\u00fargica LED sem sombras (tipo m\u00f3vel)"},"content":{"rendered":"<p><strong><b>1. vida \u00fatil ultra-longa:<\/b><\/strong><br \/>\nUtilizing a new LED cold light source, the lifespan can reach over 60,000 hours, eliminating the need for bulb replacement. This surpasses traditional halogen lamps and meets energy-saving and environmental protection requirements.<br \/>\n<strong><b>2. efeito de luz fria perfeito:<\/b><\/strong><br \/>\nThe new LED cold light source has no ultraviolet or infrared rays in its spectrum, resulting in no heat or radiation. The temperature rise in the doctor&#8217;s head and wound area is \u22641\u2103, with virtually no temperature increase.<br \/>\n<strong><b>3.Ideal design meeting purification requirements:<\/b><\/strong><br \/>\nThe fully enclosed, streamlined lamp head design conforms to aerodynamic principles, completely eliminating dead zones in the airflow of purified air, meeting the high-standard laminar flow requirements of modern operating rooms, and contributing to the sterile environment of the operating room.<br \/>\nThe lamp housing is made of aluminum alloy for efficient heat dissipation, and the surface is treated with environmentally friendly powder coating.<br \/>\n<strong><b>4. design de interface de f\u00e1cil utiliza\u00e7\u00e3o:<\/b><\/strong><br \/>\nThe lighting brightness can be adjusted according to the hospital&#8217;s needs for different surgical procedures. A new LED touch LCD control panel is available as an option, allowing for control of lighting on\/off, brightness, color temperature, and brightness modes.<br \/>\n<strong><b>5. ilumina\u00e7\u00e3o profunda superior e efeito perfeito sem sombras:<\/b><\/strong><br \/>\nThe overall design of the LED lamp head focuses the light beam into a high-brightness, uniform light column, ensuring a soft and even deep illumination effect, meeting the surgical requirements for high brightness and depth of illumination.<br \/>\n<strong><b>6. fun\u00e7\u00e3o de temperatura de cor ajust\u00e1vel:<\/b><\/strong><br \/>\nThe LK\/LED-500 surgical shadowless lamp has six adjustable color temperature settings from 3000 to 6700K, allowing for more accurate diagnosis and preventing eye fatigue for medical personnel during long working hours.<br \/>\n<strong><b>7.Ingenious focusing system:<\/b><\/strong><br \/>\nIt features manual focusing technology, which is simple and easy to operate, overcoming the technical difficulties in focusing LED surgical shadowless lamps and achieving stepless focusing. The detachable handle can be sterilized at high temperatures (\u2264134\u2103).<br \/>\n<strong><b>8.Excellent flexibility:<\/b><\/strong><br \/>\nThe base uses four-wheel support, with added steel plates at the bottom for increased weight. Advanced lockable casters are used, allowing for easy movement and convenient fixing in any position.<br \/>\n<strong><b>9. Bright and Uniform Illumination:<\/b><\/strong><br \/>\nThe light beam emitted by the LED light source is focused through specially designed high-performance lenses to create a light field in the surgical area that meets the requirements for surgical illumination; the maximum illuminance can reach 160,000 LUX. The brightness of the LEDs is digitally and continuously adjustable, and the illuminance of each lamp head can be adjusted independently.<br \/>\n<strong><b>10. taxa de falha extremamente baixa:<\/b><\/strong><br \/>\nEach LED module contains 6-10 LED beads, and each module has an independent electronic control system. The lamp head has a very low failure rate, and the failure of a single LED will not affect the function of the lamp head.<br \/>\n<strong><b>11.Optional Built-in Battery:<\/b><\/strong><br \/>\nAutomatically switches over in case of power failure, meeting the surgical lighting needs anytime, anywhere.<br \/>\n<strong><b>12. par\u00e2metros t\u00e9cnicos:<\/b><\/strong><\/p>\n<table>\n<tbody>\n<tr>\n<td width=\"326\">Modelo<\/td>\n<td width=\"572\">LK\/LED-500 Model<\/td>\n<\/tr>\n<tr>\n<td width=\"326\">Number of LED bulbs<\/td>\n<td width=\"572\">48 LEDs<\/td>\n<\/tr>\n<tr>\n<td width=\"326\">Ilumin\u00e2ncia (Lux)<\/td>\n<td width=\"572\">40000\u2014160000 lux<\/td>\n<\/tr>\n<tr>\n<td width=\"326\">Temperatura de cor (K)<\/td>\n<td width=\"572\">3000\u20146700K adjustable<\/td>\n<\/tr>\n<tr>\n<td width=\"326\">Spot Diameter (mm)<\/td>\n<td width=\"572\">160-280<\/td>\n<\/tr>\n<tr>\n<td width=\"326\">Sistema de escurecimento<\/td>\n<td width=\"572\">Sistema de regula\u00e7\u00e3o gradual da intensidade luminosa<\/td>\n<\/tr>\n<tr>\n<td width=\"326\">\u00cdndice de restitui\u00e7\u00e3o de cor (CRI)<\/td>\n<td width=\"572\">\u226596<\/td>\n<\/tr>\n<tr>\n<td width=\"326\">Temperature rise at the surgeon&#8217;s head (\u00b0C)<\/td>\n<td width=\"572\">\u22641<\/td>\n<\/tr>\n<tr>\n<td width=\"326\">Temperature rise in the surgical field (\u00b0C)<\/td>\n<td width=\"572\">\u22642<\/td>\n<\/tr>\n<tr>\n<td width=\"326\">\u00cdndice de restitui\u00e7\u00e3o de cor (CRI)<\/td>\n<td width=\"572\">\u226596<\/td>\n<\/tr>\n<tr>\n<td width=\"326\">\u00cdndice de reprodu\u00e7\u00e3o de cores<\/td>\n<td width=\"572\">\u226597<\/td>\n<\/tr>\n<tr>\n<td width=\"326\">Profundidade de ilumina\u00e7\u00e3o (mm)<\/td>\n<td width=\"572\">\u2265600<\/td>\n<\/tr>\n<tr>\n<td width=\"326\">Tens\u00e3o da fonte de alimenta\u00e7\u00e3o<\/td>\n<td width=\"572\">220V\/50Hz<\/td>\n<\/tr>\n<tr>\n<td width=\"326\">Input Power (VA)<\/td>\n<td width=\"572\">400<\/td>\n<\/tr>\n<tr>\n<td width=\"326\">Altura m\u00ednima\/\u00f3tima de instala\u00e7\u00e3o<\/td>\n<td width=\"572\">2.5 meters\/3 meters<\/td>\n<\/tr>\n<\/tbody>\n<\/table>\n<p style=\"text-align: center;\"><strong><b>LK\/LED-500 LED Surgical Shadowless Lamp (Mobile Type)<\/b><\/strong><br \/>\n<strong><b>Lista de configura\u00e7\u00e3o (por unidade)<\/b><\/strong><\/p>\n<table>\n<tbody>\n<tr>\n<td>N\u00famero de s\u00e9rie<\/td>\n<td>Nome do acess\u00f3rio<\/td>\n<td>Quantidade<\/td>\n<td>Unidade<\/td>\n<td>Observa\u00e7\u00e3o<\/td>\n<\/tr>\n<tr>\n<td>1<\/td>\n<td>500 lamp heads<\/td>\n<td>1<\/td>\n<td>definir<\/td>\n<td><\/td>\n<\/tr>\n<tr>\n<td>2<\/td>\n<td>Lamp body column<\/td>\n<td>1<\/td>\n<td>definir<\/td>\n<td><\/td>\n<\/tr>\n<tr>\n<td>3<\/td>\n<td>Support base<\/td>\n<td>1<\/td>\n<td>definir<\/td>\n<td><\/td>\n<\/tr>\n<tr>\n<td>4<\/td>\n<td>(with braking casters)<\/td>\n<td>2<\/td>\n<td>piece<\/td>\n<td>One standard unit and one spare unit.<\/td>\n<\/tr>\n<tr>\n<td>5<\/td>\n<td>Punho de desinfe\u00e7\u00e3o<\/td>\n<td>1<\/td>\n<td>definir<\/td>\n<td>500 lamp heads with 48 LED beads each.<\/td>\n<\/tr>\n<tr>\n<td>6<\/td>\n<td>LED light group<\/td>\n<td>1<\/td>\n<td>definir<\/td>\n<td><\/td>\n<\/tr>\n<tr>\n<td>7<\/td>\n<td>Bra\u00e7o de equil\u00edbrio<\/td>\n<td>1<\/td>\n<td>definir<\/td>\n<td><\/td>\n<\/tr>\n<tr>\n<td>8<\/td>\n<td>Power supply and switch assembly<\/td>\n<td>1<\/td>\n<td>definir<\/td>\n<td><\/td>\n<\/tr>\n<tr>\n<td>9<\/td>\n<td>Ferramentas inclu\u00eddas com a l\u00e2mpada<\/td>\n<td>1<\/td>\n<td>definir<\/td>\n<td><\/td>\n<\/tr>\n<tr>\n<td>10<\/td>\n<td>Product certificate\/warranty card<\/td>\n<td>1<\/td>\n<td>definir<\/td>\n<td><\/td>\n<\/tr>\n<\/tbody>\n<\/table>\n<p><span style=\"color: #003300;\"><strong>Descarregar:<\/strong><\/span><br \/>\n<a href=\"https:\/\/www.ansenta.com\/wp-content\/uploads\/2026\/01\/LKLED-500-Model-LED-Surgical-Shadowless-Lamp-Mobile-Type.docx\">LKLED-500 Model LED Surgical Shadowless Lamp<\/a><\/p>","protected":false},"excerpt":{"rendered":"<p><span style=\"color: #003300;\"><strong>Marca:<\/strong><\/span>ANSENTA<br \/>\n<span style=\"color: #003300;\"><strong>Origem do produto:<\/strong><\/span>CHINA<br \/>\n<span style=\"color: #003300;\"><strong>Prazo de entrega:<\/strong><\/span>No prazo de 7 dias<br \/>\n<span style=\"color: #003300;\"><strong>Capacidade de fornecimento:<\/strong><\/span>Fornecimento direto da f\u00e1brica<br \/>\n<span style=\"color: #003300;\"><strong>Modelo:<\/strong><\/span>Modelo LK\/LED-500 L\u00e2mpada cir\u00fargica LED sem sombras (tipo m\u00f3vel)<br \/>\n<span style=\"color: #003300;\"><strong>Introdu\u00e7\u00e3o:<\/strong><\/span><br \/>\nA L\u00e2mpada cir\u00fargica sem sombras \u00e9 uma solu\u00e7\u00e3o de ilumina\u00e7\u00e3o concebida com precis\u00e3o para proporcionar uma ilumina\u00e7\u00e3o brilhante e sem sombras nas salas de opera\u00e7\u00f5es.<br \/>\n<span style=\"color: #003300;\"><strong>Descarregar:<\/strong><\/span><br \/>\n<a href=\"https:\/\/www.ansenta.com\/wp-content\/uploads\/2026\/01\/LKLED-500-Model-LED-Surgical-Shadowless-Lamp-Mobile-Type.docx\">LKLED-500 Model LED Surgical Shadowless Lamp<\/a><\/p>","protected":false},"featured_media":3577,"template":"","meta":{"_uag_custom_page_level_css":"","site-sidebar-layout":"default","site-content-layout":"","ast-site-content-layout":"default","site-content-style":"default","site-sidebar-style":"default","ast-global-header-display":"","ast-banner-title-visibility":"","ast-main-header-display":"","ast-hfb-above-header-display":"","ast-hfb-below-header-display":"","ast-hfb-mobile-header-display":"","site-post-title":"","ast-breadcrumbs-content":"","ast-featured-img":"","footer-sml-layout":"","ast-disable-related-posts":"","theme-transparent-header-meta":"default","adv-header-id-meta":"","stick-header-meta":"default","header-above-stick-meta":"","header-main-stick-meta":"","header-below-stick-meta":"","astra-migrate-meta-layouts":"set","ast-page-background-enabled":"default","ast-page-background-meta":{"desktop":{"background-color":"var(--ast-global-color-4)","background-image":"","background-repeat":"repeat","background-position":"center center","background-size":"auto","background-attachment":"scroll","background-type":"","background-media":"","overlay-type":"","overlay-color":"","overlay-opacity":"","overlay-gradient":""},"tablet":{"background-color":"","background-image":"","background-repeat":"repeat","background-position":"center center","background-size":"auto","background-attachment":"scroll","background-type":"","background-media":"","overlay-type":"","overlay-color":"","overlay-opacity":"","overlay-gradient":""},"mobile":{"background-color":"","background-image":"","background-repeat":"repeat","background-position":"center center","background-size":"auto","background-attachment":"scroll","background-type":"","background-media":"","overlay-type":"","overlay-color":"","overlay-opacity":"","overlay-gradient":""}},"ast-content-background-meta":{"desktop":{"background-color":"var(--ast-global-color-5)","background-image":"","background-repeat":"repeat","background-position":"center center","background-size":"auto","background-attachment":"scroll","background-type":"","background-media":"","overlay-type":"","overlay-color":"","overlay-opacity":"","overlay-gradient":""},"tablet":{"background-color":"var(--ast-global-color-5)","background-image":"","background-repeat":"repeat","background-position":"center center","background-size":"auto","background-attachment":"scroll","background-type":"","background-media":"","overlay-type":"","overlay-color":"","overlay-opacity":"","overlay-gradient":""},"mobile":{"background-color":"var(--ast-global-color-5)","background-image":"","background-repeat":"repeat","background-position":"center center","background-size":"auto","background-attachment":"scroll","background-type":"","background-media":"","overlay-type":"","overlay-color":"","overlay-opacity":"","overlay-gradient":""}}},"product_brand":[],"product_cat":[90],"product_tag":[],"class_list":{"0":"post-3576","1":"product","2":"type-product","3":"status-publish","4":"has-post-thumbnail","6":"product_cat-new-products","7":"desktop-align-left","8":"tablet-align-left","9":"mobile-align-left","10":"ast-col-sm-12","11":"ast-article-post","12":"ast-width-md-12","13":"ast-archive-post","14":"ast-product-gallery-layout-horizontal-slider","15":"ast-product-gallery-with-no-image","16":"ast-product-tabs-layout-horizontal","18":"first","19":"instock","20":"shipping-taxable","21":"product-type-simple"},"uagb_featured_image_src":{"full":["https:\/\/www.ansenta.com\/wp-content\/uploads\/2026\/01\/LKLED-500-Model-LED-Surgical-Shadowless-Lamp.png",500,500,false],"thumbnail":["https:\/\/www.ansenta.com\/wp-content\/uploads\/2026\/01\/LKLED-500-Model-LED-Surgical-Shadowless-Lamp-150x150.png",150,150,true],"medium":["https:\/\/www.ansenta.com\/wp-content\/uploads\/2026\/01\/LKLED-500-Model-LED-Surgical-Shadowless-Lamp-300x300.png",300,300,true],"medium_large":["https:\/\/www.ansenta.com\/wp-content\/uploads\/2026\/01\/LKLED-500-Model-LED-Surgical-Shadowless-Lamp.png",500,500,false],"large":["https:\/\/www.ansenta.com\/wp-content\/uploads\/2026\/01\/LKLED-500-Model-LED-Surgical-Shadowless-Lamp.png",500,500,false],"1536x1536":["https:\/\/www.ansenta.com\/wp-content\/uploads\/2026\/01\/LKLED-500-Model-LED-Surgical-Shadowless-Lamp.png",500,500,false],"2048x2048":["https:\/\/www.ansenta.com\/wp-content\/uploads\/2026\/01\/LKLED-500-Model-LED-Surgical-Shadowless-Lamp.png",500,500,false],"trp-custom-language-flag":["https:\/\/www.ansenta.com\/wp-content\/uploads\/2026\/01\/LKLED-500-Model-LED-Surgical-Shadowless-Lamp-12x12.png",12,12,true],"mailpoet_newsletter_max":["https:\/\/www.ansenta.com\/wp-content\/uploads\/2026\/01\/LKLED-500-Model-LED-Surgical-Shadowless-Lamp.png",500,500,false],"woocommerce_thumbnail":["https:\/\/www.ansenta.com\/wp-content\/uploads\/2026\/01\/LKLED-500-Model-LED-Surgical-Shadowless-Lamp.png",500,500,false],"woocommerce_single":["https:\/\/www.ansenta.com\/wp-content\/uploads\/2026\/01\/LKLED-500-Model-LED-Surgical-Shadowless-Lamp.png",500,500,false],"woocommerce_gallery_thumbnail":["https:\/\/www.ansenta.com\/wp-content\/uploads\/2026\/01\/LKLED-500-Model-LED-Surgical-Shadowless-Lamp-100x100.png",100,100,true]},"uagb_author_info":{"display_name":"jinxing6611@gmail.com","author_link":"https:\/\/www.ansenta.com\/pt\/author\/"},"uagb_comment_info":0,"uagb_excerpt":"Brand:ANSENTA Product Origin:CHINA Delivery time:Within 7 days Supply capacity:Factory Direct Supply Model:LK\/LED-500 Model LED Surgical Shadowless Lamp (Mobile Type) Introduction: The Surgical Shadowless Lamp is a precision-engineered lighting solution designed to deliver bright, shadow-free illumination in operating rooms. Download: LKLED-500 Model LED Surgical Shadowless Lamp","jetpack_sharing_enabled":true,"_links":{"self":[{"href":"https:\/\/www.ansenta.com\/pt\/wp-json\/wp\/v2\/product\/3576","targetHints":{"allow":["GET"]}}],"collection":[{"href":"https:\/\/www.ansenta.com\/pt\/wp-json\/wp\/v2\/product"}],"about":[{"href":"https:\/\/www.ansenta.com\/pt\/wp-json\/wp\/v2\/types\/product"}],"wp:featuredmedia":[{"embeddable":true,"href":"https:\/\/www.ansenta.com\/pt\/wp-json\/wp\/v2\/media\/3577"}],"wp:attachment":[{"href":"https:\/\/www.ansenta.com\/pt\/wp-json\/wp\/v2\/media?parent=3576"}],"wp:term":[{"taxonomy":"product_brand","embeddable":true,"href":"https:\/\/www.ansenta.com\/pt\/wp-json\/wp\/v2\/product_brand?post=3576"},{"taxonomy":"product_cat","embeddable":true,"href":"https:\/\/www.ansenta.com\/pt\/wp-json\/wp\/v2\/product_cat?post=3576"},{"taxonomy":"product_tag","embeddable":true,"href":"https:\/\/www.ansenta.com\/pt\/wp-json\/wp\/v2\/product_tag?post=3576"}],"curies":[{"name":"wp","href":"https:\/\/api.w.org\/{rel}","templated":true}]}}