{"id":3568,"date":"2026-01-10T07:21:37","date_gmt":"2026-01-10T07:21:37","guid":{"rendered":"https:\/\/www.ansenta.com\/?post_type=product&#038;p=3568"},"modified":"2026-01-10T08:16:34","modified_gmt":"2026-01-10T08:16:34","slug":"ast-led-700-500-type-led-surgical-shadowless-lamp","status":"publish","type":"product","link":"https:\/\/www.ansenta.com\/pt\/produto\/ast-led-700-500-type-led-surgical-shadowless-lamp\/","title":{"rendered":"L\u00e2mpada cir\u00fargica sem sombras de tipo AST\/LED-700\/500 LED"},"content":{"rendered":"<p><strong><b>1. vida \u00fatil ultra-longa:<\/b><\/strong><\/p>\n<p><strong><b>Utilizando um novo tipo de fonte de luz fria LED, a vida \u00fatil pode atingir mais de 60.000 horas, eliminando a necessidade de substitui\u00e7\u00e3o da l\u00e2mpada. Isto \u00e9 superior \u00e0s l\u00e2mpadas de halog\u00e9neo tradicionais e cumpre os requisitos de poupan\u00e7a de energia e prote\u00e7\u00e3o ambiental.<\/b><\/strong><\/p>\n<p><strong><b>2. efeito de luz fria perfeito:<\/b><\/strong><br \/>\n<strong><b>Utilizando um novo tipo de fonte de luz fria LED, o espetro n\u00e3o cont\u00e9m raios ultravioleta ou infravermelhos, resultando em nenhum calor ou radia\u00e7\u00e3o. O aumento de temperatura na cabe\u00e7a do m\u00e9dico e na \u00e1rea da ferida \u00e9 \u22641 \u2103, praticamente sem aumento de temperatura.<\/b><\/strong><\/p>\n<p><strong><b>3. conce\u00e7\u00e3o ideal em conformidade com os requisitos de purifica\u00e7\u00e3o:<\/b><\/strong><\/p>\n<p><strong><b>O design circular e aerodin\u00e2mico da cabe\u00e7a de l\u00e2mpada, totalmente fechado, est\u00e1 em conformidade com os princ\u00edpios aerodin\u00e2micos, eliminando completamente as zonas mortas no fluxo de ar purificado, satisfazendo os requisitos de fluxo laminar de alto padr\u00e3o das salas de opera\u00e7\u00f5es modernas e contribuindo para os requisitos est\u00e9reis da sala de opera\u00e7\u00f5es. O abajur \u00e9 feito de liga de alum\u00ednio, proporcionando uma excelente dissipa\u00e7\u00e3o de calor; a cabe\u00e7a de l\u00e2mpada cir\u00fargica sem sombra inclui uma pega est\u00e9ril e um apoio de bra\u00e7o para a cabe\u00e7a de l\u00e2mpada, permitindo que o pessoal m\u00e9dico mova e ajuste a cabe\u00e7a de l\u00e2mpada a partir de qualquer \u00e2ngulo, considerando plenamente a flexibilidade de opera\u00e7\u00e3o para o pessoal m\u00e9dico.<\/b><\/strong><br \/>\n<strong><b>4. design de interface de f\u00e1cil utiliza\u00e7\u00e3o:<\/b><\/strong><\/p>\n<p><strong><b>O brilho da ilumina\u00e7\u00e3o pode ser ajustado de acordo com as necessidades do hospital para diferentes tipos de ilumina\u00e7\u00e3o cir\u00fargica. Um novo painel de controlo LCD t\u00e1til LED \u00e9 opcional, permitindo o controlo dos modos de ligar\/desligar a ilumina\u00e7\u00e3o, contraste, temperatura da cor e brilho.<\/b><\/strong><\/p>\n<p><strong><b>5. ilumina\u00e7\u00e3o profunda superior e efeito perfeito sem sombras:<\/b><\/strong><\/p>\n<p><strong><b>O design geral da cabe\u00e7a de l\u00e2mpada LED concentra o feixe de luz numa coluna de luz uniforme e de elevado brilho, assegurando um efeito de focagem profunda suave e uniforme, garantindo o elevado brilho e a ilumina\u00e7\u00e3o de profundidade necess\u00e1rios para a cirurgia.<\/b><\/strong><\/p>\n<p><strong><b>6. fun\u00e7\u00e3o de temperatura de cor ajust\u00e1vel:<\/b><\/strong><\/p>\n<p><strong><b>A l\u00e2mpada cir\u00fargica sem sombras LK\/LED-700\/500 tem seis defini\u00e7\u00f5es de temperatura de cor ajust\u00e1veis de 3000K a 6700K, tornando o diagn\u00f3stico mais preciso e evitando a fadiga ocular do pessoal m\u00e9dico durante longas horas de trabalho.<\/b><\/strong><\/p>\n<p><strong><b>7. excelente sistema de suspens\u00e3o:<\/b><\/strong><\/p>\n<p><strong><b>O sistema de suspens\u00e3o do bra\u00e7o de equil\u00edbrio leve e de alta qualidade, com seis conjuntos de liga\u00e7\u00f5es de juntas universais, permite que a cabe\u00e7a da l\u00e2mpada cir\u00fargica sem sombra rode 360\u00ba sem limita\u00e7\u00f5es. A pega est\u00e9ril e o apoio de bra\u00e7o envolvente de 360\u00ba proporcionam um design abrangente para satisfazer v\u00e1rios requisitos de altura, \u00e2ngulo e posi\u00e7\u00e3o durante a cirurgia, assegurando um movimento f\u00e1cil e um posicionamento preciso.<\/b><\/strong><br \/>\n<strong><b>8. sistema de focagem concebido de forma engenhosa:<\/b><\/strong><\/p>\n<p><strong><b>Com tecnologia de focagem manual, \u00e9 simples e f\u00e1cil de operar, superando as dificuldades t\u00e9cnicas na focagem de luzes cir\u00fargicas LED e alcan\u00e7ando uma focagem cont\u00ednua; a al\u00e7a destac\u00e1vel pode ser esterilizada em altas temperaturas (\u2264134 \u2103).<\/b><\/strong><\/p>\n<p><strong><b>9. ilumina\u00e7\u00e3o brilhante e uniforme:<\/b><\/strong><\/p>\n<p><strong><b>O feixe de luz emitido pela fonte de luz LED \u00e9 focado atrav\u00e9s de lentes de alto desempenho especialmente concebidas para criar um campo de luz na \u00e1rea cir\u00fargica que satisfaz as necessidades de ilumina\u00e7\u00e3o cir\u00fargica; a ilumina\u00e7\u00e3o m\u00e1xima pode atingir 160.000 LUX. O brilho dos LEDs \u00e9 controlado digitalmente e de forma cont\u00ednua, e a ilumina\u00e7\u00e3o de cada cabe\u00e7a de l\u00e2mpada pode ser ajustada de forma independente.<\/b><\/strong><\/p>\n<p><strong><b>10. taxa de falha extremamente baixa:<\/b><\/strong><\/p>\n<p><strong><b>Cada m\u00f3dulo de LED cont\u00e9m 6-8 esferas de LED, e cada m\u00f3dulo tem um sistema de controlo eletr\u00f3nico independente. A cabe\u00e7a de l\u00e2mpada tem uma taxa de falha muito baixa, e a falha de um \u00fanico LED n\u00e3o afectar\u00e1 o funcionamento da cabe\u00e7a de l\u00e2mpada.<\/b><\/strong><br \/>\n<strong><b>11. Baixa produ\u00e7\u00e3o de calor:<\/b><\/strong><\/p>\n<p><strong><b>Uma grande vantagem dos LEDs \u00e9 a sua baixa produ\u00e7\u00e3o de calor, uma vez que quase n\u00e3o emitem radia\u00e7\u00e3o infravermelha ou ultravioleta.<\/b><\/strong><\/p>\n<p><strong><b>12. par\u00e2metros t\u00e9cnicos:<\/b><\/strong><\/p>\n<table>\n<tbody>\n<tr>\n<td>Modelo<\/td>\n<td>LK\/LED-700\/500<\/td>\n<\/tr>\n<tr>\n<td>N\u00famero de l\u00e2mpadas LED<\/td>\n<td>80\/48<\/td>\n<\/tr>\n<tr>\n<td>Ilumin\u00e2ncia (Lux)<\/td>\n<td>40000-160000 \/ 40000-160000<\/td>\n<\/tr>\n<tr>\n<td>Temperatura de cor (K)<\/td>\n<td>3000-6700K ajust\u00e1vel \/ 3000-6700K ajust\u00e1vel<\/td>\n<\/tr>\n<tr>\n<td>Di\u00e2metro do ponto de luz (mm)<\/td>\n<td>160-280<\/td>\n<\/tr>\n<tr>\n<td>Sistema de escurecimento<\/td>\n<td>Sistema de regula\u00e7\u00e3o gradual da intensidade luminosa<\/td>\n<\/tr>\n<tr>\n<td>\u00cdndice de reprodu\u00e7\u00e3o de cores<\/td>\n<td>\u226596<\/td>\n<\/tr>\n<tr>\n<td>Profundidade de ilumina\u00e7\u00e3o (mm)<\/td>\n<td>\u2265600<\/td>\n<\/tr>\n<tr>\n<td>Aumento da temperatura na cabe\u00e7a do cirurgi\u00e3o (\u00b0C)<\/td>\n<td>\u22641<\/td>\n<\/tr>\n<tr>\n<td>Aumento da temperatura no campo cir\u00fargico (\u00b0C)<\/td>\n<td>\u22642<\/td>\n<\/tr>\n<tr>\n<td>\u00cdndice de restitui\u00e7\u00e3o de cor (CRI)<\/td>\n<td>\u226596<\/td>\n<\/tr>\n<tr>\n<td>\u00cdndice de reprodu\u00e7\u00e3o de cores<\/td>\n<td>\u226597<\/td>\n<\/tr>\n<tr>\n<td>Irradi\u00e2ncia m\u00e1xima<\/td>\n<td>\u2264500 W\/m2\/\u2266350W\/m2<\/td>\n<\/tr>\n<tr>\n<td>Tens\u00e3o da fonte de alimenta\u00e7\u00e3o<\/td>\n<td>220V\/50Hz<\/td>\n<\/tr>\n<tr>\n<td>Altura m\u00ednima\/\u00f3tima de instala\u00e7\u00e3o<\/td>\n<td>2,5 metros \/ 3 metros<\/td>\n<\/tr>\n<\/tbody>\n<\/table>\n<p style=\"text-align: center;\"><strong><b>Modelo LK\/LED-700\/500 L\u00e2mpada LED cir\u00fargica sem sombras<\/b><\/strong><\/p>\n<p style=\"text-align: center;\"><strong><b>Lista de configura\u00e7\u00e3o (por unidade)<\/b><\/strong><\/p>\n<table>\n<tbody>\n<tr>\n<td>N\u00famero de s\u00e9rie<\/td>\n<td>Nome do acess\u00f3rio<\/td>\n<td>Quantidade<\/td>\n<td>Unidade<\/td>\n<td>Observa\u00e7\u00e3o<\/td>\n<\/tr>\n<tr>\n<td>1<\/td>\n<td>700 cabe\u00e7as de l\u00e2mpada<\/td>\n<td>1<\/td>\n<td>definir<\/td>\n<td><\/td>\n<\/tr>\n<tr>\n<td>2<\/td>\n<td>500 cabe\u00e7as de l\u00e2mpada<\/td>\n<td>1<\/td>\n<td>definir<\/td>\n<td><\/td>\n<\/tr>\n<tr>\n<td>3<\/td>\n<td>Punho de desinfe\u00e7\u00e3o<\/td>\n<td>4<\/td>\n<td>um<\/td>\n<td>Est\u00e3o inclu\u00eddas duas unidades de pe\u00e7as padr\u00e3o e sobressalentes.<\/td>\n<\/tr>\n<tr>\n<td>4<\/td>\n<td>Conjunto de luzes LED<\/td>\n<td>1<\/td>\n<td>definir<\/td>\n<td>A cabe\u00e7a de l\u00e2mpada 700 tem 80 contas LED.<\/td>\n<\/tr>\n<tr>\n<td>5<\/td>\n<td>Conjunto de luzes LED<\/td>\n<td>1<\/td>\n<td>definir<\/td>\n<td>A cabe\u00e7a de l\u00e2mpada 500 tem 48 contas LED.<\/td>\n<\/tr>\n<tr>\n<td>6<\/td>\n<td>Bra\u00e7o de equil\u00edbrio<\/td>\n<td>2<\/td>\n<td>definir<\/td>\n<td><\/td>\n<\/tr>\n<tr>\n<td>7<\/td>\n<td>Bra\u00e7o rotativo<\/td>\n<td>1<\/td>\n<td>definir<\/td>\n<td>ambos os bra\u00e7os<\/td>\n<\/tr>\n<tr>\n<td>8<\/td>\n<td>Conjunto da fonte de alimenta\u00e7\u00e3o comutada<\/td>\n<td>2<\/td>\n<td>definir<\/td>\n<td><\/td>\n<\/tr>\n<tr>\n<td>9<\/td>\n<td>Base fixa<\/td>\n<td>1<\/td>\n<td>definir<\/td>\n<td><\/td>\n<\/tr>\n<tr>\n<td>10<\/td>\n<td>Cobertura protetora<\/td>\n<td>1<\/td>\n<td>definir<\/td>\n<td><\/td>\n<\/tr>\n<tr>\n<td>11<\/td>\n<td>Ferramentas inclu\u00eddas com a l\u00e2mpada<\/td>\n<td>1<\/td>\n<td>definir<\/td>\n<td><\/td>\n<\/tr>\n<tr>\n<td>12<\/td>\n<td>Certificado do produto\/Cart\u00e3o de garantia<\/td>\n<td>1<\/td>\n<td>definir<\/td>\n<td><\/td>\n<\/tr>\n<tr>\n<td>13<\/td>\n<td>Manual de instru\u00e7\u00f5es<\/td>\n<td>1<\/td>\n<td>definir<\/td>\n<td><\/td>\n<\/tr>\n<\/tbody>\n<\/table>\n<p><span style=\"color: #003300;\"><strong>Descarregar:<\/strong><\/span><br \/>\n<a href=\"https:\/\/www.ansenta.com\/wp-content\/uploads\/2026\/01\/LKLED-700500-model-LED-surgical-shadowless-lamp.pdf\">LKLED-700500 modelo de l\u00e2mpada LED cir\u00fargica sem sombras<\/a><\/p>","protected":false},"excerpt":{"rendered":"<p><span style=\"color: #003300;\"><strong>Marca:<\/strong><\/span>ANSENTA<br \/>\n<span style=\"color: #003300;\"><strong>Origem do produto:<\/strong><\/span>CHINA<br \/>\n<span style=\"color: #003300;\"><strong>Prazo de entrega:<\/strong><\/span>No prazo de 7 dias<br \/>\n<span style=\"color: #003300;\"><strong>Capacidade de fornecimento:<\/strong><\/span>Fornecimento direto da f\u00e1brica<br \/>\n<span style=\"color: #003300;\"><strong>Modelo:<\/strong><\/span>L\u00e2mpada cir\u00fargica sem sombras de tipo AST\/LED-700\/500 LED<br \/>\n<span style=\"color: #003300;\"><strong>Introdu\u00e7\u00e3o:<\/strong><\/span><br \/>\nA L\u00e2mpada cir\u00fargica sem sombras \u00e9 uma solu\u00e7\u00e3o de ilumina\u00e7\u00e3o concebida com precis\u00e3o para proporcionar uma ilumina\u00e7\u00e3o brilhante e sem sombras nas salas de opera\u00e7\u00f5es.<br \/>\n<span style=\"color: #003300;\"><strong>Descarregar:<\/strong><\/span><br \/>\n<a href=\"https:\/\/www.ansenta.com\/wp-content\/uploads\/2026\/01\/LKLED-700500-model-LED-surgical-shadowless-lamp.pdf\">LKLED-700500 modelo de l\u00e2mpada LED cir\u00fargica sem sombras<\/a><\/p>","protected":false},"featured_media":3571,"template":"","meta":{"_uag_custom_page_level_css":"","site-sidebar-layout":"default","site-content-layout":"","ast-site-content-layout":"default","site-content-style":"default","site-sidebar-style":"default","ast-global-header-display":"","ast-banner-title-visibility":"","ast-main-header-display":"","ast-hfb-above-header-display":"","ast-hfb-below-header-display":"","ast-hfb-mobile-header-display":"","site-post-title":"","ast-breadcrumbs-content":"","ast-featured-img":"","footer-sml-layout":"","ast-disable-related-posts":"","theme-transparent-header-meta":"default","adv-header-id-meta":"","stick-header-meta":"default","header-above-stick-meta":"","header-main-stick-meta":"","header-below-stick-meta":"","astra-migrate-meta-layouts":"set","ast-page-background-enabled":"default","ast-page-background-meta":{"desktop":{"background-color":"var(--ast-global-color-4)","background-image":"","background-repeat":"repeat","background-position":"center center","background-size":"auto","background-attachment":"scroll","background-type":"","background-media":"","overlay-type":"","overlay-color":"","overlay-opacity":"","overlay-gradient":""},"tablet":{"background-color":"","background-image":"","background-repeat":"repeat","background-position":"center center","background-size":"auto","background-attachment":"scroll","background-type":"","background-media":"","overlay-type":"","overlay-color":"","overlay-opacity":"","overlay-gradient":""},"mobile":{"background-color":"","background-image":"","background-repeat":"repeat","background-position":"center center","background-size":"auto","background-attachment":"scroll","background-type":"","background-media":"","overlay-type":"","overlay-color":"","overlay-opacity":"","overlay-gradient":""}},"ast-content-background-meta":{"desktop":{"background-color":"var(--ast-global-color-5)","background-image":"","background-repeat":"repeat","background-position":"center center","background-size":"auto","background-attachment":"scroll","background-type":"","background-media":"","overlay-type":"","overlay-color":"","overlay-opacity":"","overlay-gradient":""},"tablet":{"background-color":"var(--ast-global-color-5)","background-image":"","background-repeat":"repeat","background-position":"center center","background-size":"auto","background-attachment":"scroll","background-type":"","background-media":"","overlay-type":"","overlay-color":"","overlay-opacity":"","overlay-gradient":""},"mobile":{"background-color":"var(--ast-global-color-5)","background-image":"","background-repeat":"repeat","background-position":"center center","background-size":"auto","background-attachment":"scroll","background-type":"","background-media":"","overlay-type":"","overlay-color":"","overlay-opacity":"","overlay-gradient":""}}},"product_brand":[],"product_cat":[90],"product_tag":[],"class_list":{"0":"post-3568","1":"product","2":"type-product","3":"status-publish","4":"has-post-thumbnail","6":"product_cat-new-products","7":"desktop-align-left","8":"tablet-align-left","9":"mobile-align-left","10":"ast-col-sm-12","11":"ast-article-post","12":"ast-width-md-12","13":"ast-archive-post","14":"ast-product-gallery-layout-horizontal-slider","15":"ast-product-gallery-with-no-image","16":"ast-product-tabs-layout-horizontal","18":"first","19":"instock","20":"shipping-taxable","21":"product-type-simple"},"uagb_featured_image_src":{"full":["https:\/\/www.ansenta.com\/wp-content\/uploads\/2026\/01\/ASTLED-700500-Type-LED-Surgical-Shadowless-Lamp1.jpg",580,580,false],"thumbnail":["https:\/\/www.ansenta.com\/wp-content\/uploads\/2026\/01\/ASTLED-700500-Type-LED-Surgical-Shadowless-Lamp1-150x150.jpg",150,150,true],"medium":["https:\/\/www.ansenta.com\/wp-content\/uploads\/2026\/01\/ASTLED-700500-Type-LED-Surgical-Shadowless-Lamp1-300x300.jpg",300,300,true],"medium_large":["https:\/\/www.ansenta.com\/wp-content\/uploads\/2026\/01\/ASTLED-700500-Type-LED-Surgical-Shadowless-Lamp1.jpg",580,580,false],"large":["https:\/\/www.ansenta.com\/wp-content\/uploads\/2026\/01\/ASTLED-700500-Type-LED-Surgical-Shadowless-Lamp1.jpg",580,580,false],"1536x1536":["https:\/\/www.ansenta.com\/wp-content\/uploads\/2026\/01\/ASTLED-700500-Type-LED-Surgical-Shadowless-Lamp1.jpg",580,580,false],"2048x2048":["https:\/\/www.ansenta.com\/wp-content\/uploads\/2026\/01\/ASTLED-700500-Type-LED-Surgical-Shadowless-Lamp1.jpg",580,580,false],"trp-custom-language-flag":["https:\/\/www.ansenta.com\/wp-content\/uploads\/2026\/01\/ASTLED-700500-Type-LED-Surgical-Shadowless-Lamp1-12x12.jpg",12,12,true],"mailpoet_newsletter_max":["https:\/\/www.ansenta.com\/wp-content\/uploads\/2026\/01\/ASTLED-700500-Type-LED-Surgical-Shadowless-Lamp1.jpg",580,580,false],"woocommerce_thumbnail":["https:\/\/www.ansenta.com\/wp-content\/uploads\/2026\/01\/ASTLED-700500-Type-LED-Surgical-Shadowless-Lamp1.jpg",580,580,false],"woocommerce_single":["https:\/\/www.ansenta.com\/wp-content\/uploads\/2026\/01\/ASTLED-700500-Type-LED-Surgical-Shadowless-Lamp1.jpg",580,580,false],"woocommerce_gallery_thumbnail":["https:\/\/www.ansenta.com\/wp-content\/uploads\/2026\/01\/ASTLED-700500-Type-LED-Surgical-Shadowless-Lamp1-100x100.jpg",100,100,true]},"uagb_author_info":{"display_name":"jinxing6611@gmail.com","author_link":"https:\/\/www.ansenta.com\/pt\/author\/"},"uagb_comment_info":0,"uagb_excerpt":"Brand:ANSENTA Product Origin:CHINA Delivery time:Within 7 days Supply capacity:Factory Direct Supply Model:AST\/LED-700\/500 Type LED Surgical Shadowless Lamp Introduction: The Surgical Shadowless Lamp is a precision-engineered lighting solution designed to deliver bright, shadow-free illumination in operating rooms. Download: LKLED-700500 model LED surgical shadowless lamp","jetpack_sharing_enabled":true,"_links":{"self":[{"href":"https:\/\/www.ansenta.com\/pt\/wp-json\/wp\/v2\/product\/3568","targetHints":{"allow":["GET"]}}],"collection":[{"href":"https:\/\/www.ansenta.com\/pt\/wp-json\/wp\/v2\/product"}],"about":[{"href":"https:\/\/www.ansenta.com\/pt\/wp-json\/wp\/v2\/types\/product"}],"wp:featuredmedia":[{"embeddable":true,"href":"https:\/\/www.ansenta.com\/pt\/wp-json\/wp\/v2\/media\/3571"}],"wp:attachment":[{"href":"https:\/\/www.ansenta.com\/pt\/wp-json\/wp\/v2\/media?parent=3568"}],"wp:term":[{"taxonomy":"product_brand","embeddable":true,"href":"https:\/\/www.ansenta.com\/pt\/wp-json\/wp\/v2\/product_brand?post=3568"},{"taxonomy":"product_cat","embeddable":true,"href":"https:\/\/www.ansenta.com\/pt\/wp-json\/wp\/v2\/product_cat?post=3568"},{"taxonomy":"product_tag","embeddable":true,"href":"https:\/\/www.ansenta.com\/pt\/wp-json\/wp\/v2\/product_tag?post=3568"}],"curies":[{"name":"wp","href":"https:\/\/api.w.org\/{rel}","templated":true}]}}