{"id":3484,"date":"2025-12-30T20:34:44","date_gmt":"2025-12-30T20:34:44","guid":{"rendered":"https:\/\/www.ansenta.com\/?post_type=product&#038;p=3484"},"modified":"2026-03-07T00:46:31","modified_gmt":"2026-03-07T00:46:31","slug":"co2-incubator-model","status":"publish","type":"product","link":"https:\/\/www.ansenta.com\/pt\/produto\/co2-incubator-model\/","title":{"rendered":"Modelo de incubadora de CO2"},"content":{"rendered":"<p><strong>Vantagem<\/strong><\/p>\n<p><img fetchpriority=\"high\" decoding=\"async\" class=\"alignnone size-full wp-image-3487\" src=\"https:\/\/www.ansenta.com\/wp-content\/uploads\/2025\/12\/CO2-incubator-model1.jpg\" alt=\"\" width=\"1200\" height=\"750\" srcset=\"https:\/\/www.ansenta.com\/wp-content\/uploads\/2025\/12\/CO2-incubator-model1.jpg 1200w, https:\/\/www.ansenta.com\/wp-content\/uploads\/2025\/12\/CO2-incubator-model1-300x188.jpg 300w, https:\/\/www.ansenta.com\/wp-content\/uploads\/2025\/12\/CO2-incubator-model1-1024x640.jpg 1024w, https:\/\/www.ansenta.com\/wp-content\/uploads\/2025\/12\/CO2-incubator-model1-768x480.jpg 768w, https:\/\/www.ansenta.com\/wp-content\/uploads\/2025\/12\/CO2-incubator-model1-18x12.jpg 18w, https:\/\/www.ansenta.com\/wp-content\/uploads\/2025\/12\/CO2-incubator-model1-600x375.jpg 600w\" sizes=\"(max-width: 1200px) 100vw, 1200px\" \/><\/p>\n<p><strong>Specification<\/strong><\/p>\n<p><img decoding=\"async\" class=\"alignnone size-full wp-image-3488\" src=\"https:\/\/www.ansenta.com\/wp-content\/uploads\/2025\/12\/CO2-incubator-model2.jpg\" alt=\"\" width=\"1594\" height=\"832\" srcset=\"https:\/\/www.ansenta.com\/wp-content\/uploads\/2025\/12\/CO2-incubator-model2.jpg 1594w, https:\/\/www.ansenta.com\/wp-content\/uploads\/2025\/12\/CO2-incubator-model2-300x157.jpg 300w, https:\/\/www.ansenta.com\/wp-content\/uploads\/2025\/12\/CO2-incubator-model2-1024x534.jpg 1024w, https:\/\/www.ansenta.com\/wp-content\/uploads\/2025\/12\/CO2-incubator-model2-768x401.jpg 768w, https:\/\/www.ansenta.com\/wp-content\/uploads\/2025\/12\/CO2-incubator-model2-1536x802.jpg 1536w, https:\/\/www.ansenta.com\/wp-content\/uploads\/2025\/12\/CO2-incubator-model2-18x9.jpg 18w, https:\/\/www.ansenta.com\/wp-content\/uploads\/2025\/12\/CO2-incubator-model2-1320x689.jpg 1320w, https:\/\/www.ansenta.com\/wp-content\/uploads\/2025\/12\/CO2-incubator-model2-600x313.jpg 600w\" sizes=\"(max-width: 1594px) 100vw, 1594px\" \/> <img decoding=\"async\" class=\"alignnone size-full wp-image-3489\" src=\"https:\/\/www.ansenta.com\/wp-content\/uploads\/2025\/12\/CO2-incubator-model3.jpg\" alt=\"\" width=\"1200\" height=\"624\" srcset=\"https:\/\/www.ansenta.com\/wp-content\/uploads\/2025\/12\/CO2-incubator-model3.jpg 1200w, https:\/\/www.ansenta.com\/wp-content\/uploads\/2025\/12\/CO2-incubator-model3-300x156.jpg 300w, https:\/\/www.ansenta.com\/wp-content\/uploads\/2025\/12\/CO2-incubator-model3-1024x532.jpg 1024w, https:\/\/www.ansenta.com\/wp-content\/uploads\/2025\/12\/CO2-incubator-model3-768x399.jpg 768w, https:\/\/www.ansenta.com\/wp-content\/uploads\/2025\/12\/CO2-incubator-model3-18x9.jpg 18w, https:\/\/www.ansenta.com\/wp-content\/uploads\/2025\/12\/CO2-incubator-model3-600x312.jpg 600w\" sizes=\"(max-width: 1200px) 100vw, 1200px\" \/><br \/>\n<span style=\"color: #003300;\"><strong>Descarregar:<\/strong><\/span><br \/>\n<a href=\"https:\/\/www.ansenta.com\/wp-content\/uploads\/2025\/12\/\u4e8c\u6c27\u5316\u78b3\u57f9\u517b\u7bb1.pdf\">Modelo de incubadora de CO2<\/a><\/p>","protected":false},"excerpt":{"rendered":"<p><span style=\"color: #003300;\"><strong>Marca:<\/strong><\/span>ANSENTA<br \/>\n<span style=\"color: #003300;\"><strong>Origem do produto:<\/strong><\/span>CHINA<br \/>\n<span style=\"color: #003300;\"><strong>Prazo de entrega:<\/strong><\/span>No prazo de 7 dias<br \/>\n<span style=\"color: #003300;\"><strong>Capacidade de fornecimento:<\/strong><\/span>Fornecimento direto da f\u00e1brica<br \/>\n<span style=\"color: #003300;\"><strong>Modelo:<\/strong><\/span>Modelo de incubadora de CO2<br \/>\n<span style=\"color: #003300;\"><strong>Introdu\u00e7\u00e3o:<\/strong><\/span><br \/>\n1. Apresenta um design de arco aerodin\u00e2mico pioneiro a n\u00edvel nacional; o inv\u00f3lucro \u00e9 fabricado a partir de chapa de a\u00e7o laminada a frio utilizando uma linha de produ\u00e7\u00e3o CNC, com uma superf\u00edcie de revestimento em p\u00f3 eletrost\u00e1tico, cumprindo os requisitos de prote\u00e7\u00e3o ambiental.<br \/>\n2. O sistema de controlo de temperatura utiliza tecnologia de microcomputador de chip \u00fanico, fornecendo fun\u00e7\u00f5es de controlo de temperatura, temporiza\u00e7\u00e3o e alarme de temperatura excessiva.<br \/>\n3. A concentra\u00e7\u00e3o de di\u00f3xido de carbono \u00e9 controlada atrav\u00e9s de um m\u00e9todo de condu\u00e7\u00e3o digital inteligente por microcomputador.<br \/>\n4. M\u00e9todo de dete\u00e7\u00e3o e dete\u00e7\u00e3o da concentra\u00e7\u00e3o de di\u00f3xido de carbono: Fun\u00e7\u00e3o original sueca de sensor de infravermelhos ou fun\u00e7\u00e3o de doseamento manual.<br \/>\n5. Utiliza um sensor de di\u00f3xido de carbono por infravermelhos importado; o controlo da concentra\u00e7\u00e3o utiliza um controlo de carga r\u00e1pida e lenta para minimizar o ru\u00eddo causado pela comuta\u00e7\u00e3o das v\u00e1lvulas solen\u00f3ides, o que resulta numa elevada precis\u00e3o de controlo. Possui um ecr\u00e3 de interface LCD e utiliza um regulador de press\u00e3o de g\u00e1s importado especificamente concebido para cromat\u00f3grafos para minimizar a perda de g\u00e1s CO2; (o sensor de infravermelhos \u00e9 opcional).<br \/>\n6. Usa um ventilador centr\u00edfugo importado, que oferece baixo ru\u00eddo e maior vida \u00fatil. Combinado com uma estrutura razo\u00e1vel de condutas de ar, assegura um aquecimento r\u00e1pido e uniforme da incubadora.<br \/>\n7. Inclui um ecr\u00e3 LCD duplo de alto brilho para leituras precisas e intuitivas e um desempenho superior, com bot\u00f5es sens\u00edveis ao toque para definir e ajustar par\u00e2metros.<br \/>\n8. O controlo da temperatura inclui uma fun\u00e7\u00e3o de alarme sonoro e visual de temperatura excessiva e dois sistemas de controlo; quando o sistema de controlo principal falha, o sistema de controlo secund\u00e1rio actua como sistema de monitoriza\u00e7\u00e3o.<br \/>\n9. Utiliza um sistema de controlo de supress\u00e3o autom\u00e1tica por microcomputador para evitar eficazmente grandes flutua\u00e7\u00f5es de temperatura no interior da c\u00e2mara causadas pela abertura da porta durante a incuba\u00e7\u00e3o.<br \/>\n10. Utiliza um sistema de controlo do aquecimento da porta para evitar eficazmente a condensa\u00e7\u00e3o na porta interior de vidro.<br \/>\n<span style=\"color: #003300;\"><strong>Descarregar:<\/strong><\/span><br \/>\n<a href=\"https:\/\/www.ansenta.com\/wp-content\/uploads\/2025\/12\/\u4e8c\u6c27\u5316\u78b3\u57f9\u517b\u7bb1.pdf\">Modelo de incubadora de CO2<\/a><\/p>","protected":false},"featured_media":3971,"template":"","meta":{"_uag_custom_page_level_css":"","site-sidebar-layout":"default","site-content-layout":"","ast-site-content-layout":"default","site-content-style":"default","site-sidebar-style":"default","ast-global-header-display":"","ast-banner-title-visibility":"","ast-main-header-display":"","ast-hfb-above-header-display":"","ast-hfb-below-header-display":"","ast-hfb-mobile-header-display":"","site-post-title":"","ast-breadcrumbs-content":"","ast-featured-img":"","footer-sml-layout":"","ast-disable-related-posts":"","theme-transparent-header-meta":"default","adv-header-id-meta":"","stick-header-meta":"default","header-above-stick-meta":"","header-main-stick-meta":"","header-below-stick-meta":"","astra-migrate-meta-layouts":"set","ast-page-background-enabled":"default","ast-page-background-meta":{"desktop":{"background-color":"var(--ast-global-color-4)","background-image":"","background-repeat":"repeat","background-position":"center center","background-size":"auto","background-attachment":"scroll","background-type":"","background-media":"","overlay-type":"","overlay-color":"","overlay-opacity":"","overlay-gradient":""},"tablet":{"background-color":"","background-image":"","background-repeat":"repeat","background-position":"center center","background-size":"auto","background-attachment":"scroll","background-type":"","background-media":"","overlay-type":"","overlay-color":"","overlay-opacity":"","overlay-gradient":""},"mobile":{"background-color":"","background-image":"","background-repeat":"repeat","background-position":"center center","background-size":"auto","background-attachment":"scroll","background-type":"","background-media":"","overlay-type":"","overlay-color":"","overlay-opacity":"","overlay-gradient":""}},"ast-content-background-meta":{"desktop":{"background-color":"var(--ast-global-color-5)","background-image":"","background-repeat":"repeat","background-position":"center center","background-size":"auto","background-attachment":"scroll","background-type":"","background-media":"","overlay-type":"","overlay-color":"","overlay-opacity":"","overlay-gradient":""},"tablet":{"background-color":"var(--ast-global-color-5)","background-image":"","background-repeat":"repeat","background-position":"center center","background-size":"auto","background-attachment":"scroll","background-type":"","background-media":"","overlay-type":"","overlay-color":"","overlay-opacity":"","overlay-gradient":""},"mobile":{"background-color":"var(--ast-global-color-5)","background-image":"","background-repeat":"repeat","background-position":"center center","background-size":"auto","background-attachment":"scroll","background-type":"","background-media":"","overlay-type":"","overlay-color":"","overlay-opacity":"","overlay-gradient":""}}},"product_brand":[],"product_cat":[128],"product_tag":[],"class_list":{"0":"post-3484","1":"product","2":"type-product","3":"status-publish","4":"has-post-thumbnail","6":"product_cat-co-incubator","7":"desktop-align-left","8":"tablet-align-left","9":"mobile-align-left","10":"ast-col-sm-12","11":"ast-article-post","12":"ast-width-md-12","13":"ast-archive-post","14":"ast-product-gallery-layout-horizontal-slider","15":"ast-product-gallery-with-no-image","16":"ast-product-tabs-layout-horizontal","18":"first","19":"instock","20":"shipping-taxable","21":"product-type-simple"},"uagb_featured_image_src":{"full":["https:\/\/www.ansenta.com\/wp-content\/uploads\/2025\/12\/CO2-incubator-model11.png",500,586,false],"thumbnail":["https:\/\/www.ansenta.com\/wp-content\/uploads\/2025\/12\/CO2-incubator-model11-150x150.png",150,150,true],"medium":["https:\/\/www.ansenta.com\/wp-content\/uploads\/2025\/12\/CO2-incubator-model11-256x300.png",256,300,true],"medium_large":["https:\/\/www.ansenta.com\/wp-content\/uploads\/2025\/12\/CO2-incubator-model11.png",500,586,false],"large":["https:\/\/www.ansenta.com\/wp-content\/uploads\/2025\/12\/CO2-incubator-model11.png",500,586,false],"1536x1536":["https:\/\/www.ansenta.com\/wp-content\/uploads\/2025\/12\/CO2-incubator-model11.png",500,586,false],"2048x2048":["https:\/\/www.ansenta.com\/wp-content\/uploads\/2025\/12\/CO2-incubator-model11.png",500,586,false],"trp-custom-language-flag":["https:\/\/www.ansenta.com\/wp-content\/uploads\/2025\/12\/CO2-incubator-model11-10x12.png",10,12,true],"mailpoet_newsletter_max":["https:\/\/www.ansenta.com\/wp-content\/uploads\/2025\/12\/CO2-incubator-model11.png",500,586,false],"woocommerce_thumbnail":["https:\/\/www.ansenta.com\/wp-content\/uploads\/2025\/12\/CO2-incubator-model11.png",500,586,false],"woocommerce_single":["https:\/\/www.ansenta.com\/wp-content\/uploads\/2025\/12\/CO2-incubator-model11.png",500,586,false],"woocommerce_gallery_thumbnail":["https:\/\/www.ansenta.com\/wp-content\/uploads\/2025\/12\/CO2-incubator-model11-100x100.png",100,100,true]},"uagb_author_info":{"display_name":"jinxing6611@gmail.com","author_link":"https:\/\/www.ansenta.com\/pt\/author\/"},"uagb_comment_info":0,"uagb_excerpt":"Brand:ANSENTA Product Origin:CHINA Delivery time:Within 7 days Supply capacity:Factory Direct Supply Model:CO2 incubator model Introduction: 1. Features a domestically pioneering streamlined arc design; the casing is manufactured from cold-rolled steel plate using a CNC production line, with an electrostatic powder coating surface, meeting environmental protection requirements. 2. The temperature control system uses microcomputer single-chip technology,&hellip;","jetpack_sharing_enabled":true,"_links":{"self":[{"href":"https:\/\/www.ansenta.com\/pt\/wp-json\/wp\/v2\/product\/3484","targetHints":{"allow":["GET"]}}],"collection":[{"href":"https:\/\/www.ansenta.com\/pt\/wp-json\/wp\/v2\/product"}],"about":[{"href":"https:\/\/www.ansenta.com\/pt\/wp-json\/wp\/v2\/types\/product"}],"wp:featuredmedia":[{"embeddable":true,"href":"https:\/\/www.ansenta.com\/pt\/wp-json\/wp\/v2\/media\/3971"}],"wp:attachment":[{"href":"https:\/\/www.ansenta.com\/pt\/wp-json\/wp\/v2\/media?parent=3484"}],"wp:term":[{"taxonomy":"product_brand","embeddable":true,"href":"https:\/\/www.ansenta.com\/pt\/wp-json\/wp\/v2\/product_brand?post=3484"},{"taxonomy":"product_cat","embeddable":true,"href":"https:\/\/www.ansenta.com\/pt\/wp-json\/wp\/v2\/product_cat?post=3484"},{"taxonomy":"product_tag","embeddable":true,"href":"https:\/\/www.ansenta.com\/pt\/wp-json\/wp\/v2\/product_tag?post=3484"}],"curies":[{"name":"wp","href":"https:\/\/api.w.org\/{rel}","templated":true}]}}