{"id":3300,"date":"2025-12-20T04:46:19","date_gmt":"2025-12-20T04:46:19","guid":{"rendered":"https:\/\/www.ansenta.com\/?post_type=product&#038;p=3300"},"modified":"2025-12-20T04:46:19","modified_gmt":"2025-12-20T04:46:19","slug":"300t-h-automatic-chemistry-analyzer","status":"publish","type":"product","link":"https:\/\/www.ansenta.com\/pt\/produto\/300t-h-automatic-chemistry-analyzer\/","title":{"rendered":"Analisador qu\u00edmico autom\u00e1tico 300T\/H"},"content":{"rendered":"<h4><strong>Carater\u00edsticas<\/strong><\/h4>\n<p>1.49sample positions.<br \/>\n2.56 reagent positions.<br \/>\n3.120 reaction cuvettes.<br \/>\n4.300 tests per hour.<br \/>\n5.Probe with anti-collision function,liquid levell dectection function.<\/p>\n<h4><strong>Technical parameters<\/strong><\/h4>\n<p><img fetchpriority=\"high\" decoding=\"async\" class=\"alignnone size-full wp-image-3303\" src=\"https:\/\/www.ansenta.com\/wp-content\/uploads\/2025\/12\/300-Automatic-Chemistry-Analyzer1.jpg\" alt=\"\" width=\"1000\" height=\"2486\" srcset=\"https:\/\/www.ansenta.com\/wp-content\/uploads\/2025\/12\/300-Automatic-Chemistry-Analyzer1.jpg 1000w, https:\/\/www.ansenta.com\/wp-content\/uploads\/2025\/12\/300-Automatic-Chemistry-Analyzer1-121x300.jpg 121w, https:\/\/www.ansenta.com\/wp-content\/uploads\/2025\/12\/300-Automatic-Chemistry-Analyzer1-412x1024.jpg 412w, https:\/\/www.ansenta.com\/wp-content\/uploads\/2025\/12\/300-Automatic-Chemistry-Analyzer1-768x1909.jpg 768w, https:\/\/www.ansenta.com\/wp-content\/uploads\/2025\/12\/300-Automatic-Chemistry-Analyzer1-618x1536.jpg 618w, https:\/\/www.ansenta.com\/wp-content\/uploads\/2025\/12\/300-Automatic-Chemistry-Analyzer1-824x2048.jpg 824w, https:\/\/www.ansenta.com\/wp-content\/uploads\/2025\/12\/300-Automatic-Chemistry-Analyzer1-5x12.jpg 5w, https:\/\/www.ansenta.com\/wp-content\/uploads\/2025\/12\/300-Automatic-Chemistry-Analyzer1-600x1492.jpg 600w\" sizes=\"(max-width: 1000px) 100vw, 1000px\" \/><\/p>","protected":false},"excerpt":{"rendered":"<p><span style=\"color: #003300;\"><strong>Marca:<\/strong><\/span>ANSENTA<br \/>\n<span style=\"color: #003300;\"><strong>Origem do produto:<\/strong><\/span>CHINA<br \/>\n<span style=\"color: #003300;\"><strong>Prazo de entrega:<\/strong><\/span>No prazo de 7 dias<br \/>\n<span style=\"color: #003300;\"><strong>Capacidade de fornecimento:<\/strong><\/span>Fornecimento direto da f\u00e1brica<br \/>\n<span style=\"color: #003300;\"><strong>Modelo:<\/strong><\/span>Analisador qu\u00edmico autom\u00e1tico 300T\/H<br \/>\n<span style=\"color: #003300;\"><strong>Introdu\u00e7\u00e3o:<\/strong><\/span>O Analisador Qu\u00edmico Autom\u00e1tico 300T\/H \u00e9 uma ferramenta de diagn\u00f3stico topo de gama concebida para an\u00e1lises bioqu\u00edmicas de elevada efici\u00eancia. Este instrumento avan\u00e7ado possui um conjunto impressionante de carater\u00edsticas concebidas para satisfazer as exig\u00eancias dos laborat\u00f3rios modernos.<br \/>\n<span style=\"color: #003300;\"><strong>Descarregar:<\/strong><\/span><br \/>\n<a href=\"https:\/\/www.ansenta.com\/wp-content\/uploads\/2025\/12\/300-Automatic-Chemistry-Analyzer.pdf\">Analisador qu\u00edmico autom\u00e1tico 300<\/a><\/p>","protected":false},"featured_media":3301,"template":"","meta":{"_uag_custom_page_level_css":"","site-sidebar-layout":"default","site-content-layout":"","ast-site-content-layout":"default","site-content-style":"default","site-sidebar-style":"default","ast-global-header-display":"","ast-banner-title-visibility":"","ast-main-header-display":"","ast-hfb-above-header-display":"","ast-hfb-below-header-display":"","ast-hfb-mobile-header-display":"","site-post-title":"","ast-breadcrumbs-content":"","ast-featured-img":"","footer-sml-layout":"","ast-disable-related-posts":"","theme-transparent-header-meta":"default","adv-header-id-meta":"","stick-header-meta":"default","header-above-stick-meta":"","header-main-stick-meta":"","header-below-stick-meta":"","astra-migrate-meta-layouts":"set","ast-page-background-enabled":"default","ast-page-background-meta":{"desktop":{"background-color":"var(--ast-global-color-4)","background-image":"","background-repeat":"repeat","background-position":"center center","background-size":"auto","background-attachment":"scroll","background-type":"","background-media":"","overlay-type":"","overlay-color":"","overlay-opacity":"","overlay-gradient":""},"tablet":{"background-color":"","background-image":"","background-repeat":"repeat","background-position":"center center","background-size":"auto","background-attachment":"scroll","background-type":"","background-media":"","overlay-type":"","overlay-color":"","overlay-opacity":"","overlay-gradient":""},"mobile":{"background-color":"","background-image":"","background-repeat":"repeat","background-position":"center center","background-size":"auto","background-attachment":"scroll","background-type":"","background-media":"","overlay-type":"","overlay-color":"","overlay-opacity":"","overlay-gradient":""}},"ast-content-background-meta":{"desktop":{"background-color":"var(--ast-global-color-5)","background-image":"","background-repeat":"repeat","background-position":"center center","background-size":"auto","background-attachment":"scroll","background-type":"","background-media":"","overlay-type":"","overlay-color":"","overlay-opacity":"","overlay-gradient":""},"tablet":{"background-color":"var(--ast-global-color-5)","background-image":"","background-repeat":"repeat","background-position":"center center","background-size":"auto","background-attachment":"scroll","background-type":"","background-media":"","overlay-type":"","overlay-color":"","overlay-opacity":"","overlay-gradient":""},"mobile":{"background-color":"var(--ast-global-color-5)","background-image":"","background-repeat":"repeat","background-position":"center center","background-size":"auto","background-attachment":"scroll","background-type":"","background-media":"","overlay-type":"","overlay-color":"","overlay-opacity":"","overlay-gradient":""}}},"product_brand":[],"product_cat":[95],"product_tag":[],"class_list":{"0":"post-3300","1":"product","2":"type-product","3":"status-publish","4":"has-post-thumbnail","6":"product_cat-biochemistry-analyzer","7":"desktop-align-left","8":"tablet-align-left","9":"mobile-align-left","10":"ast-col-sm-12","11":"ast-article-post","12":"ast-width-md-12","13":"ast-archive-post","14":"ast-product-gallery-layout-horizontal-slider","15":"ast-product-gallery-with-no-image","16":"ast-product-tabs-layout-horizontal","18":"first","19":"instock","20":"shipping-taxable","21":"product-type-simple"},"uagb_featured_image_src":{"full":["https:\/\/www.ansenta.com\/wp-content\/uploads\/2025\/12\/300-Automatic-Chemistry-Analyzer.jpg",1200,1200,false],"thumbnail":["https:\/\/www.ansenta.com\/wp-content\/uploads\/2025\/12\/300-Automatic-Chemistry-Analyzer-150x150.jpg",150,150,true],"medium":["https:\/\/www.ansenta.com\/wp-content\/uploads\/2025\/12\/300-Automatic-Chemistry-Analyzer-300x300.jpg",300,300,true],"medium_large":["https:\/\/www.ansenta.com\/wp-content\/uploads\/2025\/12\/300-Automatic-Chemistry-Analyzer-768x768.jpg",768,768,true],"large":["https:\/\/www.ansenta.com\/wp-content\/uploads\/2025\/12\/300-Automatic-Chemistry-Analyzer-1024x1024.jpg",1024,1024,true],"1536x1536":["https:\/\/www.ansenta.com\/wp-content\/uploads\/2025\/12\/300-Automatic-Chemistry-Analyzer.jpg",1200,1200,false],"2048x2048":["https:\/\/www.ansenta.com\/wp-content\/uploads\/2025\/12\/300-Automatic-Chemistry-Analyzer.jpg",1200,1200,false],"trp-custom-language-flag":["https:\/\/www.ansenta.com\/wp-content\/uploads\/2025\/12\/300-Automatic-Chemistry-Analyzer-12x12.jpg",12,12,true],"mailpoet_newsletter_max":["https:\/\/www.ansenta.com\/wp-content\/uploads\/2025\/12\/300-Automatic-Chemistry-Analyzer.jpg",1200,1200,false],"woocommerce_thumbnail":["https:\/\/www.ansenta.com\/wp-content\/uploads\/2025\/12\/300-Automatic-Chemistry-Analyzer-600x600.jpg",600,600,true],"woocommerce_single":["https:\/\/www.ansenta.com\/wp-content\/uploads\/2025\/12\/300-Automatic-Chemistry-Analyzer-600x600.jpg",600,600,true],"woocommerce_gallery_thumbnail":["https:\/\/www.ansenta.com\/wp-content\/uploads\/2025\/12\/300-Automatic-Chemistry-Analyzer-100x100.jpg",100,100,true]},"uagb_author_info":{"display_name":"jinxing6611@gmail.com","author_link":"https:\/\/www.ansenta.com\/pt\/author\/"},"uagb_comment_info":0,"uagb_excerpt":"Brand:ANSENTA Product Origin:CHINA Delivery time:Within 7 days Supply capacity:Factory Direct Supply Model:300T\/H Automatic Chemistry Analyzer Introduction:The 300T\/H Automatic Chemistry Analyzer is a state-of-the-art diagnostic tool designed for high-efficiency biochemical analysis. This advanced instrument boasts an impressive array of features tailored to meet the demands of modern laboratories. Download: 300 Automatic Chemistry Analyzer","jetpack_sharing_enabled":true,"_links":{"self":[{"href":"https:\/\/www.ansenta.com\/pt\/wp-json\/wp\/v2\/product\/3300","targetHints":{"allow":["GET"]}}],"collection":[{"href":"https:\/\/www.ansenta.com\/pt\/wp-json\/wp\/v2\/product"}],"about":[{"href":"https:\/\/www.ansenta.com\/pt\/wp-json\/wp\/v2\/types\/product"}],"wp:featuredmedia":[{"embeddable":true,"href":"https:\/\/www.ansenta.com\/pt\/wp-json\/wp\/v2\/media\/3301"}],"wp:attachment":[{"href":"https:\/\/www.ansenta.com\/pt\/wp-json\/wp\/v2\/media?parent=3300"}],"wp:term":[{"taxonomy":"product_brand","embeddable":true,"href":"https:\/\/www.ansenta.com\/pt\/wp-json\/wp\/v2\/product_brand?post=3300"},{"taxonomy":"product_cat","embeddable":true,"href":"https:\/\/www.ansenta.com\/pt\/wp-json\/wp\/v2\/product_cat?post=3300"},{"taxonomy":"product_tag","embeddable":true,"href":"https:\/\/www.ansenta.com\/pt\/wp-json\/wp\/v2\/product_tag?post=3300"}],"curies":[{"name":"wp","href":"https:\/\/api.w.org\/{rel}","templated":true}]}}