{"id":3273,"date":"2025-12-18T16:28:22","date_gmt":"2025-12-18T16:28:22","guid":{"rendered":"https:\/\/www.ansenta.com\/?post_type=product&#038;p=3273"},"modified":"2025-12-19T01:35:39","modified_gmt":"2025-12-19T01:35:39","slug":"2000-type-rotary-evaporator","status":"publish","type":"product","link":"https:\/\/www.ansenta.com\/pt\/produto\/2000-type-rotary-evaporator\/","title":{"rendered":"Evaporador rotativo tipo 2000"},"content":{"rendered":"<p><strong><b>\u2160\u3001Product presentation<\/b><\/strong><\/p>\n<p>The rotary evaporator is mainly used in the pharmaceutical, chemical, and biopharmaceutical industries for concentration, crystallization, drying, separation, and solvent recovery. Its principle is: under vacuum conditions, constant temperature heating causes the rotating flask to rotate at a constant speed, forming a large-area thin film of material on the flask wall for efficient evaporation. The solvent vapor is cooled by a high-efficiency glass condenser and collected in a receiving flask, greatly improving evaporation efficiency. It is particularly suitable for the concentration and purification of biological products that are easily decomposed or denatured at high temperatures.<\/p>\n<p>Main components: Made of anti-corrosion aluminum alloy, special engineering plastics, and high-quality high-temperature resistant glass. Compact structure, beautiful appearance, and durable.<\/p>\n<p>Main drive: Uses a precision geared motor, electronic speed control, and gear and rack transmission device. The diameter of the transmission shaft tube is increased, so the evaporation tube is 1.5 times larger than that of ordinary instruments, improving evaporation efficiency.<\/p>\n<p>Lifting mechanism: Uses an electrical contact mechanical retraction principle, with hydraulic auxiliary propulsion to achieve rapid ascent and stable descent, improving efficiency.<\/p>\n<p>Evaporation tube: Made of high-quality high-temperature resistant glass and fluoroplastic composite. &#8220;Silicone-fluorine composite sealing rings&#8221; are used at both ends for good vacuum sealing. Long service life, and can be regularly removed for cleaning or replacement as needed.<\/p>\n<p>Heating bath: Uses a Teflon-coated aluminum alloy composite pot (\u00d823&#215;13). A stainless steel heating coil is used for heating inside the pot, which can be used as a water bath (oil bath), providing stable and reliable heating. It is movable for safe evaporation.<\/p>\n<p><strong><b>\u2161\u3001Technical Data<\/b><\/strong><\/p>\n<p><strong><b>\uff081\uff09RE-2000A<\/b><\/strong><\/p>\n<p><img fetchpriority=\"high\" decoding=\"async\" class=\"alignnone size-full wp-image-3276\" src=\"https:\/\/www.ansenta.com\/wp-content\/uploads\/2025\/12\/200tre1.jpg\" alt=\"\" width=\"1552\" height=\"1403\" srcset=\"https:\/\/www.ansenta.com\/wp-content\/uploads\/2025\/12\/200tre1.jpg 1552w, https:\/\/www.ansenta.com\/wp-content\/uploads\/2025\/12\/200tre1-300x271.jpg 300w, https:\/\/www.ansenta.com\/wp-content\/uploads\/2025\/12\/200tre1-1024x926.jpg 1024w, https:\/\/www.ansenta.com\/wp-content\/uploads\/2025\/12\/200tre1-768x694.jpg 768w, https:\/\/www.ansenta.com\/wp-content\/uploads\/2025\/12\/200tre1-1536x1389.jpg 1536w, https:\/\/www.ansenta.com\/wp-content\/uploads\/2025\/12\/200tre1-13x12.jpg 13w, https:\/\/www.ansenta.com\/wp-content\/uploads\/2025\/12\/200tre1-1320x1193.jpg 1320w, https:\/\/www.ansenta.com\/wp-content\/uploads\/2025\/12\/200tre1-600x542.jpg 600w\" sizes=\"(max-width: 1552px) 100vw, 1552px\" \/><\/p>\n<p><strong><b>(2) RE-2000B<\/b><\/strong><\/p>\n<p><img decoding=\"async\" class=\"alignnone size-full wp-image-3277\" src=\"https:\/\/www.ansenta.com\/wp-content\/uploads\/2025\/12\/200tre2.jpg\" alt=\"\" width=\"1537\" height=\"1413\" srcset=\"https:\/\/www.ansenta.com\/wp-content\/uploads\/2025\/12\/200tre2.jpg 1537w, https:\/\/www.ansenta.com\/wp-content\/uploads\/2025\/12\/200tre2-300x276.jpg 300w, https:\/\/www.ansenta.com\/wp-content\/uploads\/2025\/12\/200tre2-1024x941.jpg 1024w, https:\/\/www.ansenta.com\/wp-content\/uploads\/2025\/12\/200tre2-768x706.jpg 768w, https:\/\/www.ansenta.com\/wp-content\/uploads\/2025\/12\/200tre2-13x12.jpg 13w, https:\/\/www.ansenta.com\/wp-content\/uploads\/2025\/12\/200tre2-1320x1214.jpg 1320w, https:\/\/www.ansenta.com\/wp-content\/uploads\/2025\/12\/200tre2-600x552.jpg 600w\" sizes=\"(max-width: 1537px) 100vw, 1537px\" \/><\/p>\n<p><strong><b>\uff083\uff09RE-2000E<\/b><\/strong><\/p>\n<p><img decoding=\"async\" class=\"alignnone size-full wp-image-3278\" src=\"https:\/\/www.ansenta.com\/wp-content\/uploads\/2025\/12\/200tre3.jpg\" alt=\"\" width=\"1666\" height=\"1344\" srcset=\"https:\/\/www.ansenta.com\/wp-content\/uploads\/2025\/12\/200tre3.jpg 1666w, https:\/\/www.ansenta.com\/wp-content\/uploads\/2025\/12\/200tre3-300x242.jpg 300w, https:\/\/www.ansenta.com\/wp-content\/uploads\/2025\/12\/200tre3-1024x826.jpg 1024w, https:\/\/www.ansenta.com\/wp-content\/uploads\/2025\/12\/200tre3-768x620.jpg 768w, https:\/\/www.ansenta.com\/wp-content\/uploads\/2025\/12\/200tre3-1536x1239.jpg 1536w, https:\/\/www.ansenta.com\/wp-content\/uploads\/2025\/12\/200tre3-15x12.jpg 15w, https:\/\/www.ansenta.com\/wp-content\/uploads\/2025\/12\/200tre3-1320x1065.jpg 1320w, https:\/\/www.ansenta.com\/wp-content\/uploads\/2025\/12\/200tre3-600x484.jpg 600w\" sizes=\"(max-width: 1666px) 100vw, 1666px\" \/><\/p>\n<p><a href=\"https:\/\/www.ansenta.com\/wp-content\/uploads\/2025\/12\/RE-2000\uff082000-type-rotary-evaporator\uff09.pdf\"><strong>Descarregar<\/strong><\/a><\/p>","protected":false},"excerpt":{"rendered":"<p><span style=\"color: #003300;\"><strong>Marca:<\/strong><\/span>ANSENTA<br \/>\n<span style=\"color: #003300;\"><strong>Origem do produto:<\/strong><\/span>CHINA<br \/>\n<span style=\"color: #003300;\"><strong>Prazo de entrega:<\/strong><\/span>No prazo de 7 dias<br \/>\n<span style=\"color: #003300;\"><strong>Capacidade de fornecimento:<\/strong><\/span>Fornecimento direto da f\u00e1brica<br \/>\n<span style=\"color: #003300;\"><strong>Modelo:<\/strong><\/span>RE-2000<br \/>\n<span style=\"color: #003300;\"><strong>Introdu\u00e7\u00e3o:<\/strong><\/span><br \/>\nO evaporador rotativo \u00e9 utilizado principalmente nas ind\u00fastrias farmac\u00eautica, qu\u00edmica e biofarmac\u00eautica para concentra\u00e7\u00e3o, cristaliza\u00e7\u00e3o, secagem, separa\u00e7\u00e3o e recupera\u00e7\u00e3o de solventes.<br \/>\n<span style=\"color: #003300;\"><strong>Descarregar:<\/strong><\/span><br \/>\n<a href=\"https:\/\/www.ansenta.com\/wp-content\/uploads\/2025\/12\/RE-2000\uff082000-type-rotary-evaporator\uff09.pdf\">Evaporador rotativo tipo 2000<\/a><\/p>","protected":false},"featured_media":3274,"template":"","meta":{"_uag_custom_page_level_css":"","site-sidebar-layout":"default","site-content-layout":"","ast-site-content-layout":"default","site-content-style":"default","site-sidebar-style":"default","ast-global-header-display":"","ast-banner-title-visibility":"","ast-main-header-display":"","ast-hfb-above-header-display":"","ast-hfb-below-header-display":"","ast-hfb-mobile-header-display":"","site-post-title":"","ast-breadcrumbs-content":"","ast-featured-img":"","footer-sml-layout":"","ast-disable-related-posts":"","theme-transparent-header-meta":"default","adv-header-id-meta":"","stick-header-meta":"default","header-above-stick-meta":"","header-main-stick-meta":"","header-below-stick-meta":"","astra-migrate-meta-layouts":"set","ast-page-background-enabled":"default","ast-page-background-meta":{"desktop":{"background-color":"var(--ast-global-color-4)","background-image":"","background-repeat":"repeat","background-position":"center center","background-size":"auto","background-attachment":"scroll","background-type":"","background-media":"","overlay-type":"","overlay-color":"","overlay-opacity":"","overlay-gradient":""},"tablet":{"background-color":"","background-image":"","background-repeat":"repeat","background-position":"center center","background-size":"auto","background-attachment":"scroll","background-type":"","background-media":"","overlay-type":"","overlay-color":"","overlay-opacity":"","overlay-gradient":""},"mobile":{"background-color":"","background-image":"","background-repeat":"repeat","background-position":"center center","background-size":"auto","background-attachment":"scroll","background-type":"","background-media":"","overlay-type":"","overlay-color":"","overlay-opacity":"","overlay-gradient":""}},"ast-content-background-meta":{"desktop":{"background-color":"var(--ast-global-color-5)","background-image":"","background-repeat":"repeat","background-position":"center center","background-size":"auto","background-attachment":"scroll","background-type":"","background-media":"","overlay-type":"","overlay-color":"","overlay-opacity":"","overlay-gradient":""},"tablet":{"background-color":"var(--ast-global-color-5)","background-image":"","background-repeat":"repeat","background-position":"center center","background-size":"auto","background-attachment":"scroll","background-type":"","background-media":"","overlay-type":"","overlay-color":"","overlay-opacity":"","overlay-gradient":""},"mobile":{"background-color":"var(--ast-global-color-5)","background-image":"","background-repeat":"repeat","background-position":"center center","background-size":"auto","background-attachment":"scroll","background-type":"","background-media":"","overlay-type":"","overlay-color":"","overlay-opacity":"","overlay-gradient":""}}},"product_brand":[],"product_cat":[219],"product_tag":[],"class_list":{"0":"post-3273","1":"product","2":"type-product","3":"status-publish","4":"has-post-thumbnail","6":"product_cat-rotary-evaporator","7":"desktop-align-left","8":"tablet-align-left","9":"mobile-align-left","10":"ast-col-sm-12","11":"ast-article-post","12":"ast-width-md-12","13":"ast-archive-post","14":"ast-product-gallery-layout-horizontal-slider","15":"ast-product-gallery-with-no-image","16":"ast-product-tabs-layout-horizontal","18":"first","19":"instock","20":"shipping-taxable","21":"product-type-simple"},"uagb_featured_image_src":{"full":["https:\/\/www.ansenta.com\/wp-content\/uploads\/2025\/12\/2025121801.png",1080,1080,false],"thumbnail":["https:\/\/www.ansenta.com\/wp-content\/uploads\/2025\/12\/2025121801-150x150.png",150,150,true],"medium":["https:\/\/www.ansenta.com\/wp-content\/uploads\/2025\/12\/2025121801-300x300.png",300,300,true],"medium_large":["https:\/\/www.ansenta.com\/wp-content\/uploads\/2025\/12\/2025121801-768x768.png",768,768,true],"large":["https:\/\/www.ansenta.com\/wp-content\/uploads\/2025\/12\/2025121801-1024x1024.png",1024,1024,true],"1536x1536":["https:\/\/www.ansenta.com\/wp-content\/uploads\/2025\/12\/2025121801.png",1080,1080,false],"2048x2048":["https:\/\/www.ansenta.com\/wp-content\/uploads\/2025\/12\/2025121801.png",1080,1080,false],"trp-custom-language-flag":["https:\/\/www.ansenta.com\/wp-content\/uploads\/2025\/12\/2025121801-12x12.png",12,12,true],"mailpoet_newsletter_max":["https:\/\/www.ansenta.com\/wp-content\/uploads\/2025\/12\/2025121801.png",1080,1080,false],"woocommerce_thumbnail":["https:\/\/www.ansenta.com\/wp-content\/uploads\/2025\/12\/2025121801-600x600.png",600,600,true],"woocommerce_single":["https:\/\/www.ansenta.com\/wp-content\/uploads\/2025\/12\/2025121801-600x600.png",600,600,true],"woocommerce_gallery_thumbnail":["https:\/\/www.ansenta.com\/wp-content\/uploads\/2025\/12\/2025121801-100x100.png",100,100,true]},"uagb_author_info":{"display_name":"jinxing6611@gmail.com","author_link":"https:\/\/www.ansenta.com\/pt\/author\/"},"uagb_comment_info":0,"uagb_excerpt":"Brand:ANSENTA Product Origin:CHINA Delivery time:Within 7 days Supply capacity:Factory Direct Supply Model:RE-2000 Introduction: The rotary evaporator is mainly used in the pharmaceutical, chemical, and biopharmaceutical industries for concentration, crystallization, drying, separation, and solvent recovery. Download: 2000 type rotary evaporator","jetpack_sharing_enabled":true,"_links":{"self":[{"href":"https:\/\/www.ansenta.com\/pt\/wp-json\/wp\/v2\/product\/3273","targetHints":{"allow":["GET"]}}],"collection":[{"href":"https:\/\/www.ansenta.com\/pt\/wp-json\/wp\/v2\/product"}],"about":[{"href":"https:\/\/www.ansenta.com\/pt\/wp-json\/wp\/v2\/types\/product"}],"wp:featuredmedia":[{"embeddable":true,"href":"https:\/\/www.ansenta.com\/pt\/wp-json\/wp\/v2\/media\/3274"}],"wp:attachment":[{"href":"https:\/\/www.ansenta.com\/pt\/wp-json\/wp\/v2\/media?parent=3273"}],"wp:term":[{"taxonomy":"product_brand","embeddable":true,"href":"https:\/\/www.ansenta.com\/pt\/wp-json\/wp\/v2\/product_brand?post=3273"},{"taxonomy":"product_cat","embeddable":true,"href":"https:\/\/www.ansenta.com\/pt\/wp-json\/wp\/v2\/product_cat?post=3273"},{"taxonomy":"product_tag","embeddable":true,"href":"https:\/\/www.ansenta.com\/pt\/wp-json\/wp\/v2\/product_tag?post=3273"}],"curies":[{"name":"wp","href":"https:\/\/api.w.org\/{rel}","templated":true}]}}