{"id":3262,"date":"2025-12-17T09:45:52","date_gmt":"2025-12-17T09:45:52","guid":{"rendered":"https:\/\/www.ansenta.com\/?post_type=product&#038;p=3262"},"modified":"2025-12-17T09:45:52","modified_gmt":"2025-12-17T09:45:52","slug":"bench-type-temperature-humidity-chamber","status":"publish","type":"product","link":"https:\/\/www.ansenta.com\/pt\/produto\/bench-type-temperature-humidity-chamber\/","title":{"rendered":"C\u00e2mara de temperatura-humidade de bancada"},"content":{"rendered":"","protected":false},"excerpt":{"rendered":"<p><span style=\"color: #003300;\"><strong>Marca<\/strong>\u00a0<\/span>ANSENTA<\/p>\n<p><span style=\"color: #003300;\"><strong><b>Origem do produto<\/b><\/strong><\/span>\u00a0CHINA<\/p>\n<p><span style=\"color: #003300;\"><strong>Prazo de entrega<\/strong><strong>\u00a0<\/strong><\/span>No prazo de 7 dias<\/p>\n<p><span style=\"color: #003300;\"><strong>Capacidade de fornecimento<\/strong><\/span>\u00a0Fornecimento direto da f\u00e1brica<\/p>\n<p><strong><b>Introdu\u00e7\u00e3o\uff1a<\/b><\/strong><\/p>\n<p>Simula ambientes de alta temperatura, baixa temperatura, resist\u00eancia ao frio, humidade ou temperatura e humidade constantes para testar a fiabilidade, estabilidade e outros par\u00e2metros do produto. \u00c9 adequado para testar eletr\u00f3nica, aparelhos el\u00e9ctricos, avia\u00e7\u00e3o, chips, semicondutores, autom\u00f3veis, produtos qu\u00edmicos, investiga\u00e7\u00e3o cient\u00edfica e outros campos, e pode fornecer uma base para melhorar a qualidade e fiabilidade do produto.<\/p>\n<p><strong><span style=\"color: #003300;\">Descarregar<\/span><\/strong><\/p>\n<p>\u2022<a href=\"https:\/\/www.ansenta.com\/wp-content\/uploads\/2025\/12\/\u53f0\u5f0f\u6e29\u6e7f\u5ea6\u8bd5\u9a8c\u7bb1\uff08Desktop-temperature-and-humidity-chamber.pdf\">C\u00e2mara de temperatura e humidade de secret\u00e1ria<\/a><\/p>","protected":false},"featured_media":3264,"template":"","meta":{"_uag_custom_page_level_css":"","site-sidebar-layout":"default","site-content-layout":"","ast-site-content-layout":"default","site-content-style":"default","site-sidebar-style":"default","ast-global-header-display":"","ast-banner-title-visibility":"","ast-main-header-display":"","ast-hfb-above-header-display":"","ast-hfb-below-header-display":"","ast-hfb-mobile-header-display":"","site-post-title":"","ast-breadcrumbs-content":"","ast-featured-img":"","footer-sml-layout":"","ast-disable-related-posts":"","theme-transparent-header-meta":"default","adv-header-id-meta":"","stick-header-meta":"default","header-above-stick-meta":"","header-main-stick-meta":"","header-below-stick-meta":"","astra-migrate-meta-layouts":"set","ast-page-background-enabled":"default","ast-page-background-meta":{"desktop":{"background-color":"var(--ast-global-color-4)","background-image":"","background-repeat":"repeat","background-position":"center center","background-size":"auto","background-attachment":"scroll","background-type":"","background-media":"","overlay-type":"","overlay-color":"","overlay-opacity":"","overlay-gradient":""},"tablet":{"background-color":"","background-image":"","background-repeat":"repeat","background-position":"center center","background-size":"auto","background-attachment":"scroll","background-type":"","background-media":"","overlay-type":"","overlay-color":"","overlay-opacity":"","overlay-gradient":""},"mobile":{"background-color":"","background-image":"","background-repeat":"repeat","background-position":"center center","background-size":"auto","background-attachment":"scroll","background-type":"","background-media":"","overlay-type":"","overlay-color":"","overlay-opacity":"","overlay-gradient":""}},"ast-content-background-meta":{"desktop":{"background-color":"var(--ast-global-color-5)","background-image":"","background-repeat":"repeat","background-position":"center center","background-size":"auto","background-attachment":"scroll","background-type":"","background-media":"","overlay-type":"","overlay-color":"","overlay-opacity":"","overlay-gradient":""},"tablet":{"background-color":"var(--ast-global-color-5)","background-image":"","background-repeat":"repeat","background-position":"center center","background-size":"auto","background-attachment":"scroll","background-type":"","background-media":"","overlay-type":"","overlay-color":"","overlay-opacity":"","overlay-gradient":""},"mobile":{"background-color":"var(--ast-global-color-5)","background-image":"","background-repeat":"repeat","background-position":"center center","background-size":"auto","background-attachment":"scroll","background-type":"","background-media":"","overlay-type":"","overlay-color":"","overlay-opacity":"","overlay-gradient":""}}},"product_brand":[],"product_cat":[30],"product_tag":[],"class_list":{"0":"post-3262","1":"product","2":"type-product","3":"status-publish","4":"has-post-thumbnail","6":"product_cat-laboratory-incubator","7":"desktop-align-left","8":"tablet-align-left","9":"mobile-align-left","10":"ast-col-sm-12","11":"ast-article-post","12":"ast-width-md-12","13":"ast-archive-post","14":"ast-product-gallery-layout-horizontal-slider","15":"ast-product-gallery-with-no-image","16":"ast-product-tabs-layout-horizontal","18":"first","19":"instock","20":"shipping-taxable","21":"product-type-simple"},"uagb_featured_image_src":{"full":["https:\/\/www.ansenta.com\/wp-content\/uploads\/2025\/12\/\u53f0\u5f0f\u6b63\u9762.jpg",800,800,false],"thumbnail":["https:\/\/www.ansenta.com\/wp-content\/uploads\/2025\/12\/\u53f0\u5f0f\u6b63\u9762-150x150.jpg",150,150,true],"medium":["https:\/\/www.ansenta.com\/wp-content\/uploads\/2025\/12\/\u53f0\u5f0f\u6b63\u9762-300x300.jpg",300,300,true],"medium_large":["https:\/\/www.ansenta.com\/wp-content\/uploads\/2025\/12\/\u53f0\u5f0f\u6b63\u9762-768x768.jpg",768,768,true],"large":["https:\/\/www.ansenta.com\/wp-content\/uploads\/2025\/12\/\u53f0\u5f0f\u6b63\u9762.jpg",800,800,false],"1536x1536":["https:\/\/www.ansenta.com\/wp-content\/uploads\/2025\/12\/\u53f0\u5f0f\u6b63\u9762.jpg",800,800,false],"2048x2048":["https:\/\/www.ansenta.com\/wp-content\/uploads\/2025\/12\/\u53f0\u5f0f\u6b63\u9762.jpg",800,800,false],"trp-custom-language-flag":["https:\/\/www.ansenta.com\/wp-content\/uploads\/2025\/12\/\u53f0\u5f0f\u6b63\u9762-12x12.jpg",12,12,true],"mailpoet_newsletter_max":["https:\/\/www.ansenta.com\/wp-content\/uploads\/2025\/12\/\u53f0\u5f0f\u6b63\u9762.jpg",800,800,false],"woocommerce_thumbnail":["https:\/\/www.ansenta.com\/wp-content\/uploads\/2025\/12\/\u53f0\u5f0f\u6b63\u9762-600x600.jpg",600,600,true],"woocommerce_single":["https:\/\/www.ansenta.com\/wp-content\/uploads\/2025\/12\/\u53f0\u5f0f\u6b63\u9762-600x600.jpg",600,600,true],"woocommerce_gallery_thumbnail":["https:\/\/www.ansenta.com\/wp-content\/uploads\/2025\/12\/\u53f0\u5f0f\u6b63\u9762-100x100.jpg",100,100,true]},"uagb_author_info":{"display_name":"jinxing6611@gmail.com","author_link":"https:\/\/www.ansenta.com\/pt\/author\/"},"uagb_comment_info":0,"uagb_excerpt":"Brand\u00a0ANSENTA Product Origin\u00a0CHINA Delivery time\u00a0Within 7 days Supply capacity\u00a0Factory Direct Supply Introduction\uff1a It Simulate high temperature, low temperature, cold resistance,humidity or constant temperature and humidity environments to test product reliability, stability and other parameters. It issuitable for testing electronics, electrical appliances, aviation, chips,semiconductors, automobiles, chemicals, scientific research and other fields, and can provide a basis&hellip;","jetpack_sharing_enabled":true,"_links":{"self":[{"href":"https:\/\/www.ansenta.com\/pt\/wp-json\/wp\/v2\/product\/3262","targetHints":{"allow":["GET"]}}],"collection":[{"href":"https:\/\/www.ansenta.com\/pt\/wp-json\/wp\/v2\/product"}],"about":[{"href":"https:\/\/www.ansenta.com\/pt\/wp-json\/wp\/v2\/types\/product"}],"wp:featuredmedia":[{"embeddable":true,"href":"https:\/\/www.ansenta.com\/pt\/wp-json\/wp\/v2\/media\/3264"}],"wp:attachment":[{"href":"https:\/\/www.ansenta.com\/pt\/wp-json\/wp\/v2\/media?parent=3262"}],"wp:term":[{"taxonomy":"product_brand","embeddable":true,"href":"https:\/\/www.ansenta.com\/pt\/wp-json\/wp\/v2\/product_brand?post=3262"},{"taxonomy":"product_cat","embeddable":true,"href":"https:\/\/www.ansenta.com\/pt\/wp-json\/wp\/v2\/product_cat?post=3262"},{"taxonomy":"product_tag","embeddable":true,"href":"https:\/\/www.ansenta.com\/pt\/wp-json\/wp\/v2\/product_tag?post=3262"}],"curies":[{"name":"wp","href":"https:\/\/api.w.org\/{rel}","templated":true}]}}