{"id":3189,"date":"2025-12-16T09:34:58","date_gmt":"2025-12-16T09:34:58","guid":{"rendered":"https:\/\/www.ansenta.com\/?post_type=product&#038;p=3189"},"modified":"2025-12-16T09:34:58","modified_gmt":"2025-12-16T09:34:58","slug":"plant-growth-measurement-equipment-root-scanner","status":"publish","type":"product","link":"https:\/\/www.ansenta.com\/pt\/produto\/plant-growth-measurement-equipment-root-scanner\/","title":{"rendered":"Equipamento de medi\u00e7\u00e3o do crescimento das plantas - scanner de ra\u00edzes"},"content":{"rendered":"","protected":false},"excerpt":{"rendered":"<p><span style=\"color: #003300;\"><strong>Marca<\/strong><\/span>\u00a0ANSENTA<\/p>\n<p><span style=\"color: #003300;\"><strong><b>Origem do produto<\/b><\/strong>\u00a0<\/span>CHINA<\/p>\n<p><strong><span style=\"color: #003300;\">Delivery tim<\/span>e<\/strong><strong>\u00a0<\/strong>No prazo de 7 dias<\/p>\n<p><span style=\"color: #003300;\"><strong>Capacidade de fornecimento<\/strong><\/span>\u00a0Fornecimento direto da f\u00e1brica<\/p>\n<p><span style=\"color: #003300;\"><strong>Modelo\u00a0 <\/strong><span style=\"color: #000000;\">Equipamento de medi\u00e7\u00e3o do crescimento das plantas - scanner de ra\u00edzes<\/span><\/span><\/p>\n<p><strong><b>Introdu\u00e7\u00e3o\uff1a<\/b><\/strong><\/p>\n<p>Root analysis system is used for professional root analysis after root washing, and can also be used for root phenotype analysis of plants in root box culture. It can analyze root length, diameter, area, volume, root tip count, etc. It is powerful and easy to operate. The software can analyze the morphological analysis of plant roots and the overall structure distribution of roots, etc. It is widely used in the research of root morphology and structure.<\/p>\n<p><strong><span style=\"color: #333300;\">Descarregar<\/span><\/strong><\/p>\n<p>\u2022<a href=\"https:\/\/www.ansenta.com\/wp-content\/uploads\/2025\/12\/\u690d\u7269\u751f\u957f\u6d4b\u91cf\u8bbe\u5907-\u6839\u7cfb\u626b\u63cf\u4eea\uff08Plat-growth-measurement-root-scanner\uff09.pdf\">Plat growth measurement -root scanner<\/a><\/p>","protected":false},"featured_media":3191,"template":"","meta":{"_uag_custom_page_level_css":"","site-sidebar-layout":"default","site-content-layout":"","ast-site-content-layout":"default","site-content-style":"default","site-sidebar-style":"default","ast-global-header-display":"","ast-banner-title-visibility":"","ast-main-header-display":"","ast-hfb-above-header-display":"","ast-hfb-below-header-display":"","ast-hfb-mobile-header-display":"","site-post-title":"","ast-breadcrumbs-content":"","ast-featured-img":"","footer-sml-layout":"","ast-disable-related-posts":"","theme-transparent-header-meta":"default","adv-header-id-meta":"","stick-header-meta":"default","header-above-stick-meta":"","header-main-stick-meta":"","header-below-stick-meta":"","astra-migrate-meta-layouts":"set","ast-page-background-enabled":"default","ast-page-background-meta":{"desktop":{"background-color":"var(--ast-global-color-4)","background-image":"","background-repeat":"repeat","background-position":"center center","background-size":"auto","background-attachment":"scroll","background-type":"","background-media":"","overlay-type":"","overlay-color":"","overlay-opacity":"","overlay-gradient":""},"tablet":{"background-color":"","background-image":"","background-repeat":"repeat","background-position":"center center","background-size":"auto","background-attachment":"scroll","background-type":"","background-media":"","overlay-type":"","overlay-color":"","overlay-opacity":"","overlay-gradient":""},"mobile":{"background-color":"","background-image":"","background-repeat":"repeat","background-position":"center center","background-size":"auto","background-attachment":"scroll","background-type":"","background-media":"","overlay-type":"","overlay-color":"","overlay-opacity":"","overlay-gradient":""}},"ast-content-background-meta":{"desktop":{"background-color":"var(--ast-global-color-5)","background-image":"","background-repeat":"repeat","background-position":"center center","background-size":"auto","background-attachment":"scroll","background-type":"","background-media":"","overlay-type":"","overlay-color":"","overlay-opacity":"","overlay-gradient":""},"tablet":{"background-color":"var(--ast-global-color-5)","background-image":"","background-repeat":"repeat","background-position":"center center","background-size":"auto","background-attachment":"scroll","background-type":"","background-media":"","overlay-type":"","overlay-color":"","overlay-opacity":"","overlay-gradient":""},"mobile":{"background-color":"var(--ast-global-color-5)","background-image":"","background-repeat":"repeat","background-position":"center center","background-size":"auto","background-attachment":"scroll","background-type":"","background-media":"","overlay-type":"","overlay-color":"","overlay-opacity":"","overlay-gradient":""}}},"product_brand":[],"product_cat":[171],"product_tag":[],"class_list":{"0":"post-3189","1":"product","2":"type-product","3":"status-publish","4":"has-post-thumbnail","6":"product_cat-plant-analysis-instrument","7":"desktop-align-left","8":"tablet-align-left","9":"mobile-align-left","10":"ast-col-sm-12","11":"ast-article-post","12":"ast-width-md-12","13":"ast-archive-post","14":"ast-product-gallery-layout-horizontal-slider","15":"ast-product-gallery-with-no-image","16":"ast-product-tabs-layout-horizontal","18":"first","19":"instock","20":"shipping-taxable","21":"product-type-simple"},"uagb_featured_image_src":{"full":["https:\/\/www.ansenta.com\/wp-content\/uploads\/2025\/12\/\u56fe\u72474.png",640,640,false],"thumbnail":["https:\/\/www.ansenta.com\/wp-content\/uploads\/2025\/12\/\u56fe\u72474-150x150.png",150,150,true],"medium":["https:\/\/www.ansenta.com\/wp-content\/uploads\/2025\/12\/\u56fe\u72474-300x300.png",300,300,true],"medium_large":["https:\/\/www.ansenta.com\/wp-content\/uploads\/2025\/12\/\u56fe\u72474.png",640,640,false],"large":["https:\/\/www.ansenta.com\/wp-content\/uploads\/2025\/12\/\u56fe\u72474.png",640,640,false],"1536x1536":["https:\/\/www.ansenta.com\/wp-content\/uploads\/2025\/12\/\u56fe\u72474.png",640,640,false],"2048x2048":["https:\/\/www.ansenta.com\/wp-content\/uploads\/2025\/12\/\u56fe\u72474.png",640,640,false],"trp-custom-language-flag":["https:\/\/www.ansenta.com\/wp-content\/uploads\/2025\/12\/\u56fe\u72474-12x12.png",12,12,true],"mailpoet_newsletter_max":["https:\/\/www.ansenta.com\/wp-content\/uploads\/2025\/12\/\u56fe\u72474.png",640,640,false],"woocommerce_thumbnail":["https:\/\/www.ansenta.com\/wp-content\/uploads\/2025\/12\/\u56fe\u72474-600x600.png",600,600,true],"woocommerce_single":["https:\/\/www.ansenta.com\/wp-content\/uploads\/2025\/12\/\u56fe\u72474-600x600.png",600,600,true],"woocommerce_gallery_thumbnail":["https:\/\/www.ansenta.com\/wp-content\/uploads\/2025\/12\/\u56fe\u72474-100x100.png",100,100,true]},"uagb_author_info":{"display_name":"jinxing6611@gmail.com","author_link":"https:\/\/www.ansenta.com\/pt\/author\/"},"uagb_comment_info":0,"uagb_excerpt":"Brand\u00a0ANSENTA Product Origin\u00a0CHINA Delivery time\u00a0Within 7 days Supply capacity\u00a0Factory Direct Supply Model\u00a0 Plant growth measurement equipment-root scanner Introduction\uff1a Root analysis system is used for professional root analysis after root washing, and can also be used for root phenotype analysis of plants in root box culture. It can analyze root length, diameter, area, volume, root tip&hellip;","jetpack_sharing_enabled":true,"_links":{"self":[{"href":"https:\/\/www.ansenta.com\/pt\/wp-json\/wp\/v2\/product\/3189","targetHints":{"allow":["GET"]}}],"collection":[{"href":"https:\/\/www.ansenta.com\/pt\/wp-json\/wp\/v2\/product"}],"about":[{"href":"https:\/\/www.ansenta.com\/pt\/wp-json\/wp\/v2\/types\/product"}],"wp:featuredmedia":[{"embeddable":true,"href":"https:\/\/www.ansenta.com\/pt\/wp-json\/wp\/v2\/media\/3191"}],"wp:attachment":[{"href":"https:\/\/www.ansenta.com\/pt\/wp-json\/wp\/v2\/media?parent=3189"}],"wp:term":[{"taxonomy":"product_brand","embeddable":true,"href":"https:\/\/www.ansenta.com\/pt\/wp-json\/wp\/v2\/product_brand?post=3189"},{"taxonomy":"product_cat","embeddable":true,"href":"https:\/\/www.ansenta.com\/pt\/wp-json\/wp\/v2\/product_cat?post=3189"},{"taxonomy":"product_tag","embeddable":true,"href":"https:\/\/www.ansenta.com\/pt\/wp-json\/wp\/v2\/product_tag?post=3189"}],"curies":[{"name":"wp","href":"https:\/\/api.w.org\/{rel}","templated":true}]}}