{"id":77,"date":"2025-11-26T03:41:17","date_gmt":"2025-11-26T03:41:17","guid":{"rendered":"http:\/\/ansenta.com\/services\/"},"modified":"2025-12-04T08:49:42","modified_gmt":"2025-12-04T08:49:42","slug":"services","status":"publish","type":"page","link":"https:\/\/www.ansenta.com\/pt\/services\/","title":{"rendered":"Servi\u00e7os"},"content":{"rendered":"<style>.elementor-77 .elementor-element.elementor-element-584e9335{--display:flex;--flex-direction:row;--container-widget-width:initial;--container-widget-height:100%;--container-widget-flex-grow:1;--container-widget-align-self:stretch;--flex-wrap-mobile:wrap;--overlay-opacity:0.3;--padding-top:3em;--padding-bottom:3em;--padding-left:0em;--padding-right:0em;}.elementor-77 .elementor-element.elementor-element-584e9335:not(.elementor-motion-effects-element-type-background), .elementor-77 .elementor-element.elementor-element-584e9335 > .elementor-motion-effects-container > .elementor-motion-effects-layer{background-color:var( --e-global-color-308e809 );}.elementor-77 .elementor-element.elementor-element-584e9335::before, .elementor-77 .elementor-element.elementor-element-584e9335 > .elementor-background-video-container::before, .elementor-77 .elementor-element.elementor-element-584e9335 > .e-con-inner > .elementor-background-video-container::before, .elementor-77 .elementor-element.elementor-element-584e9335 > .elementor-background-slideshow::before, .elementor-77 .elementor-element.elementor-element-584e9335 > .e-con-inner > .elementor-background-slideshow::before, .elementor-77 .elementor-element.elementor-element-584e9335 > .elementor-motion-effects-container > .elementor-motion-effects-layer::before{--background-overlay:'';background-image:url(\"https:\/\/www.ansenta.com\/wp-content\/uploads\/2025\/11\/bg_memphis_1.png\");background-position:top right;background-repeat:no-repeat;background-size:cover;}.elementor-77 .elementor-element.elementor-element-f21a241{--display:flex;--padding-top:2em;--padding-bottom:2em;--padding-left:1em;--padding-right:2em;}.elementor-77 .elementor-element.elementor-element-a4036f7 .elementor-icon-list-items:not(.elementor-inline-items) .elementor-icon-list-item:not(:last-child){padding-block-end:calc(16px\/2);}.elementor-77 .elementor-element.elementor-element-a4036f7 .elementor-icon-list-items:not(.elementor-inline-items) .elementor-icon-list-item:not(:first-child){margin-block-start:calc(16px\/2);}.elementor-77 .elementor-element.elementor-element-a4036f7 .elementor-icon-list-items.elementor-inline-items .elementor-icon-list-item{margin-inline:calc(16px\/2);}.elementor-77 .elementor-element.elementor-element-a4036f7 .elementor-icon-list-items.elementor-inline-items{margin-inline:calc(-16px\/2);}.elementor-77 .elementor-element.elementor-element-a4036f7 .elementor-icon-list-items.elementor-inline-items .elementor-icon-list-item:after{inset-inline-end:calc(-16px\/2);}.elementor-77 .elementor-element.elementor-element-a4036f7 .elementor-icon-list-icon i{transition:color 0.3s;}.elementor-77 .elementor-element.elementor-element-a4036f7 .elementor-icon-list-icon svg{transition:fill 0.3s;}.elementor-77 .elementor-element.elementor-element-a4036f7{--e-icon-list-icon-size:12px;--icon-vertical-offset:0px;}.elementor-77 .elementor-element.elementor-element-a4036f7:NOT(.elementor-icon-list-ico-position-10) .elementor-icon-list-text{padding-left:16px;}.elementor-77 .elementor-element.elementor-element-a4036f7.elementor-icon-list-ico-position-10 .elementor-icon-list-text{padding-right:16px;}.elementor-77 .elementor-element.elementor-element-a4036f7 .elementor-icon-list-item > .elementor-icon-list-text, .elementor-77 .elementor-element.elementor-element-a4036f7 .elementor-icon-list-item > a{font-family:var( --e-global-typography-69c152f-font-family ), Sans-serif;font-size:var( --e-global-typography-69c152f-font-size );line-height:var( --e-global-typography-69c152f-line-height );letter-spacing:var( --e-global-typography-69c152f-letter-spacing );word-spacing:var( --e-global-typography-69c152f-word-spacing );}.elementor-77 .elementor-element.elementor-element-a4036f7 .elementor-icon-list-text{transition:color 0.3s;}.elementor-77 .elementor-element.elementor-element-4baaed86{width:var( --container-widget-width, 550px );max-width:550px;--container-widget-width:550px;--container-widget-flex-grow:0;}.elementor-77 .elementor-element.elementor-element-e2f8c31{--display:flex;--flex-direction:row;--container-widget-width:initial;--container-widget-height:100%;--container-widget-flex-grow:1;--container-widget-align-self:stretch;--flex-wrap-mobile:wrap;--gap:0px 0px;--row-gap:0px;--column-gap:0px;--padding-top:6em;--padding-bottom:7em;--padding-left:0em;--padding-right:0em;}.elementor-77 .elementor-element.elementor-element-1c463b5d{--display:flex;--overlay-opacity:0.5;--padding-top:2em;--padding-bottom:2em;--padding-left:2em;--padding-right:2em;}.elementor-77 .elementor-element.elementor-element-1c463b5d:not(.elementor-motion-effects-element-type-background), .elementor-77 .elementor-element.elementor-element-1c463b5d > .elementor-motion-effects-container > .elementor-motion-effects-layer{background-color:var( --e-global-color-a291686 );}.elementor-77 .elementor-element.elementor-element-1c463b5d::before, .elementor-77 .elementor-element.elementor-element-1c463b5d > .elementor-background-video-container::before, .elementor-77 .elementor-element.elementor-element-1c463b5d > .e-con-inner > .elementor-background-video-container::before, .elementor-77 .elementor-element.elementor-element-1c463b5d > .elementor-background-slideshow::before, .elementor-77 .elementor-element.elementor-element-1c463b5d > .e-con-inner > .elementor-background-slideshow::before, .elementor-77 .elementor-element.elementor-element-1c463b5d > .elementor-motion-effects-container > .elementor-motion-effects-layer::before{--background-overlay:'';}.elementor-77 .elementor-element.elementor-element-61f2aee0 p{margin-block-end:7px;}@media(max-width:1024px){.elementor-77 .elementor-element.elementor-element-584e9335{--padding-top:2em;--padding-bottom:2em;--padding-left:0em;--padding-right:0em;}.elementor-77 .elementor-element.elementor-element-a4036f7 .elementor-icon-list-item > .elementor-icon-list-text, .elementor-77 .elementor-element.elementor-element-a4036f7 .elementor-icon-list-item > a{font-size:var( --e-global-typography-69c152f-font-size );line-height:var( --e-global-typography-69c152f-line-height );letter-spacing:var( --e-global-typography-69c152f-letter-spacing );word-spacing:var( --e-global-typography-69c152f-word-spacing );}.elementor-77 .elementor-element.elementor-element-e2f8c31{--flex-direction:row;--container-widget-width:initial;--container-widget-height:100%;--container-widget-flex-grow:1;--container-widget-align-self:stretch;--flex-wrap-mobile:wrap;--gap:0px 0px;--row-gap:0px;--column-gap:0px;--flex-wrap:wrap;--padding-top:1em;--padding-bottom:3em;--padding-left:0em;--padding-right:0em;}.elementor-77 .elementor-element.elementor-element-1c463b5d{--padding-top:2em;--padding-bottom:2em;--padding-left:1em;--padding-right:2em;}}@media(max-width:767px){.elementor-77 .elementor-element.elementor-element-a4036f7 .elementor-icon-list-item > .elementor-icon-list-text, .elementor-77 .elementor-element.elementor-element-a4036f7 .elementor-icon-list-item > a{font-size:var( --e-global-typography-69c152f-font-size );line-height:var( --e-global-typography-69c152f-line-height );letter-spacing:var( --e-global-typography-69c152f-letter-spacing );word-spacing:var( --e-global-typography-69c152f-word-spacing );}.elementor-77 .elementor-element.elementor-element-e2f8c31{--padding-top:0em;--padding-bottom:0em;--padding-left:0em;--padding-right:0em;}}@media(min-width:768px){.elementor-77 .elementor-element.elementor-element-1c463b5d{--width:100%;}}@media(max-width:1024px) and (min-width:768px){.elementor-77 .elementor-element.elementor-element-1c463b5d{--width:50%;}}<\/style>\t\t<div data-elementor-type=\"wp-page\" data-elementor-id=\"77\" class=\"elementor elementor-77\" data-elementor-post-type=\"page\">\n\t\t\t\t<div class=\"elementor-element elementor-element-584e9335 e-flex e-con-boxed e-con e-parent\" data-id=\"584e9335\" data-element_type=\"container\" data-e-type=\"container\" data-settings=\"{&quot;background_background&quot;:&quot;classic&quot;}\">\n\t\t\t\t\t<div class=\"e-con-inner\">\n\t\t<div class=\"elementor-element elementor-element-f21a241 e-con-full e-flex e-con e-child\" data-id=\"f21a241\" data-element_type=\"container\" data-e-type=\"container\" data-settings=\"{&quot;background_background&quot;:&quot;classic&quot;}\">\n\t\t\t\t<div class=\"elementor-element elementor-element-3110617e elementor-widget elementor-widget-heading\" data-id=\"3110617e\" data-element_type=\"widget\" data-e-type=\"widget\" data-widget_type=\"heading.default\">\n\t\t\t\t<div class=\"elementor-widget-container\">\n\t\t\t\t\t<h1 class=\"elementor-heading-title elementor-size-default\">Servi\u00e7os<\/h1>\t\t\t\t<\/div>\n\t\t\t\t<\/div>\n\t\t\t\t<div class=\"elementor-element elementor-element-a4036f7 elementor-icon-list--layout-inline elementor-list-item-link-full_width elementor-widget elementor-widget-icon-list\" data-id=\"a4036f7\" data-element_type=\"widget\" data-e-type=\"widget\" data-widget_type=\"icon-list.default\">\n\t\t\t\t<div class=\"elementor-widget-container\">\n\t\t\t\t\t\t\t<ul class=\"elementor-icon-list-items elementor-inline-items\">\n\t\t\t\t\t\t\t<li class=\"elementor-icon-list-item elementor-inline-item\">\n\t\t\t\t\t\t\t\t\t\t\t<a href=\"#\">\n\n\t\t\t\t\t\t\t\t\t\t\t<span class=\"elementor-icon-list-text\">In\u00edcio<\/span>\n\t\t\t\t\t\t\t\t\t\t\t<\/a>\n\t\t\t\t\t\t\t\t\t<\/li>\n\t\t\t\t\t\t\t\t<li class=\"elementor-icon-list-item elementor-inline-item\">\n\t\t\t\t\t\t\t\t\t\t\t<a href=\"#\">\n\n\t\t\t\t\t\t\t\t\t\t\t\t<span class=\"elementor-icon-list-icon\">\n\t\t\t\t\t\t\t<i aria-hidden=\"true\" class=\"icon icon-chevron-right\"><\/i>\t\t\t\t\t\t<\/span>\n\t\t\t\t\t\t\t\t\t\t<span class=\"elementor-icon-list-text\">Servi\u00e7os<\/span>\n\t\t\t\t\t\t\t\t\t\t\t<\/a>\n\t\t\t\t\t\t\t\t\t<\/li>\n\t\t\t\t\t\t<\/ul>\n\t\t\t\t\t\t<\/div>\n\t\t\t\t<\/div>\n\t\t\t\t<\/div>\n\t\t\t\t\t<\/div>\n\t\t\t\t<\/div>\n\t\t<div class=\"elementor-element elementor-element-e2f8c31 e-flex e-con-boxed e-con e-parent\" data-id=\"e2f8c31\" data-element_type=\"container\" data-e-type=\"container\">\n\t\t\t\t\t<div class=\"e-con-inner\">\n\t\t<div class=\"elementor-element elementor-element-1c463b5d e-con-full e-flex e-con e-child\" data-id=\"1c463b5d\" data-element_type=\"container\" data-e-type=\"container\" data-settings=\"{&quot;background_background&quot;:&quot;classic&quot;}\">\n\t\t\t\t<div class=\"elementor-element elementor-element-61f2aee0 elementor-widget elementor-widget-text-editor\" data-id=\"61f2aee0\" data-element_type=\"widget\" data-e-type=\"widget\" data-widget_type=\"text-editor.default\">\n\t\t\t\t<div class=\"elementor-widget-container\">\n\t\t\t\t\t\t\t\t\t<div><p><strong>1. Porqu\u00ea escolher a Ansenta?<\/strong><\/p><p>Somos o fabricante l\u00edder em mobili\u00e1rio e equipamento de laborat\u00f3rio, oferecemos servi\u00e7os OEM e ODM. E temos a nossa pr\u00f3pria equipa t\u00e9cnica e de instala\u00e7\u00e3o no estrangeiro.<\/p><\/div><div><p><strong>2. Quando \u00e9 que posso obter o pre\u00e7o?<\/strong><\/p><p>Normalmente, fazemos a cota\u00e7\u00e3o assim que recebemos o seu pedido. Se necessitar de uma resposta urgente, indique-nos o seu e-mail ou conta Skype e entraremos em contacto consigo o mais rapidamente poss\u00edvel.<\/p><\/div><div><p><strong>3. O que \u00e9 que nos pode comprar?<\/strong><\/p><p>Equipamento de laborat\u00f3rio (cabina de seguran\u00e7a biol\u00f3gica, capela de exaust\u00e3o, cabina de fluxo laminar, autoclave, congelador e frigor\u00edfico)<\/p><\/div><div><p><strong>4. Por que raz\u00e3o deve comprar-nos a n\u00f3s e n\u00e3o a outros fornecedores?<\/strong><\/p><p>O grupo BIOBASE, fundado em 1999 e com um desenvolvimento elevado e est\u00e1vel durante 15 anos, tem atualmente uma fatura\u00e7\u00e3o de cem milh\u00f5es de euros, 1200 empregados na China e no estrangeiro, 22,4 acres de terra, parques industriais e 20000 metros quadrados de base de produ\u00e7\u00e3o.<\/p><\/div><div><p><strong>5. Que servi\u00e7os podemos prestar?<\/strong><\/p><p>N\u00e3o se preocupe, o manual do utilizador ser\u00e1 enviado em conjunto, pode tamb\u00e9m contactar-nos para obter mais apoio tecnol\u00f3gico.<\/p><\/div><div><p><strong>6. Como posso obter os custos de envio?<\/strong><\/p><p>Se nos indicar o seu porto de destino ou endere\u00e7o de entrega, n\u00f3s verificamos o frete mar\u00edtimo, a\u00e9reo ou expresso para si, com base nas suas necessidades.<\/p><\/div><div><p><strong>7. Como lidar com os defeitos?<\/strong><\/p><p>Em primeiro lugar, os nossos produtos s\u00e3o produzidos num sistema de controlo de qualidade rigoroso, mas se houver algum defeito, enviaremos novas pe\u00e7as sobressalentes gratuitamente durante 1 ano de garantia. Em segundo lugar, o nosso departamento de p\u00f3s-venda acompanhar\u00e1 periodicamente os clientes.<\/p><\/div><div><p><strong>8. Qual o prazo de validade do or\u00e7amento?<\/strong><\/p><p>Em geral, os nossos pre\u00e7os s\u00e3o v\u00e1lidos por um m\u00eas a partir da data da cota\u00e7\u00e3o. Os pre\u00e7os ser\u00e3o ajustados adequadamente com base nas flutua\u00e7\u00f5es de pre\u00e7os das mat\u00e9rias-primas e nas altera\u00e7\u00f5es do mercado.<\/p><\/div><div><p><strong>9. Que tipo de garantia oferecem?<\/strong><\/p><p>Fornecemos 1 ano de garantia para todos os nossos artigos.<\/p><\/div><div><p><strong>10. Aceitam o servi\u00e7o OEM (fabricante de equipamento original)?<\/strong><\/p><p>Sim, aceitamos qualquer servi\u00e7o OEM, uma vez que somos um fabricante profissional de equipamento m\u00e9dico com mais de 10 anos de experi\u00eancia em OEM.<\/p><\/div>\t\t\t\t\t\t\t\t<\/div>\n\t\t\t\t<\/div>\n\t\t\t\t<\/div>\n\t\t\t\t\t<\/div>\n\t\t\t\t<\/div>\n\t\t\t\t<\/div>","protected":false},"excerpt":{"rendered":"<p>Home 1. Why choose Ansenta ? We are the leading manufacture in lab furniture and lab equipment, OEM &amp; ODM service are offered. And we have our own overseas technician and installation team. 2. When can I get the price? We usually quote as soon as we get your inquiry. If you need urgent reply, [&hellip;]<\/p>","protected":false},"author":0,"featured_media":0,"parent":0,"menu_order":0,"comment_status":"closed","ping_status":"closed","template":"","meta":{"_uag_custom_page_level_css":"","site-sidebar-layout":"no-sidebar","site-content-layout":"page-builder","ast-site-content-layout":"full-width-container","site-content-style":"default","site-sidebar-style":"default","ast-global-header-display":"","ast-banner-title-visibility":"","ast-main-header-display":"","ast-hfb-above-header-display":"","ast-hfb-below-header-display":"","ast-hfb-mobile-header-display":"","site-post-title":"","ast-breadcrumbs-content":"","ast-featured-img":"disabled","footer-sml-layout":"","ast-disable-related-posts":"","theme-transparent-header-meta":"enabled","adv-header-id-meta":"","stick-header-meta":"","header-above-stick-meta":"","header-main-stick-meta":"","header-below-stick-meta":"","astra-migrate-meta-layouts":"set","ast-page-background-enabled":"default","ast-page-background-meta":{"desktop":{"background-color":"var(--ast-global-color-4)","background-image":"","background-repeat":"repeat","background-position":"center center","background-size":"auto","background-attachment":"scroll","background-type":"","background-media":"","overlay-type":"","overlay-color":"","overlay-opacity":"","overlay-gradient":""},"tablet":{"background-color":"","background-image":"","background-repeat":"repeat","background-position":"center center","background-size":"auto","background-attachment":"scroll","background-type":"","background-media":"","overlay-type":"","overlay-color":"","overlay-opacity":"","overlay-gradient":""},"mobile":{"background-color":"","background-image":"","background-repeat":"repeat","background-position":"center center","background-size":"auto","background-attachment":"scroll","background-type":"","background-media":"","overlay-type":"","overlay-color":"","overlay-opacity":"","overlay-gradient":""}},"ast-content-background-meta":{"desktop":{"background-color":"var(--ast-global-color-5)","background-image":"","background-repeat":"repeat","background-position":"center center","background-size":"auto","background-attachment":"scroll","background-type":"","background-media":"","overlay-type":"","overlay-color":"","overlay-opacity":"","overlay-gradient":""},"tablet":{"background-color":"var(--ast-global-color-5)","background-image":"","background-repeat":"repeat","background-position":"center center","background-size":"auto","background-attachment":"scroll","background-type":"","background-media":"","overlay-type":"","overlay-color":"","overlay-opacity":"","overlay-gradient":""},"mobile":{"background-color":"var(--ast-global-color-5)","background-image":"","background-repeat":"repeat","background-position":"center center","background-size":"auto","background-attachment":"scroll","background-type":"","background-media":"","overlay-type":"","overlay-color":"","overlay-opacity":"","overlay-gradient":""}},"footnotes":""},"class_list":["post-77","page","type-page","status-publish","hentry","ast-col-sm-12","ast-article-post","ast-width-md-12","ast-archive-post","ast-product-gallery-layout-horizontal-slider","ast-product-gallery-with-no-image","ast-product-tabs-layout-horizontal"],"uagb_featured_image_src":{"full":false,"thumbnail":false,"medium":false,"medium_large":false,"large":false,"1536x1536":false,"2048x2048":false,"trp-custom-language-flag":false,"mailpoet_newsletter_max":false,"woocommerce_thumbnail":false,"woocommerce_single":false,"woocommerce_gallery_thumbnail":false},"uagb_author_info":{"display_name":"","author_link":"https:\/\/www.ansenta.com\/pt\/author\/"},"uagb_comment_info":0,"uagb_excerpt":"Home 1. Why choose Ansenta ? We are the leading manufacture in lab furniture and lab equipment, OEM &amp; ODM service are offered. And we have our own overseas technician and installation team. 2. When can I get the price? We usually quote as soon as we get your inquiry. If you need urgent reply,&hellip;","jetpack_sharing_enabled":true,"_links":{"self":[{"href":"https:\/\/www.ansenta.com\/pt\/wp-json\/wp\/v2\/pages\/77","targetHints":{"allow":["GET"]}}],"collection":[{"href":"https:\/\/www.ansenta.com\/pt\/wp-json\/wp\/v2\/pages"}],"about":[{"href":"https:\/\/www.ansenta.com\/pt\/wp-json\/wp\/v2\/types\/page"}],"replies":[{"embeddable":true,"href":"https:\/\/www.ansenta.com\/pt\/wp-json\/wp\/v2\/comments?post=77"}],"version-history":[{"count":15,"href":"https:\/\/www.ansenta.com\/pt\/wp-json\/wp\/v2\/pages\/77\/revisions"}],"predecessor-version":[{"id":2525,"href":"https:\/\/www.ansenta.com\/pt\/wp-json\/wp\/v2\/pages\/77\/revisions\/2525"}],"wp:attachment":[{"href":"https:\/\/www.ansenta.com\/pt\/wp-json\/wp\/v2\/media?parent=77"}],"curies":[{"name":"wp","href":"https:\/\/api.w.org\/{rel}","templated":true}]}}