{"id":107,"date":"2025-11-26T03:41:17","date_gmt":"2025-11-26T03:41:17","guid":{"rendered":"http:\/\/ansenta.com\/about\/"},"modified":"2025-12-11T11:06:38","modified_gmt":"2025-12-11T11:06:38","slug":"about","status":"publish","type":"page","link":"https:\/\/www.ansenta.com\/pt\/about\/","title":{"rendered":"Sobre"},"content":{"rendered":"<style>.elementor-107 .elementor-element.elementor-element-5338b75a{--display:flex;--flex-direction:row;--container-widget-width:initial;--container-widget-height:100%;--container-widget-flex-grow:1;--container-widget-align-self:stretch;--flex-wrap-mobile:wrap;--overlay-opacity:0.3;--padding-top:3em;--padding-bottom:3em;--padding-left:0em;--padding-right:0em;}.elementor-107 .elementor-element.elementor-element-5338b75a:not(.elementor-motion-effects-element-type-background), .elementor-107 .elementor-element.elementor-element-5338b75a > .elementor-motion-effects-container > .elementor-motion-effects-layer{background-color:var( --e-global-color-308e809 );}.elementor-107 .elementor-element.elementor-element-5338b75a::before, .elementor-107 .elementor-element.elementor-element-5338b75a > .elementor-background-video-container::before, .elementor-107 .elementor-element.elementor-element-5338b75a > .e-con-inner > .elementor-background-video-container::before, .elementor-107 .elementor-element.elementor-element-5338b75a > .elementor-background-slideshow::before, .elementor-107 .elementor-element.elementor-element-5338b75a > .e-con-inner > .elementor-background-slideshow::before, .elementor-107 .elementor-element.elementor-element-5338b75a > .elementor-motion-effects-container > .elementor-motion-effects-layer::before{--background-overlay:'';background-image:url(\"https:\/\/www.ansenta.com\/wp-content\/uploads\/2025\/11\/bg_memphis_1.png\");background-position:top right;background-repeat:no-repeat;background-size:cover;}.elementor-107 .elementor-element.elementor-element-6df8c1{--display:flex;--padding-top:2em;--padding-bottom:2em;--padding-left:1em;--padding-right:2em;}.elementor-107 .elementor-element.elementor-element-32cdebb4{width:var( --container-widget-width, 550px );max-width:550px;--container-widget-width:550px;--container-widget-flex-grow:0;}.elementor-107 .elementor-element.elementor-element-9c183cf .elementor-icon-list-items:not(.elementor-inline-items) .elementor-icon-list-item:not(:last-child){padding-block-end:calc(16px\/2);}.elementor-107 .elementor-element.elementor-element-9c183cf .elementor-icon-list-items:not(.elementor-inline-items) .elementor-icon-list-item:not(:first-child){margin-block-start:calc(16px\/2);}.elementor-107 .elementor-element.elementor-element-9c183cf .elementor-icon-list-items.elementor-inline-items .elementor-icon-list-item{margin-inline:calc(16px\/2);}.elementor-107 .elementor-element.elementor-element-9c183cf .elementor-icon-list-items.elementor-inline-items{margin-inline:calc(-16px\/2);}.elementor-107 .elementor-element.elementor-element-9c183cf .elementor-icon-list-items.elementor-inline-items .elementor-icon-list-item:after{inset-inline-end:calc(-16px\/2);}.elementor-107 .elementor-element.elementor-element-9c183cf .elementor-icon-list-icon i{transition:color 0.3s;}.elementor-107 .elementor-element.elementor-element-9c183cf .elementor-icon-list-icon svg{transition:fill 0.3s;}.elementor-107 .elementor-element.elementor-element-9c183cf{--e-icon-list-icon-size:12px;--icon-vertical-offset:0px;}.elementor-107 .elementor-element.elementor-element-9c183cf:NOT(.elementor-icon-list-ico-position-10) .elementor-icon-list-text{padding-left:16px;}.elementor-107 .elementor-element.elementor-element-9c183cf.elementor-icon-list-ico-position-10 .elementor-icon-list-text{padding-right:16px;}.elementor-107 .elementor-element.elementor-element-9c183cf .elementor-icon-list-item > .elementor-icon-list-text, .elementor-107 .elementor-element.elementor-element-9c183cf .elementor-icon-list-item > a{font-family:var( --e-global-typography-69c152f-font-family ), Sans-serif;font-size:var( --e-global-typography-69c152f-font-size );line-height:var( --e-global-typography-69c152f-line-height );letter-spacing:var( --e-global-typography-69c152f-letter-spacing );word-spacing:var( --e-global-typography-69c152f-word-spacing );}.elementor-107 .elementor-element.elementor-element-9c183cf .elementor-icon-list-text{transition:color 0.3s;}.elementor-107 .elementor-element.elementor-element-2e78c4fb{--display:flex;--flex-direction:row;--container-widget-width:initial;--container-widget-height:100%;--container-widget-flex-grow:1;--container-widget-align-self:stretch;--flex-wrap-mobile:wrap;--padding-top:2em;--padding-bottom:2em;--padding-left:0em;--padding-right:0em;}.elementor-107 .elementor-element.elementor-element-78ab2347{--display:flex;--padding-top:3em;--padding-bottom:3em;--padding-left:3em;--padding-right:1em;}.elementor-107 .elementor-element.elementor-element-6a01a5f7{font-size:16px;}.elementor-107 .elementor-element.elementor-element-6a01a5f7 p{margin-block-end:20px;}@media(max-width:1024px){.elementor-107 .elementor-element.elementor-element-5338b75a{--padding-top:2em;--padding-bottom:2em;--padding-left:0em;--padding-right:0em;}.elementor-107 .elementor-element.elementor-element-9c183cf .elementor-icon-list-item > .elementor-icon-list-text, .elementor-107 .elementor-element.elementor-element-9c183cf .elementor-icon-list-item > a{font-size:var( --e-global-typography-69c152f-font-size );line-height:var( --e-global-typography-69c152f-line-height );letter-spacing:var( --e-global-typography-69c152f-letter-spacing );word-spacing:var( --e-global-typography-69c152f-word-spacing );}.elementor-107 .elementor-element.elementor-element-2e78c4fb{--padding-top:3em;--padding-bottom:3em;--padding-left:1em;--padding-right:1em;}.elementor-107 .elementor-element.elementor-element-78ab2347{--padding-top:2em;--padding-bottom:2em;--padding-left:2em;--padding-right:2em;}}@media(max-width:767px){.elementor-107 .elementor-element.elementor-element-9c183cf .elementor-icon-list-item > .elementor-icon-list-text, .elementor-107 .elementor-element.elementor-element-9c183cf .elementor-icon-list-item > a{font-size:var( --e-global-typography-69c152f-font-size );line-height:var( --e-global-typography-69c152f-line-height );letter-spacing:var( --e-global-typography-69c152f-letter-spacing );word-spacing:var( --e-global-typography-69c152f-word-spacing );}.elementor-107 .elementor-element.elementor-element-2e78c4fb{--padding-top:2em;--padding-bottom:2em;--padding-left:1em;--padding-right:1em;}.elementor-107 .elementor-element.elementor-element-78ab2347{--gap:0px 0px;--row-gap:0px;--column-gap:0px;}}@media(min-width:768px){.elementor-107 .elementor-element.elementor-element-78ab2347{--width:100%;}}@media(max-width:1024px) and (min-width:768px){.elementor-107 .elementor-element.elementor-element-78ab2347{--width:50%;}}<\/style>\t\t<div data-elementor-type=\"wp-page\" data-elementor-id=\"107\" class=\"elementor elementor-107\" data-elementor-post-type=\"page\">\n\t\t\t\t<div class=\"elementor-element elementor-element-5338b75a e-flex e-con-boxed e-con e-parent\" data-id=\"5338b75a\" data-element_type=\"container\" data-e-type=\"container\" data-settings=\"{&quot;background_background&quot;:&quot;classic&quot;}\">\n\t\t\t\t\t<div class=\"e-con-inner\">\n\t\t<div class=\"elementor-element elementor-element-6df8c1 e-con-full e-flex e-con e-child\" data-id=\"6df8c1\" data-element_type=\"container\" data-e-type=\"container\" data-settings=\"{&quot;background_background&quot;:&quot;classic&quot;}\">\n\t\t\t\t<div class=\"elementor-element elementor-element-1ac07bba elementor-widget elementor-widget-heading\" data-id=\"1ac07bba\" data-element_type=\"widget\" data-e-type=\"widget\" data-widget_type=\"heading.default\">\n\t\t\t\t<div class=\"elementor-widget-container\">\n\t\t\t\t\t<h1 class=\"elementor-heading-title elementor-size-default\">Sobre n\u00f3s<\/h1>\t\t\t\t<\/div>\n\t\t\t\t<\/div>\n\t\t\t\t<div class=\"elementor-element elementor-element-9c183cf elementor-icon-list--layout-inline elementor-list-item-link-full_width elementor-widget elementor-widget-icon-list\" data-id=\"9c183cf\" data-element_type=\"widget\" data-e-type=\"widget\" data-widget_type=\"icon-list.default\">\n\t\t\t\t<div class=\"elementor-widget-container\">\n\t\t\t\t\t\t\t<ul class=\"elementor-icon-list-items elementor-inline-items\">\n\t\t\t\t\t\t\t<li class=\"elementor-icon-list-item elementor-inline-item\">\n\t\t\t\t\t\t\t\t\t\t\t<a href=\"#\">\n\n\t\t\t\t\t\t\t\t\t\t\t<span class=\"elementor-icon-list-text\">In\u00edcio<\/span>\n\t\t\t\t\t\t\t\t\t\t\t<\/a>\n\t\t\t\t\t\t\t\t\t<\/li>\n\t\t\t\t\t\t\t\t<li class=\"elementor-icon-list-item elementor-inline-item\">\n\t\t\t\t\t\t\t\t\t\t\t<a href=\"#\">\n\n\t\t\t\t\t\t\t\t\t\t\t\t<span class=\"elementor-icon-list-icon\">\n\t\t\t\t\t\t\t<i aria-hidden=\"true\" class=\"icon icon-chevron-right\"><\/i>\t\t\t\t\t\t<\/span>\n\t\t\t\t\t\t\t\t\t\t<span class=\"elementor-icon-list-text\">Sobre n\u00f3s<\/span>\n\t\t\t\t\t\t\t\t\t\t\t<\/a>\n\t\t\t\t\t\t\t\t\t<\/li>\n\t\t\t\t\t\t<\/ul>\n\t\t\t\t\t\t<\/div>\n\t\t\t\t<\/div>\n\t\t\t\t<\/div>\n\t\t\t\t\t<\/div>\n\t\t\t\t<\/div>\n\t\t<div class=\"elementor-element elementor-element-2e78c4fb e-flex e-con-boxed e-con e-parent\" data-id=\"2e78c4fb\" data-element_type=\"container\" data-e-type=\"container\">\n\t\t\t\t\t<div class=\"e-con-inner\">\n\t\t<div class=\"elementor-element elementor-element-78ab2347 e-con-full e-flex e-con e-child\" data-id=\"78ab2347\" data-element_type=\"container\" data-e-type=\"container\">\n\t\t\t\t<div class=\"elementor-element elementor-element-226a3436 elementor-widget elementor-widget-heading\" data-id=\"226a3436\" data-element_type=\"widget\" data-e-type=\"widget\" data-widget_type=\"heading.default\">\n\t\t\t\t<div class=\"elementor-widget-container\">\n\t\t\t\t\t<h6 class=\"elementor-heading-title elementor-size-default\">Sobre n\u00f3s<\/h6>\t\t\t\t<\/div>\n\t\t\t\t<\/div>\n\t\t\t\t<div class=\"elementor-element elementor-element-43159303 elementor-widget elementor-widget-heading\" data-id=\"43159303\" data-element_type=\"widget\" data-e-type=\"widget\" data-widget_type=\"heading.default\">\n\t\t\t\t<div class=\"elementor-widget-container\">\n\t\t\t\t\t<h2 class=\"elementor-heading-title elementor-size-default\">Concentramo-nos em equipamento cient\u00edfico<\/h2>\t\t\t\t<\/div>\n\t\t\t\t<\/div>\n\t\t\t\t<div class=\"elementor-element elementor-element-6a01a5f7 elementor-widget elementor-widget-text-editor\" data-id=\"6a01a5f7\" data-element_type=\"widget\" data-e-type=\"widget\" data-widget_type=\"text-editor.default\">\n\t\t\t\t<div class=\"elementor-widget-container\">\n\t\t\t\t\t\t\t\t\t<p>Fundada em 1999, a Ansenta \u00e9 um fabricante profissional cuja atividade abrange equipamento de laborat\u00f3rio, dispositivos m\u00e9dicos, projectos de engenharia e cosm\u00e9ticos.<\/p><p>Com mais de 3.000 funcion\u00e1rios, mais de 25 f\u00e1bricas, a Ansenta estabeleceu filiais no exterior nos EUA, Emirados \u00c1rabes Unidos, Singapura, Cazaquist\u00e3o, \u00cdndia e outros pa\u00edses. A Ansenta tem parceiros comerciais de longo prazo em mais de 190 pa\u00edses.<\/p><p>A Ansenta pode fornecer solu\u00e7\u00f5es completas para os dom\u00ednios laboratorial e m\u00e9dico.\u00a0<\/p><p>Os principais produtos incluem cabina de seguran\u00e7a biol\u00f3gica, cabina de fluxo laminar, exaustor, frigor\u00edfico e congelador, autoclave, forno, incubadora, centr\u00edfuga, cadeira de rodas, cama de hospital, instrumento IVD, projeto de sala limpa, etc.\u00a0<\/p><p>A Ansenta possui certificados incluindo ISO9001, ISO13485, ISO14001, ISO45001, FDA, NSF49, EN12469, MET, CE, ETL, etc.\u00a0 \u00a0<\/p><p>A Ansenta gostaria de estabelecer uma coopera\u00e7\u00e3o comercial vantajosa para todos com distribuidores de todo o mundo.<\/p>\t\t\t\t\t\t\t\t<\/div>\n\t\t\t\t<\/div>\n\t\t\t\t<\/div>\n\t\t\t\t\t<\/div>\n\t\t\t\t<\/div>\n\t\t\t\t<\/div>","protected":false},"excerpt":{"rendered":"<p>About Us Home About Us About Us We Focusing On Scientific Equipment Founded in 1999, Ansenta is a professional manufacturer whose business covers laboratory equipment, medical device, engineering project and cosmetics. With more than 3,000 employees, 25+ factories, Ansenta has established\u00a0 overseas branches in USA, UAE, Singapore, Kazakhstan, India and other countries. Ansenta has long-term [&hellip;]<\/p>","protected":false},"author":0,"featured_media":0,"parent":0,"menu_order":0,"comment_status":"closed","ping_status":"closed","template":"","meta":{"_uag_custom_page_level_css":"","site-sidebar-layout":"no-sidebar","site-content-layout":"page-builder","ast-site-content-layout":"full-width-container","site-content-style":"default","site-sidebar-style":"default","ast-global-header-display":"","ast-banner-title-visibility":"","ast-main-header-display":"","ast-hfb-above-header-display":"","ast-hfb-below-header-display":"","ast-hfb-mobile-header-display":"","site-post-title":"","ast-breadcrumbs-content":"","ast-featured-img":"disabled","footer-sml-layout":"","ast-disable-related-posts":"","theme-transparent-header-meta":"enabled","adv-header-id-meta":"","stick-header-meta":"","header-above-stick-meta":"","header-main-stick-meta":"","header-below-stick-meta":"","astra-migrate-meta-layouts":"set","ast-page-background-enabled":"default","ast-page-background-meta":{"desktop":{"background-color":"var(--ast-global-color-4)","background-image":"","background-repeat":"repeat","background-position":"center center","background-size":"auto","background-attachment":"scroll","background-type":"","background-media":"","overlay-type":"","overlay-color":"","overlay-opacity":"","overlay-gradient":""},"tablet":{"background-color":"","background-image":"","background-repeat":"repeat","background-position":"center center","background-size":"auto","background-attachment":"scroll","background-type":"","background-media":"","overlay-type":"","overlay-color":"","overlay-opacity":"","overlay-gradient":""},"mobile":{"background-color":"","background-image":"","background-repeat":"repeat","background-position":"center center","background-size":"auto","background-attachment":"scroll","background-type":"","background-media":"","overlay-type":"","overlay-color":"","overlay-opacity":"","overlay-gradient":""}},"ast-content-background-meta":{"desktop":{"background-color":"var(--ast-global-color-5)","background-image":"","background-repeat":"repeat","background-position":"center center","background-size":"auto","background-attachment":"scroll","background-type":"","background-media":"","overlay-type":"","overlay-color":"","overlay-opacity":"","overlay-gradient":""},"tablet":{"background-color":"var(--ast-global-color-5)","background-image":"","background-repeat":"repeat","background-position":"center center","background-size":"auto","background-attachment":"scroll","background-type":"","background-media":"","overlay-type":"","overlay-color":"","overlay-opacity":"","overlay-gradient":""},"mobile":{"background-color":"var(--ast-global-color-5)","background-image":"","background-repeat":"repeat","background-position":"center center","background-size":"auto","background-attachment":"scroll","background-type":"","background-media":"","overlay-type":"","overlay-color":"","overlay-opacity":"","overlay-gradient":""}},"footnotes":""},"class_list":["post-107","page","type-page","status-publish","hentry","ast-col-sm-12","ast-article-post","ast-width-md-12","ast-archive-post","ast-product-gallery-layout-horizontal-slider","ast-product-gallery-with-no-image","ast-product-tabs-layout-horizontal"],"uagb_featured_image_src":{"full":false,"thumbnail":false,"medium":false,"medium_large":false,"large":false,"1536x1536":false,"2048x2048":false,"trp-custom-language-flag":false,"mailpoet_newsletter_max":false,"woocommerce_thumbnail":false,"woocommerce_single":false,"woocommerce_gallery_thumbnail":false},"uagb_author_info":{"display_name":"","author_link":"https:\/\/www.ansenta.com\/pt\/author\/"},"uagb_comment_info":0,"uagb_excerpt":"About Us Home About Us About Us We Focusing On Scientific Equipment Founded in 1999, Ansenta is a professional manufacturer whose business covers laboratory equipment, medical device, engineering project and cosmetics. With more than 3,000 employees, 25+ factories, Ansenta has established\u00a0 overseas branches in USA, UAE, Singapore, Kazakhstan, India and other countries. Ansenta has long-term&hellip;","jetpack_sharing_enabled":true,"_links":{"self":[{"href":"https:\/\/www.ansenta.com\/pt\/wp-json\/wp\/v2\/pages\/107","targetHints":{"allow":["GET"]}}],"collection":[{"href":"https:\/\/www.ansenta.com\/pt\/wp-json\/wp\/v2\/pages"}],"about":[{"href":"https:\/\/www.ansenta.com\/pt\/wp-json\/wp\/v2\/types\/page"}],"replies":[{"embeddable":true,"href":"https:\/\/www.ansenta.com\/pt\/wp-json\/wp\/v2\/comments?post=107"}],"version-history":[{"count":33,"href":"https:\/\/www.ansenta.com\/pt\/wp-json\/wp\/v2\/pages\/107\/revisions"}],"predecessor-version":[{"id":2950,"href":"https:\/\/www.ansenta.com\/pt\/wp-json\/wp\/v2\/pages\/107\/revisions\/2950"}],"wp:attachment":[{"href":"https:\/\/www.ansenta.com\/pt\/wp-json\/wp\/v2\/media?parent=107"}],"curies":[{"name":"wp","href":"https:\/\/api.w.org\/{rel}","templated":true}]}}