{"id":4183,"date":"2026-03-23T08:25:15","date_gmt":"2026-03-23T08:25:15","guid":{"rendered":"https:\/\/www.ansenta.com\/?post_type=product&#038;p=4183"},"modified":"2026-03-23T08:25:15","modified_gmt":"2026-03-23T08:25:15","slug":"ast-gel-card-centrifuge","status":"publish","type":"product","link":"https:\/\/www.ansenta.com\/es\/producto\/ast-gel-card-centrifuge\/","title":{"rendered":"Centrifugadora AST-Gel Card"},"content":{"rendered":"<p><b>Ventaja<\/b><br \/>\nEl motor sin cepillo del \u25cf para asegurarse del mantenimiento libre, ninguna contaminaci\u00f3n del polvo, control del microordenador y exhibici\u00f3n digital el tiempo, la velocidad y RCF para dejar la operaci\u00f3n f\u00e1cilmente.<br \/>\n\u25cf Centrifugaci\u00f3n especial t\u00e9cnica a reactivo diferente seg\u00fan el requisito.<br \/>\n\u25cf Programa de centrifugaci\u00f3n regular, los clientes pueden pulsar el bot\u00f3n para elegir el requerido.<br \/>\n\u25cf Control de aceleraci\u00f3n y desaceleraci\u00f3n de 10 velocidades, el arranque es el \u00faltimo programa utilizado.<br \/>\n\u25cf La cerradura de puerta electr\u00f3nica muda es f\u00e1cil de usar y tiene una funci\u00f3n de apertura de puerta de emergencia.<br \/>\n\u25cf Protecci\u00f3n autom\u00e1tica de bloqueo de puerta, sobrevelocidad y desequilibrio \uff0cError de autodiagn\u00f3stico.<\/p>\n<p><span style=\"color: #003300;\"><strong>Descargar:<\/strong><\/span><br \/>\n<a href=\"https:\/\/www.ansenta.com\/wp-content\/uploads\/2026\/03\/AST-Gel-Card-Centrifuge.pdf\">Centrifugadora AST-Gel Card<\/a><\/p>","protected":false},"excerpt":{"rendered":"<p><span style=\"color: #003300;\"><strong>Marca:<\/strong><\/span>ANSENTA<br \/>\n<span style=\"color: #003300;\"><strong>Origen del producto:<\/strong><\/span>CHINA<br \/>\n<span style=\"color: #003300;\"><strong>Plazo de entrega:<\/strong><\/span>En 7 d\u00edas<br \/>\n<span style=\"color: #003300;\"><strong>Capacidad de suministro:<\/strong><\/span>Suministro directo de f\u00e1brica<br \/>\n<span style=\"color: #003300;\"><strong>Modelo:<\/strong><\/span>Centrifugadora AST-Gel Card<br \/>\n<span style=\"color: #003300;\"><strong>Introducci\u00f3n:<\/strong><\/span><br \/>\nLa centrifugadora de tarjetas de gel, tambi\u00e9n llamada centrifugadora de mutipurpose de prueba serol\u00f3gica de grupo sangu\u00edneo, es ampliamente utilizada en la prueba de serolog\u00eda de grupo sangu\u00edneo, grupo sangu\u00edneo, aglutinaci\u00f3n de microcolumna, inmunodetecci\u00f3n y etc.<br \/>\n<span style=\"color: #003300;\"><strong>Descargar:<\/strong><\/span><br \/>\n<a href=\"https:\/\/www.ansenta.com\/wp-content\/uploads\/2026\/03\/AST-Gel-Card-Centrifuge.pdf\">Centrifugadora AST-Gel Card<\/a><\/p>","protected":false},"featured_media":4184,"template":"","meta":{"_uag_custom_page_level_css":"","site-sidebar-layout":"default","site-content-layout":"","ast-site-content-layout":"default","site-content-style":"default","site-sidebar-style":"default","ast-global-header-display":"","ast-banner-title-visibility":"","ast-main-header-display":"","ast-hfb-above-header-display":"","ast-hfb-below-header-display":"","ast-hfb-mobile-header-display":"","site-post-title":"","ast-breadcrumbs-content":"","ast-featured-img":"","footer-sml-layout":"","ast-disable-related-posts":"","theme-transparent-header-meta":"default","adv-header-id-meta":"","stick-header-meta":"default","header-above-stick-meta":"","header-main-stick-meta":"","header-below-stick-meta":"","astra-migrate-meta-layouts":"set","ast-page-background-enabled":"default","ast-page-background-meta":{"desktop":{"background-color":"var(--ast-global-color-4)","background-image":"","background-repeat":"repeat","background-position":"center center","background-size":"auto","background-attachment":"scroll","background-type":"","background-media":"","overlay-type":"","overlay-color":"","overlay-opacity":"","overlay-gradient":""},"tablet":{"background-color":"","background-image":"","background-repeat":"repeat","background-position":"center center","background-size":"auto","background-attachment":"scroll","background-type":"","background-media":"","overlay-type":"","overlay-color":"","overlay-opacity":"","overlay-gradient":""},"mobile":{"background-color":"","background-image":"","background-repeat":"repeat","background-position":"center center","background-size":"auto","background-attachment":"scroll","background-type":"","background-media":"","overlay-type":"","overlay-color":"","overlay-opacity":"","overlay-gradient":""}},"ast-content-background-meta":{"desktop":{"background-color":"var(--ast-global-color-5)","background-image":"","background-repeat":"repeat","background-position":"center center","background-size":"auto","background-attachment":"scroll","background-type":"","background-media":"","overlay-type":"","overlay-color":"","overlay-opacity":"","overlay-gradient":""},"tablet":{"background-color":"var(--ast-global-color-5)","background-image":"","background-repeat":"repeat","background-position":"center center","background-size":"auto","background-attachment":"scroll","background-type":"","background-media":"","overlay-type":"","overlay-color":"","overlay-opacity":"","overlay-gradient":""},"mobile":{"background-color":"var(--ast-global-color-5)","background-image":"","background-repeat":"repeat","background-position":"center center","background-size":"auto","background-attachment":"scroll","background-type":"","background-media":"","overlay-type":"","overlay-color":"","overlay-opacity":"","overlay-gradient":""}}},"product_brand":[],"product_cat":[147],"product_tag":[575,574,576],"class_list":{"0":"post-4183","1":"product","2":"type-product","3":"status-publish","4":"has-post-thumbnail","6":"product_cat-other-specific-function-centrifuge","7":"product_tag-blood-typing-centrifuge","8":"product_tag-gel-card-centrifuge","9":"product_tag-immunohematology-centrifuge","10":"desktop-align-left","11":"tablet-align-left","12":"mobile-align-left","13":"ast-col-sm-12","14":"ast-article-post","15":"ast-width-md-12","16":"ast-archive-post","17":"ast-product-gallery-layout-horizontal-slider","18":"ast-product-gallery-with-no-image","19":"ast-product-tabs-layout-horizontal","21":"first","22":"instock","23":"shipping-taxable","24":"product-type-simple"},"uagb_featured_image_src":{"full":["https:\/\/www.ansenta.com\/wp-content\/uploads\/2026\/03\/AST-Gel-Card-Centrifuge.png",500,500,false],"thumbnail":["https:\/\/www.ansenta.com\/wp-content\/uploads\/2026\/03\/AST-Gel-Card-Centrifuge-150x150.png",150,150,true],"medium":["https:\/\/www.ansenta.com\/wp-content\/uploads\/2026\/03\/AST-Gel-Card-Centrifuge-300x300.png",300,300,true],"medium_large":["https:\/\/www.ansenta.com\/wp-content\/uploads\/2026\/03\/AST-Gel-Card-Centrifuge.png",500,500,false],"large":["https:\/\/www.ansenta.com\/wp-content\/uploads\/2026\/03\/AST-Gel-Card-Centrifuge.png",500,500,false],"1536x1536":["https:\/\/www.ansenta.com\/wp-content\/uploads\/2026\/03\/AST-Gel-Card-Centrifuge.png",500,500,false],"2048x2048":["https:\/\/www.ansenta.com\/wp-content\/uploads\/2026\/03\/AST-Gel-Card-Centrifuge.png",500,500,false],"trp-custom-language-flag":["https:\/\/www.ansenta.com\/wp-content\/uploads\/2026\/03\/AST-Gel-Card-Centrifuge-12x12.png",12,12,true],"mailpoet_newsletter_max":["https:\/\/www.ansenta.com\/wp-content\/uploads\/2026\/03\/AST-Gel-Card-Centrifuge.png",500,500,false],"woocommerce_thumbnail":["https:\/\/www.ansenta.com\/wp-content\/uploads\/2026\/03\/AST-Gel-Card-Centrifuge.png",500,500,false],"woocommerce_single":["https:\/\/www.ansenta.com\/wp-content\/uploads\/2026\/03\/AST-Gel-Card-Centrifuge.png",500,500,false],"woocommerce_gallery_thumbnail":["https:\/\/www.ansenta.com\/wp-content\/uploads\/2026\/03\/AST-Gel-Card-Centrifuge-100x100.png",100,100,true]},"uagb_author_info":{"display_name":"jinxing6611@gmail.com","author_link":"https:\/\/www.ansenta.com\/es\/author\/"},"uagb_comment_info":0,"uagb_excerpt":"Brand:ANSENTA Product Origin:CHINA Delivery time:Within 7 days Supply capacity:Factory Direct Supply Model:AST-Gel Card Centrifuge Introduction: The Gel Card Centrifuge,also named blood group serological test mutipurpose centrifuge, it is widely used in the test of blood group serology, bloodtype, microcolumn agglutination,immunodetection and etc. Download: AST-Gel Card Centrifuge","jetpack_sharing_enabled":true,"_links":{"self":[{"href":"https:\/\/www.ansenta.com\/es\/wp-json\/wp\/v2\/product\/4183","targetHints":{"allow":["GET"]}}],"collection":[{"href":"https:\/\/www.ansenta.com\/es\/wp-json\/wp\/v2\/product"}],"about":[{"href":"https:\/\/www.ansenta.com\/es\/wp-json\/wp\/v2\/types\/product"}],"wp:featuredmedia":[{"embeddable":true,"href":"https:\/\/www.ansenta.com\/es\/wp-json\/wp\/v2\/media\/4184"}],"wp:attachment":[{"href":"https:\/\/www.ansenta.com\/es\/wp-json\/wp\/v2\/media?parent=4183"}],"wp:term":[{"taxonomy":"product_brand","embeddable":true,"href":"https:\/\/www.ansenta.com\/es\/wp-json\/wp\/v2\/product_brand?post=4183"},{"taxonomy":"product_cat","embeddable":true,"href":"https:\/\/www.ansenta.com\/es\/wp-json\/wp\/v2\/product_cat?post=4183"},{"taxonomy":"product_tag","embeddable":true,"href":"https:\/\/www.ansenta.com\/es\/wp-json\/wp\/v2\/product_tag?post=4183"}],"curies":[{"name":"wp","href":"https:\/\/api.w.org\/{rel}","templated":true}]}}