{"id":4157,"date":"2026-03-21T10:38:04","date_gmt":"2026-03-21T10:38:04","guid":{"rendered":"https:\/\/www.ansenta.com\/?post_type=product&#038;p=4157"},"modified":"2026-03-21T10:38:04","modified_gmt":"2026-03-21T10:38:04","slug":"ast-5lr-benchtop-low-speed-refrigerated-centrifuge","status":"publish","type":"product","link":"https:\/\/www.ansenta.com\/es\/producto\/ast-5lr-benchtop-low-speed-refrigerated-centrifuge\/","title":{"rendered":"AST-5LR Centr\u00edfuga refrigerada de sobremesa de baja velocidad"},"content":{"rendered":"<p>\u25cfMultipurpose centrifuge utilizes advanced and intelligent technology.<br \/>\n\u25cfControlled by a microcomputer, and features an LCD touch screen for easy operation.<br \/>\n\u25cfOffers 10 files of acceleration and deceleration levels, allowing for precise control.<br \/>\n\u25cfNew electronic lock ensures safe spinning, and an over-speed safety device is included for added protection.<br \/>\n\u25cfAdditionally, the centrifuge is equipped with over-temperature safety and automatic alarm devices<br \/>\n<span style=\"color: #003300;\"><strong>Descargar:<\/strong><\/span><br \/>\n<a href=\"https:\/\/www.ansenta.com\/wp-content\/uploads\/2026\/03\/Benchtop-Low-Speed-Refrigerated-Centrifuge.pdf\">Centr\u00edfuga refrigerada de sobremesa de baja velocidad<\/a><\/p>","protected":false},"excerpt":{"rendered":"<p><span style=\"color: #003300;\"><strong>Marca:<\/strong><\/span>ANSENTA<br \/>\n<span style=\"color: #003300;\"><strong>Origen del producto:<\/strong><\/span>CHINA<br \/>\n<span style=\"color: #003300;\"><strong>Plazo de entrega:<\/strong><\/span>En 7 d\u00edas<br \/>\n<span style=\"color: #003300;\"><strong>Capacidad de suministro:<\/strong><\/span>Suministro directo de f\u00e1brica<br \/>\n<span style=\"color: #003300;\"><strong>Modelo:<\/strong><\/span>AST-5LR Centr\u00edfuga refrigerada de sobremesa de baja velocidad<br \/>\n<span style=\"color: #003300;\"><strong>Introducci\u00f3n:<\/strong><\/span><br \/>\nEl instrumento se ha aplicado ampliamente a los experimentos en los campos de la cl\u00ednica, biolog\u00eda, ingenier\u00eda gen\u00e9tica, inmunolog\u00eda, que se aplica a la radio-inmunidad de aislamiento, tratamiento de aguas, biolog\u00eda, qu\u00edmica, bio-farmac\u00e9utica y la sangre.<br \/>\n<span style=\"color: #003300;\"><strong>Descargar:<\/strong><\/span><br \/>\n<a href=\"https:\/\/www.ansenta.com\/wp-content\/uploads\/2026\/03\/Benchtop-Low-Speed-Refrigerated-Centrifuge.pdf\">Centr\u00edfuga refrigerada de sobremesa de baja velocidad<\/a><\/p>","protected":false},"featured_media":4158,"template":"","meta":{"_uag_custom_page_level_css":"","site-sidebar-layout":"default","site-content-layout":"","ast-site-content-layout":"default","site-content-style":"default","site-sidebar-style":"default","ast-global-header-display":"","ast-banner-title-visibility":"","ast-main-header-display":"","ast-hfb-above-header-display":"","ast-hfb-below-header-display":"","ast-hfb-mobile-header-display":"","site-post-title":"","ast-breadcrumbs-content":"","ast-featured-img":"","footer-sml-layout":"","ast-disable-related-posts":"","theme-transparent-header-meta":"default","adv-header-id-meta":"","stick-header-meta":"default","header-above-stick-meta":"","header-main-stick-meta":"","header-below-stick-meta":"","astra-migrate-meta-layouts":"set","ast-page-background-enabled":"default","ast-page-background-meta":{"desktop":{"background-color":"var(--ast-global-color-4)","background-image":"","background-repeat":"repeat","background-position":"center center","background-size":"auto","background-attachment":"scroll","background-type":"","background-media":"","overlay-type":"","overlay-color":"","overlay-opacity":"","overlay-gradient":""},"tablet":{"background-color":"","background-image":"","background-repeat":"repeat","background-position":"center center","background-size":"auto","background-attachment":"scroll","background-type":"","background-media":"","overlay-type":"","overlay-color":"","overlay-opacity":"","overlay-gradient":""},"mobile":{"background-color":"","background-image":"","background-repeat":"repeat","background-position":"center center","background-size":"auto","background-attachment":"scroll","background-type":"","background-media":"","overlay-type":"","overlay-color":"","overlay-opacity":"","overlay-gradient":""}},"ast-content-background-meta":{"desktop":{"background-color":"var(--ast-global-color-5)","background-image":"","background-repeat":"repeat","background-position":"center center","background-size":"auto","background-attachment":"scroll","background-type":"","background-media":"","overlay-type":"","overlay-color":"","overlay-opacity":"","overlay-gradient":""},"tablet":{"background-color":"var(--ast-global-color-5)","background-image":"","background-repeat":"repeat","background-position":"center center","background-size":"auto","background-attachment":"scroll","background-type":"","background-media":"","overlay-type":"","overlay-color":"","overlay-opacity":"","overlay-gradient":""},"mobile":{"background-color":"var(--ast-global-color-5)","background-image":"","background-repeat":"repeat","background-position":"center center","background-size":"auto","background-attachment":"scroll","background-type":"","background-media":"","overlay-type":"","overlay-color":"","overlay-opacity":"","overlay-gradient":""}}},"product_brand":[],"product_cat":[145],"product_tag":[600,599,598],"class_list":{"0":"post-4157","1":"product","2":"type-product","3":"status-publish","4":"has-post-thumbnail","6":"product_cat-low-speed-centrifuge","7":"product_tag-benchtop-refrigerated-centrifuge","8":"product_tag-low-speed-refrigerated-centrifuge","9":"product_tag-table-top-low-speed-refrigerated-centrifuge","10":"desktop-align-left","11":"tablet-align-left","12":"mobile-align-left","13":"ast-col-sm-12","14":"ast-article-post","15":"ast-width-md-12","16":"ast-archive-post","17":"ast-product-gallery-layout-horizontal-slider","18":"ast-product-gallery-with-no-image","19":"ast-product-tabs-layout-horizontal","21":"first","22":"instock","23":"shipping-taxable","24":"product-type-simple"},"uagb_featured_image_src":{"full":["https:\/\/www.ansenta.com\/wp-content\/uploads\/2026\/03\/AST-5LR-Benchtop-Low-Speed-Refrigerated-Centrifuge.png",400,400,false],"thumbnail":["https:\/\/www.ansenta.com\/wp-content\/uploads\/2026\/03\/AST-5LR-Benchtop-Low-Speed-Refrigerated-Centrifuge-150x150.png",150,150,true],"medium":["https:\/\/www.ansenta.com\/wp-content\/uploads\/2026\/03\/AST-5LR-Benchtop-Low-Speed-Refrigerated-Centrifuge-300x300.png",300,300,true],"medium_large":["https:\/\/www.ansenta.com\/wp-content\/uploads\/2026\/03\/AST-5LR-Benchtop-Low-Speed-Refrigerated-Centrifuge.png",400,400,false],"large":["https:\/\/www.ansenta.com\/wp-content\/uploads\/2026\/03\/AST-5LR-Benchtop-Low-Speed-Refrigerated-Centrifuge.png",400,400,false],"1536x1536":["https:\/\/www.ansenta.com\/wp-content\/uploads\/2026\/03\/AST-5LR-Benchtop-Low-Speed-Refrigerated-Centrifuge.png",400,400,false],"2048x2048":["https:\/\/www.ansenta.com\/wp-content\/uploads\/2026\/03\/AST-5LR-Benchtop-Low-Speed-Refrigerated-Centrifuge.png",400,400,false],"trp-custom-language-flag":["https:\/\/www.ansenta.com\/wp-content\/uploads\/2026\/03\/AST-5LR-Benchtop-Low-Speed-Refrigerated-Centrifuge-12x12.png",12,12,true],"mailpoet_newsletter_max":["https:\/\/www.ansenta.com\/wp-content\/uploads\/2026\/03\/AST-5LR-Benchtop-Low-Speed-Refrigerated-Centrifuge.png",400,400,false],"woocommerce_thumbnail":["https:\/\/www.ansenta.com\/wp-content\/uploads\/2026\/03\/AST-5LR-Benchtop-Low-Speed-Refrigerated-Centrifuge.png",400,400,false],"woocommerce_single":["https:\/\/www.ansenta.com\/wp-content\/uploads\/2026\/03\/AST-5LR-Benchtop-Low-Speed-Refrigerated-Centrifuge.png",400,400,false],"woocommerce_gallery_thumbnail":["https:\/\/www.ansenta.com\/wp-content\/uploads\/2026\/03\/AST-5LR-Benchtop-Low-Speed-Refrigerated-Centrifuge-100x100.png",100,100,true]},"uagb_author_info":{"display_name":"jinxing6611@gmail.com","author_link":"https:\/\/www.ansenta.com\/es\/author\/"},"uagb_comment_info":0,"uagb_excerpt":"Brand:ANSENTA Product Origin:CHINA Delivery time:Within 7 days Supply capacity:Factory Direct Supply Model:AST-5LR Benchtop Low Speed Refrigerated Centrifuge Introduction: The instrument has been widely applies to the experiments in fields of clinical, biology, genetic engineering, immunology, Which applies to isolation radio-immunity, water treatment, biology, chemistry, bio-pharmaceutical and blood. Download: Benchtop Low Speed Refrigerated Centrifuge","jetpack_sharing_enabled":true,"_links":{"self":[{"href":"https:\/\/www.ansenta.com\/es\/wp-json\/wp\/v2\/product\/4157","targetHints":{"allow":["GET"]}}],"collection":[{"href":"https:\/\/www.ansenta.com\/es\/wp-json\/wp\/v2\/product"}],"about":[{"href":"https:\/\/www.ansenta.com\/es\/wp-json\/wp\/v2\/types\/product"}],"wp:featuredmedia":[{"embeddable":true,"href":"https:\/\/www.ansenta.com\/es\/wp-json\/wp\/v2\/media\/4158"}],"wp:attachment":[{"href":"https:\/\/www.ansenta.com\/es\/wp-json\/wp\/v2\/media?parent=4157"}],"wp:term":[{"taxonomy":"product_brand","embeddable":true,"href":"https:\/\/www.ansenta.com\/es\/wp-json\/wp\/v2\/product_brand?post=4157"},{"taxonomy":"product_cat","embeddable":true,"href":"https:\/\/www.ansenta.com\/es\/wp-json\/wp\/v2\/product_cat?post=4157"},{"taxonomy":"product_tag","embeddable":true,"href":"https:\/\/www.ansenta.com\/es\/wp-json\/wp\/v2\/product_tag?post=4157"}],"curies":[{"name":"wp","href":"https:\/\/api.w.org\/{rel}","templated":true}]}}