{"id":4143,"date":"2026-03-21T03:32:19","date_gmt":"2026-03-21T03:32:19","guid":{"rendered":"https:\/\/www.ansenta.com\/?post_type=product&#038;p=4143"},"modified":"2026-03-21T03:32:19","modified_gmt":"2026-03-21T03:32:19","slug":"horizontal-flow-clean-bench","status":"publish","type":"product","link":"https:\/\/www.ansenta.com\/es\/producto\/horizontal-flow-clean-bench\/","title":{"rendered":"BANCO LIMPIO DE FLUJO HORIZONTAL"},"content":{"rendered":"<p>El banco de limpieza de flujo horizontal es un dispositivo de limpieza local dise\u00f1ado seg\u00fan el principio de organizaci\u00f3n unidireccional horizontal del flujo de aire. Purifica el aire entrante a trav\u00e9s de un filtro de aire de alta eficiencia, creando una barrera horizontal de flujo de aire limpio de un lado a otro de la zona de operaciones. Esto no s\u00f3lo puede prevenir eficazmente la intrusi\u00f3n de aire externo no limpio en el \u00e1rea de operaciones, sino tambi\u00e9n transportar r\u00e1pidamente los contaminantes generados durante el proceso de trabajo, creando as\u00ed un entorno controlado que cumple con los niveles de limpieza espec\u00edficos dentro del \u00e1rea de trabajo.<\/p>\n<p>El dise\u00f1o de flujo de aire laminar horizontal garantiza una velocidad del aire estable y constante, creando una capa de flujo de aire limpio unidireccional en la zona de trabajo que arrastra r\u00e1pidamente los contaminantes de la zona.<br \/>\nLa superficie del banco de trabajo es de acero inoxidable engrosado con bordes redondeados y sin juntas. Es resistente a \u00e1cidos y \u00e1lcalis y f\u00e1cil de limpiar. La estructura general es s\u00f3lida y tiene una excelente capacidad de carga.<br \/>\nEl sistema de filtraci\u00f3n y purificaci\u00f3n multietapa cuenta con purificaci\u00f3n primaria y de alta eficacia. Puede filtrar m\u00e1s del 99,995% de impurezas en part\u00edculas, manteniendo el est\u00e1ndar de limpieza de Clase A (nivel 100) en el \u00e1rea de trabajo durante mucho tiempo.<br \/>\nEl panel de control inteligente se utiliza para controlar funciones como el ajuste de la velocidad del ventilador, el funcionamiento de la l\u00e1mpara ultravioleta y el interruptor de iluminaci\u00f3n. Las operaciones son intuitivas y el estado se muestra en tiempo real.<\/p>\n<p><span style=\"color: #003300;\"><strong>Descargar:<\/strong><\/span><br \/>\n<a href=\"https:\/\/www.ansenta.com\/wp-content\/uploads\/2026\/03\/Clean-Bench.pdf\">Banco limpio<\/a><\/p>","protected":false},"excerpt":{"rendered":"<p><span style=\"color: #003300;\"><strong>Marca:<\/strong><\/span>ANSENTA<br \/>\n<span style=\"color: #003300;\"><strong>Origen del producto:<\/strong><\/span>CHINA<br \/>\n<span style=\"color: #003300;\"><strong>Plazo de entrega:<\/strong><\/span>En 7 d\u00edas<br \/>\n<span style=\"color: #003300;\"><strong>Capacidad de suministro:<\/strong><\/span>Suministro directo de f\u00e1brica<br \/>\n<span style=\"color: #003300;\"><strong>Modelo:<\/strong><\/span>BANCO LIMPIO DE FLUJO HORIZONTAL<br \/>\n<span style=\"color: #003300;\"><strong>Introducci\u00f3n:<\/strong><\/span><br \/>\nLa cabina de flujo laminar vertical es una soluci\u00f3n de contenci\u00f3n avanzada dise\u00f1ada para proporcionar un entorno est\u00e9ril y libre de part\u00edculas para diversas aplicaciones de laboratorio. Esta cabina de alto rendimiento combina una construcci\u00f3n robusta con caracter\u00edsticas sofisticadas para garantizar una funcionalidad \u00f3ptima y la seguridad del operador.<br \/>\n<span style=\"color: #003300;\"><strong>Descargar:<\/strong><\/span><br \/>\n<a href=\"https:\/\/www.ansenta.com\/wp-content\/uploads\/2026\/03\/Clean-Bench.pdf\">Banco limpio<\/a><\/p>","protected":false},"featured_media":4144,"template":"","meta":{"_uag_custom_page_level_css":"","site-sidebar-layout":"default","site-content-layout":"","ast-site-content-layout":"default","site-content-style":"default","site-sidebar-style":"default","ast-global-header-display":"","ast-banner-title-visibility":"","ast-main-header-display":"","ast-hfb-above-header-display":"","ast-hfb-below-header-display":"","ast-hfb-mobile-header-display":"","site-post-title":"","ast-breadcrumbs-content":"","ast-featured-img":"","footer-sml-layout":"","ast-disable-related-posts":"","theme-transparent-header-meta":"default","adv-header-id-meta":"","stick-header-meta":"default","header-above-stick-meta":"","header-main-stick-meta":"","header-below-stick-meta":"","astra-migrate-meta-layouts":"set","ast-page-background-enabled":"default","ast-page-background-meta":{"desktop":{"background-color":"var(--ast-global-color-4)","background-image":"","background-repeat":"repeat","background-position":"center center","background-size":"auto","background-attachment":"scroll","background-type":"","background-media":"","overlay-type":"","overlay-color":"","overlay-opacity":"","overlay-gradient":""},"tablet":{"background-color":"","background-image":"","background-repeat":"repeat","background-position":"center center","background-size":"auto","background-attachment":"scroll","background-type":"","background-media":"","overlay-type":"","overlay-color":"","overlay-opacity":"","overlay-gradient":""},"mobile":{"background-color":"","background-image":"","background-repeat":"repeat","background-position":"center center","background-size":"auto","background-attachment":"scroll","background-type":"","background-media":"","overlay-type":"","overlay-color":"","overlay-opacity":"","overlay-gradient":""}},"ast-content-background-meta":{"desktop":{"background-color":"var(--ast-global-color-5)","background-image":"","background-repeat":"repeat","background-position":"center center","background-size":"auto","background-attachment":"scroll","background-type":"","background-media":"","overlay-type":"","overlay-color":"","overlay-opacity":"","overlay-gradient":""},"tablet":{"background-color":"var(--ast-global-color-5)","background-image":"","background-repeat":"repeat","background-position":"center center","background-size":"auto","background-attachment":"scroll","background-type":"","background-media":"","overlay-type":"","overlay-color":"","overlay-opacity":"","overlay-gradient":""},"mobile":{"background-color":"var(--ast-global-color-5)","background-image":"","background-repeat":"repeat","background-position":"center center","background-size":"auto","background-attachment":"scroll","background-type":"","background-media":"","overlay-type":"","overlay-color":"","overlay-opacity":"","overlay-gradient":""}}},"product_brand":[],"product_cat":[42],"product_tag":[586,588,587,585,584],"class_list":{"0":"post-4143","1":"product","2":"type-product","3":"status-publish","4":"has-post-thumbnail","6":"product_cat-laminar-flow-cabinet","7":"product_tag-clean-bench","8":"product_tag-laboratory-clean-air-workstation","9":"product_tag-laminar-flow-bench","10":"product_tag-laminar-flow-hood","11":"product_tag-vertical-laminar-flow-cabinet","12":"desktop-align-left","13":"tablet-align-left","14":"mobile-align-left","15":"ast-col-sm-12","16":"ast-article-post","17":"ast-width-md-12","18":"ast-archive-post","19":"ast-product-gallery-layout-horizontal-slider","20":"ast-product-tabs-layout-horizontal","22":"first","23":"instock","24":"shipping-taxable","25":"product-type-simple"},"uagb_featured_image_src":{"full":["https:\/\/www.ansenta.com\/wp-content\/uploads\/2026\/03\/HORIZONTAL-FLOW-CLEAN-BENCH.jpg",1200,1600,false],"thumbnail":["https:\/\/www.ansenta.com\/wp-content\/uploads\/2026\/03\/HORIZONTAL-FLOW-CLEAN-BENCH-150x150.jpg",150,150,true],"medium":["https:\/\/www.ansenta.com\/wp-content\/uploads\/2026\/03\/HORIZONTAL-FLOW-CLEAN-BENCH-225x300.jpg",225,300,true],"medium_large":["https:\/\/www.ansenta.com\/wp-content\/uploads\/2026\/03\/HORIZONTAL-FLOW-CLEAN-BENCH-768x1024.jpg",768,1024,true],"large":["https:\/\/www.ansenta.com\/wp-content\/uploads\/2026\/03\/HORIZONTAL-FLOW-CLEAN-BENCH-768x1024.jpg",768,1024,true],"1536x1536":["https:\/\/www.ansenta.com\/wp-content\/uploads\/2026\/03\/HORIZONTAL-FLOW-CLEAN-BENCH-1152x1536.jpg",1152,1536,true],"2048x2048":["https:\/\/www.ansenta.com\/wp-content\/uploads\/2026\/03\/HORIZONTAL-FLOW-CLEAN-BENCH.jpg",1200,1600,false],"trp-custom-language-flag":["https:\/\/www.ansenta.com\/wp-content\/uploads\/2026\/03\/HORIZONTAL-FLOW-CLEAN-BENCH-9x12.jpg",9,12,true],"mailpoet_newsletter_max":["https:\/\/www.ansenta.com\/wp-content\/uploads\/2026\/03\/HORIZONTAL-FLOW-CLEAN-BENCH.jpg",1200,1600,false],"woocommerce_thumbnail":["https:\/\/www.ansenta.com\/wp-content\/uploads\/2026\/03\/HORIZONTAL-FLOW-CLEAN-BENCH-600x600.jpg",600,600,true],"woocommerce_single":["https:\/\/www.ansenta.com\/wp-content\/uploads\/2026\/03\/HORIZONTAL-FLOW-CLEAN-BENCH-600x800.jpg",600,800,true],"woocommerce_gallery_thumbnail":["https:\/\/www.ansenta.com\/wp-content\/uploads\/2026\/03\/HORIZONTAL-FLOW-CLEAN-BENCH-100x100.jpg",100,100,true]},"uagb_author_info":{"display_name":"jinxing6611@gmail.com","author_link":"https:\/\/www.ansenta.com\/es\/author\/"},"uagb_comment_info":0,"uagb_excerpt":"Brand:ANSENTA Product Origin:CHINA Delivery time:Within 7 days Supply capacity:Factory Direct Supply Model:HORIZONTAL FLOW CLEAN BENCH Introduction: The Vertical Laminar Flow Cabinet is an advanced containment solution designed to provide a sterile and particle-free environment for various laboratory applications. This high-performance cabinet combines robust construction with sophisticated features to ensure optimal functionality and operator safety. Download:&hellip;","jetpack_sharing_enabled":true,"_links":{"self":[{"href":"https:\/\/www.ansenta.com\/es\/wp-json\/wp\/v2\/product\/4143","targetHints":{"allow":["GET"]}}],"collection":[{"href":"https:\/\/www.ansenta.com\/es\/wp-json\/wp\/v2\/product"}],"about":[{"href":"https:\/\/www.ansenta.com\/es\/wp-json\/wp\/v2\/types\/product"}],"wp:featuredmedia":[{"embeddable":true,"href":"https:\/\/www.ansenta.com\/es\/wp-json\/wp\/v2\/media\/4144"}],"wp:attachment":[{"href":"https:\/\/www.ansenta.com\/es\/wp-json\/wp\/v2\/media?parent=4143"}],"wp:term":[{"taxonomy":"product_brand","embeddable":true,"href":"https:\/\/www.ansenta.com\/es\/wp-json\/wp\/v2\/product_brand?post=4143"},{"taxonomy":"product_cat","embeddable":true,"href":"https:\/\/www.ansenta.com\/es\/wp-json\/wp\/v2\/product_cat?post=4143"},{"taxonomy":"product_tag","embeddable":true,"href":"https:\/\/www.ansenta.com\/es\/wp-json\/wp\/v2\/product_tag?post=4143"}],"curies":[{"name":"wp","href":"https:\/\/api.w.org\/{rel}","templated":true}]}}