{"id":4132,"date":"2026-03-21T03:04:16","date_gmt":"2026-03-21T03:04:16","guid":{"rendered":"https:\/\/www.ansenta.com\/?post_type=product&#038;p=4132"},"modified":"2026-03-21T03:04:17","modified_gmt":"2026-03-21T03:04:17","slug":"blood-group-serology-centrifuge","status":"publish","type":"product","link":"https:\/\/www.ansenta.com\/es\/producto\/blood-group-serology-centrifuge\/","title":{"rendered":"Centr\u00edfuga para serolog\u00eda de grupos sangu\u00edneos"},"content":{"rendered":"<p>10 selectable acceleration and deceleration rates, customizable centrifugation parameters for optimal centrifugation<br \/>\nJig function and short-duration centrifugation for diverse centrifugation applications<br \/>\nProprietary SCT speed control technology for precise centrifugation<br \/>\nProprietary SBT soft brake technology reduces resuspension, facilitates sampling, and ensures maximum sample yield<br \/>\nWidely used in hematology, serology, routine blood typing, red blood cell washing, microcolumn gel immunoassay, etc. Fixed-speed timing; centrifugation time can be freely selected in minutes or seconds for precise centrifugation.Instrument Features<br \/>\nHigh safety, use with confidence. Features overspeed, door cover, and imbalance protection, along with audible and visual alarms to ensure the safety of personnel, machine, and samples. Steel body, stainless steel centrifuge chamber, and steel protective sleeve prevent accidents. Unique airflow-guided cooling design minimizes temperature rise and maintains sample activity.<br \/>\nIntuitive interface and excellent user experience. Digital multi-screen display with independent display of parameters such as program groups, acceleration\/deceleration, speed\/centrifugal force, and time;single-button settings for easy operation. Microcomputer control with automatic parameter memorization; direct RCF start-up; 40 customizable working modes available for direct recall, reducing repetitive operations. Three-stage damping for low vibration and low noise.<br \/>\nHigh-quality components, durable and long-lasting. Brushless inverter motor, European ultra-high-speed bearings ensure high quality. Aviation-grade vibration damping rubber and China Aluminum&#8217;s ultra-hard aluminum alloy rotor with thick-film hard anodizing provide corrosion resistance and extend the overall machine lifespan.<\/p>\n<p><span style=\"color: #003300;\"><strong>Descargar:<\/strong><\/span><br \/>\n<a href=\"https:\/\/www.ansenta.com\/wp-content\/uploads\/2026\/03\/Blood-group-Serology-Centrifuge.pdf\">Centr\u00edfuga para serolog\u00eda de grupos sangu\u00edneos<\/a><\/p>","protected":false},"excerpt":{"rendered":"<p><span style=\"color: #003300;\"><strong>Marca:<\/strong><\/span>ANSENTA<br \/>\n<span style=\"color: #003300;\"><strong>Origen del producto:<\/strong><\/span>CHINA<br \/>\n<span style=\"color: #003300;\"><strong>Plazo de entrega:<\/strong><\/span>En 7 d\u00edas<br \/>\n<span style=\"color: #003300;\"><strong>Capacidad de suministro:<\/strong><\/span>Suministro directo de f\u00e1brica<br \/>\n<span style=\"color: #003300;\"><strong>Modelo:<\/strong><\/span>Centr\u00edfuga para serolog\u00eda de grupos sangu\u00edneos<br \/>\n<span style=\"color: #003300;\"><strong>Introducci\u00f3n:<\/strong><\/span><br \/>\nLa centr\u00edfuga de tarjetas de gel es una centr\u00edfuga especial desarrollada por nuestra empresa para serolog\u00eda de grupos sangu\u00edneos, detecci\u00f3n rutinaria de grupos sangu\u00edneos, gel de microcolumna, lavado de gl\u00f3bulos rojos, detecci\u00f3n inmunol\u00f3gica y otras pruebas. Control preciso y f\u00e1cil de usar. Es adecuada para la separaci\u00f3n de sangre, organismos, cloroplastos, \u00e1cidos nucleicos de prote\u00ednas, virus, etc. en biolog\u00eda, qu\u00edmica, medicina, gen\u00e9tica, hospitales y laboratorios.<br \/>\n<span style=\"color: #003300;\"><strong>Descargar:<\/strong><\/span><br \/>\n<a href=\"https:\/\/www.ansenta.com\/wp-content\/uploads\/2026\/03\/Blood-group-Serology-Centrifuge.pdf\">Centr\u00edfuga para serolog\u00eda de grupos sangu\u00edneos<\/a><\/p>","protected":false},"featured_media":4133,"template":"","meta":{"_uag_custom_page_level_css":"","site-sidebar-layout":"default","site-content-layout":"","ast-site-content-layout":"default","site-content-style":"default","site-sidebar-style":"default","ast-global-header-display":"","ast-banner-title-visibility":"","ast-main-header-display":"","ast-hfb-above-header-display":"","ast-hfb-below-header-display":"","ast-hfb-mobile-header-display":"","site-post-title":"","ast-breadcrumbs-content":"","ast-featured-img":"","footer-sml-layout":"","ast-disable-related-posts":"","theme-transparent-header-meta":"default","adv-header-id-meta":"","stick-header-meta":"default","header-above-stick-meta":"","header-main-stick-meta":"","header-below-stick-meta":"","astra-migrate-meta-layouts":"set","ast-page-background-enabled":"default","ast-page-background-meta":{"desktop":{"background-color":"var(--ast-global-color-4)","background-image":"","background-repeat":"repeat","background-position":"center center","background-size":"auto","background-attachment":"scroll","background-type":"","background-media":"","overlay-type":"","overlay-color":"","overlay-opacity":"","overlay-gradient":""},"tablet":{"background-color":"","background-image":"","background-repeat":"repeat","background-position":"center center","background-size":"auto","background-attachment":"scroll","background-type":"","background-media":"","overlay-type":"","overlay-color":"","overlay-opacity":"","overlay-gradient":""},"mobile":{"background-color":"","background-image":"","background-repeat":"repeat","background-position":"center center","background-size":"auto","background-attachment":"scroll","background-type":"","background-media":"","overlay-type":"","overlay-color":"","overlay-opacity":"","overlay-gradient":""}},"ast-content-background-meta":{"desktop":{"background-color":"var(--ast-global-color-5)","background-image":"","background-repeat":"repeat","background-position":"center center","background-size":"auto","background-attachment":"scroll","background-type":"","background-media":"","overlay-type":"","overlay-color":"","overlay-opacity":"","overlay-gradient":""},"tablet":{"background-color":"var(--ast-global-color-5)","background-image":"","background-repeat":"repeat","background-position":"center center","background-size":"auto","background-attachment":"scroll","background-type":"","background-media":"","overlay-type":"","overlay-color":"","overlay-opacity":"","overlay-gradient":""},"mobile":{"background-color":"var(--ast-global-color-5)","background-image":"","background-repeat":"repeat","background-position":"center center","background-size":"auto","background-attachment":"scroll","background-type":"","background-media":"","overlay-type":"","overlay-color":"","overlay-opacity":"","overlay-gradient":""}}},"product_brand":[],"product_cat":[147],"product_tag":[575,577,574,576,578],"class_list":{"0":"post-4132","1":"product","2":"type-product","3":"status-publish","4":"has-post-thumbnail","6":"product_cat-other-specific-function-centrifuge","7":"product_tag-blood-typing-centrifuge","8":"product_tag-gel-card-blood-grouping-centrifuge","9":"product_tag-gel-card-centrifuge","10":"product_tag-immunohematology-centrifuge","11":"product_tag-lab-centrifuge-for-gel-cards","12":"desktop-align-left","13":"tablet-align-left","14":"mobile-align-left","15":"ast-col-sm-12","16":"ast-article-post","17":"ast-width-md-12","18":"ast-archive-post","19":"ast-product-gallery-layout-horizontal-slider","20":"ast-product-tabs-layout-horizontal","22":"first","23":"instock","24":"shipping-taxable","25":"product-type-simple"},"uagb_featured_image_src":{"full":["https:\/\/www.ansenta.com\/wp-content\/uploads\/2026\/03\/Blood-group-Serology-Centrifuge.jpg",1200,1200,false],"thumbnail":["https:\/\/www.ansenta.com\/wp-content\/uploads\/2026\/03\/Blood-group-Serology-Centrifuge-150x150.jpg",150,150,true],"medium":["https:\/\/www.ansenta.com\/wp-content\/uploads\/2026\/03\/Blood-group-Serology-Centrifuge-300x300.jpg",300,300,true],"medium_large":["https:\/\/www.ansenta.com\/wp-content\/uploads\/2026\/03\/Blood-group-Serology-Centrifuge-768x768.jpg",768,768,true],"large":["https:\/\/www.ansenta.com\/wp-content\/uploads\/2026\/03\/Blood-group-Serology-Centrifuge-1024x1024.jpg",1024,1024,true],"1536x1536":["https:\/\/www.ansenta.com\/wp-content\/uploads\/2026\/03\/Blood-group-Serology-Centrifuge.jpg",1200,1200,false],"2048x2048":["https:\/\/www.ansenta.com\/wp-content\/uploads\/2026\/03\/Blood-group-Serology-Centrifuge.jpg",1200,1200,false],"trp-custom-language-flag":["https:\/\/www.ansenta.com\/wp-content\/uploads\/2026\/03\/Blood-group-Serology-Centrifuge-12x12.jpg",12,12,true],"mailpoet_newsletter_max":["https:\/\/www.ansenta.com\/wp-content\/uploads\/2026\/03\/Blood-group-Serology-Centrifuge.jpg",1200,1200,false],"woocommerce_thumbnail":["https:\/\/www.ansenta.com\/wp-content\/uploads\/2026\/03\/Blood-group-Serology-Centrifuge-600x600.jpg",600,600,true],"woocommerce_single":["https:\/\/www.ansenta.com\/wp-content\/uploads\/2026\/03\/Blood-group-Serology-Centrifuge-600x600.jpg",600,600,true],"woocommerce_gallery_thumbnail":["https:\/\/www.ansenta.com\/wp-content\/uploads\/2026\/03\/Blood-group-Serology-Centrifuge-100x100.jpg",100,100,true]},"uagb_author_info":{"display_name":"jinxing6611@gmail.com","author_link":"https:\/\/www.ansenta.com\/es\/author\/"},"uagb_comment_info":0,"uagb_excerpt":"Brand:ANSENTA Product Origin:CHINA Delivery time:Within 7 days Supply capacity:Factory Direct Supply Model:Blood group Serology Centrifuge Introduction: Gel card centrifuge is a special centrifuge developed by our company for blood group serology, routine blood group detection, microcolumn gel, red blood cell washing, immune detection and other tests. Precise control and easy to use. It is suitable&hellip;","jetpack_sharing_enabled":true,"_links":{"self":[{"href":"https:\/\/www.ansenta.com\/es\/wp-json\/wp\/v2\/product\/4132","targetHints":{"allow":["GET"]}}],"collection":[{"href":"https:\/\/www.ansenta.com\/es\/wp-json\/wp\/v2\/product"}],"about":[{"href":"https:\/\/www.ansenta.com\/es\/wp-json\/wp\/v2\/types\/product"}],"wp:featuredmedia":[{"embeddable":true,"href":"https:\/\/www.ansenta.com\/es\/wp-json\/wp\/v2\/media\/4133"}],"wp:attachment":[{"href":"https:\/\/www.ansenta.com\/es\/wp-json\/wp\/v2\/media?parent=4132"}],"wp:term":[{"taxonomy":"product_brand","embeddable":true,"href":"https:\/\/www.ansenta.com\/es\/wp-json\/wp\/v2\/product_brand?post=4132"},{"taxonomy":"product_cat","embeddable":true,"href":"https:\/\/www.ansenta.com\/es\/wp-json\/wp\/v2\/product_cat?post=4132"},{"taxonomy":"product_tag","embeddable":true,"href":"https:\/\/www.ansenta.com\/es\/wp-json\/wp\/v2\/product_tag?post=4132"}],"curies":[{"name":"wp","href":"https:\/\/api.w.org\/{rel}","templated":true}]}}