{"id":4077,"date":"2026-03-12T15:33:57","date_gmt":"2026-03-12T15:33:57","guid":{"rendered":"https:\/\/www.ansenta.com\/?post_type=product&#038;p=4077"},"modified":"2026-03-12T15:33:57","modified_gmt":"2026-03-12T15:33:57","slug":"texture-analyzer-ast-ta5000","status":"publish","type":"product","link":"https:\/\/www.ansenta.com\/es\/producto\/texture-analyzer-ast-ta5000\/","title":{"rendered":"Analizador de texturas AST-TA5000"},"content":{"rendered":"<p><b>Aplicaci\u00f3n <\/b><\/p>\n<p>El Analizador de Textura TA-5000 es aplicable para comprobar las propiedades f\u00edsicas de los alimentos y otros productos de consumo.<\/p>\n<p><b>Caracter\u00edsticas del producto <\/b><br \/>\n\u25cf Pantalla t\u00e1ctil en color de 10 pulgadas con interfaz gr\u00e1fica de usuario (GUI).<br \/>\n\u25cf Los sensores de alta precisi\u00f3n garantizan una gran exactitud y repetibilidad del sistema de medici\u00f3n de fuerza.<br \/>\n\u25cf M\u00faltiples configuraciones inteligentes, incluyendo protecci\u00f3n de l\u00edmite, protecci\u00f3n de sobrecarga, auto-posicionamiento y memoria de apagado.<br \/>\n\u25cf Proporciona una gran variedad de modos de prueba, como TPA (an\u00e1lisis de perfil de textura), ternura de la carne, resistencia al gel, resistencia de los fideos, m\u00f3dulo el\u00e1stico, tensi\u00f3n de tracci\u00f3n, pelado, resistencia a la tracci\u00f3n, resistencia a la compresi\u00f3n, viscosidad, etc.<br \/>\n\u25cf Sistema de control de movimiento con alta precisi\u00f3n y funcionamiento suave.<br \/>\n\u25cf El instrumento est\u00e1 integrado con el software operativo m\u00e1s reciente, que cuenta con una interfaz f\u00e1cil de usar, procesamiento inteligente de datos, gesti\u00f3n estricta del usuario y almacenamiento seguro de datos.<br \/>\n\u25cf Equipada con microimpresora e interfaz USB est\u00e1ndar.<\/p>\n<p><span style=\"color: #003300;\"><strong>Descargar:<\/strong><\/span><br \/>\n<a href=\"https:\/\/www.ansenta.com\/wp-content\/uploads\/2026\/03\/Texture-Analyzer-AST-TA5000.pdf\">Analizador de texturas AST-TA5000<\/a><\/p>","protected":false},"excerpt":{"rendered":"<p><span style=\"color: #003300;\"><strong>Marca:<\/strong><\/span>ANSENTA<br \/>\n<span style=\"color: #003300;\"><strong>Origen del producto:<\/strong><\/span>CHINA<br \/>\n<span style=\"color: #003300;\"><strong>Plazo de entrega:<\/strong><\/span>En 7 d\u00edas<br \/>\n<span style=\"color: #003300;\"><strong>Capacidad de suministro:<\/strong><\/span>Suministro directo de f\u00e1brica<br \/>\n<span style=\"color: #003300;\"><strong>Modelo:<\/strong><\/span>Analizador de texturas AST-TA5000<br \/>\n<span style=\"color: #003300;\"><strong>Introducci\u00f3n:<\/strong><\/span><br \/>\nEl Analizador de Textura TA-5000 es aplicable para comprobar las propiedades f\u00edsicas de los alimentos y otros productos de consumo.<br \/>\n<span style=\"color: #003300;\"><strong>Descargar:<\/strong><\/span><br \/>\n<a href=\"https:\/\/www.ansenta.com\/wp-content\/uploads\/2026\/03\/Texture-Analyzer-AST-TA5000.pdf\">Analizador de texturas AST-TA5000<\/a><\/p>","protected":false},"featured_media":4078,"template":"","meta":{"_uag_custom_page_level_css":"","site-sidebar-layout":"default","site-content-layout":"","ast-site-content-layout":"default","site-content-style":"default","site-sidebar-style":"default","ast-global-header-display":"","ast-banner-title-visibility":"","ast-main-header-display":"","ast-hfb-above-header-display":"","ast-hfb-below-header-display":"","ast-hfb-mobile-header-display":"","site-post-title":"","ast-breadcrumbs-content":"","ast-featured-img":"","footer-sml-layout":"","ast-disable-related-posts":"","theme-transparent-header-meta":"default","adv-header-id-meta":"","stick-header-meta":"default","header-above-stick-meta":"","header-main-stick-meta":"","header-below-stick-meta":"","astra-migrate-meta-layouts":"set","ast-page-background-enabled":"default","ast-page-background-meta":{"desktop":{"background-color":"var(--ast-global-color-4)","background-image":"","background-repeat":"repeat","background-position":"center center","background-size":"auto","background-attachment":"scroll","background-type":"","background-media":"","overlay-type":"","overlay-color":"","overlay-opacity":"","overlay-gradient":""},"tablet":{"background-color":"","background-image":"","background-repeat":"repeat","background-position":"center center","background-size":"auto","background-attachment":"scroll","background-type":"","background-media":"","overlay-type":"","overlay-color":"","overlay-opacity":"","overlay-gradient":""},"mobile":{"background-color":"","background-image":"","background-repeat":"repeat","background-position":"center center","background-size":"auto","background-attachment":"scroll","background-type":"","background-media":"","overlay-type":"","overlay-color":"","overlay-opacity":"","overlay-gradient":""}},"ast-content-background-meta":{"desktop":{"background-color":"var(--ast-global-color-5)","background-image":"","background-repeat":"repeat","background-position":"center center","background-size":"auto","background-attachment":"scroll","background-type":"","background-media":"","overlay-type":"","overlay-color":"","overlay-opacity":"","overlay-gradient":""},"tablet":{"background-color":"var(--ast-global-color-5)","background-image":"","background-repeat":"repeat","background-position":"center center","background-size":"auto","background-attachment":"scroll","background-type":"","background-media":"","overlay-type":"","overlay-color":"","overlay-opacity":"","overlay-gradient":""},"mobile":{"background-color":"var(--ast-global-color-5)","background-image":"","background-repeat":"repeat","background-position":"center center","background-size":"auto","background-attachment":"scroll","background-type":"","background-media":"","overlay-type":"","overlay-color":"","overlay-opacity":"","overlay-gradient":""}}},"product_brand":[],"product_cat":[157],"product_tag":[],"class_list":{"0":"post-4077","1":"product","2":"type-product","3":"status-publish","4":"has-post-thumbnail","6":"product_cat-fiber-analyzer","7":"desktop-align-left","8":"tablet-align-left","9":"mobile-align-left","10":"ast-col-sm-12","11":"ast-article-post","12":"ast-width-md-12","13":"ast-archive-post","14":"ast-product-gallery-layout-horizontal-slider","15":"ast-product-gallery-with-no-image","16":"ast-product-tabs-layout-horizontal","18":"first","19":"instock","20":"shipping-taxable","21":"product-type-simple"},"uagb_featured_image_src":{"full":["https:\/\/www.ansenta.com\/wp-content\/uploads\/2026\/03\/Texture-Analyzer-AST-TA5000.png",300,400,false],"thumbnail":["https:\/\/www.ansenta.com\/wp-content\/uploads\/2026\/03\/Texture-Analyzer-AST-TA5000-150x150.png",150,150,true],"medium":["https:\/\/www.ansenta.com\/wp-content\/uploads\/2026\/03\/Texture-Analyzer-AST-TA5000-225x300.png",225,300,true],"medium_large":["https:\/\/www.ansenta.com\/wp-content\/uploads\/2026\/03\/Texture-Analyzer-AST-TA5000.png",300,400,false],"large":["https:\/\/www.ansenta.com\/wp-content\/uploads\/2026\/03\/Texture-Analyzer-AST-TA5000.png",300,400,false],"1536x1536":["https:\/\/www.ansenta.com\/wp-content\/uploads\/2026\/03\/Texture-Analyzer-AST-TA5000.png",300,400,false],"2048x2048":["https:\/\/www.ansenta.com\/wp-content\/uploads\/2026\/03\/Texture-Analyzer-AST-TA5000.png",300,400,false],"trp-custom-language-flag":["https:\/\/www.ansenta.com\/wp-content\/uploads\/2026\/03\/Texture-Analyzer-AST-TA5000-9x12.png",9,12,true],"mailpoet_newsletter_max":["https:\/\/www.ansenta.com\/wp-content\/uploads\/2026\/03\/Texture-Analyzer-AST-TA5000.png",300,400,false],"woocommerce_thumbnail":["https:\/\/www.ansenta.com\/wp-content\/uploads\/2026\/03\/Texture-Analyzer-AST-TA5000.png",300,400,false],"woocommerce_single":["https:\/\/www.ansenta.com\/wp-content\/uploads\/2026\/03\/Texture-Analyzer-AST-TA5000.png",300,400,false],"woocommerce_gallery_thumbnail":["https:\/\/www.ansenta.com\/wp-content\/uploads\/2026\/03\/Texture-Analyzer-AST-TA5000-100x100.png",100,100,true]},"uagb_author_info":{"display_name":"jinxing6611@gmail.com","author_link":"https:\/\/www.ansenta.com\/es\/author\/"},"uagb_comment_info":0,"uagb_excerpt":"Brand:ANSENTA Product Origin:CHINA Delivery time:Within 7 days Supply capacity:Factory Direct Supply Model:Texture Analyzer AST-TA5000 Introduction: The Texture Analyzer TA-5000 is applicable to test physical properties of food and other consumer products. Download: Texture Analyzer AST-TA5000","jetpack_sharing_enabled":true,"_links":{"self":[{"href":"https:\/\/www.ansenta.com\/es\/wp-json\/wp\/v2\/product\/4077","targetHints":{"allow":["GET"]}}],"collection":[{"href":"https:\/\/www.ansenta.com\/es\/wp-json\/wp\/v2\/product"}],"about":[{"href":"https:\/\/www.ansenta.com\/es\/wp-json\/wp\/v2\/types\/product"}],"wp:featuredmedia":[{"embeddable":true,"href":"https:\/\/www.ansenta.com\/es\/wp-json\/wp\/v2\/media\/4078"}],"wp:attachment":[{"href":"https:\/\/www.ansenta.com\/es\/wp-json\/wp\/v2\/media?parent=4077"}],"wp:term":[{"taxonomy":"product_brand","embeddable":true,"href":"https:\/\/www.ansenta.com\/es\/wp-json\/wp\/v2\/product_brand?post=4077"},{"taxonomy":"product_cat","embeddable":true,"href":"https:\/\/www.ansenta.com\/es\/wp-json\/wp\/v2\/product_cat?post=4077"},{"taxonomy":"product_tag","embeddable":true,"href":"https:\/\/www.ansenta.com\/es\/wp-json\/wp\/v2\/product_tag?post=4077"}],"curies":[{"name":"wp","href":"https:\/\/api.w.org\/{rel}","templated":true}]}}