{"id":4074,"date":"2026-03-12T14:49:18","date_gmt":"2026-03-12T14:49:18","guid":{"rendered":"https:\/\/www.ansenta.com\/?post_type=product&#038;p=4074"},"modified":"2026-03-12T14:49:19","modified_gmt":"2026-03-12T14:49:19","slug":"real-time-fluorescence-quantitative-pcr-detection-system","status":"publish","type":"product","link":"https:\/\/www.ansenta.com\/es\/producto\/real-time-fluorescence-quantitative-pcr-detection-system\/","title":{"rendered":"Sistema de detecci\u00f3n PCR cuantitativa por fluorescencia en tiempo real"},"content":{"rendered":"<p><strong>Feature<\/strong><br \/>\nIt\u2019s a 16-well real-time quantitative PCR system. Based on innovative signal acquisition and spectral separation technology, combined with unique temperature control technology, the instrument has reached an advanced level in detection sensitivity, multi-color crosstalk correction, temperature uniformity and accuracy.<br \/>\nThe instrument provides 4-channel or 5-channel configurations and is compatible with dye- and probe-based PCR reagents, making it easy to implement multiplex PCR detection. The instrument supports standard analysis methods such as absolute quantification, HRM, MMCA.<\/p>\n<p><b>Ventaja<\/b><br \/>\n1. Innovatively designed optical system (AST-FQPCR165 )<br \/>\n2. Ultra-fast reaction mode: it adopts innovative data acquisition design and high-speed temperature control system, the detection time of 5-color 16-well can be shortened to 2 seconds, which can minimize the difference in PCR extension time of different wells caused by the detection time. The experiment of 40 cycles can be completed in 20 minutes. The yellow curve is the standard speed of conventional instruments (60 minutes, 40 cycles), and the blue curve is the fast mode (25 minutes, 40 cycles). (Only for AST-FQPCR165)<br \/>\n3. High resolution can distinguish the concentration difference of 1.33 times<br \/>\n4. Excellent repeatability performance<br \/>\n5. Up to 10 orders of magnitude dynamic range<br \/>\n6. Melting curve analysis<br \/>\n7. Efficient multiplex PCR detection Multiplex PCR has good repeatability and linear range.<br \/>\n8.Multicolor melting curve analysis (PCR-RFQ165)<br \/>\n9. Humanized software interface design<\/p>\n<p><span style=\"color: #003300;\"><strong>Descargar:<\/strong><\/span><br \/>\n<a href=\"https:\/\/www.ansenta.com\/wp-content\/uploads\/2026\/03\/AST-FQPCR164I-.pdf\">AST-FQPCR164I<\/a><\/p>","protected":false},"excerpt":{"rendered":"<p><span style=\"color: #003300;\"><strong>Marca:<\/strong><\/span>ANSENTA<br \/>\n<span style=\"color: #003300;\"><strong>Origen del producto:<\/strong><\/span>CHINA<br \/>\n<span style=\"color: #003300;\"><strong>Plazo de entrega:<\/strong><\/span>En 7 d\u00edas<br \/>\n<span style=\"color: #003300;\"><strong>Capacidad de suministro:<\/strong><\/span>Suministro directo de f\u00e1brica<br \/>\n<span style=\"color: #003300;\"><strong>Modelo:<\/strong><\/span>Sistema de detecci\u00f3n PCR cuantitativa por fluorescencia en tiempo real<br \/>\n<span style=\"color: #003300;\"><strong>Introducci\u00f3n:<\/strong><\/span><br \/>\nEs un sistema de PCR cuantitativa en tiempo real de 16 pocillos. Basado en una innovadora tecnolog\u00eda de adquisici\u00f3n de se\u00f1ales y separaci\u00f3n espectral, combinada con una tecnolog\u00eda \u00fanica de control de temperatura, el instrumento ha alcanzado un nivel avanzado en sensibilidad de detecci\u00f3n, correcci\u00f3n de diafon\u00eda multicolor, uniformidad de temperatura y precisi\u00f3n.<br \/>\nEl instrumento ofrece configuraciones de 4 o 5 canales y es compatible con reactivos PCR basados en colorantes y sondas, lo que facilita la implementaci\u00f3n de la detecci\u00f3n PCR multiplex. El instrumento admite m\u00e9todos de an\u00e1lisis est\u00e1ndar como la cuantificaci\u00f3n absoluta, HRM y MMCA.<br \/>\n<span style=\"color: #003300;\"><strong>Descargar:<\/strong><\/span><br \/>\n<a href=\"https:\/\/www.ansenta.com\/wp-content\/uploads\/2026\/03\/AST-FQPCR164I-.pdf\">AST-FQPCR164I<\/a><\/p>","protected":false},"featured_media":4075,"template":"","meta":{"_uag_custom_page_level_css":"","site-sidebar-layout":"default","site-content-layout":"","ast-site-content-layout":"default","site-content-style":"default","site-sidebar-style":"default","ast-global-header-display":"","ast-banner-title-visibility":"","ast-main-header-display":"","ast-hfb-above-header-display":"","ast-hfb-below-header-display":"","ast-hfb-mobile-header-display":"","site-post-title":"","ast-breadcrumbs-content":"","ast-featured-img":"","footer-sml-layout":"","ast-disable-related-posts":"","theme-transparent-header-meta":"default","adv-header-id-meta":"","stick-header-meta":"default","header-above-stick-meta":"","header-main-stick-meta":"","header-below-stick-meta":"","astra-migrate-meta-layouts":"set","ast-page-background-enabled":"default","ast-page-background-meta":{"desktop":{"background-color":"var(--ast-global-color-4)","background-image":"","background-repeat":"repeat","background-position":"center center","background-size":"auto","background-attachment":"scroll","background-type":"","background-media":"","overlay-type":"","overlay-color":"","overlay-opacity":"","overlay-gradient":""},"tablet":{"background-color":"","background-image":"","background-repeat":"repeat","background-position":"center center","background-size":"auto","background-attachment":"scroll","background-type":"","background-media":"","overlay-type":"","overlay-color":"","overlay-opacity":"","overlay-gradient":""},"mobile":{"background-color":"","background-image":"","background-repeat":"repeat","background-position":"center center","background-size":"auto","background-attachment":"scroll","background-type":"","background-media":"","overlay-type":"","overlay-color":"","overlay-opacity":"","overlay-gradient":""}},"ast-content-background-meta":{"desktop":{"background-color":"var(--ast-global-color-5)","background-image":"","background-repeat":"repeat","background-position":"center center","background-size":"auto","background-attachment":"scroll","background-type":"","background-media":"","overlay-type":"","overlay-color":"","overlay-opacity":"","overlay-gradient":""},"tablet":{"background-color":"var(--ast-global-color-5)","background-image":"","background-repeat":"repeat","background-position":"center center","background-size":"auto","background-attachment":"scroll","background-type":"","background-media":"","overlay-type":"","overlay-color":"","overlay-opacity":"","overlay-gradient":""},"mobile":{"background-color":"var(--ast-global-color-5)","background-image":"","background-repeat":"repeat","background-position":"center center","background-size":"auto","background-attachment":"scroll","background-type":"","background-media":"","overlay-type":"","overlay-color":"","overlay-opacity":"","overlay-gradient":""}}},"product_brand":[],"product_cat":[90],"product_tag":[],"class_list":{"0":"post-4074","1":"product","2":"type-product","3":"status-publish","4":"has-post-thumbnail","6":"product_cat-new-products","7":"desktop-align-left","8":"tablet-align-left","9":"mobile-align-left","10":"ast-col-sm-12","11":"ast-article-post","12":"ast-width-md-12","13":"ast-archive-post","14":"ast-product-gallery-layout-horizontal-slider","15":"ast-product-gallery-with-no-image","16":"ast-product-tabs-layout-horizontal","18":"first","19":"instock","20":"shipping-taxable","21":"product-type-simple"},"uagb_featured_image_src":{"full":["https:\/\/www.ansenta.com\/wp-content\/uploads\/2026\/03\/Real-time-Fluorescence-Quantitative-PCR-Detection-System.png",400,400,false],"thumbnail":["https:\/\/www.ansenta.com\/wp-content\/uploads\/2026\/03\/Real-time-Fluorescence-Quantitative-PCR-Detection-System-150x150.png",150,150,true],"medium":["https:\/\/www.ansenta.com\/wp-content\/uploads\/2026\/03\/Real-time-Fluorescence-Quantitative-PCR-Detection-System-300x300.png",300,300,true],"medium_large":["https:\/\/www.ansenta.com\/wp-content\/uploads\/2026\/03\/Real-time-Fluorescence-Quantitative-PCR-Detection-System.png",400,400,false],"large":["https:\/\/www.ansenta.com\/wp-content\/uploads\/2026\/03\/Real-time-Fluorescence-Quantitative-PCR-Detection-System.png",400,400,false],"1536x1536":["https:\/\/www.ansenta.com\/wp-content\/uploads\/2026\/03\/Real-time-Fluorescence-Quantitative-PCR-Detection-System.png",400,400,false],"2048x2048":["https:\/\/www.ansenta.com\/wp-content\/uploads\/2026\/03\/Real-time-Fluorescence-Quantitative-PCR-Detection-System.png",400,400,false],"trp-custom-language-flag":["https:\/\/www.ansenta.com\/wp-content\/uploads\/2026\/03\/Real-time-Fluorescence-Quantitative-PCR-Detection-System-12x12.png",12,12,true],"mailpoet_newsletter_max":["https:\/\/www.ansenta.com\/wp-content\/uploads\/2026\/03\/Real-time-Fluorescence-Quantitative-PCR-Detection-System.png",400,400,false],"woocommerce_thumbnail":["https:\/\/www.ansenta.com\/wp-content\/uploads\/2026\/03\/Real-time-Fluorescence-Quantitative-PCR-Detection-System.png",400,400,false],"woocommerce_single":["https:\/\/www.ansenta.com\/wp-content\/uploads\/2026\/03\/Real-time-Fluorescence-Quantitative-PCR-Detection-System.png",400,400,false],"woocommerce_gallery_thumbnail":["https:\/\/www.ansenta.com\/wp-content\/uploads\/2026\/03\/Real-time-Fluorescence-Quantitative-PCR-Detection-System-100x100.png",100,100,true]},"uagb_author_info":{"display_name":"jinxing6611@gmail.com","author_link":"https:\/\/www.ansenta.com\/es\/author\/"},"uagb_comment_info":0,"uagb_excerpt":"Brand:ANSENTA Product Origin:CHINA Delivery time:Within 7 days Supply capacity:Factory Direct Supply Model:Real-time Fluorescence Quantitative PCR Detection System Introduction: It's a 16-well real-time quantitative PCR system. Based on innovative signal acquisition and spectral separation technology, combined with unique temperature control technology, the instrument has reached an advanced level in detection sensitivity, multi-color crosstalk correction, temperature uniformity&hellip;","jetpack_sharing_enabled":true,"_links":{"self":[{"href":"https:\/\/www.ansenta.com\/es\/wp-json\/wp\/v2\/product\/4074","targetHints":{"allow":["GET"]}}],"collection":[{"href":"https:\/\/www.ansenta.com\/es\/wp-json\/wp\/v2\/product"}],"about":[{"href":"https:\/\/www.ansenta.com\/es\/wp-json\/wp\/v2\/types\/product"}],"wp:featuredmedia":[{"embeddable":true,"href":"https:\/\/www.ansenta.com\/es\/wp-json\/wp\/v2\/media\/4075"}],"wp:attachment":[{"href":"https:\/\/www.ansenta.com\/es\/wp-json\/wp\/v2\/media?parent=4074"}],"wp:term":[{"taxonomy":"product_brand","embeddable":true,"href":"https:\/\/www.ansenta.com\/es\/wp-json\/wp\/v2\/product_brand?post=4074"},{"taxonomy":"product_cat","embeddable":true,"href":"https:\/\/www.ansenta.com\/es\/wp-json\/wp\/v2\/product_cat?post=4074"},{"taxonomy":"product_tag","embeddable":true,"href":"https:\/\/www.ansenta.com\/es\/wp-json\/wp\/v2\/product_tag?post=4074"}],"curies":[{"name":"wp","href":"https:\/\/api.w.org\/{rel}","templated":true}]}}