{"id":4002,"date":"2026-03-07T07:18:06","date_gmt":"2026-03-07T07:18:06","guid":{"rendered":"https:\/\/www.ansenta.com\/?post_type=product&#038;p=4002"},"modified":"2026-03-07T07:18:06","modified_gmt":"2026-03-07T07:18:06","slug":"class-ii-a2-biological-safety-cabinet","status":"publish","type":"product","link":"https:\/\/www.ansenta.com\/es\/producto\/class-ii-a2-biological-safety-cabinet\/","title":{"rendered":"Cabina de Seguridad Biol\u00f3gica Clase II A2"},"content":{"rendered":"<p><b>Safety Performance<\/b><br \/>\n\u25cf La funci\u00f3n de esterilizaci\u00f3n UV y la funci\u00f3n de temporizaci\u00f3n se pueden ajustar con cita previa.<br \/>\n\u25cf Automatic airspeed adjustable.<br \/>\n\u25cf Con funci\u00f3n de memoria en caso de fallo de alimentaci\u00f3n.<br \/>\n\u25cf Audio and visual alarm (Abnormal airflow velocity,filter failure, UV lamp failure, Front window at unsafe height).<br \/>\n\u25cf Interlock function: UV lamp and front window; UV lamp and blower, LED lamp; Blower and front window.<\/p>\n<p><b>Ventaja<\/b><br \/>\n\u25cf Standard with air velocity sensor. Real-time monitoring and display air velocity.<br \/>\n\u25cf Standard with foot switch.Controls the front window to up and down.<br \/>\n\u25cf Standard with electric air valve control. It can be controlled through the LCD touch screen.<br \/>\n\u25cf Standard with RS485 interface.<br \/>\n\u25cf Depth of the cabinet is reduce to 780mm.Better access to the door of laboratory room.<br \/>\n\u25cf Unibody design for front panel.Better sealing and safer than the splice style front panel.<br \/>\n\u25cf Base stand with foot support for operator comfortable operation.<br \/>\n\u25cf Safety login system: three-level authority, control,function setting, parameter setting and hierarchical menu entry can be performed.<br \/>\n\u25cf Optional LED lamp with adjustable brightness<\/p>\n<p><span style=\"color: #003300;\"><strong>Descargar:<\/strong><\/span><br \/>\n<a href=\"https:\/\/www.ansenta.com\/wp-content\/uploads\/2026\/03\/Class-II-A2-Biological-Safety-Cabinet.pdf\">Cabina de Seguridad Biol\u00f3gica Clase II A2<\/a><\/p>","protected":false},"excerpt":{"rendered":"<p><span style=\"color: #003300;\"><strong>Marca:<\/strong><\/span>ANSENTA<br \/>\n<span style=\"color: #003300;\"><strong>Origen del producto:<\/strong><\/span>CHINA<br \/>\n<span style=\"color: #003300;\"><strong>Plazo de entrega:<\/strong><\/span>En 7 d\u00edas<br \/>\n<span style=\"color: #003300;\"><strong>Capacidad de suministro:<\/strong><\/span>Suministro directo de f\u00e1brica<br \/>\n<span style=\"color: #003300;\"><strong>Modelo:<\/strong><\/span>Cabina de Seguridad Biol\u00f3gica Clase II A2<br \/>\n<span style=\"color: #003300;\"><strong>Introducci\u00f3n:<\/strong><\/span><br \/>\nLa Cabina de Seguridad Biol\u00f3gica Clase II A2 es una unidad de contenci\u00f3n de \u00faltima generaci\u00f3n dise\u00f1ada para proporcionar la m\u00e1xima protecci\u00f3n para el personal, los productos y el medio ambiente mientras se trabaja con materiales biol\u00f3gicos peligrosos.La Cabina de Seguridad Biol\u00f3gica Clase II A2 es una unidad de contenci\u00f3n de \u00faltima generaci\u00f3n dise\u00f1ada para proporcionar la m\u00e1xima protecci\u00f3n para el personal, los productos y el medio ambiente mientras se trabaja con materiales biol\u00f3gicos peligrosos.<br \/>\n<span style=\"color: #003300;\"><strong>Descargar:<\/strong><\/span><br \/>\n<a href=\"https:\/\/www.ansenta.com\/wp-content\/uploads\/2026\/03\/Class-II-A2-Biological-Safety-Cabinet.pdf\">Cabina de Seguridad Biol\u00f3gica Clase II A2<\/a><\/p>","protected":false},"featured_media":4003,"template":"","meta":{"_uag_custom_page_level_css":"","site-sidebar-layout":"default","site-content-layout":"","ast-site-content-layout":"default","site-content-style":"default","site-sidebar-style":"default","ast-global-header-display":"","ast-banner-title-visibility":"","ast-main-header-display":"","ast-hfb-above-header-display":"","ast-hfb-below-header-display":"","ast-hfb-mobile-header-display":"","site-post-title":"","ast-breadcrumbs-content":"","ast-featured-img":"","footer-sml-layout":"","ast-disable-related-posts":"","theme-transparent-header-meta":"default","adv-header-id-meta":"","stick-header-meta":"default","header-above-stick-meta":"","header-main-stick-meta":"","header-below-stick-meta":"","astra-migrate-meta-layouts":"set","ast-page-background-enabled":"default","ast-page-background-meta":{"desktop":{"background-color":"var(--ast-global-color-4)","background-image":"","background-repeat":"repeat","background-position":"center center","background-size":"auto","background-attachment":"scroll","background-type":"","background-media":"","overlay-type":"","overlay-color":"","overlay-opacity":"","overlay-gradient":""},"tablet":{"background-color":"","background-image":"","background-repeat":"repeat","background-position":"center center","background-size":"auto","background-attachment":"scroll","background-type":"","background-media":"","overlay-type":"","overlay-color":"","overlay-opacity":"","overlay-gradient":""},"mobile":{"background-color":"","background-image":"","background-repeat":"repeat","background-position":"center center","background-size":"auto","background-attachment":"scroll","background-type":"","background-media":"","overlay-type":"","overlay-color":"","overlay-opacity":"","overlay-gradient":""}},"ast-content-background-meta":{"desktop":{"background-color":"var(--ast-global-color-5)","background-image":"","background-repeat":"repeat","background-position":"center center","background-size":"auto","background-attachment":"scroll","background-type":"","background-media":"","overlay-type":"","overlay-color":"","overlay-opacity":"","overlay-gradient":""},"tablet":{"background-color":"var(--ast-global-color-5)","background-image":"","background-repeat":"repeat","background-position":"center center","background-size":"auto","background-attachment":"scroll","background-type":"","background-media":"","overlay-type":"","overlay-color":"","overlay-opacity":"","overlay-gradient":""},"mobile":{"background-color":"var(--ast-global-color-5)","background-image":"","background-repeat":"repeat","background-position":"center center","background-size":"auto","background-attachment":"scroll","background-type":"","background-media":"","overlay-type":"","overlay-color":"","overlay-opacity":"","overlay-gradient":""}}},"product_brand":[],"product_cat":[41],"product_tag":[492,494,493],"class_list":{"0":"post-4002","1":"product","2":"type-product","3":"status-publish","4":"has-post-thumbnail","6":"product_cat-biological-safety-cabinet","7":"product_tag-class-il-b2-biological-safety-cabinet","8":"product_tag-class-il-b2-biosafety-cabinet-lab-equipment","9":"product_tag-class-il-b2-lab-safety-cabinet","10":"desktop-align-left","11":"tablet-align-left","12":"mobile-align-left","13":"ast-col-sm-12","14":"ast-article-post","15":"ast-width-md-12","16":"ast-archive-post","17":"ast-product-gallery-layout-horizontal-slider","18":"ast-product-gallery-with-no-image","19":"ast-product-tabs-layout-horizontal","21":"first","22":"instock","23":"shipping-taxable","24":"product-type-simple"},"uagb_featured_image_src":{"full":["https:\/\/www.ansenta.com\/wp-content\/uploads\/2026\/03\/Class-II-A2-Biological-Safety-Cabinet.png",400,400,false],"thumbnail":["https:\/\/www.ansenta.com\/wp-content\/uploads\/2026\/03\/Class-II-A2-Biological-Safety-Cabinet-150x150.png",150,150,true],"medium":["https:\/\/www.ansenta.com\/wp-content\/uploads\/2026\/03\/Class-II-A2-Biological-Safety-Cabinet-300x300.png",300,300,true],"medium_large":["https:\/\/www.ansenta.com\/wp-content\/uploads\/2026\/03\/Class-II-A2-Biological-Safety-Cabinet.png",400,400,false],"large":["https:\/\/www.ansenta.com\/wp-content\/uploads\/2026\/03\/Class-II-A2-Biological-Safety-Cabinet.png",400,400,false],"1536x1536":["https:\/\/www.ansenta.com\/wp-content\/uploads\/2026\/03\/Class-II-A2-Biological-Safety-Cabinet.png",400,400,false],"2048x2048":["https:\/\/www.ansenta.com\/wp-content\/uploads\/2026\/03\/Class-II-A2-Biological-Safety-Cabinet.png",400,400,false],"trp-custom-language-flag":["https:\/\/www.ansenta.com\/wp-content\/uploads\/2026\/03\/Class-II-A2-Biological-Safety-Cabinet-12x12.png",12,12,true],"mailpoet_newsletter_max":["https:\/\/www.ansenta.com\/wp-content\/uploads\/2026\/03\/Class-II-A2-Biological-Safety-Cabinet.png",400,400,false],"woocommerce_thumbnail":["https:\/\/www.ansenta.com\/wp-content\/uploads\/2026\/03\/Class-II-A2-Biological-Safety-Cabinet.png",400,400,false],"woocommerce_single":["https:\/\/www.ansenta.com\/wp-content\/uploads\/2026\/03\/Class-II-A2-Biological-Safety-Cabinet.png",400,400,false],"woocommerce_gallery_thumbnail":["https:\/\/www.ansenta.com\/wp-content\/uploads\/2026\/03\/Class-II-A2-Biological-Safety-Cabinet-100x100.png",100,100,true]},"uagb_author_info":{"display_name":"jinxing6611@gmail.com","author_link":"https:\/\/www.ansenta.com\/es\/author\/"},"uagb_comment_info":0,"uagb_excerpt":"Brand:ANSENTA Product Origin:CHINA Delivery time:Within 7 days Supply capacity:Factory Direct Supply Model:Class II A2 Biological Safety Cabinet Introduction: The Class II A2 Biological Safety Cabinet is a state-of-the-art containment unit designed to provide maximum protection for personnel, products, and the environment while working with hazardous biological materials.The Class II A2 Biological Safety Cabinet is a&hellip;","jetpack_sharing_enabled":true,"_links":{"self":[{"href":"https:\/\/www.ansenta.com\/es\/wp-json\/wp\/v2\/product\/4002","targetHints":{"allow":["GET"]}}],"collection":[{"href":"https:\/\/www.ansenta.com\/es\/wp-json\/wp\/v2\/product"}],"about":[{"href":"https:\/\/www.ansenta.com\/es\/wp-json\/wp\/v2\/types\/product"}],"wp:featuredmedia":[{"embeddable":true,"href":"https:\/\/www.ansenta.com\/es\/wp-json\/wp\/v2\/media\/4003"}],"wp:attachment":[{"href":"https:\/\/www.ansenta.com\/es\/wp-json\/wp\/v2\/media?parent=4002"}],"wp:term":[{"taxonomy":"product_brand","embeddable":true,"href":"https:\/\/www.ansenta.com\/es\/wp-json\/wp\/v2\/product_brand?post=4002"},{"taxonomy":"product_cat","embeddable":true,"href":"https:\/\/www.ansenta.com\/es\/wp-json\/wp\/v2\/product_cat?post=4002"},{"taxonomy":"product_tag","embeddable":true,"href":"https:\/\/www.ansenta.com\/es\/wp-json\/wp\/v2\/product_tag?post=4002"}],"curies":[{"name":"wp","href":"https:\/\/api.w.org\/{rel}","templated":true}]}}