{"id":3985,"date":"2026-03-07T06:29:24","date_gmt":"2026-03-07T06:29:24","guid":{"rendered":"https:\/\/www.ansenta.com\/?post_type=product&#038;p=3985"},"modified":"2026-03-07T06:29:24","modified_gmt":"2026-03-07T06:29:24","slug":"vertical-high-pressure-steam-sterilizer","status":"publish","type":"product","link":"https:\/\/www.ansenta.com\/es\/producto\/vertical-high-pressure-steam-sterilizer\/","title":{"rendered":"Esterilizador vertical de vapor a alta presi\u00f3n"},"content":{"rendered":"<p><b>Ventaja<\/b><br \/>\n\u25cf Hand wheel translation and quick opening structure.<br \/>\n\u25cf High quality stainless steel material.<br \/>\n\u25cf Microcomputer automaticcontrol, arbitrary setting. sterilization parameters.<br \/>\n\u25cf Safety interlocking device.<br \/>\n\u25cf Digital display and touch buttons.<br \/>\n\u25cf Standard test interface.<br \/>\n\u25cf Self-expanding seal.<br \/>\n\u25cfWith automatic protection function:over temperature protection; over pressure self<br \/>\ndischarge protection,low water level protection; anti dry burning.<br \/>\n\u25cf With stainless steel bucket or basket.<br \/>\n\u25cf Buzzer reminder after sterilization, automatic stop.<br \/>\n\u25cf Automatic discharge of cold air,automatic steam exhaust after sterilization.<\/p>\n<p><span style=\"color: #003300;\"><strong>Descargar:<\/strong><\/span><br \/>\n<a href=\"https:\/\/www.ansenta.com\/wp-content\/uploads\/2026\/03\/Vertical-high-pressure-steam-sterilizer.pdf\">Esterilizador vertical de vapor a alta presi\u00f3n<\/a><\/p>","protected":false},"excerpt":{"rendered":"<p><span style=\"color: #003300;\"><strong>Marca:<\/strong><\/span>ANSENTA<br \/>\n<span style=\"color: #003300;\"><strong>Origen del producto:<\/strong><\/span>CHINA<br \/>\n<span style=\"color: #003300;\"><strong>Plazo de entrega:<\/strong><\/span>En 7 d\u00edas<br \/>\n<span style=\"color: #003300;\"><strong>Capacidad de suministro:<\/strong><\/span>Suministro directo de f\u00e1brica<br \/>\n<span style=\"color: #003300;\"><strong>Modelo:<\/strong><\/span>Esterilizador vertical de vapor a alta presi\u00f3n<br \/>\n<span style=\"color: #003300;\"><strong>Introducci\u00f3n:<\/strong><\/span><br \/>\nEl esterilizador de vapor vertical de alta presi\u00f3n consigue una esterilizaci\u00f3n eficaz utilizando vapor a alta temperatura y alta presi\u00f3n. Con un dise\u00f1o vertical, tiene gran capacidad, ocupa poco espacio y es seguro y fiable. Es adecuado para aplicaciones m\u00e9dicas, de laboratorio, farmac\u00e9uticas y otras.<br \/>\n<span style=\"color: #003300;\"><strong>Descargar:<\/strong><\/span><br \/>\n<a href=\"https:\/\/www.ansenta.com\/wp-content\/uploads\/2026\/03\/Vertical-high-pressure-steam-sterilizer.pdf\">Esterilizador vertical de vapor a alta presi\u00f3n<\/a><\/p>","protected":false},"featured_media":3986,"template":"","meta":{"_uag_custom_page_level_css":"","site-sidebar-layout":"default","site-content-layout":"","ast-site-content-layout":"default","site-content-style":"default","site-sidebar-style":"default","ast-global-header-display":"","ast-banner-title-visibility":"","ast-main-header-display":"","ast-hfb-above-header-display":"","ast-hfb-below-header-display":"","ast-hfb-mobile-header-display":"","site-post-title":"","ast-breadcrumbs-content":"","ast-featured-img":"","footer-sml-layout":"","ast-disable-related-posts":"","theme-transparent-header-meta":"default","adv-header-id-meta":"","stick-header-meta":"default","header-above-stick-meta":"","header-main-stick-meta":"","header-below-stick-meta":"","astra-migrate-meta-layouts":"set","ast-page-background-enabled":"default","ast-page-background-meta":{"desktop":{"background-color":"var(--ast-global-color-4)","background-image":"","background-repeat":"repeat","background-position":"center center","background-size":"auto","background-attachment":"scroll","background-type":"","background-media":"","overlay-type":"","overlay-color":"","overlay-opacity":"","overlay-gradient":""},"tablet":{"background-color":"","background-image":"","background-repeat":"repeat","background-position":"center center","background-size":"auto","background-attachment":"scroll","background-type":"","background-media":"","overlay-type":"","overlay-color":"","overlay-opacity":"","overlay-gradient":""},"mobile":{"background-color":"","background-image":"","background-repeat":"repeat","background-position":"center center","background-size":"auto","background-attachment":"scroll","background-type":"","background-media":"","overlay-type":"","overlay-color":"","overlay-opacity":"","overlay-gradient":""}},"ast-content-background-meta":{"desktop":{"background-color":"var(--ast-global-color-5)","background-image":"","background-repeat":"repeat","background-position":"center center","background-size":"auto","background-attachment":"scroll","background-type":"","background-media":"","overlay-type":"","overlay-color":"","overlay-opacity":"","overlay-gradient":""},"tablet":{"background-color":"var(--ast-global-color-5)","background-image":"","background-repeat":"repeat","background-position":"center center","background-size":"auto","background-attachment":"scroll","background-type":"","background-media":"","overlay-type":"","overlay-color":"","overlay-opacity":"","overlay-gradient":""},"mobile":{"background-color":"var(--ast-global-color-5)","background-image":"","background-repeat":"repeat","background-position":"center center","background-size":"auto","background-attachment":"scroll","background-type":"","background-media":"","overlay-type":"","overlay-color":"","overlay-opacity":"","overlay-gradient":""}}},"product_brand":[],"product_cat":[119],"product_tag":[474,472,473],"class_list":{"0":"post-3985","1":"product","2":"type-product","3":"status-publish","4":"has-post-thumbnail","6":"product_cat-vertical-autoclave","7":"product_tag-laboratory-autoclave","8":"product_tag-vertical-autoclave","9":"product_tag-vertical-high-pressure-steam-sterilizer","10":"desktop-align-left","11":"tablet-align-left","12":"mobile-align-left","13":"ast-col-sm-12","14":"ast-article-post","15":"ast-width-md-12","16":"ast-archive-post","17":"ast-product-gallery-layout-horizontal-slider","18":"ast-product-gallery-with-no-image","19":"ast-product-tabs-layout-horizontal","21":"first","22":"instock","23":"shipping-taxable","24":"product-type-simple"},"uagb_featured_image_src":{"full":["https:\/\/www.ansenta.com\/wp-content\/uploads\/2026\/03\/Vertical-high-pressure-steam-sterilizer.jpg",624,576,false],"thumbnail":["https:\/\/www.ansenta.com\/wp-content\/uploads\/2026\/03\/Vertical-high-pressure-steam-sterilizer-150x150.jpg",150,150,true],"medium":["https:\/\/www.ansenta.com\/wp-content\/uploads\/2026\/03\/Vertical-high-pressure-steam-sterilizer-300x277.jpg",300,277,true],"medium_large":["https:\/\/www.ansenta.com\/wp-content\/uploads\/2026\/03\/Vertical-high-pressure-steam-sterilizer.jpg",624,576,false],"large":["https:\/\/www.ansenta.com\/wp-content\/uploads\/2026\/03\/Vertical-high-pressure-steam-sterilizer.jpg",624,576,false],"1536x1536":["https:\/\/www.ansenta.com\/wp-content\/uploads\/2026\/03\/Vertical-high-pressure-steam-sterilizer.jpg",624,576,false],"2048x2048":["https:\/\/www.ansenta.com\/wp-content\/uploads\/2026\/03\/Vertical-high-pressure-steam-sterilizer.jpg",624,576,false],"trp-custom-language-flag":["https:\/\/www.ansenta.com\/wp-content\/uploads\/2026\/03\/Vertical-high-pressure-steam-sterilizer-13x12.jpg",13,12,true],"mailpoet_newsletter_max":["https:\/\/www.ansenta.com\/wp-content\/uploads\/2026\/03\/Vertical-high-pressure-steam-sterilizer.jpg",624,576,false],"woocommerce_thumbnail":["https:\/\/www.ansenta.com\/wp-content\/uploads\/2026\/03\/Vertical-high-pressure-steam-sterilizer-600x576.jpg",600,576,true],"woocommerce_single":["https:\/\/www.ansenta.com\/wp-content\/uploads\/2026\/03\/Vertical-high-pressure-steam-sterilizer-600x554.jpg",600,554,true],"woocommerce_gallery_thumbnail":["https:\/\/www.ansenta.com\/wp-content\/uploads\/2026\/03\/Vertical-high-pressure-steam-sterilizer-100x100.jpg",100,100,true]},"uagb_author_info":{"display_name":"jinxing6611@gmail.com","author_link":"https:\/\/www.ansenta.com\/es\/author\/"},"uagb_comment_info":0,"uagb_excerpt":"Brand:ANSENTA Product Origin:CHINA Delivery time:Within 7 days Supply capacity:Factory Direct Supply Model:Vertical high-pressure steam sterilizer Introduction: Vertical high-pressure steam sterilizer achieves efficient sterilization using high-temperature and high-pressure steam. Featuring a vertical design, it has large capacity, small footprint, and is safe and reliable. It is suitable for medical, laboratory, pharmaceutical and other applications. Download: Vertical&hellip;","jetpack_sharing_enabled":true,"_links":{"self":[{"href":"https:\/\/www.ansenta.com\/es\/wp-json\/wp\/v2\/product\/3985","targetHints":{"allow":["GET"]}}],"collection":[{"href":"https:\/\/www.ansenta.com\/es\/wp-json\/wp\/v2\/product"}],"about":[{"href":"https:\/\/www.ansenta.com\/es\/wp-json\/wp\/v2\/types\/product"}],"wp:featuredmedia":[{"embeddable":true,"href":"https:\/\/www.ansenta.com\/es\/wp-json\/wp\/v2\/media\/3986"}],"wp:attachment":[{"href":"https:\/\/www.ansenta.com\/es\/wp-json\/wp\/v2\/media?parent=3985"}],"wp:term":[{"taxonomy":"product_brand","embeddable":true,"href":"https:\/\/www.ansenta.com\/es\/wp-json\/wp\/v2\/product_brand?post=3985"},{"taxonomy":"product_cat","embeddable":true,"href":"https:\/\/www.ansenta.com\/es\/wp-json\/wp\/v2\/product_cat?post=3985"},{"taxonomy":"product_tag","embeddable":true,"href":"https:\/\/www.ansenta.com\/es\/wp-json\/wp\/v2\/product_tag?post=3985"}],"curies":[{"name":"wp","href":"https:\/\/api.w.org\/{rel}","templated":true}]}}