{"id":3904,"date":"2026-03-03T12:41:50","date_gmt":"2026-03-03T12:41:50","guid":{"rendered":"https:\/\/www.ansenta.com\/?post_type=product&#038;p=3904"},"modified":"2026-03-03T12:41:50","modified_gmt":"2026-03-03T12:41:50","slug":"eps-ast600d","status":"publish","type":"product","link":"https:\/\/www.ansenta.com\/es\/producto\/eps-ast600d\/","title":{"rendered":"EPS-AST600D"},"content":{"rendered":"<p><b>Caracter\u00edsticas<\/b><br \/>\nTipos de salida: Tensi\u00f3n constante, corriente constante, potencia constante<br \/>\n\u25c7 Amplia Compatibilidad: Compatible con cubetas de electroforesis internacionales y nacionales de Bio-Rad, Thermo Fisher Scientific y 61M, etc.<br \/>\nConfiguraci\u00f3n con un solo clic: Configuraci\u00f3n con un solo clic para las funciones de prote\u00ednas; conexi\u00f3n de alimentaci\u00f3n autom\u00e1tica al gel de separaci\u00f3n despu\u00e9s de apilar el gel, lo que reduce la molestia del reajuste manual.<br \/>\n\u2605 Tres constantes inteligentes: Establezca cualquier valor constante (tensi\u00f3n constante, corriente constante o potencia constante), con l\u00edmites m\u00e1ximos en los otros dos indicadores, consiguiendo tres constantes din\u00e1micas y evitando la sobrelimitaci\u00f3n.<br \/>\n\u25c7 Mantenimiento en microcorriente: Cambia autom\u00e1ticamente a microcorriente despu\u00e9s de la electroforesis para evitar la difusi\u00f3n de la muestra y el rebasamiento de la muestra cuando el laboratorio est\u00e1 desocupado y el temporizador est\u00e1 apagado.<br \/>\nAmplia entrada de alimentaci\u00f3n: AC110V-240V 50\/60Hz, amplio rango de entrada de energ\u00eda para una mayor estabilidad.<br \/>\n\u2605 Pantalla grande: Pantalla t\u00e1ctil de 4,3 pulgadas; funcionamiento t\u00e1ctil; visualizaci\u00f3n simult\u00e1nea de tensi\u00f3n, corriente, potencia y temporizador; permite ver simult\u00e1neamente los valores de salida preestablecidos y reales.<br \/>\nDirecci\u00f3n de temporizaci\u00f3n: Direcci\u00f3n de temporizaci\u00f3n seleccionable; se puede utilizar para avance o cuenta atr\u00e1s. F\u00e1cil de usar: La interfaz f\u00e1cil de usar hace que el funcionamiento sea tan sencillo como utilizar un tel\u00e9fono m\u00f3vil.<br \/>\n\u2605 Recuperaci\u00f3n en caso de corte de corriente: Tras un corte de corriente, la fuente de alimentaci\u00f3n recuerda autom\u00e1ticamente el estado en ese momento y restaura autom\u00e1ticamente el estado electrofor\u00e9tico anterior al corte de corriente cuando se restablece la alimentaci\u00f3n.<br \/>\n\u2605 Ahorro de espacio: Soporte apilable y desplegable para facilitar la observaci\u00f3n<br \/>\n\u25c7 Electroforesis en paralelo: 4 conjuntos en paralelo, capaces de alimentar varias cubas de electroforesis simult\u00e1neamente.<br \/>\nMemoria autom\u00e1tica: Cuenta con funciones de memoria autom\u00e1tica y apagado autom\u00e1tico<br \/>\n\u2605 Almacenamiento de m\u00e9todos: Almacenamiento programable de 30 m\u00e9todos, cada uno de los cuales contiene hasta 10 pasos.<br \/>\nFunciones de seguridad: Supervisi\u00f3n de sobretensi\u00f3n, arco, sin carga y cambio repentino de carga; supervisi\u00f3n de sobrecarga\/cortocircuito;protecci\u00f3n contra fugas; alarma de circuito abierto.<br \/>\n<span style=\"color: #003300;\"><strong>Descargar:<\/strong><\/span><br \/>\n<a href=\"https:\/\/www.ansenta.com\/wp-content\/uploads\/2026\/03\/EPS-AST600D.pdf\">EPS-AST600D<\/a><\/p>","protected":false},"excerpt":{"rendered":"<p><span style=\"color: #003300;\"><strong>Marca:<\/strong><\/span>ANSENTA<br \/>\n<span style=\"color: #003300;\"><strong>Origen del producto:<\/strong><\/span>CHINA<br \/>\n<span style=\"color: #003300;\"><strong>Plazo de entrega:<\/strong><\/span>En 7 d\u00edas<br \/>\n<span style=\"color: #003300;\"><strong>Capacidad de suministro:<\/strong><\/span>Suministro directo de f\u00e1brica<br \/>\n<span style=\"color: #003300;\"><strong>Modelo:<\/strong><\/span>EPS-AST600D<br \/>\n<span style=\"color: #003300;\"><strong>Introducci\u00f3n:<\/strong><\/span><br \/>\nLa fuente de alimentaci\u00f3n para electroforesis es una unidad de control de tensi\u00f3n y corriente de precisi\u00f3n dise\u00f1ada espec\u00edficamente para su uso en aplicaciones de electroforesis en gel, como el an\u00e1lisis de ADN, ARN y prote\u00ednas.<br \/>\n<span style=\"color: #003300;\"><strong>Descargar:<\/strong><\/span><br \/>\n<a href=\"https:\/\/www.ansenta.com\/wp-content\/uploads\/2026\/03\/EPS-AST600D.pdf\">EPS-AST600D<\/a><\/p>","protected":false},"featured_media":3905,"template":"","meta":{"_uag_custom_page_level_css":"","site-sidebar-layout":"default","site-content-layout":"","ast-site-content-layout":"default","site-content-style":"default","site-sidebar-style":"default","ast-global-header-display":"","ast-banner-title-visibility":"","ast-main-header-display":"","ast-hfb-above-header-display":"","ast-hfb-below-header-display":"","ast-hfb-mobile-header-display":"","site-post-title":"","ast-breadcrumbs-content":"","ast-featured-img":"","footer-sml-layout":"","ast-disable-related-posts":"","theme-transparent-header-meta":"default","adv-header-id-meta":"","stick-header-meta":"default","header-above-stick-meta":"","header-main-stick-meta":"","header-below-stick-meta":"","astra-migrate-meta-layouts":"set","ast-page-background-enabled":"default","ast-page-background-meta":{"desktop":{"background-color":"var(--ast-global-color-4)","background-image":"","background-repeat":"repeat","background-position":"center center","background-size":"auto","background-attachment":"scroll","background-type":"","background-media":"","overlay-type":"","overlay-color":"","overlay-opacity":"","overlay-gradient":""},"tablet":{"background-color":"","background-image":"","background-repeat":"repeat","background-position":"center center","background-size":"auto","background-attachment":"scroll","background-type":"","background-media":"","overlay-type":"","overlay-color":"","overlay-opacity":"","overlay-gradient":""},"mobile":{"background-color":"","background-image":"","background-repeat":"repeat","background-position":"center center","background-size":"auto","background-attachment":"scroll","background-type":"","background-media":"","overlay-type":"","overlay-color":"","overlay-opacity":"","overlay-gradient":""}},"ast-content-background-meta":{"desktop":{"background-color":"var(--ast-global-color-5)","background-image":"","background-repeat":"repeat","background-position":"center center","background-size":"auto","background-attachment":"scroll","background-type":"","background-media":"","overlay-type":"","overlay-color":"","overlay-opacity":"","overlay-gradient":""},"tablet":{"background-color":"var(--ast-global-color-5)","background-image":"","background-repeat":"repeat","background-position":"center center","background-size":"auto","background-attachment":"scroll","background-type":"","background-media":"","overlay-type":"","overlay-color":"","overlay-opacity":"","overlay-gradient":""},"mobile":{"background-color":"var(--ast-global-color-5)","background-image":"","background-repeat":"repeat","background-position":"center center","background-size":"auto","background-attachment":"scroll","background-type":"","background-media":"","overlay-type":"","overlay-color":"","overlay-opacity":"","overlay-gradient":""}}},"product_brand":[],"product_cat":[223],"product_tag":[436,434,435],"class_list":{"0":"post-3904","1":"product","2":"type-product","3":"status-publish","4":"has-post-thumbnail","6":"product_cat-electrophoresis-system","7":"product_tag-dna-electrophoresis-power-unit","8":"product_tag-electrophoresis-power-supply","9":"product_tag-gel-electrophoresis-power-supply","10":"desktop-align-left","11":"tablet-align-left","12":"mobile-align-left","13":"ast-col-sm-12","14":"ast-article-post","15":"ast-width-md-12","16":"ast-archive-post","17":"ast-product-gallery-layout-horizontal-slider","18":"ast-product-gallery-with-no-image","19":"ast-product-tabs-layout-horizontal","21":"first","22":"instock","23":"shipping-taxable","24":"product-type-simple"},"uagb_featured_image_src":{"full":["https:\/\/www.ansenta.com\/wp-content\/uploads\/2026\/03\/EPS-AST600D.jpg",1200,1200,false],"thumbnail":["https:\/\/www.ansenta.com\/wp-content\/uploads\/2026\/03\/EPS-AST600D-150x150.jpg",150,150,true],"medium":["https:\/\/www.ansenta.com\/wp-content\/uploads\/2026\/03\/EPS-AST600D-300x300.jpg",300,300,true],"medium_large":["https:\/\/www.ansenta.com\/wp-content\/uploads\/2026\/03\/EPS-AST600D-768x768.jpg",768,768,true],"large":["https:\/\/www.ansenta.com\/wp-content\/uploads\/2026\/03\/EPS-AST600D-1024x1024.jpg",1024,1024,true],"1536x1536":["https:\/\/www.ansenta.com\/wp-content\/uploads\/2026\/03\/EPS-AST600D.jpg",1200,1200,false],"2048x2048":["https:\/\/www.ansenta.com\/wp-content\/uploads\/2026\/03\/EPS-AST600D.jpg",1200,1200,false],"trp-custom-language-flag":["https:\/\/www.ansenta.com\/wp-content\/uploads\/2026\/03\/EPS-AST600D-12x12.jpg",12,12,true],"mailpoet_newsletter_max":["https:\/\/www.ansenta.com\/wp-content\/uploads\/2026\/03\/EPS-AST600D.jpg",1200,1200,false],"woocommerce_thumbnail":["https:\/\/www.ansenta.com\/wp-content\/uploads\/2026\/03\/EPS-AST600D-600x600.jpg",600,600,true],"woocommerce_single":["https:\/\/www.ansenta.com\/wp-content\/uploads\/2026\/03\/EPS-AST600D-600x600.jpg",600,600,true],"woocommerce_gallery_thumbnail":["https:\/\/www.ansenta.com\/wp-content\/uploads\/2026\/03\/EPS-AST600D-100x100.jpg",100,100,true]},"uagb_author_info":{"display_name":"jinxing6611@gmail.com","author_link":"https:\/\/www.ansenta.com\/es\/author\/"},"uagb_comment_info":0,"uagb_excerpt":"Brand:ANSENTA Product Origin:CHINA Delivery time:Within 7 days Supply capacity:Factory Direct Supply Model:EPS-AST600D Introduction: The Electrophoresis Power Supply is a precision voltage and current control unit designed specifically for use in gel electrophoresis applications, such as DNA, RNA, and protein analysis. Download: EPS-AST600D","jetpack_sharing_enabled":true,"_links":{"self":[{"href":"https:\/\/www.ansenta.com\/es\/wp-json\/wp\/v2\/product\/3904","targetHints":{"allow":["GET"]}}],"collection":[{"href":"https:\/\/www.ansenta.com\/es\/wp-json\/wp\/v2\/product"}],"about":[{"href":"https:\/\/www.ansenta.com\/es\/wp-json\/wp\/v2\/types\/product"}],"wp:featuredmedia":[{"embeddable":true,"href":"https:\/\/www.ansenta.com\/es\/wp-json\/wp\/v2\/media\/3905"}],"wp:attachment":[{"href":"https:\/\/www.ansenta.com\/es\/wp-json\/wp\/v2\/media?parent=3904"}],"wp:term":[{"taxonomy":"product_brand","embeddable":true,"href":"https:\/\/www.ansenta.com\/es\/wp-json\/wp\/v2\/product_brand?post=3904"},{"taxonomy":"product_cat","embeddable":true,"href":"https:\/\/www.ansenta.com\/es\/wp-json\/wp\/v2\/product_cat?post=3904"},{"taxonomy":"product_tag","embeddable":true,"href":"https:\/\/www.ansenta.com\/es\/wp-json\/wp\/v2\/product_tag?post=3904"}],"curies":[{"name":"wp","href":"https:\/\/api.w.org\/{rel}","templated":true}]}}