{"id":3888,"date":"2026-03-01T12:49:05","date_gmt":"2026-03-01T12:49:05","guid":{"rendered":"https:\/\/www.ansenta.com\/?post_type=product&#038;p=3888"},"modified":"2026-03-01T12:49:05","modified_gmt":"2026-03-01T12:49:05","slug":"ast-yle-plant-nutrient-analyzer","status":"publish","type":"product","link":"https:\/\/www.ansenta.com\/es\/producto\/ast-yle-plant-nutrient-analyzer\/","title":{"rendered":"AST-YLE Analizador de nutrientes vegetales"},"content":{"rendered":"<p>Caracter\u00edsticas<br \/>\n1. Detecci\u00f3n r\u00e1pida y no destructiva de plantas vivas. Basta con insertar las hojas durante la medici\u00f3n, sin necesidad de cosecharlas. No afecta al crecimiento del cultivo, lo que permite un seguimiento continuo de las hojas durante todo el ciclo de crecimiento para realizar an\u00e1lisis m\u00e1s cient\u00edficos.<br \/>\n2. Alta precisi\u00f3n de medici\u00f3n (Precisi\u00f3n: \u00b11,0 SPAD, Repetibilidad: \u00b10,3 SPAD). 3. Sistema de interferencia antideslumbrante incorporado.<br \/>\n3. Medici\u00f3n simult\u00e1nea de todos los par\u00e1metros en una sola operaci\u00f3n. Muestra la clorofila, el contenido de nitr\u00f3geno, la temperatura de la hoja y la humedad de la hoja en la misma pantalla, con capacidad de almacenamiento simult\u00e1neo.<br \/>\n4. Gran capacidad de almacenamiento de 16 GB. Los datos se pueden agrupar, visualizar y exportar.<br \/>\n5. El puerto USB multifunci\u00f3n permite exportar y cargar datos. Se conecta directamente a ordenadores para exportar datos sin necesidad de software host; alternativamente, exporta los datos directamente a trav\u00e9s de la tarjeta de memoria para un funcionamiento sencillo y c\u00f3modo.<br \/>\n6. Visualizaci\u00f3n de datos: Los datos hist\u00f3ricos se pueden ver, transferir o borrar directamente en el dispositivo.<br \/>\n7. Posicionamiento GPS: Muestra en tiempo real las coordenadas de latitud y longitud basadas en sat\u00e9lite para precisar la ubicaci\u00f3n actual de la medici\u00f3n.<br \/>\n8. El m\u00f3dulo de transmisi\u00f3n inal\u00e1mbrica 4G integrado permite cargar datos en tiempo real en entornos de campo. Los resultados de las mediciones se transmiten directamente a un centro de datos dedicado a la agricultura en la nube. Las empresas reciben una cuenta \u00fanica para este centro para acceder a los datos cargados.<br \/>\n9. El centro de datos agr\u00edcolas en la nube permite recuperar datos hist\u00f3ricos de cualquier periodo de tiempo. Visualice las marcas de tiempo de las mediciones, el contenido de clorofila, el contenido de nitr\u00f3geno, la temperatura de las hojas, la humedad de las hojas, la informaci\u00f3n de posicionamiento GPS y mucho m\u00e1s. Muestra curvas de tendencias para cada par\u00e1metro, valores m\u00e1ximos\/m\u00ednimos, funciones de acercamiento\/alejamiento y admite descarga en l\u00ednea, exportaci\u00f3n a Excel, an\u00e1lisis e impresi\u00f3n.<br \/>\n10. La pantalla LCD de alto contraste garantiza una visibilidad clara incluso a plena luz del sol.<br \/>\n11. El dise\u00f1o en modo de bajo consumo incorpora una bater\u00eda recargable de iones de litio de alta capacidad con protecci\u00f3n contra sobrecarga, que ofrece eficiencia energ\u00e9tica, respeto por el medio ambiente y un c\u00f3modo funcionamiento en exteriores.<br \/>\n12. Pantalla biling\u00fce (chino\/ingl\u00e9s) integrada con cambio de idioma mediante una pulsaci\u00f3n.<\/p>\n<p><span style=\"color: #003300;\"><strong>Descargar:<\/strong><\/span><br \/>\n<a href=\"https:\/\/www.ansenta.com\/wp-content\/uploads\/2026\/03\/AST-YLE-Plant-nutrient-analyzer.pdf\">AST-YLE Analizador de nutrientes vegetales<\/a><\/p>","protected":false},"excerpt":{"rendered":"<p><span style=\"color: #003300;\"><strong>Marca:<\/strong><\/span>ANSENTA<br \/>\n<span style=\"color: #003300;\"><strong>Origen del producto:<\/strong><\/span>CHINA<br \/>\n<span style=\"color: #003300;\"><strong>Plazo de entrega:<\/strong><\/span>En 7 d\u00edas<br \/>\n<span style=\"color: #003300;\"><strong>Capacidad de suministro:<\/strong><\/span>Suministro directo de f\u00e1brica<br \/>\n<span style=\"color: #003300;\"><strong>Modelo:<\/strong><\/span>AST-YLE Analizador de nutrientes vegetales<br \/>\n<span style=\"color: #003300;\"><strong>Introducci\u00f3n:<\/strong><\/span><br \/>\nEl analizador de nutrientes vegetales permite medir de forma instant\u00e1nea y no destructiva el contenido relativo de clorofila de una planta (en unidades SPAD) o el nivel de verdor, el contenido de nitr\u00f3geno, la humedad de la superficie foliar y la temperatura de la superficie foliar. Esto permite una evaluaci\u00f3n precisa de las necesidades reales de nitrato de la planta y la identificaci\u00f3n de la deficiencia de nitrato del suelo o la aplicaci\u00f3n excesiva de fertilizantes nitrogenados. La utilizaci\u00f3n de este instrumento mejora la eficiencia de la utilizaci\u00f3n de fertilizantes nitrogenados al tiempo que protege el medio ambiente. Se utiliza ampliamente en instituciones de investigaci\u00f3n agr\u00edcola y forestal y en universidades para estudiar los indicadores fisiol\u00f3gicos de las plantas y orientar la producci\u00f3n agr\u00edcola.<br \/>\n<span style=\"color: #003300;\"><strong>Descargar:<\/strong><\/span><br \/>\n<a href=\"https:\/\/www.ansenta.com\/wp-content\/uploads\/2026\/03\/AST-YLE-Plant-nutrient-analyzer.pdf\">AST-YLE Analizador de nutrientes vegetales<\/a><\/p>","protected":false},"featured_media":3889,"template":"","meta":{"_uag_custom_page_level_css":"","site-sidebar-layout":"default","site-content-layout":"","ast-site-content-layout":"default","site-content-style":"default","site-sidebar-style":"default","ast-global-header-display":"","ast-banner-title-visibility":"","ast-main-header-display":"","ast-hfb-above-header-display":"","ast-hfb-below-header-display":"","ast-hfb-mobile-header-display":"","site-post-title":"","ast-breadcrumbs-content":"","ast-featured-img":"","footer-sml-layout":"","ast-disable-related-posts":"","theme-transparent-header-meta":"default","adv-header-id-meta":"","stick-header-meta":"default","header-above-stick-meta":"","header-main-stick-meta":"","header-below-stick-meta":"","astra-migrate-meta-layouts":"set","ast-page-background-enabled":"default","ast-page-background-meta":{"desktop":{"background-color":"var(--ast-global-color-4)","background-image":"","background-repeat":"repeat","background-position":"center center","background-size":"auto","background-attachment":"scroll","background-type":"","background-media":"","overlay-type":"","overlay-color":"","overlay-opacity":"","overlay-gradient":""},"tablet":{"background-color":"","background-image":"","background-repeat":"repeat","background-position":"center center","background-size":"auto","background-attachment":"scroll","background-type":"","background-media":"","overlay-type":"","overlay-color":"","overlay-opacity":"","overlay-gradient":""},"mobile":{"background-color":"","background-image":"","background-repeat":"repeat","background-position":"center center","background-size":"auto","background-attachment":"scroll","background-type":"","background-media":"","overlay-type":"","overlay-color":"","overlay-opacity":"","overlay-gradient":""}},"ast-content-background-meta":{"desktop":{"background-color":"var(--ast-global-color-5)","background-image":"","background-repeat":"repeat","background-position":"center center","background-size":"auto","background-attachment":"scroll","background-type":"","background-media":"","overlay-type":"","overlay-color":"","overlay-opacity":"","overlay-gradient":""},"tablet":{"background-color":"var(--ast-global-color-5)","background-image":"","background-repeat":"repeat","background-position":"center center","background-size":"auto","background-attachment":"scroll","background-type":"","background-media":"","overlay-type":"","overlay-color":"","overlay-opacity":"","overlay-gradient":""},"mobile":{"background-color":"var(--ast-global-color-5)","background-image":"","background-repeat":"repeat","background-position":"center center","background-size":"auto","background-attachment":"scroll","background-type":"","background-media":"","overlay-type":"","overlay-color":"","overlay-opacity":"","overlay-gradient":""}}},"product_brand":[],"product_cat":[164],"product_tag":[],"class_list":{"0":"post-3888","1":"product","2":"type-product","3":"status-publish","4":"has-post-thumbnail","6":"product_cat-soil-nutrient-tester","7":"desktop-align-left","8":"tablet-align-left","9":"mobile-align-left","10":"ast-col-sm-12","11":"ast-article-post","12":"ast-width-md-12","13":"ast-archive-post","14":"ast-product-gallery-layout-horizontal-slider","15":"ast-product-tabs-layout-horizontal","17":"first","18":"instock","19":"shipping-taxable","20":"product-type-simple"},"uagb_featured_image_src":{"full":["https:\/\/www.ansenta.com\/wp-content\/uploads\/2026\/03\/AST-YLE-Plant-nutrient-analyzer1.jpg",775,775,false],"thumbnail":["https:\/\/www.ansenta.com\/wp-content\/uploads\/2026\/03\/AST-YLE-Plant-nutrient-analyzer1-150x150.jpg",150,150,true],"medium":["https:\/\/www.ansenta.com\/wp-content\/uploads\/2026\/03\/AST-YLE-Plant-nutrient-analyzer1-300x300.jpg",300,300,true],"medium_large":["https:\/\/www.ansenta.com\/wp-content\/uploads\/2026\/03\/AST-YLE-Plant-nutrient-analyzer1-768x768.jpg",768,768,true],"large":["https:\/\/www.ansenta.com\/wp-content\/uploads\/2026\/03\/AST-YLE-Plant-nutrient-analyzer1.jpg",775,775,false],"1536x1536":["https:\/\/www.ansenta.com\/wp-content\/uploads\/2026\/03\/AST-YLE-Plant-nutrient-analyzer1.jpg",775,775,false],"2048x2048":["https:\/\/www.ansenta.com\/wp-content\/uploads\/2026\/03\/AST-YLE-Plant-nutrient-analyzer1.jpg",775,775,false],"trp-custom-language-flag":["https:\/\/www.ansenta.com\/wp-content\/uploads\/2026\/03\/AST-YLE-Plant-nutrient-analyzer1-12x12.jpg",12,12,true],"mailpoet_newsletter_max":["https:\/\/www.ansenta.com\/wp-content\/uploads\/2026\/03\/AST-YLE-Plant-nutrient-analyzer1.jpg",775,775,false],"woocommerce_thumbnail":["https:\/\/www.ansenta.com\/wp-content\/uploads\/2026\/03\/AST-YLE-Plant-nutrient-analyzer1-600x600.jpg",600,600,true],"woocommerce_single":["https:\/\/www.ansenta.com\/wp-content\/uploads\/2026\/03\/AST-YLE-Plant-nutrient-analyzer1-600x600.jpg",600,600,true],"woocommerce_gallery_thumbnail":["https:\/\/www.ansenta.com\/wp-content\/uploads\/2026\/03\/AST-YLE-Plant-nutrient-analyzer1-100x100.jpg",100,100,true]},"uagb_author_info":{"display_name":"jinxing6611@gmail.com","author_link":"https:\/\/www.ansenta.com\/es\/author\/"},"uagb_comment_info":0,"uagb_excerpt":"Brand:ANSENTA Product Origin:CHINA Delivery time:Within 7 days Supply capacity:Factory Direct Supply Model:AST-YLE Plant nutrient analyzer Introduction: The Plant Nutrient Analyzer enables instant, non-destructive measurement of a plant's relative chlorophyll content (in SPAD units) or greenness level, nitrogen content, leaf surface humidity, and leaf surface temperature. This allows for accurate assessment of the plant's actual nitrate&hellip;","jetpack_sharing_enabled":true,"_links":{"self":[{"href":"https:\/\/www.ansenta.com\/es\/wp-json\/wp\/v2\/product\/3888","targetHints":{"allow":["GET"]}}],"collection":[{"href":"https:\/\/www.ansenta.com\/es\/wp-json\/wp\/v2\/product"}],"about":[{"href":"https:\/\/www.ansenta.com\/es\/wp-json\/wp\/v2\/types\/product"}],"wp:featuredmedia":[{"embeddable":true,"href":"https:\/\/www.ansenta.com\/es\/wp-json\/wp\/v2\/media\/3889"}],"wp:attachment":[{"href":"https:\/\/www.ansenta.com\/es\/wp-json\/wp\/v2\/media?parent=3888"}],"wp:term":[{"taxonomy":"product_brand","embeddable":true,"href":"https:\/\/www.ansenta.com\/es\/wp-json\/wp\/v2\/product_brand?post=3888"},{"taxonomy":"product_cat","embeddable":true,"href":"https:\/\/www.ansenta.com\/es\/wp-json\/wp\/v2\/product_cat?post=3888"},{"taxonomy":"product_tag","embeddable":true,"href":"https:\/\/www.ansenta.com\/es\/wp-json\/wp\/v2\/product_tag?post=3888"}],"curies":[{"name":"wp","href":"https:\/\/api.w.org\/{rel}","templated":true}]}}