{"id":3872,"date":"2026-03-01T01:54:39","date_gmt":"2026-03-01T01:54:39","guid":{"rendered":"https:\/\/www.ansenta.com\/?post_type=product&#038;p=3872"},"modified":"2026-03-01T01:56:57","modified_gmt":"2026-03-01T01:56:57","slug":"stomacher-blender","status":"publish","type":"product","link":"https:\/\/www.ansenta.com\/es\/producto\/stomacher-blender\/","title":{"rendered":"Batidora Stomacher"},"content":{"rendered":"<p><b>Aplicaci\u00f3n:<\/b><br \/>\nEl homogeneizador es ampliamente utilizado en el tratamiento de homogeneizaci\u00f3n de tejidos animales y muestras biol\u00f3gicas, puede ser utilizado en alimentos, medicamentos, cosm\u00e9ticos, productos qu\u00edmicos, moleculares, toxinas y detecci\u00f3n de bacterias, especialmente para la preparaci\u00f3n de muestras de prueba microbiana.<\/p>\n<p><b>Caracter\u00edsticas:<\/b><br \/>\n* Pantalla t\u00e1ctil LCD de 4,3 pulgadas y control por microordenador.<br \/>\n*Control de programa inteligente, capaz de ajustar el tiempo de aleteo, velocidad, etc.<br \/>\n*Espacio de lapeado ajustable,f\u00e1cil de procesar muestras con diferente cantidad.<br \/>\n*La bolsa est\u00e9ril desechable garantiza la higiene y la seguridad.<br \/>\n*Ventana de vidrio templado, f\u00e1cil de observar.<br \/>\n*Con funci\u00f3n anb-pinch y funci\u00f3n de pausa.<\/p>\n<p><span style=\"color: #003300;\"><strong>Descargar:<\/strong><\/span><br \/>\n<a href=\"https:\/\/www.ansenta.com\/wp-content\/uploads\/2026\/03\/Stomacher-Blender.pdf\">Batidora Stomacher<\/a><\/p>","protected":false},"excerpt":{"rendered":"<p><span style=\"color: #003300;\"><strong>Marca:<\/strong><\/span>ANSENTA<br \/>\n<span style=\"color: #003300;\"><strong>Origen del producto:<\/strong><\/span>CHINA<br \/>\n<span style=\"color: #003300;\"><strong>Plazo de entrega:<\/strong><\/span>En 7 d\u00edas<br \/>\n<span style=\"color: #003300;\"><strong>Capacidad de suministro:<\/strong><\/span>Suministro directo de f\u00e1brica<br \/>\n<span style=\"color: #003300;\"><strong>Modelo:<\/strong><\/span>Batidora Stomacher<br \/>\n<span style=\"color: #003300;\"><strong>Descargar:<\/strong><\/span><br \/>\n<a href=\"https:\/\/www.ansenta.com\/wp-content\/uploads\/2026\/03\/Stomacher-Blender.pdf\">Batidora Stomacher<\/a><\/p>","protected":false},"featured_media":3873,"template":"","meta":{"_uag_custom_page_level_css":"","site-sidebar-layout":"default","site-content-layout":"","ast-site-content-layout":"default","site-content-style":"default","site-sidebar-style":"default","ast-global-header-display":"","ast-banner-title-visibility":"","ast-main-header-display":"","ast-hfb-above-header-display":"","ast-hfb-below-header-display":"","ast-hfb-mobile-header-display":"","site-post-title":"","ast-breadcrumbs-content":"","ast-featured-img":"","footer-sml-layout":"","ast-disable-related-posts":"","theme-transparent-header-meta":"default","adv-header-id-meta":"","stick-header-meta":"default","header-above-stick-meta":"","header-main-stick-meta":"","header-below-stick-meta":"","astra-migrate-meta-layouts":"set","ast-page-background-enabled":"default","ast-page-background-meta":{"desktop":{"background-color":"var(--ast-global-color-4)","background-image":"","background-repeat":"repeat","background-position":"center center","background-size":"auto","background-attachment":"scroll","background-type":"","background-media":"","overlay-type":"","overlay-color":"","overlay-opacity":"","overlay-gradient":""},"tablet":{"background-color":"","background-image":"","background-repeat":"repeat","background-position":"center center","background-size":"auto","background-attachment":"scroll","background-type":"","background-media":"","overlay-type":"","overlay-color":"","overlay-opacity":"","overlay-gradient":""},"mobile":{"background-color":"","background-image":"","background-repeat":"repeat","background-position":"center center","background-size":"auto","background-attachment":"scroll","background-type":"","background-media":"","overlay-type":"","overlay-color":"","overlay-opacity":"","overlay-gradient":""}},"ast-content-background-meta":{"desktop":{"background-color":"var(--ast-global-color-5)","background-image":"","background-repeat":"repeat","background-position":"center center","background-size":"auto","background-attachment":"scroll","background-type":"","background-media":"","overlay-type":"","overlay-color":"","overlay-opacity":"","overlay-gradient":""},"tablet":{"background-color":"var(--ast-global-color-5)","background-image":"","background-repeat":"repeat","background-position":"center center","background-size":"auto","background-attachment":"scroll","background-type":"","background-media":"","overlay-type":"","overlay-color":"","overlay-opacity":"","overlay-gradient":""},"mobile":{"background-color":"var(--ast-global-color-5)","background-image":"","background-repeat":"repeat","background-position":"center center","background-size":"auto","background-attachment":"scroll","background-type":"","background-media":"","overlay-type":"","overlay-color":"","overlay-opacity":"","overlay-gradient":""}}},"product_brand":[],"product_cat":[216],"product_tag":[409,408,410,406,407],"class_list":{"0":"post-3872","1":"product","2":"type-product","3":"status-publish","4":"has-post-thumbnail","6":"product_cat-stomacher-blender","7":"product_tag-laboratory-homogenizer","8":"product_tag-paddle-blender","9":"product_tag-sterile-homogenizer","10":"product_tag-stomacher-blender","11":"product_tag-stomacher-lab-blender","12":"desktop-align-left","13":"tablet-align-left","14":"mobile-align-left","15":"ast-col-sm-12","16":"ast-article-post","17":"ast-width-md-12","18":"ast-archive-post","19":"ast-product-gallery-layout-horizontal-slider","20":"ast-product-gallery-with-no-image","21":"ast-product-tabs-layout-horizontal","23":"first","24":"instock","25":"shipping-taxable","26":"product-type-simple"},"uagb_featured_image_src":{"full":["https:\/\/www.ansenta.com\/wp-content\/uploads\/2026\/03\/Stomacher-Blender.jpg",500,500,false],"thumbnail":["https:\/\/www.ansenta.com\/wp-content\/uploads\/2026\/03\/Stomacher-Blender-150x150.jpg",150,150,true],"medium":["https:\/\/www.ansenta.com\/wp-content\/uploads\/2026\/03\/Stomacher-Blender-300x300.jpg",300,300,true],"medium_large":["https:\/\/www.ansenta.com\/wp-content\/uploads\/2026\/03\/Stomacher-Blender.jpg",500,500,false],"large":["https:\/\/www.ansenta.com\/wp-content\/uploads\/2026\/03\/Stomacher-Blender.jpg",500,500,false],"1536x1536":["https:\/\/www.ansenta.com\/wp-content\/uploads\/2026\/03\/Stomacher-Blender.jpg",500,500,false],"2048x2048":["https:\/\/www.ansenta.com\/wp-content\/uploads\/2026\/03\/Stomacher-Blender.jpg",500,500,false],"trp-custom-language-flag":["https:\/\/www.ansenta.com\/wp-content\/uploads\/2026\/03\/Stomacher-Blender-12x12.jpg",12,12,true],"mailpoet_newsletter_max":["https:\/\/www.ansenta.com\/wp-content\/uploads\/2026\/03\/Stomacher-Blender.jpg",500,500,false],"woocommerce_thumbnail":["https:\/\/www.ansenta.com\/wp-content\/uploads\/2026\/03\/Stomacher-Blender.jpg",500,500,false],"woocommerce_single":["https:\/\/www.ansenta.com\/wp-content\/uploads\/2026\/03\/Stomacher-Blender.jpg",500,500,false],"woocommerce_gallery_thumbnail":["https:\/\/www.ansenta.com\/wp-content\/uploads\/2026\/03\/Stomacher-Blender-100x100.jpg",100,100,true]},"uagb_author_info":{"display_name":"jinxing6611@gmail.com","author_link":"https:\/\/www.ansenta.com\/es\/author\/"},"uagb_comment_info":0,"uagb_excerpt":"Brand:ANSENTA Product Origin:CHINA Delivery time:Within 7 days Supply capacity:Factory Direct Supply Model:Stomacher Blender Download: Stomacher Blender","jetpack_sharing_enabled":true,"_links":{"self":[{"href":"https:\/\/www.ansenta.com\/es\/wp-json\/wp\/v2\/product\/3872","targetHints":{"allow":["GET"]}}],"collection":[{"href":"https:\/\/www.ansenta.com\/es\/wp-json\/wp\/v2\/product"}],"about":[{"href":"https:\/\/www.ansenta.com\/es\/wp-json\/wp\/v2\/types\/product"}],"wp:featuredmedia":[{"embeddable":true,"href":"https:\/\/www.ansenta.com\/es\/wp-json\/wp\/v2\/media\/3873"}],"wp:attachment":[{"href":"https:\/\/www.ansenta.com\/es\/wp-json\/wp\/v2\/media?parent=3872"}],"wp:term":[{"taxonomy":"product_brand","embeddable":true,"href":"https:\/\/www.ansenta.com\/es\/wp-json\/wp\/v2\/product_brand?post=3872"},{"taxonomy":"product_cat","embeddable":true,"href":"https:\/\/www.ansenta.com\/es\/wp-json\/wp\/v2\/product_cat?post=3872"},{"taxonomy":"product_tag","embeddable":true,"href":"https:\/\/www.ansenta.com\/es\/wp-json\/wp\/v2\/product_tag?post=3872"}],"curies":[{"name":"wp","href":"https:\/\/api.w.org\/{rel}","templated":true}]}}