{"id":3814,"date":"2026-02-25T14:54:44","date_gmt":"2026-02-25T14:54:44","guid":{"rendered":"https:\/\/www.ansenta.com\/?post_type=product&#038;p=3814"},"modified":"2026-02-25T14:55:47","modified_gmt":"2026-02-25T14:55:47","slug":"ast-liquid-nitrogen-biological-container","status":"publish","type":"product","link":"https:\/\/www.ansenta.com\/es\/producto\/ast-liquid-nitrogen-biological-container\/","title":{"rendered":"AST-Contenedor biol\u00f3gico de nitr\u00f3geno l\u00edquido"},"content":{"rendered":"<p>The liquid nitrogen biological container is generally composed of a high-strength aviation aluminum inner and outer bladder, with a vacuum layer in the middle. It can be divided into storage tanks and transportation tanks.<br \/>\nThe storage tank is mainly used for the static storage of indoor liquid nitrogen, and is not suitable for long-distance transportation under working conditions;<br \/>\nIn order to meet the transportation conditions, the transport tank has a special anti-vibration design. In addition to being stored statically, it can also be used for transportation when filled with liquid nitrogen, but severe collisions and vibrations should also be avoided.<br \/>\nGenerally used in the following aspects:<br \/>\nActive preservation of animal semen.<br \/>\nIt is mainly used for the preservation of semen of excellent breeding males such as cattle and sheep and cherished animals, as well as long-distance transportation and storage.<br \/>\nActive preservation of biological samples.<br \/>\nIn the field of biomedicine, vaccines, bacterial strains, cells, and human and animal organs can all be immersed in liquid nitrogen stored in liquid nitrogen tanks for long-term active preservation. When needed, they can be used after being removed and thawed and reheated.<br \/>\nCryogenic treatment of metal materials.<br \/>\nCryogenic treatment of metal materials with liquid nitrogen stored in a liquid nitrogen tank can change the metallographic structure of the metal material and significantly improve the hardness, strength and wear resistance of the metal material.<br \/>\nCryogenic assembly of precision parts.<br \/>\nThe precision parts are assembled after cryogenic treatment with liquid nitrogen to improve the assembly quality of the parts, thereby improving the overall performance of the equipment or instrument.<\/p>\n<p><span style=\"color: #003300;\"><strong>Descargar:<\/strong><\/span><br \/>\n<a href=\"https:\/\/www.ansenta.com\/wp-content\/uploads\/2026\/02\/AST-Liquid-nitrogen-biological-container.pdf\">AST-Contenedor biol\u00f3gico de nitr\u00f3geno l\u00edquido<\/a><\/p>","protected":false},"excerpt":{"rendered":"<p><span style=\"color: #003300;\"><strong>Marca:<\/strong><\/span>ANSENTA<br \/>\n<span style=\"color: #003300;\"><strong>Origen del producto:<\/strong><\/span>CHINA<br \/>\n<span style=\"color: #003300;\"><strong>Plazo de entrega:<\/strong><\/span>En 7 d\u00edas<br \/>\n<span style=\"color: #003300;\"><strong>Capacidad de suministro:<\/strong><\/span>Suministro directo de f\u00e1brica<br \/>\n<span style=\"color: #003300;\"><strong>Modelo:<\/strong><\/span>AST-Contenedor biol\u00f3gico de nitr\u00f3geno l\u00edquido<br \/>\n<span style=\"color: #003300;\"><strong>Introducci\u00f3n:<\/strong><\/span><br \/>\nThe liquid nitrogen biological container is generally composed of a high-strength aviation aluminum inner and outer bladder, with a vacuum layer in the middle. It can be divided into storage tanks and transportation tanks.<br \/>\n<span style=\"color: #003300;\"><strong>Descargar:<\/strong><\/span><br \/>\n<a href=\"https:\/\/www.ansenta.com\/wp-content\/uploads\/2026\/02\/AST-Liquid-nitrogen-biological-container.pdf\">AST-Contenedor biol\u00f3gico de nitr\u00f3geno l\u00edquido<\/a><\/p>","protected":false},"featured_media":3817,"template":"","meta":{"_uag_custom_page_level_css":"","site-sidebar-layout":"default","site-content-layout":"","ast-site-content-layout":"default","site-content-style":"default","site-sidebar-style":"default","ast-global-header-display":"","ast-banner-title-visibility":"","ast-main-header-display":"","ast-hfb-above-header-display":"","ast-hfb-below-header-display":"","ast-hfb-mobile-header-display":"","site-post-title":"","ast-breadcrumbs-content":"","ast-featured-img":"","footer-sml-layout":"","ast-disable-related-posts":"","theme-transparent-header-meta":"default","adv-header-id-meta":"","stick-header-meta":"default","header-above-stick-meta":"","header-main-stick-meta":"","header-below-stick-meta":"","astra-migrate-meta-layouts":"set","ast-page-background-enabled":"default","ast-page-background-meta":{"desktop":{"background-color":"var(--ast-global-color-4)","background-image":"","background-repeat":"repeat","background-position":"center center","background-size":"auto","background-attachment":"scroll","background-type":"","background-media":"","overlay-type":"","overlay-color":"","overlay-opacity":"","overlay-gradient":""},"tablet":{"background-color":"","background-image":"","background-repeat":"repeat","background-position":"center center","background-size":"auto","background-attachment":"scroll","background-type":"","background-media":"","overlay-type":"","overlay-color":"","overlay-opacity":"","overlay-gradient":""},"mobile":{"background-color":"","background-image":"","background-repeat":"repeat","background-position":"center center","background-size":"auto","background-attachment":"scroll","background-type":"","background-media":"","overlay-type":"","overlay-color":"","overlay-opacity":"","overlay-gradient":""}},"ast-content-background-meta":{"desktop":{"background-color":"var(--ast-global-color-5)","background-image":"","background-repeat":"repeat","background-position":"center center","background-size":"auto","background-attachment":"scroll","background-type":"","background-media":"","overlay-type":"","overlay-color":"","overlay-opacity":"","overlay-gradient":""},"tablet":{"background-color":"var(--ast-global-color-5)","background-image":"","background-repeat":"repeat","background-position":"center center","background-size":"auto","background-attachment":"scroll","background-type":"","background-media":"","overlay-type":"","overlay-color":"","overlay-opacity":"","overlay-gradient":""},"mobile":{"background-color":"var(--ast-global-color-5)","background-image":"","background-repeat":"repeat","background-position":"center center","background-size":"auto","background-attachment":"scroll","background-type":"","background-media":"","overlay-type":"","overlay-color":"","overlay-opacity":"","overlay-gradient":""}}},"product_brand":[],"product_cat":[106],"product_tag":[],"class_list":{"0":"post-3814","1":"product","2":"type-product","3":"status-publish","4":"has-post-thumbnail","6":"product_cat-liquid-nitrogen-container","7":"desktop-align-left","8":"tablet-align-left","9":"mobile-align-left","10":"ast-col-sm-12","11":"ast-article-post","12":"ast-width-md-12","13":"ast-archive-post","14":"ast-product-gallery-layout-horizontal-slider","15":"ast-product-gallery-with-no-image","16":"ast-product-tabs-layout-horizontal","18":"first","19":"instock","20":"shipping-taxable","21":"product-type-simple"},"uagb_featured_image_src":{"full":["https:\/\/www.ansenta.com\/wp-content\/uploads\/2026\/02\/AST-Liquid-nitrogen-biological-container.jpg",625,625,false],"thumbnail":["https:\/\/www.ansenta.com\/wp-content\/uploads\/2026\/02\/AST-Liquid-nitrogen-biological-container-150x150.jpg",150,150,true],"medium":["https:\/\/www.ansenta.com\/wp-content\/uploads\/2026\/02\/AST-Liquid-nitrogen-biological-container-300x300.jpg",300,300,true],"medium_large":["https:\/\/www.ansenta.com\/wp-content\/uploads\/2026\/02\/AST-Liquid-nitrogen-biological-container.jpg",625,625,false],"large":["https:\/\/www.ansenta.com\/wp-content\/uploads\/2026\/02\/AST-Liquid-nitrogen-biological-container.jpg",625,625,false],"1536x1536":["https:\/\/www.ansenta.com\/wp-content\/uploads\/2026\/02\/AST-Liquid-nitrogen-biological-container.jpg",625,625,false],"2048x2048":["https:\/\/www.ansenta.com\/wp-content\/uploads\/2026\/02\/AST-Liquid-nitrogen-biological-container.jpg",625,625,false],"trp-custom-language-flag":["https:\/\/www.ansenta.com\/wp-content\/uploads\/2026\/02\/AST-Liquid-nitrogen-biological-container-12x12.jpg",12,12,true],"mailpoet_newsletter_max":["https:\/\/www.ansenta.com\/wp-content\/uploads\/2026\/02\/AST-Liquid-nitrogen-biological-container.jpg",625,625,false],"woocommerce_thumbnail":["https:\/\/www.ansenta.com\/wp-content\/uploads\/2026\/02\/AST-Liquid-nitrogen-biological-container-600x600.jpg",600,600,true],"woocommerce_single":["https:\/\/www.ansenta.com\/wp-content\/uploads\/2026\/02\/AST-Liquid-nitrogen-biological-container-600x600.jpg",600,600,true],"woocommerce_gallery_thumbnail":["https:\/\/www.ansenta.com\/wp-content\/uploads\/2026\/02\/AST-Liquid-nitrogen-biological-container-100x100.jpg",100,100,true]},"uagb_author_info":{"display_name":"jinxing6611@gmail.com","author_link":"https:\/\/www.ansenta.com\/es\/author\/"},"uagb_comment_info":0,"uagb_excerpt":"Brand:ANSENTA Product Origin:CHINA Delivery time:Within 7 days Supply capacity:Factory Direct Supply Model:AST-Liquid nitrogen biological container Introduction: The liquid nitrogen biological container is generally composed of a high-strength aviation aluminum inner and outer bladder, with a vacuum layer in the middle. It can be divided into storage tanks and transportation tanks. Download: AST-Liquid nitrogen biological container","jetpack_sharing_enabled":true,"_links":{"self":[{"href":"https:\/\/www.ansenta.com\/es\/wp-json\/wp\/v2\/product\/3814","targetHints":{"allow":["GET"]}}],"collection":[{"href":"https:\/\/www.ansenta.com\/es\/wp-json\/wp\/v2\/product"}],"about":[{"href":"https:\/\/www.ansenta.com\/es\/wp-json\/wp\/v2\/types\/product"}],"wp:featuredmedia":[{"embeddable":true,"href":"https:\/\/www.ansenta.com\/es\/wp-json\/wp\/v2\/media\/3817"}],"wp:attachment":[{"href":"https:\/\/www.ansenta.com\/es\/wp-json\/wp\/v2\/media?parent=3814"}],"wp:term":[{"taxonomy":"product_brand","embeddable":true,"href":"https:\/\/www.ansenta.com\/es\/wp-json\/wp\/v2\/product_brand?post=3814"},{"taxonomy":"product_cat","embeddable":true,"href":"https:\/\/www.ansenta.com\/es\/wp-json\/wp\/v2\/product_cat?post=3814"},{"taxonomy":"product_tag","embeddable":true,"href":"https:\/\/www.ansenta.com\/es\/wp-json\/wp\/v2\/product_tag?post=3814"}],"curies":[{"name":"wp","href":"https:\/\/api.w.org\/{rel}","templated":true}]}}