{"id":3767,"date":"2026-02-09T00:41:46","date_gmt":"2026-02-09T00:41:46","guid":{"rendered":"https:\/\/www.ansenta.com\/?post_type=product&#038;p=3767"},"modified":"2026-02-09T00:41:46","modified_gmt":"2026-02-09T00:41:46","slug":"ast-hp80-contact-temperature-measurement-microwave-digestion-system","status":"publish","type":"product","link":"https:\/\/www.ansenta.com\/es\/producto\/ast-hp80-contact-temperature-measurement-microwave-digestion-system\/","title":{"rendered":"AST-HP80 Sistema de digesti\u00f3n por microondas con medici\u00f3n de la temperatura de contacto"},"content":{"rendered":"<p><b>Breve introducci\u00f3n<\/b><br \/>\nEl sistema cerrado de digesti\u00f3n por microondas AST-HP80 de la serie de medici\u00f3n de la temperatura de contacto es un eficaz equipo de pretratamiento de muestras, que puede proporcionar a los usuarios un tratamiento de digesti\u00f3n r\u00e1pido, seguro y limpio. Tambi\u00e9n puede acelerar la velocidad de reacci\u00f3n qu\u00edmica y la profundidad de las muestras bajo la condici\u00f3n de alta temperatura y alta presi\u00f3n. As\u00ed que el sistema de digesti\u00f3n no da\u00f1ar\u00e1 los elementos tales como plata altamente vol\u00e1til, mercurio, etc. Ampliamente aplicado en la industria qu\u00edmica, an\u00e1lisis de alimentos, monitoreo ambiental, centro de control de enfermedades, supervisi\u00f3n de calidad e inspecci\u00f3n de productos b\u00e1sicos, etc.<\/p>\n<p><b>Technical Characters<\/b><\/p>\n<table>\n<tbody>\n<tr>\n<td>Model No.<\/td>\n<td>AST-HP80<\/td>\n<\/tr>\n<tr>\n<td>Fuente de alimentaci\u00f3n<\/td>\n<td>220-240 VAC 50\/60Hz 16A<\/td>\n<\/tr>\n<tr>\n<td>Microwave Source<\/td>\n<td>2450MHz, high energy microwave field emission, dual magnetron emission<\/td>\n<\/tr>\n<tr>\n<td>Potencia<\/td>\n<td>2000W<\/td>\n<\/tr>\n<tr>\n<td>Max Output Power<\/td>\n<td>2000W, continuous automatic microwave control<\/td>\n<\/tr>\n<tr>\n<td>Control Way<\/td>\n<td>7-inch capacity color touch screen, Chinese\/English system<\/td>\n<\/tr>\n<tr>\n<td>Microwave Cavity<\/td>\n<td>67 L large volume 304\u00a0stainless steel cavity, \u00a0multi- layer corrosion- resistant\u00a0PFA Teflon coating<\/td>\n<\/tr>\n<tr>\n<td>Safety\u00a0Explosion-proof\u00a0Door Design<\/td>\n<td>Double-layer metal structure safety door, electronic &amp; mechanical dual control<\/td>\n<\/tr>\n<tr>\n<td>Abnormal State Check<\/td>\n<td>Intelligent judgment of abnormal state inside the cavity to prevent accidents,door state monitoring, the microwave cannot be started unless the door is\u00a0closed<\/td>\n<\/tr>\n<tr>\n<td>Turntable Design<\/td>\n<td>Coaxial unidirectional rotation, suitable for rotors of various tank positions<\/td>\n<\/tr>\n<tr>\n<td>Pressure\u00a0Measurement\u00a0System<\/td>\n<td>Piezoelectric \u00a0\u00a0crystal \u00a0pressure \u00a0\u00a0transmission,measuring \u00a0\u00a0range: \u00a0\u00a00- 20MPa(2500psi), platinum accuracy \u00b10.01 Mpa<\/td>\n<\/tr>\n<tr>\n<td>Temperature\u00a0Measurement\u00a0Method<\/td>\n<td>Platinum \u00a0\u00a0resistance\u00a0temperature \u00a0\u00a0measurement: \u00a0\u00a0temperature \u00a0\u00a0range:-40- 350 \u00b0C, accuracy \u00b10.5\u00b0C, control accuracy \u00b10. 1\u00b0C<\/td>\n<\/tr>\n<tr>\n<td>Furnace Exhaust System<\/td>\n<td>High-power, corrosion-resistant axial flow fan, high-efficiency air cooling, only\u00a020\u00a0minutes from 200\u00b0C\u00a0to 70\u00b0C.<\/td>\n<\/tr>\n<tr>\n<td>Working\u00a0Environment\u00a0Temperature\/humidity<\/td>\n<td>Working temperature: 0-40 degrees, working humidity: 15-85%RH<\/td>\n<\/tr>\n<tr>\n<td>External Dimension<\/td>\n<td>630X530X630mm<\/td>\n<\/tr>\n<tr>\n<td>Peso neto<\/td>\n<td>55kgs<\/td>\n<\/tr>\n<\/tbody>\n<\/table>\n<p><b>Main Character Of Digestion Tank<\/b><\/p>\n<table>\n<tbody>\n<tr>\n<td>Model No.<\/td>\n<td>AST-HP80<\/td>\n<\/tr>\n<tr>\n<td>Position<\/td>\n<td>6-12postion<\/td>\n<\/tr>\n<tr>\n<td>Inner Tank Material<\/td>\n<td>TFM<\/td>\n<\/tr>\n<tr>\n<td>Dissolve The Rotor Frame\u00a0Structure<\/td>\n<td>Independent frame structure for each digestion tank<\/td>\n<\/tr>\n<tr>\n<td>Reaction Tank Volume<\/td>\n<td>80ml<\/td>\n<\/tr>\n<tr>\n<td>Work Pressure<\/td>\n<td>15MPa(2200psi)<\/td>\n<\/tr>\n<tr>\n<td>Maximum Temperature<\/td>\n<td>200\u00b0C<\/td>\n<\/tr>\n<tr>\n<td>HF resistant<\/td>\n<td>S\u00ed<\/td>\n<\/tr>\n<tr>\n<td>Explosion-proof\u00a0Reaction\u00a0Tank<\/td>\n<td>Automatic pressure relief with limited pressure, no consumable<\/td>\n<\/tr>\n<\/tbody>\n<\/table>\n<p><b>Operating system<\/b><br \/>\n1) 7 inch color touch screen<br \/>\n2) Real-time display the components status, and the parameters can be set and modified. 3) Error code database which can display the error code in real-time<br \/>\n4) Display the closed vessel temperature and pressure in real-time<br \/>\n5) Display the temperature, pressure, power curve in real-time<br \/>\n6) Storage the testing process photos which is convenient for future check or error record.<\/p>\n<p><span style=\"color: #003300;\"><strong>Descargar:<\/strong><\/span><br \/>\n<a href=\"https:\/\/www.ansenta.com\/wp-content\/uploads\/2026\/02\/AST-HP80-Contact-Temperature-Measurement-Microwave-Digestion-System.pdf\">AST-HP80 Sistema de digesti\u00f3n por microondas con medici\u00f3n de la temperatura de contacto<\/a><\/p>","protected":false},"excerpt":{"rendered":"<p><span style=\"color: #003300;\"><strong>Marca:<\/strong><\/span>ANSENTA<br \/>\n<span style=\"color: #003300;\"><strong>Origen del producto:<\/strong><\/span>CHINA<br \/>\n<span style=\"color: #003300;\"><strong>Plazo de entrega:<\/strong><\/span>En 7 d\u00edas<br \/>\n<span style=\"color: #003300;\"><strong>Capacidad de suministro:<\/strong><\/span>Suministro directo de f\u00e1brica<br \/>\n<span style=\"color: #003300;\"><strong>Modelo:<\/strong><\/span>AST-HP80 Sistema de digesti\u00f3n por microondas con medici\u00f3n de la temperatura de contacto<br \/>\n<span style=\"color: #003300;\"><strong>Introducci\u00f3n:<\/strong><\/span><br \/>\nEl sistema cerrado de digesti\u00f3n por microondas AST-HP80 de la serie de medici\u00f3n de la temperatura de contacto es un eficaz equipo de pretratamiento de muestras, que puede proporcionar a los usuarios un tratamiento de digesti\u00f3n r\u00e1pido, seguro y limpio. Tambi\u00e9n puede acelerar la velocidad de reacci\u00f3n qu\u00edmica y la profundidad de las muestras bajo la condici\u00f3n de alta temperatura y alta presi\u00f3n. As\u00ed que el sistema de digesti\u00f3n no da\u00f1ar\u00e1 los elementos tales como plata altamente vol\u00e1til, mercurio, etc. Ampliamente aplicado en la industria qu\u00edmica, an\u00e1lisis de alimentos, monitoreo ambiental, centro de control de enfermedades, supervisi\u00f3n de calidad e inspecci\u00f3n de productos b\u00e1sicos, etc.<br \/>\n<span style=\"color: #003300;\"><strong>Descargar:<\/strong><\/span><br \/>\n<a href=\"https:\/\/www.ansenta.com\/wp-content\/uploads\/2026\/02\/AST-HP80-Contact-Temperature-Measurement-Microwave-Digestion-System.pdf\">AST-HP80 Sistema de digesti\u00f3n por microondas con medici\u00f3n de la temperatura de contacto<\/a><\/p>","protected":false},"featured_media":3768,"template":"","meta":{"_uag_custom_page_level_css":"","site-sidebar-layout":"default","site-content-layout":"","ast-site-content-layout":"default","site-content-style":"default","site-sidebar-style":"default","ast-global-header-display":"","ast-banner-title-visibility":"","ast-main-header-display":"","ast-hfb-above-header-display":"","ast-hfb-below-header-display":"","ast-hfb-mobile-header-display":"","site-post-title":"","ast-breadcrumbs-content":"","ast-featured-img":"","footer-sml-layout":"","ast-disable-related-posts":"","theme-transparent-header-meta":"default","adv-header-id-meta":"","stick-header-meta":"default","header-above-stick-meta":"","header-main-stick-meta":"","header-below-stick-meta":"","astra-migrate-meta-layouts":"set","ast-page-background-enabled":"default","ast-page-background-meta":{"desktop":{"background-color":"var(--ast-global-color-4)","background-image":"","background-repeat":"repeat","background-position":"center center","background-size":"auto","background-attachment":"scroll","background-type":"","background-media":"","overlay-type":"","overlay-color":"","overlay-opacity":"","overlay-gradient":""},"tablet":{"background-color":"","background-image":"","background-repeat":"repeat","background-position":"center center","background-size":"auto","background-attachment":"scroll","background-type":"","background-media":"","overlay-type":"","overlay-color":"","overlay-opacity":"","overlay-gradient":""},"mobile":{"background-color":"","background-image":"","background-repeat":"repeat","background-position":"center center","background-size":"auto","background-attachment":"scroll","background-type":"","background-media":"","overlay-type":"","overlay-color":"","overlay-opacity":"","overlay-gradient":""}},"ast-content-background-meta":{"desktop":{"background-color":"var(--ast-global-color-5)","background-image":"","background-repeat":"repeat","background-position":"center center","background-size":"auto","background-attachment":"scroll","background-type":"","background-media":"","overlay-type":"","overlay-color":"","overlay-opacity":"","overlay-gradient":""},"tablet":{"background-color":"var(--ast-global-color-5)","background-image":"","background-repeat":"repeat","background-position":"center center","background-size":"auto","background-attachment":"scroll","background-type":"","background-media":"","overlay-type":"","overlay-color":"","overlay-opacity":"","overlay-gradient":""},"mobile":{"background-color":"var(--ast-global-color-5)","background-image":"","background-repeat":"repeat","background-position":"center center","background-size":"auto","background-attachment":"scroll","background-type":"","background-media":"","overlay-type":"","overlay-color":"","overlay-opacity":"","overlay-gradient":""}}},"product_brand":[],"product_cat":[244],"product_tag":[325,324,326],"class_list":{"0":"post-3767","1":"product","2":"type-product","3":"status-publish","4":"has-post-thumbnail","6":"product_cat-microwave-digester","7":"product_tag-digester-for-lab","8":"product_tag-microwave-digester","9":"product_tag-microwave-digestion-vessel","10":"desktop-align-left","11":"tablet-align-left","12":"mobile-align-left","13":"ast-col-sm-12","14":"ast-article-post","15":"ast-width-md-12","16":"ast-archive-post","17":"ast-product-gallery-layout-horizontal-slider","18":"ast-product-gallery-with-no-image","19":"ast-product-tabs-layout-horizontal","21":"first","22":"instock","23":"shipping-taxable","24":"product-type-simple"},"uagb_featured_image_src":{"full":["https:\/\/www.ansenta.com\/wp-content\/uploads\/2026\/02\/AST-HP80-Contact-Temperature-Measurement-Microwave-Digestion-System.jpg",344,344,false],"thumbnail":["https:\/\/www.ansenta.com\/wp-content\/uploads\/2026\/02\/AST-HP80-Contact-Temperature-Measurement-Microwave-Digestion-System-150x150.jpg",150,150,true],"medium":["https:\/\/www.ansenta.com\/wp-content\/uploads\/2026\/02\/AST-HP80-Contact-Temperature-Measurement-Microwave-Digestion-System-300x300.jpg",300,300,true],"medium_large":["https:\/\/www.ansenta.com\/wp-content\/uploads\/2026\/02\/AST-HP80-Contact-Temperature-Measurement-Microwave-Digestion-System.jpg",344,344,false],"large":["https:\/\/www.ansenta.com\/wp-content\/uploads\/2026\/02\/AST-HP80-Contact-Temperature-Measurement-Microwave-Digestion-System.jpg",344,344,false],"1536x1536":["https:\/\/www.ansenta.com\/wp-content\/uploads\/2026\/02\/AST-HP80-Contact-Temperature-Measurement-Microwave-Digestion-System.jpg",344,344,false],"2048x2048":["https:\/\/www.ansenta.com\/wp-content\/uploads\/2026\/02\/AST-HP80-Contact-Temperature-Measurement-Microwave-Digestion-System.jpg",344,344,false],"trp-custom-language-flag":["https:\/\/www.ansenta.com\/wp-content\/uploads\/2026\/02\/AST-HP80-Contact-Temperature-Measurement-Microwave-Digestion-System-12x12.jpg",12,12,true],"mailpoet_newsletter_max":["https:\/\/www.ansenta.com\/wp-content\/uploads\/2026\/02\/AST-HP80-Contact-Temperature-Measurement-Microwave-Digestion-System.jpg",344,344,false],"woocommerce_thumbnail":["https:\/\/www.ansenta.com\/wp-content\/uploads\/2026\/02\/AST-HP80-Contact-Temperature-Measurement-Microwave-Digestion-System.jpg",344,344,false],"woocommerce_single":["https:\/\/www.ansenta.com\/wp-content\/uploads\/2026\/02\/AST-HP80-Contact-Temperature-Measurement-Microwave-Digestion-System.jpg",344,344,false],"woocommerce_gallery_thumbnail":["https:\/\/www.ansenta.com\/wp-content\/uploads\/2026\/02\/AST-HP80-Contact-Temperature-Measurement-Microwave-Digestion-System-100x100.jpg",100,100,true]},"uagb_author_info":{"display_name":"jinxing6611@gmail.com","author_link":"https:\/\/www.ansenta.com\/es\/author\/"},"uagb_comment_info":0,"uagb_excerpt":"Brand:ANSENTA Product Origin:CHINA Delivery time:Within 7 days Supply capacity:Factory Direct Supply Model:AST-HP80 Contact Temperature Measurement Microwave Digestion System Introduction: AST-HP80 contact temperature measurement series closed microwave digestion system as an efficient sample pretreatment equipment, which can provide fast ,safety and clean digestion treatment for users. Also it can expedite the chemical reaction speed and depth&hellip;","jetpack_sharing_enabled":true,"_links":{"self":[{"href":"https:\/\/www.ansenta.com\/es\/wp-json\/wp\/v2\/product\/3767","targetHints":{"allow":["GET"]}}],"collection":[{"href":"https:\/\/www.ansenta.com\/es\/wp-json\/wp\/v2\/product"}],"about":[{"href":"https:\/\/www.ansenta.com\/es\/wp-json\/wp\/v2\/types\/product"}],"wp:featuredmedia":[{"embeddable":true,"href":"https:\/\/www.ansenta.com\/es\/wp-json\/wp\/v2\/media\/3768"}],"wp:attachment":[{"href":"https:\/\/www.ansenta.com\/es\/wp-json\/wp\/v2\/media?parent=3767"}],"wp:term":[{"taxonomy":"product_brand","embeddable":true,"href":"https:\/\/www.ansenta.com\/es\/wp-json\/wp\/v2\/product_brand?post=3767"},{"taxonomy":"product_cat","embeddable":true,"href":"https:\/\/www.ansenta.com\/es\/wp-json\/wp\/v2\/product_cat?post=3767"},{"taxonomy":"product_tag","embeddable":true,"href":"https:\/\/www.ansenta.com\/es\/wp-json\/wp\/v2\/product_tag?post=3767"}],"curies":[{"name":"wp","href":"https:\/\/api.w.org\/{rel}","templated":true}]}}