{"id":3764,"date":"2026-02-09T00:19:51","date_gmt":"2026-02-09T00:19:51","guid":{"rendered":"https:\/\/www.ansenta.com\/?post_type=product&#038;p=3764"},"modified":"2026-02-09T00:19:51","modified_gmt":"2026-02-09T00:19:51","slug":"ast-6-microwave-digester","status":"publish","type":"product","link":"https:\/\/www.ansenta.com\/es\/producto\/ast-6-microwave-digester\/","title":{"rendered":"AST-6 Digestor de microondas"},"content":{"rendered":"<p><b>Descripci\u00f3n del producto:<\/b><br \/>\nEl sistema inteligente de digesti\u00f3n por microondas de alto rendimiento proporciona una soluci\u00f3n r\u00e1pida, segura y automatizada para la digesti\u00f3n de muestras. Acelera la reacci\u00f3n de digesti\u00f3n a alta presi\u00f3n y es ampliamente utilizado en alimentaci\u00f3n, protecci\u00f3n medioambiental, control de enfermedades, supervisi\u00f3n de calidad, inspecci\u00f3n de mercanc\u00edas e instituciones de investigaci\u00f3n cient\u00edfica.<\/p>\n<p><b>Caracter\u00edsticas principales:<\/b><br \/>\nEl instrumento emplea un control autom\u00e1tico de conversi\u00f3n de frecuencia de microondas sin pulsos, lo que prolonga la vida \u00fatil del instrumento y garantiza la uniformidad de las ondas electromagn\u00e9ticas. La c\u00e1mara est\u00e1 fabricada especialmente en acero inoxidable 316L de gran capacidad de 52L. La puerta del horno autoblocante, amortiguada y a prueba de explosiones garantiza la seguridad del operador y la integridad estructural en caso de reacciones anormales. La puerta del horno y la c\u00e1mara est\u00e1n herm\u00e9ticamente selladas, y las fugas de microondas cumplen las normas nacionales. El instrumento utiliza un sistema dual de control de temperatura y presi\u00f3n para controlar la presi\u00f3n y la temperatura del experimento de digesti\u00f3n, mostrando los resultados en tiempo real. La rotaci\u00f3n continua de 360\u00b0 en la misma direcci\u00f3n asegura una distribuci\u00f3n uniforme de las microondas, garantizando un entorno de microondas consistente para todas las muestras y mejorando la consistencia de los resultados experimentales. El calentamiento por microondas se detiene autom\u00e1ticamente cuando la presi\u00f3n en el interior de la c\u00e1mara supera el valor de protecci\u00f3n establecido. La membrana de seguridad a prueba de explosiones tiene una funci\u00f3n de doble protecci\u00f3n. Cuando la presi\u00f3n en el interior del dep\u00f3sito supera la presi\u00f3n soportada por la membrana, \u00e9sta se rompe primero, liberando gas y evitando da\u00f1os en el dep\u00f3sito y lesiones al personal.<\/p>\n<p><b>Par\u00e1metros de la unidad principal:<\/b><br \/>\n1.1 Fuente de alimentaci\u00f3n: 220-240VAC50\/60HZ8A; Frecuencia de microondas: 2450MHZ; Potencia total instalada: 2600W;<br \/>\n(1) Requisitos de alimentaci\u00f3n: 220VAC50HZ15A;<br \/>\n(2) Fuente de microondas: Fuente de microondas profesional;<br \/>\n(3) Potencia de salida de microondas: 0~1600W;<br \/>\n(4) Caracter\u00edsticas de salida de microondas: Control autom\u00e1tico de conversi\u00f3n de frecuencia continua sin pulsos de microondas, salida autom\u00e1tica 0~100%;<br \/>\n(5) Uniformidad de microondas: Dise\u00f1o de gu\u00eda de ondas bidireccional vertical, tecnolog\u00eda de salida tridimensional, frecuencia de potencia arm\u00f3nica coincidente para lograr una alta uniformidad de campo;<br \/>\n(6) Cavidad de microondas: 52L, cavidad totalmente de acero inoxidable de grado 316, 6 capas de revestimiento de tefl\u00f3n anticorrosi\u00f3n y resistente a altas temperaturas;<br \/>\n(7) Puerta del horno a prueba de explosiones con amortiguador de autobloqueo, que puede liberar autom\u00e1ticamente el impacto de presi\u00f3n lateral por adelantado cuando se produce un peligro, garantizando la seguridad de los operadores. El cuerpo del horno es seguro y la estructura de la puerta del horno est\u00e1 intacta y sin da\u00f1os;<br \/>\n(8) Sistema de escape y refrigeraci\u00f3n: La cavidad del horno est\u00e1 equipada con un sistema de escape de alta potencia, que permite llevar a cabo diversas reacciones de forma continua durante per\u00edodos prolongados en un entorno bien ventilado, seguro y f\u00e1cilmente observable. La ventilaci\u00f3n de la cavidad del horno utiliza un ventilador centr\u00edfugo resistente a los \u00e1cidos y de gran volumen, con un volumen de escape no inferior a 5 m\u00b3\/min;<br \/>\nLa cavidad del horno tiene una funci\u00f3n de refrigeraci\u00f3n por aire, que enfr\u00eda continuamente el recipiente de reacci\u00f3n, con indicadores de temperatura y presi\u00f3n en tiempo real.<br \/>\n(9) Dise\u00f1o de la plataforma giratoria: la rotaci\u00f3n alterna continua de 360\u00b0 en la misma direcci\u00f3n asegura una distribuci\u00f3n uniforme de las microondas, garantizando un entorno de microondas uniforme para todas las muestras y mejorando la consistencia de los resultados experimentales.<br \/>\n(10) M\u00e9todo de control: Dise\u00f1o de pantalla t\u00e1ctil, pantalla grande de 8 pulgadas TFT-LED (800X480 color), lectura directa a larga distancia del proceso de reacci\u00f3n, visualizaci\u00f3n en tiempo real de la temperatura y la presi\u00f3n del recipiente de reacci\u00f3n sellado, y visualizaci\u00f3n en tiempo real de las curvas de temperatura y presi\u00f3n;<br \/>\n(11) Idioma de funcionamiento: Chino simplificado<br \/>\n(12) Funci\u00f3n de protecci\u00f3n autom\u00e1tica: Equipado con un sistema de autocomprobaci\u00f3n de fallos; cuando falla uno de los sistemas de control de temperatura y presi\u00f3n, el instrumento cortar\u00e1 autom\u00e1ticamente la emisi\u00f3n de microondas y emitir\u00e1 una alarma;<\/p>\n<p><b>Par\u00e1metros del sistema de control:<\/b><br \/>\n(1) Sistema de control de temperatura: Adopta el m\u00e9todo de control de temperatura por contacto, control de temperatura preciso y sin errores, utilizando un sensor de temperatura de resistencia de platino de alta precisi\u00f3n; detecci\u00f3n, control y visualizaci\u00f3n en tiempo real de la temperatura y las curvas dentro del recipiente de reacci\u00f3n de digesti\u00f3n por microondas;<br \/>\n(2) Rango de control de temperatura: 0~300\u2103; Precisi\u00f3n del control de temperatura: \u00b10,5\u2103;<br \/>\n(3) Capacidad de control de la temperatura: Control de velocidad<br \/>\n(4) La unidad principal tiene incorporado un sistema de reconocimiento de luz, que puede proporcionar informaci\u00f3n sobre el progreso experimental a trav\u00e9s de los cambios de luz.<\/p>\n<p><b>Par\u00e1metros del sistema:<\/b><br \/>\n(1) Sistema de control de temperatura: Emplea un m\u00e9todo de control de temperatura por contacto, que garantiza un control de temperatura preciso y sin errores. Utiliza un sensor de temperatura de resistencia de platino de alta precisi\u00f3n; monitorizaci\u00f3n, control y visualizaci\u00f3n en tiempo real de la temperatura y las curvas dentro del reactor de digesti\u00f3n por microondas.<br \/>\n(2) Rango de control de temperatura: 0~300\u2103; Precisi\u00f3n del control de temperatura: \u00b10,5\u2103;<br \/>\n(3) Capacidad de control de temperatura: Funci\u00f3n de calentamiento de velocidad.<br \/>\n(4) Sistema de control de la presi\u00f3n: Emplea un m\u00e9todo de control de la presi\u00f3n sin contacto, que garantiza un control de la presi\u00f3n preciso y sin errores. Se trata de un m\u00e9todo maduro de control de la presi\u00f3n que se utiliza desde hace 100 a\u00f1os. Monitorizaci\u00f3n, control y visualizaci\u00f3n en tiempo real de la presi\u00f3n y las curvas dentro del reactor de digesti\u00f3n por microondas.<br \/>\n(5) Rango de control de presi\u00f3n: Rango: 0~6MPA, 0-10MPA, 0-15MPA, seleccionable. Precisi\u00f3n de control de presi\u00f3n: 0.01MPA;<br \/>\n(6) Protecci\u00f3n contra la presi\u00f3n: Ajuste\/parada autom\u00e1tica de la emisi\u00f3n de microondas y alarma autom\u00e1tica en caso de sobrepresi\u00f3n;<\/p>\n<p><b>Par\u00e1metros del recipiente de reacci\u00f3n:<\/b><br \/>\n(1) Temperatura m\u00e1xima \u2265300\u2103, presi\u00f3n m\u00e1xima \u22651500PSI;<br \/>\n(2) Material interior del recipiente: PTFE;<br \/>\n(3) Material del tubo exterior a prueba de explosiones: Material aeroespacial PEEK;<br \/>\n(4) Volumen de reacci\u00f3n del recipiente interior: 75ML;<br \/>\n(5) Capacidad de procesamiento por lotes del recipiente de digesti\u00f3n de alta presi\u00f3n \u22656 muestras\/lote (puede ampliarse a 40 posiciones sin sustituir el rotor);<br \/>\n(6) El diafragma a prueba de explosiones est\u00e1 prensado con cer\u00e1mica. La cer\u00e1mica no se deforma cuando se calienta, mientras que el PTFE se deforma cuando se calienta y no puede desempe\u00f1ar el papel de diafragma a prueba de explosiones. Las piezas de cer\u00e1mica se utilizan para el prensado.<br \/>\n<span style=\"color: #003300;\"><strong>Descargar:<\/strong><\/span><br \/>\n<a href=\"https:\/\/www.ansenta.com\/wp-content\/uploads\/2026\/02\/AST-6-Microwave-digester.pdf\">AST-6 Digestor de microondas<\/a><\/p>","protected":false},"excerpt":{"rendered":"<p><span style=\"color: #003300;\"><strong>Marca:<\/strong><\/span>ANSENTA<br \/>\n<span style=\"color: #003300;\"><strong>Origen del producto:<\/strong><\/span>CHINA<br \/>\n<span style=\"color: #003300;\"><strong>Plazo de entrega:<\/strong><\/span>En 7 d\u00edas<br \/>\n<span style=\"color: #003300;\"><strong>Capacidad de suministro:<\/strong><\/span>Suministro directo de f\u00e1brica<br \/>\n<span style=\"color: #003300;\"><strong>Modelo:<\/strong><\/span>AST-6 Digestor de microondas<br \/>\n<span style=\"color: #003300;\"><strong>Introducci\u00f3n:<\/strong><\/span><br \/>\nEl sistema inteligente de digesti\u00f3n por microondas de alto rendimiento proporciona una soluci\u00f3n r\u00e1pida, segura y automatizada para la digesti\u00f3n de muestras. Acelera la reacci\u00f3n de digesti\u00f3n a alta presi\u00f3n y es ampliamente utilizado en alimentaci\u00f3n, protecci\u00f3n medioambiental, control de enfermedades, supervisi\u00f3n de calidad, inspecci\u00f3n de mercanc\u00edas e instituciones de investigaci\u00f3n cient\u00edfica.<br \/>\n<span style=\"color: #003300;\"><strong>Descargar:<\/strong><\/span><br \/>\n<a href=\"https:\/\/www.ansenta.com\/wp-content\/uploads\/2026\/02\/AST-6-Microwave-digester.pdf\">AST-6 Digestor de microondas<\/a><\/p>","protected":false},"featured_media":3765,"template":"","meta":{"_uag_custom_page_level_css":"","site-sidebar-layout":"default","site-content-layout":"","ast-site-content-layout":"default","site-content-style":"default","site-sidebar-style":"default","ast-global-header-display":"","ast-banner-title-visibility":"","ast-main-header-display":"","ast-hfb-above-header-display":"","ast-hfb-below-header-display":"","ast-hfb-mobile-header-display":"","site-post-title":"","ast-breadcrumbs-content":"","ast-featured-img":"","footer-sml-layout":"","ast-disable-related-posts":"","theme-transparent-header-meta":"default","adv-header-id-meta":"","stick-header-meta":"default","header-above-stick-meta":"","header-main-stick-meta":"","header-below-stick-meta":"","astra-migrate-meta-layouts":"set","ast-page-background-enabled":"default","ast-page-background-meta":{"desktop":{"background-color":"var(--ast-global-color-4)","background-image":"","background-repeat":"repeat","background-position":"center center","background-size":"auto","background-attachment":"scroll","background-type":"","background-media":"","overlay-type":"","overlay-color":"","overlay-opacity":"","overlay-gradient":""},"tablet":{"background-color":"","background-image":"","background-repeat":"repeat","background-position":"center center","background-size":"auto","background-attachment":"scroll","background-type":"","background-media":"","overlay-type":"","overlay-color":"","overlay-opacity":"","overlay-gradient":""},"mobile":{"background-color":"","background-image":"","background-repeat":"repeat","background-position":"center center","background-size":"auto","background-attachment":"scroll","background-type":"","background-media":"","overlay-type":"","overlay-color":"","overlay-opacity":"","overlay-gradient":""}},"ast-content-background-meta":{"desktop":{"background-color":"var(--ast-global-color-5)","background-image":"","background-repeat":"repeat","background-position":"center center","background-size":"auto","background-attachment":"scroll","background-type":"","background-media":"","overlay-type":"","overlay-color":"","overlay-opacity":"","overlay-gradient":""},"tablet":{"background-color":"var(--ast-global-color-5)","background-image":"","background-repeat":"repeat","background-position":"center center","background-size":"auto","background-attachment":"scroll","background-type":"","background-media":"","overlay-type":"","overlay-color":"","overlay-opacity":"","overlay-gradient":""},"mobile":{"background-color":"var(--ast-global-color-5)","background-image":"","background-repeat":"repeat","background-position":"center center","background-size":"auto","background-attachment":"scroll","background-type":"","background-media":"","overlay-type":"","overlay-color":"","overlay-opacity":"","overlay-gradient":""}}},"product_brand":[],"product_cat":[244],"product_tag":[325,324,326],"class_list":{"0":"post-3764","1":"product","2":"type-product","3":"status-publish","4":"has-post-thumbnail","6":"product_cat-microwave-digester","7":"product_tag-digester-for-lab","8":"product_tag-microwave-digester","9":"product_tag-microwave-digestion-vessel","10":"desktop-align-left","11":"tablet-align-left","12":"mobile-align-left","13":"ast-col-sm-12","14":"ast-article-post","15":"ast-width-md-12","16":"ast-archive-post","17":"ast-product-gallery-layout-horizontal-slider","18":"ast-product-gallery-with-no-image","19":"ast-product-tabs-layout-horizontal","21":"first","22":"instock","23":"shipping-taxable","24":"product-type-simple"},"uagb_featured_image_src":{"full":["https:\/\/www.ansenta.com\/wp-content\/uploads\/2026\/02\/AST-6-Microwave-digester.jpg",300,300,false],"thumbnail":["https:\/\/www.ansenta.com\/wp-content\/uploads\/2026\/02\/AST-6-Microwave-digester-150x150.jpg",150,150,true],"medium":["https:\/\/www.ansenta.com\/wp-content\/uploads\/2026\/02\/AST-6-Microwave-digester.jpg",300,300,false],"medium_large":["https:\/\/www.ansenta.com\/wp-content\/uploads\/2026\/02\/AST-6-Microwave-digester.jpg",300,300,false],"large":["https:\/\/www.ansenta.com\/wp-content\/uploads\/2026\/02\/AST-6-Microwave-digester.jpg",300,300,false],"1536x1536":["https:\/\/www.ansenta.com\/wp-content\/uploads\/2026\/02\/AST-6-Microwave-digester.jpg",300,300,false],"2048x2048":["https:\/\/www.ansenta.com\/wp-content\/uploads\/2026\/02\/AST-6-Microwave-digester.jpg",300,300,false],"trp-custom-language-flag":["https:\/\/www.ansenta.com\/wp-content\/uploads\/2026\/02\/AST-6-Microwave-digester-12x12.jpg",12,12,true],"mailpoet_newsletter_max":["https:\/\/www.ansenta.com\/wp-content\/uploads\/2026\/02\/AST-6-Microwave-digester.jpg",300,300,false],"woocommerce_thumbnail":["https:\/\/www.ansenta.com\/wp-content\/uploads\/2026\/02\/AST-6-Microwave-digester.jpg",300,300,false],"woocommerce_single":["https:\/\/www.ansenta.com\/wp-content\/uploads\/2026\/02\/AST-6-Microwave-digester.jpg",300,300,false],"woocommerce_gallery_thumbnail":["https:\/\/www.ansenta.com\/wp-content\/uploads\/2026\/02\/AST-6-Microwave-digester-100x100.jpg",100,100,true]},"uagb_author_info":{"display_name":"jinxing6611@gmail.com","author_link":"https:\/\/www.ansenta.com\/es\/author\/"},"uagb_comment_info":0,"uagb_excerpt":"Brand:ANSENTA Product Origin:CHINA Delivery time:Within 7 days Supply capacity:Factory Direct Supply Model:AST-6 Microwave digester Introduction: The high-throughput intelligent microwave digestion system provides a rapid, safe, and automated solution for sample digestion. It accelerates the digestion reaction under high pressure and is widely used in food, environmental protection, disease control, quality supervision, commodity inspection, and scientific&hellip;","jetpack_sharing_enabled":true,"_links":{"self":[{"href":"https:\/\/www.ansenta.com\/es\/wp-json\/wp\/v2\/product\/3764","targetHints":{"allow":["GET"]}}],"collection":[{"href":"https:\/\/www.ansenta.com\/es\/wp-json\/wp\/v2\/product"}],"about":[{"href":"https:\/\/www.ansenta.com\/es\/wp-json\/wp\/v2\/types\/product"}],"wp:featuredmedia":[{"embeddable":true,"href":"https:\/\/www.ansenta.com\/es\/wp-json\/wp\/v2\/media\/3765"}],"wp:attachment":[{"href":"https:\/\/www.ansenta.com\/es\/wp-json\/wp\/v2\/media?parent=3764"}],"wp:term":[{"taxonomy":"product_brand","embeddable":true,"href":"https:\/\/www.ansenta.com\/es\/wp-json\/wp\/v2\/product_brand?post=3764"},{"taxonomy":"product_cat","embeddable":true,"href":"https:\/\/www.ansenta.com\/es\/wp-json\/wp\/v2\/product_cat?post=3764"},{"taxonomy":"product_tag","embeddable":true,"href":"https:\/\/www.ansenta.com\/es\/wp-json\/wp\/v2\/product_tag?post=3764"}],"curies":[{"name":"wp","href":"https:\/\/api.w.org\/{rel}","templated":true}]}}