{"id":3760,"date":"2026-02-08T15:50:05","date_gmt":"2026-02-08T15:50:05","guid":{"rendered":"https:\/\/www.ansenta.com\/?post_type=product&#038;p=3760"},"modified":"2026-02-08T15:50:05","modified_gmt":"2026-02-08T15:50:05","slug":"cryogenic-grinder-cbcl-24","status":"publish","type":"product","link":"https:\/\/www.ansenta.com\/es\/producto\/cryogenic-grinder-cbcl-24\/","title":{"rendered":"Picadora criog\u00e9nica CBCL-24"},"content":{"rendered":"<p><strong><b>Advantages of the Cryogenic Grinding Mill<\/b><\/strong><br \/>\n1.It can process up to 24 samples simultaneously within 15 seconds, and is compatible with 12-position and 24-position liquid nitrogen cryogenic adapters.<br \/>\n2.Equipped with a touch screen display for intuitive and easy operation.<br \/>\n3.Accessible sample volumes: 24*(0.2-0.5mL) \/ 242mL \/ 8(5-15)mL \/ 225mL \/ 250mL. Custom grinding tubes of various specifications are available.<br \/>\n4.Capable of storing 10 sets of experimental data, with pre-set modes for animal heart, spleen, lung, kidney, bone, skin, hair and other sample types.<br \/>\n5.Features a fastening device with automatic centering and a safety lock during operation for full-process protection.<br \/>\n6.Built-in mode circulation function: it can cycle continuously among several pre-set parameters according to the configured experimental settings, further reducing interference from human factors.<\/p>\n<p><strong><b>Product Features of the Cryogenic Grinding Mill<\/b><\/strong><\/p>\n<p>1.Adjustable refrigeration with fast cooling speed.<br \/>\n2.Large grinding throughput and excellent grinding effect.<br \/>\n3.Fully enclosed grinding, stable repeatability and storable programs.<br \/>\n4.Time and labor saving, high-speed and convenient, high-throughput sample processing with good experimental repeatability.<br \/>\n5.Samples are in a fully enclosed state with no cross-contamination.<br \/>\n6.Low noise (\u226455dB) with a brushless variable frequency motor adopted.<br \/>\n7.No liquid nitrogen operation required, ensuring high safety.<br \/>\n8.No wearing parts design with electromagnetic locking protection.<br \/>\n9.Stainless steel inner cavity for easy cleaning and disinfection, no regular maintenance needed.<br \/>\n<strong><b>Par\u00e1metros t\u00e9cnicos<\/b><\/strong><br \/>\nInstrument Weight: 58 kg<br \/>\nInstrument Dimensions: 630 mm * 300 mm * 480 mm<br \/>\nGrinding Methods: Wet grinding, dry grinding, and low-temperature grinding are all available<br \/>\nGrinding Kit Materials: Hard steel, polytetrafluoroethylene (Teflon), zirconia<br \/>\nNoise Level: &lt;55 dB Adapter Materials: Polytetrafluoroethylene or alloy steel Acceleration: Reaches the target speed within 2 seconds, adjustable in the range of 0-70 Hz. For example, if 60 Hz is required, the machine will reach this speed within 2 seconds. Deceleration: Reduces to the minimum speed within 2 seconds and stops within the same range. Feed Size: No specific requirement, adjustable according to the adapter Refrigeration Function: Yes, adjustable from -50\u00b0C to 37\u00b0C Refrigeration Capacity: Capable of being upgraded to ultra-low temperature liquid nitrogen freezing or air-cooled refrigeration Temperature Control Accuracy: \u00b10.5\u00b0C Open Lid Operation Protection: Electromagnetic locking Output Particle Size: \u03bcm Number of Grinding Platforms (Acceptable Grinding Jars): &gt;2<br \/>\nFastening Device with Automatic Centering: Yes<br \/>\nHomogenization Speed and Time: 0 \u2013 70 Hz, working time: 0 seconds \u2013 9999 minutes, user-adjustable<br \/>\nGrinding Ball Diameter: 0.1\u201330 mm<br \/>\nGrinding Ball Materials: Alloy steel, chrome steel, zirconia, tungsten carbide, quartz sand<br \/>\n<span style=\"color: #003300;\"><strong>Descargar:<\/strong><\/span><br \/>\n<a href=\"https:\/\/www.ansenta.com\/wp-content\/uploads\/2026\/02\/Cryogenic-Grinder.pdf\">Picadora criog\u00e9nica<\/a><\/p>","protected":false},"excerpt":{"rendered":"<p><span style=\"color: #003300;\"><strong>Marca:<\/strong><\/span>ANSENTA<br \/>\n<span style=\"color: #003300;\"><strong>Origen del producto:<\/strong><\/span>CHINA<br \/>\n<span style=\"color: #003300;\"><strong>Plazo de entrega:<\/strong><\/span>En 7 d\u00edas<br \/>\n<span style=\"color: #003300;\"><strong>Capacidad de suministro:<\/strong><\/span>Suministro directo de f\u00e1brica<br \/>\n<span style=\"color: #003300;\"><strong>Modelo:<\/strong><\/span>Picadora criog\u00e9nica CBCL-24<br \/>\n<span style=\"color: #003300;\"><strong>Introducci\u00f3n:<\/strong><\/span><br \/>\nEl molino criog\u00e9nico es un instrumento multifuncional desarrollado espec\u00edficamente para el an\u00e1lisis de peque\u00f1as cantidades de muestras en laboratorios. Sus principales aplicaciones incluyen la homogeneizaci\u00f3n de tejidos, la molienda, la disrupci\u00f3n celular, la homogeneizaci\u00f3n, la dispersi\u00f3n de materiales, la preparaci\u00f3n, la mezcla de muestras y la oscilaci\u00f3n.Se utiliza ampliamente en campos como la agricultura, la biolog\u00eda, la cer\u00e1mica y el vidrio, los pl\u00e1sticos y los productos qu\u00edmicos, la identificaci\u00f3n forense, la alimentaci\u00f3n, la medicina, la metalurgia mineral, el medio ambiente ecol\u00f3gico y la ciencia de los materiales.<br \/>\n<span style=\"color: #003300;\"><strong>Descargar:<\/strong><\/span><br \/>\n<a href=\"https:\/\/www.ansenta.com\/wp-content\/uploads\/2026\/02\/Cryogenic-Grinder.pdf\">Picadora criog\u00e9nica<\/a><\/p>","protected":false},"featured_media":3761,"template":"","meta":{"_uag_custom_page_level_css":"","site-sidebar-layout":"default","site-content-layout":"","ast-site-content-layout":"default","site-content-style":"default","site-sidebar-style":"default","ast-global-header-display":"","ast-banner-title-visibility":"","ast-main-header-display":"","ast-hfb-above-header-display":"","ast-hfb-below-header-display":"","ast-hfb-mobile-header-display":"","site-post-title":"","ast-breadcrumbs-content":"","ast-featured-img":"","footer-sml-layout":"","ast-disable-related-posts":"","theme-transparent-header-meta":"default","adv-header-id-meta":"","stick-header-meta":"default","header-above-stick-meta":"","header-main-stick-meta":"","header-below-stick-meta":"","astra-migrate-meta-layouts":"set","ast-page-background-enabled":"default","ast-page-background-meta":{"desktop":{"background-color":"var(--ast-global-color-4)","background-image":"","background-repeat":"repeat","background-position":"center center","background-size":"auto","background-attachment":"scroll","background-type":"","background-media":"","overlay-type":"","overlay-color":"","overlay-opacity":"","overlay-gradient":""},"tablet":{"background-color":"","background-image":"","background-repeat":"repeat","background-position":"center center","background-size":"auto","background-attachment":"scroll","background-type":"","background-media":"","overlay-type":"","overlay-color":"","overlay-opacity":"","overlay-gradient":""},"mobile":{"background-color":"","background-image":"","background-repeat":"repeat","background-position":"center center","background-size":"auto","background-attachment":"scroll","background-type":"","background-media":"","overlay-type":"","overlay-color":"","overlay-opacity":"","overlay-gradient":""}},"ast-content-background-meta":{"desktop":{"background-color":"var(--ast-global-color-5)","background-image":"","background-repeat":"repeat","background-position":"center center","background-size":"auto","background-attachment":"scroll","background-type":"","background-media":"","overlay-type":"","overlay-color":"","overlay-opacity":"","overlay-gradient":""},"tablet":{"background-color":"var(--ast-global-color-5)","background-image":"","background-repeat":"repeat","background-position":"center center","background-size":"auto","background-attachment":"scroll","background-type":"","background-media":"","overlay-type":"","overlay-color":"","overlay-opacity":"","overlay-gradient":""},"mobile":{"background-color":"var(--ast-global-color-5)","background-image":"","background-repeat":"repeat","background-position":"center center","background-size":"auto","background-attachment":"scroll","background-type":"","background-media":"","overlay-type":"","overlay-color":"","overlay-opacity":"","overlay-gradient":""}}},"product_brand":[],"product_cat":[318],"product_tag":[323,321,320,322,319],"class_list":{"0":"post-3760","1":"product","2":"type-product","3":"status-publish","4":"has-post-thumbnail","6":"product_cat-cryogenic-grinder","7":"product_tag-biological-tissue-grinder","8":"product_tag-cryogenic-tissue-grinder","9":"product_tag-high-throughput-tissue-grinder","10":"product_tag-laboratory-tissue-grinder","11":"product_tag-tissue-grinder","12":"desktop-align-left","13":"tablet-align-left","14":"mobile-align-left","15":"ast-col-sm-12","16":"ast-article-post","17":"ast-width-md-12","18":"ast-archive-post","19":"ast-product-gallery-layout-horizontal-slider","20":"ast-product-gallery-with-no-image","21":"ast-product-tabs-layout-horizontal","23":"first","24":"instock","25":"shipping-taxable","26":"product-type-simple"},"uagb_featured_image_src":{"full":["https:\/\/www.ansenta.com\/wp-content\/uploads\/2026\/02\/Cryogenic-Grinder.jpg",522,522,false],"thumbnail":["https:\/\/www.ansenta.com\/wp-content\/uploads\/2026\/02\/Cryogenic-Grinder-150x150.jpg",150,150,true],"medium":["https:\/\/www.ansenta.com\/wp-content\/uploads\/2026\/02\/Cryogenic-Grinder-300x300.jpg",300,300,true],"medium_large":["https:\/\/www.ansenta.com\/wp-content\/uploads\/2026\/02\/Cryogenic-Grinder.jpg",522,522,false],"large":["https:\/\/www.ansenta.com\/wp-content\/uploads\/2026\/02\/Cryogenic-Grinder.jpg",522,522,false],"1536x1536":["https:\/\/www.ansenta.com\/wp-content\/uploads\/2026\/02\/Cryogenic-Grinder.jpg",522,522,false],"2048x2048":["https:\/\/www.ansenta.com\/wp-content\/uploads\/2026\/02\/Cryogenic-Grinder.jpg",522,522,false],"trp-custom-language-flag":["https:\/\/www.ansenta.com\/wp-content\/uploads\/2026\/02\/Cryogenic-Grinder-12x12.jpg",12,12,true],"mailpoet_newsletter_max":["https:\/\/www.ansenta.com\/wp-content\/uploads\/2026\/02\/Cryogenic-Grinder.jpg",522,522,false],"woocommerce_thumbnail":["https:\/\/www.ansenta.com\/wp-content\/uploads\/2026\/02\/Cryogenic-Grinder.jpg",522,522,false],"woocommerce_single":["https:\/\/www.ansenta.com\/wp-content\/uploads\/2026\/02\/Cryogenic-Grinder.jpg",522,522,false],"woocommerce_gallery_thumbnail":["https:\/\/www.ansenta.com\/wp-content\/uploads\/2026\/02\/Cryogenic-Grinder-100x100.jpg",100,100,true]},"uagb_author_info":{"display_name":"jinxing6611@gmail.com","author_link":"https:\/\/www.ansenta.com\/es\/author\/"},"uagb_comment_info":0,"uagb_excerpt":"Brand:ANSENTA Product Origin:CHINA Delivery time:Within 7 days Supply capacity:Factory Direct Supply Model:Cryogenic Grinder CBCL-24 Introduction: Thecryogenicgrindingmillisamulti-functionalinstrumentdevelopedspecificallyforthe analysisofsmallquantitiesofsamplesinlaboratories.Itsmainapplicationsincludetissue homogenization,grinding,celldisruption,homogenizing,materialdispersion,preparation,samplemixingandoscillation.Itiswidelyusedinfieldssuchasagriculture,biology,ceramicsandglass,plasticsandchemicalproducts,forensicidentification,food,medicine,mineralmetallurgy,ecologicalenvironmentandmaterialsscience. Download: Cryogenic Grinder","jetpack_sharing_enabled":true,"_links":{"self":[{"href":"https:\/\/www.ansenta.com\/es\/wp-json\/wp\/v2\/product\/3760","targetHints":{"allow":["GET"]}}],"collection":[{"href":"https:\/\/www.ansenta.com\/es\/wp-json\/wp\/v2\/product"}],"about":[{"href":"https:\/\/www.ansenta.com\/es\/wp-json\/wp\/v2\/types\/product"}],"wp:featuredmedia":[{"embeddable":true,"href":"https:\/\/www.ansenta.com\/es\/wp-json\/wp\/v2\/media\/3761"}],"wp:attachment":[{"href":"https:\/\/www.ansenta.com\/es\/wp-json\/wp\/v2\/media?parent=3760"}],"wp:term":[{"taxonomy":"product_brand","embeddable":true,"href":"https:\/\/www.ansenta.com\/es\/wp-json\/wp\/v2\/product_brand?post=3760"},{"taxonomy":"product_cat","embeddable":true,"href":"https:\/\/www.ansenta.com\/es\/wp-json\/wp\/v2\/product_cat?post=3760"},{"taxonomy":"product_tag","embeddable":true,"href":"https:\/\/www.ansenta.com\/es\/wp-json\/wp\/v2\/product_tag?post=3760"}],"curies":[{"name":"wp","href":"https:\/\/api.w.org\/{rel}","templated":true}]}}