{"id":3755,"date":"2026-02-06T16:51:42","date_gmt":"2026-02-06T16:51:42","guid":{"rendered":"https:\/\/www.ansenta.com\/?post_type=product&#038;p=3755"},"modified":"2026-02-06T16:51:42","modified_gmt":"2026-02-06T16:51:42","slug":"ast-cd-800-total-organic-carbon-analyzer","status":"publish","type":"product","link":"https:\/\/www.ansenta.com\/es\/producto\/ast-cd-800-total-organic-carbon-analyzer\/","title":{"rendered":"AST-CD-800 Analizador de carbono org\u00e1nico total"},"content":{"rendered":"<p><b>Product Introduction<\/b><br \/>\nPrinciple: The sample is fully combusted and decomposed into carbon dioxide and water at high temperature using a high-performance oxidation catalyst in a combustion furnace. Water vapor is removed after cooling by a condenser. Carbon dioxide is measured using a non-dispersive infrared detector (NDIR), thus determining the total organic carbon (TOC) content in the sample. Similarly, inorganic carbon in the sample is decomposed into carbon dioxide and water using an acid reagent. Water vapor is removed after cooling by a condenser, and carbon dioxide is measured using an NDIR, thus determining the total inorganic carbon (TIC) content in the sample. Total organic carbon (TOC) = TC &#8211; TIC.<\/p>\n<p><b>Caracter\u00edsticas del producto<\/b><br \/>\n1. 7-inch touchscreen, user-friendly interface, simple and convenient operation;<br \/>\n2. Three-pass electronic condensation dehydration technology ensures the dehydration efficiency of the entire system;<br \/>\n3. High-reflectivity gold-plated gas chamber, high-focus infrared light source, and high-sensitivity infrared detector guarantee excellent NDIR performance, providing sufficient sensitivity and accuracy for ppb-level data measurement;<br \/>\n4. Maximum temperature up to 1100\u2103, with the ability to select different catalysts (such as CeO, Pt, CuO) and set different temperatures according to the sample;<br \/>\n5. Remote control for troubleshooting;<br \/>\n\u26056. Automatic fault warning (pump, valve, pipeline, detector);<br \/>\n7. Real-time self-monitoring of multiple temperature, pressure, and flow rates;<br \/>\n8. The combustion furnace heating system employs multiple protection mechanisms, automatically cutting off heating in case of overheating, improving product safety;<br \/>\n9. The inorganic carbon reaction cell is designed with a heating device, eliminating sample peak tailing and shortening sample determination time;<br \/>\n10. Built-in dot matrix printer, reducing space occupation;<br \/>\n11. 10-year data storage capacity, convenient for querying, and can be queried by time period;<br \/>\n12. Password protection function;<br \/>\n\u260514. Can be connected to a 76-bit autosampler;<br \/>\n15. Can be connected to a solid sampler for solid sample injection;<br \/>\n16. Complies with international standard ISO8245, People&#8217;s Republic of China National Environmental Protection Standard HJ501-2009, and People&#8217;s Republic of China National Metrological Verification Regulation JJG 821-2005.<\/p>\n<p><span style=\"color: #003300;\"><strong>Descargar:<\/strong><\/span><br \/>\n<a href=\"https:\/\/www.ansenta.com\/wp-content\/uploads\/2026\/02\/AST-CD-800-Total-Organic-Carbon-Analyzer.pdf\">AST-CD-800 Analizador de carbono org\u00e1nico total<\/a><\/p>","protected":false},"excerpt":{"rendered":"<p><span style=\"color: #003300;\"><strong>Marca:<\/strong><\/span>ANSENTA<br \/>\n<span style=\"color: #003300;\"><strong>Origen del producto:<\/strong><\/span>CHINA<br \/>\n<span style=\"color: #003300;\"><strong>Plazo de entrega:<\/strong><\/span>En 7 d\u00edas<br \/>\n<span style=\"color: #003300;\"><strong>Capacidad de suministro:<\/strong><\/span>Suministro directo de f\u00e1brica<br \/>\n<span style=\"color: #003300;\"><strong>Modelo:<\/strong><\/span>AST-CD-800 Analizador de carbono org\u00e1nico total<br \/>\n<span style=\"color: #003300;\"><strong>Introducci\u00f3n:<\/strong><\/span><br \/>\nLa muestra se quema completamente y se descompone en di\u00f3xido de carbono y agua a alta temperatura utilizando un catalizador de oxidaci\u00f3n de alto rendimiento en un horno de combusti\u00f3n. El vapor de agua se elimina despu\u00e9s del enfriamiento mediante un condensador. El di\u00f3xido de carbono se mide mediante un detector de infrarrojos no dispersivo (NDIR), determinando as\u00ed el contenido total de carbono org\u00e1nico (COT) de la muestra. Del mismo modo, el carbono inorg\u00e1nico de la muestra se descompone en di\u00f3xido de carbono y agua mediante un reactivo \u00e1cido; el vapor de agua se elimina despu\u00e9s del enfriamiento mediante un condensador y el di\u00f3xido de carbono se mide mediante un NDIR, determinando as\u00ed el contenido total de carbono inorg\u00e1nico (TIC) de la muestra. Carbono org\u00e1nico total (COT) =TC - TIC.<br \/>\n<span style=\"color: #003300;\"><strong>Descargar:<\/strong><\/span><br \/>\n<a href=\"https:\/\/www.ansenta.com\/wp-content\/uploads\/2026\/02\/AST-CD-800-Total-Organic-Carbon-Analyzer.pdf\">AST-CD-800 Analizador de carbono org\u00e1nico total<\/a><\/p>","protected":false},"featured_media":0,"template":"","meta":{"_uag_custom_page_level_css":"","site-sidebar-layout":"default","site-content-layout":"","ast-site-content-layout":"default","site-content-style":"default","site-sidebar-style":"default","ast-global-header-display":"","ast-banner-title-visibility":"","ast-main-header-display":"","ast-hfb-above-header-display":"","ast-hfb-below-header-display":"","ast-hfb-mobile-header-display":"","site-post-title":"","ast-breadcrumbs-content":"","ast-featured-img":"","footer-sml-layout":"","ast-disable-related-posts":"","theme-transparent-header-meta":"default","adv-header-id-meta":"","stick-header-meta":"default","header-above-stick-meta":"","header-main-stick-meta":"","header-below-stick-meta":"","astra-migrate-meta-layouts":"set","ast-page-background-enabled":"default","ast-page-background-meta":{"desktop":{"background-color":"var(--ast-global-color-4)","background-image":"","background-repeat":"repeat","background-position":"center center","background-size":"auto","background-attachment":"scroll","background-type":"","background-media":"","overlay-type":"","overlay-color":"","overlay-opacity":"","overlay-gradient":""},"tablet":{"background-color":"","background-image":"","background-repeat":"repeat","background-position":"center center","background-size":"auto","background-attachment":"scroll","background-type":"","background-media":"","overlay-type":"","overlay-color":"","overlay-opacity":"","overlay-gradient":""},"mobile":{"background-color":"","background-image":"","background-repeat":"repeat","background-position":"center center","background-size":"auto","background-attachment":"scroll","background-type":"","background-media":"","overlay-type":"","overlay-color":"","overlay-opacity":"","overlay-gradient":""}},"ast-content-background-meta":{"desktop":{"background-color":"var(--ast-global-color-5)","background-image":"","background-repeat":"repeat","background-position":"center center","background-size":"auto","background-attachment":"scroll","background-type":"","background-media":"","overlay-type":"","overlay-color":"","overlay-opacity":"","overlay-gradient":""},"tablet":{"background-color":"var(--ast-global-color-5)","background-image":"","background-repeat":"repeat","background-position":"center center","background-size":"auto","background-attachment":"scroll","background-type":"","background-media":"","overlay-type":"","overlay-color":"","overlay-opacity":"","overlay-gradient":""},"mobile":{"background-color":"var(--ast-global-color-5)","background-image":"","background-repeat":"repeat","background-position":"center center","background-size":"auto","background-attachment":"scroll","background-type":"","background-media":"","overlay-type":"","overlay-color":"","overlay-opacity":"","overlay-gradient":""}}},"product_brand":[],"product_cat":[90],"product_tag":[],"class_list":{"0":"post-3755","1":"product","2":"type-product","3":"status-publish","5":"product_cat-new-products","6":"desktop-align-left","7":"tablet-align-left","8":"mobile-align-left","9":"ast-col-sm-12","10":"ast-article-post","11":"ast-width-md-12","12":"ast-archive-post","13":"ast-product-gallery-layout-horizontal-slider","14":"ast-product-gallery-with-no-image","15":"ast-product-tabs-layout-horizontal","17":"first","18":"instock","19":"shipping-taxable","20":"product-type-simple"},"uagb_featured_image_src":{"full":false,"thumbnail":false,"medium":false,"medium_large":false,"large":false,"1536x1536":false,"2048x2048":false,"trp-custom-language-flag":false,"mailpoet_newsletter_max":false,"woocommerce_thumbnail":false,"woocommerce_single":false,"woocommerce_gallery_thumbnail":false},"uagb_author_info":{"display_name":"jinxing6611@gmail.com","author_link":"https:\/\/www.ansenta.com\/es\/author\/"},"uagb_comment_info":0,"uagb_excerpt":"Brand:ANSENTA Product Origin:CHINA Delivery time:Within 7 days Supply capacity:Factory Direct Supply Model:AST-CD-800 Total Organic Carbon Analyzer Introduction: The sample is fully combusted and decomposed into carbon dioxide and water at high temperature using a high-performance oxidation catalyst in a combustion furnace. Water vapor is removed after cooling by a condenser. Carbon dioxide is measured using&hellip;","jetpack_sharing_enabled":true,"_links":{"self":[{"href":"https:\/\/www.ansenta.com\/es\/wp-json\/wp\/v2\/product\/3755","targetHints":{"allow":["GET"]}}],"collection":[{"href":"https:\/\/www.ansenta.com\/es\/wp-json\/wp\/v2\/product"}],"about":[{"href":"https:\/\/www.ansenta.com\/es\/wp-json\/wp\/v2\/types\/product"}],"wp:attachment":[{"href":"https:\/\/www.ansenta.com\/es\/wp-json\/wp\/v2\/media?parent=3755"}],"wp:term":[{"taxonomy":"product_brand","embeddable":true,"href":"https:\/\/www.ansenta.com\/es\/wp-json\/wp\/v2\/product_brand?post=3755"},{"taxonomy":"product_cat","embeddable":true,"href":"https:\/\/www.ansenta.com\/es\/wp-json\/wp\/v2\/product_cat?post=3755"},{"taxonomy":"product_tag","embeddable":true,"href":"https:\/\/www.ansenta.com\/es\/wp-json\/wp\/v2\/product_tag?post=3755"}],"curies":[{"name":"wp","href":"https:\/\/api.w.org\/{rel}","templated":true}]}}