{"id":3746,"date":"2026-02-06T16:31:39","date_gmt":"2026-02-06T16:31:39","guid":{"rendered":"https:\/\/www.ansenta.com\/?post_type=product&#038;p=3746"},"modified":"2026-02-06T16:31:39","modified_gmt":"2026-02-06T16:31:39","slug":"ast-800s-total-organic-carbon-analyzer","status":"publish","type":"product","link":"https:\/\/www.ansenta.com\/es\/producto\/ast-800s-total-organic-carbon-analyzer\/","title":{"rendered":"AST-800S Analizador de carbono org\u00e1nico total"},"content":{"rendered":"<p>The AST-800S Total Organic Carbon Analyzer is an analytical instrument that utilizes the principle of high-temperature catalytic oxidation &#8211; NDIR detection to measure the total organic carbon concentration in water samples. It can detect water samples with TOC concentrations ranging from 0.050 ppm to 35,000.0 ppm. It features high sensitivity,accuracy, and excellent stability.<br \/>\n<b> System Overview<\/b><br \/>\nThe AST-800S is a simple-structured instrument. Its main components are installed on the main unit. Before measurement, the instrument needs to be connected to the gas path and the reagents should be prepared. The instrument is controlled by a specialized software installed on an external computer for data processing tasks such as measurement, calibration, and printing.<\/p>\n<p><b>Principio de funcionamiento<\/b><br \/>\nBy using a high-performance oxidation catalyst in the combustion furnace, the sample is fully combusted and decomposed at high temperatures into carbon dioxide and water. The water vapor then passes through.<br \/>\nThe condenser is cooled and then removed. The carbon dioxide is measured using a non-dispersive infrared detector (NDIR) to determine the total carbon (TC) content in the sample.<br \/>\nThe inorganic carbon in the sample is decomposed into carbon dioxide and water by an acid reagent. The water vapor is removed after being cooled by a condenser, and the carbon dioxide is removed using a non-porous material.<br \/>\nThe total inorganic carbon (TIC) content in the sample was determined by non-dispersive infrared detector (NDIR); total organic carbon (TOC) = TC &#8211; TIC.<\/p>\n<p><span style=\"color: #003300;\"><strong>Descargar:<\/strong><\/span><br \/>\n<a href=\"https:\/\/www.ansenta.com\/wp-content\/uploads\/2026\/02\/AST-800S-Total-Organic-Carbon-Analyzer.pdf\">AST-800S Analizador de carbono org\u00e1nico total<\/a><\/p>","protected":false},"excerpt":{"rendered":"<p><span style=\"color: #003300;\"><strong>Marca:<\/strong><\/span>ANSENTA<br \/>\n<span style=\"color: #003300;\"><strong>Origen del producto:<\/strong><\/span>CHINA<br \/>\n<span style=\"color: #003300;\"><strong>Plazo de entrega:<\/strong><\/span>En 7 d\u00edas<br \/>\n<span style=\"color: #003300;\"><strong>Capacidad de suministro:<\/strong><\/span>Suministro directo de f\u00e1brica<br \/>\n<span style=\"color: #003300;\"><strong>Modelo:<\/strong><\/span>AST-800S Analizador de carbono org\u00e1nico total<br \/>\n<span style=\"color: #003300;\"><strong>Introducci\u00f3n:<\/strong><\/span><br \/>\nEl analizador de carbono org\u00e1nico total AST-800S es un instrumento anal\u00edtico que utiliza el principio de oxidaci\u00f3n catal\u00edtica a alta temperatura - detecci\u00f3n NDIR para medir la concentraci\u00f3n de carbono org\u00e1nico total en muestras de agua.  Puede detectar muestras de agua con concentraciones de COT comprendidas entre 0,050 ppm y 35.000,0 ppm.  Se caracteriza por su alta sensibilidad, precisi\u00f3n y excelente estabilidad.<br \/>\n<span style=\"color: #003300;\"><strong>Descargar:<\/strong><\/span><br \/>\n<a href=\"https:\/\/www.ansenta.com\/wp-content\/uploads\/2026\/02\/AST-800S-Total-Organic-Carbon-Analyzer.pdf\">AST-800S Analizador de carbono org\u00e1nico total<\/a><\/p>","protected":false},"featured_media":3747,"template":"","meta":{"_uag_custom_page_level_css":"","site-sidebar-layout":"default","site-content-layout":"","ast-site-content-layout":"default","site-content-style":"default","site-sidebar-style":"default","ast-global-header-display":"","ast-banner-title-visibility":"","ast-main-header-display":"","ast-hfb-above-header-display":"","ast-hfb-below-header-display":"","ast-hfb-mobile-header-display":"","site-post-title":"","ast-breadcrumbs-content":"","ast-featured-img":"","footer-sml-layout":"","ast-disable-related-posts":"","theme-transparent-header-meta":"default","adv-header-id-meta":"","stick-header-meta":"default","header-above-stick-meta":"","header-main-stick-meta":"","header-below-stick-meta":"","astra-migrate-meta-layouts":"set","ast-page-background-enabled":"default","ast-page-background-meta":{"desktop":{"background-color":"var(--ast-global-color-4)","background-image":"","background-repeat":"repeat","background-position":"center center","background-size":"auto","background-attachment":"scroll","background-type":"","background-media":"","overlay-type":"","overlay-color":"","overlay-opacity":"","overlay-gradient":""},"tablet":{"background-color":"","background-image":"","background-repeat":"repeat","background-position":"center center","background-size":"auto","background-attachment":"scroll","background-type":"","background-media":"","overlay-type":"","overlay-color":"","overlay-opacity":"","overlay-gradient":""},"mobile":{"background-color":"","background-image":"","background-repeat":"repeat","background-position":"center center","background-size":"auto","background-attachment":"scroll","background-type":"","background-media":"","overlay-type":"","overlay-color":"","overlay-opacity":"","overlay-gradient":""}},"ast-content-background-meta":{"desktop":{"background-color":"var(--ast-global-color-5)","background-image":"","background-repeat":"repeat","background-position":"center center","background-size":"auto","background-attachment":"scroll","background-type":"","background-media":"","overlay-type":"","overlay-color":"","overlay-opacity":"","overlay-gradient":""},"tablet":{"background-color":"var(--ast-global-color-5)","background-image":"","background-repeat":"repeat","background-position":"center center","background-size":"auto","background-attachment":"scroll","background-type":"","background-media":"","overlay-type":"","overlay-color":"","overlay-opacity":"","overlay-gradient":""},"mobile":{"background-color":"var(--ast-global-color-5)","background-image":"","background-repeat":"repeat","background-position":"center center","background-size":"auto","background-attachment":"scroll","background-type":"","background-media":"","overlay-type":"","overlay-color":"","overlay-opacity":"","overlay-gradient":""}}},"product_brand":[],"product_cat":[90],"product_tag":[],"class_list":{"0":"post-3746","1":"product","2":"type-product","3":"status-publish","4":"has-post-thumbnail","6":"product_cat-new-products","7":"desktop-align-left","8":"tablet-align-left","9":"mobile-align-left","10":"ast-col-sm-12","11":"ast-article-post","12":"ast-width-md-12","13":"ast-archive-post","14":"ast-product-gallery-layout-horizontal-slider","15":"ast-product-gallery-with-no-image","16":"ast-product-tabs-layout-horizontal","18":"first","19":"instock","20":"shipping-taxable","21":"product-type-simple"},"uagb_featured_image_src":{"full":["https:\/\/www.ansenta.com\/wp-content\/uploads\/2026\/02\/AST-800S-Total-Organic-Carbon-Analyzer.jpg",400,400,false],"thumbnail":["https:\/\/www.ansenta.com\/wp-content\/uploads\/2026\/02\/AST-800S-Total-Organic-Carbon-Analyzer-150x150.jpg",150,150,true],"medium":["https:\/\/www.ansenta.com\/wp-content\/uploads\/2026\/02\/AST-800S-Total-Organic-Carbon-Analyzer-300x300.jpg",300,300,true],"medium_large":["https:\/\/www.ansenta.com\/wp-content\/uploads\/2026\/02\/AST-800S-Total-Organic-Carbon-Analyzer.jpg",400,400,false],"large":["https:\/\/www.ansenta.com\/wp-content\/uploads\/2026\/02\/AST-800S-Total-Organic-Carbon-Analyzer.jpg",400,400,false],"1536x1536":["https:\/\/www.ansenta.com\/wp-content\/uploads\/2026\/02\/AST-800S-Total-Organic-Carbon-Analyzer.jpg",400,400,false],"2048x2048":["https:\/\/www.ansenta.com\/wp-content\/uploads\/2026\/02\/AST-800S-Total-Organic-Carbon-Analyzer.jpg",400,400,false],"trp-custom-language-flag":["https:\/\/www.ansenta.com\/wp-content\/uploads\/2026\/02\/AST-800S-Total-Organic-Carbon-Analyzer-12x12.jpg",12,12,true],"mailpoet_newsletter_max":["https:\/\/www.ansenta.com\/wp-content\/uploads\/2026\/02\/AST-800S-Total-Organic-Carbon-Analyzer.jpg",400,400,false],"woocommerce_thumbnail":["https:\/\/www.ansenta.com\/wp-content\/uploads\/2026\/02\/AST-800S-Total-Organic-Carbon-Analyzer.jpg",400,400,false],"woocommerce_single":["https:\/\/www.ansenta.com\/wp-content\/uploads\/2026\/02\/AST-800S-Total-Organic-Carbon-Analyzer.jpg",400,400,false],"woocommerce_gallery_thumbnail":["https:\/\/www.ansenta.com\/wp-content\/uploads\/2026\/02\/AST-800S-Total-Organic-Carbon-Analyzer-100x100.jpg",100,100,true]},"uagb_author_info":{"display_name":"jinxing6611@gmail.com","author_link":"https:\/\/www.ansenta.com\/es\/author\/"},"uagb_comment_info":0,"uagb_excerpt":"Brand:ANSENTA Product Origin:CHINA Delivery time:Within 7 days Supply capacity:Factory Direct Supply Model:AST-800S Total Organic Carbon Analyzer Introduction: The AST-800S Total Organic Carbon Analyzer is an analytical instrument that utilizes the principle of high-temperature catalytic oxidation - NDIR detection to measure the total organic carbon concentration in water samples. It can detect water samples with TOC&hellip;","jetpack_sharing_enabled":true,"_links":{"self":[{"href":"https:\/\/www.ansenta.com\/es\/wp-json\/wp\/v2\/product\/3746","targetHints":{"allow":["GET"]}}],"collection":[{"href":"https:\/\/www.ansenta.com\/es\/wp-json\/wp\/v2\/product"}],"about":[{"href":"https:\/\/www.ansenta.com\/es\/wp-json\/wp\/v2\/types\/product"}],"wp:featuredmedia":[{"embeddable":true,"href":"https:\/\/www.ansenta.com\/es\/wp-json\/wp\/v2\/media\/3747"}],"wp:attachment":[{"href":"https:\/\/www.ansenta.com\/es\/wp-json\/wp\/v2\/media?parent=3746"}],"wp:term":[{"taxonomy":"product_brand","embeddable":true,"href":"https:\/\/www.ansenta.com\/es\/wp-json\/wp\/v2\/product_brand?post=3746"},{"taxonomy":"product_cat","embeddable":true,"href":"https:\/\/www.ansenta.com\/es\/wp-json\/wp\/v2\/product_cat?post=3746"},{"taxonomy":"product_tag","embeddable":true,"href":"https:\/\/www.ansenta.com\/es\/wp-json\/wp\/v2\/product_tag?post=3746"}],"curies":[{"name":"wp","href":"https:\/\/api.w.org\/{rel}","templated":true}]}}