{"id":3733,"date":"2026-02-06T15:11:03","date_gmt":"2026-02-06T15:11:03","guid":{"rendered":"https:\/\/www.ansenta.com\/?post_type=product&#038;p=3733"},"modified":"2026-02-06T15:57:44","modified_gmt":"2026-02-06T15:57:44","slug":"blast-drying-oven","status":"publish","type":"product","link":"https:\/\/www.ansenta.com\/es\/producto\/blast-drying-oven\/","title":{"rendered":"Horno de secado r\u00e1pido"},"content":{"rendered":"<p><strong><b> \u00c1mbito de aplicaci\u00f3n<\/b><\/strong><br \/>\nEl horno de secado r\u00e1pido es apropiado para secado, horneado, derretimiento de cera y esterilizaci\u00f3n en empresas industriales y mineras, laboratorios e instituciones de investigaci\u00f3n. Esta serie de hornos de secado al chorro se compone de un cuerpo de gabinete, un sistema de control de temperatura, y un sistema de circulaci\u00f3n de aire. La carcasa exterior de la cabina est\u00e1 hecha de chapa de acero de alta calidad por estampaci\u00f3n, con un acabado de pulverizaci\u00f3n electrost\u00e1tica en la superficie, el revestimiento interior est\u00e1 hecho de acero inoxidable con acabado de espejo, y la capa de aislamiento est\u00e1 hecha de algod\u00f3n de silicato de alta calidad. En la uni\u00f3n entre la c\u00e1mara de trabajo y la puerta del horno se instala un anillo de sellado de caucho de silicona resistente a altas temperaturas.<\/p>\n<p><strong><b> Principales par\u00e1metros t\u00e9cnicos<\/b><\/strong><\/p>\n<p><img fetchpriority=\"high\" decoding=\"async\" class=\"alignnone size-full wp-image-3736\" src=\"https:\/\/www.ansenta.com\/wp-content\/uploads\/2026\/02\/Blast-Drying-Oven-3.jpg\" alt=\"\" width=\"1200\" height=\"1159\" srcset=\"https:\/\/www.ansenta.com\/wp-content\/uploads\/2026\/02\/Blast-Drying-Oven-3.jpg 1200w, https:\/\/www.ansenta.com\/wp-content\/uploads\/2026\/02\/Blast-Drying-Oven-3-300x290.jpg 300w, https:\/\/www.ansenta.com\/wp-content\/uploads\/2026\/02\/Blast-Drying-Oven-3-1024x989.jpg 1024w, https:\/\/www.ansenta.com\/wp-content\/uploads\/2026\/02\/Blast-Drying-Oven-3-768x742.jpg 768w, https:\/\/www.ansenta.com\/wp-content\/uploads\/2026\/02\/Blast-Drying-Oven-3-12x12.jpg 12w, https:\/\/www.ansenta.com\/wp-content\/uploads\/2026\/02\/Blast-Drying-Oven-3-600x580.jpg 600w\" sizes=\"(max-width: 1200px) 100vw, 1200px\" \/><\/p>\n<p><strong><b>Caracter\u00edsticas del producto<\/b><\/strong><\/p>\n<p>1.El interior del armario es de chapa galvanizada, y el exterior es de chapa de acero de alta calidad, con un dise\u00f1o atractivo y moderno.<br \/>\n2.Equipado con un controlador de temperatura P.I.D microordenador con protecci\u00f3n de desviaci\u00f3n de sobretemperatura y pantalla digital, as\u00ed como una funci\u00f3n de temporizaci\u00f3n, lo que garantiza un control preciso y fiable de la temperatura.<br \/>\n3.El sistema de circulaci\u00f3n de aire caliente consta de un ventilador capaz de funcionar continuamente a altas temperaturas y un conducto de aire bien dise\u00f1ado, que mejora la uniformidad de la temperatura en la c\u00e1mara de trabajo.<\/p>\n<p><span style=\"color: #003300;\"><strong>Descargar:<\/strong><\/span><br \/>\n<a href=\"https:\/\/www.ansenta.com\/wp-content\/uploads\/2026\/02\/Blast-Drying-Oven.pdf\">Horno de secado r\u00e1pido<\/a><\/p>","protected":false},"excerpt":{"rendered":"<p><span style=\"color: #003300;\"><strong>Marca:<\/strong><\/span>ANSENTA<br \/>\n<span style=\"color: #003300;\"><strong>Origen del producto:<\/strong><\/span>CHINA<br \/>\n<span style=\"color: #003300;\"><strong>Plazo de entrega:<\/strong><\/span>En 7 d\u00edas<br \/>\n<span style=\"color: #003300;\"><strong>Capacidad de suministro:<\/strong><\/span>Suministro directo de f\u00e1brica<br \/>\n<span style=\"color: #003300;\"><strong>Modelo:<\/strong><\/span>Horno de secado r\u00e1pido<br \/>\n<span style=\"color: #003300;\"><strong>Descargar:<\/strong><\/span><br \/>\n<a href=\"https:\/\/www.ansenta.com\/wp-content\/uploads\/2026\/02\/Blast-Drying-Oven.pdf\">Horno de secado r\u00e1pido<\/a><\/p>","protected":false},"featured_media":3734,"template":"","meta":{"_uag_custom_page_level_css":"","site-sidebar-layout":"default","site-content-layout":"","ast-site-content-layout":"default","site-content-style":"default","site-sidebar-style":"default","ast-global-header-display":"","ast-banner-title-visibility":"","ast-main-header-display":"","ast-hfb-above-header-display":"","ast-hfb-below-header-display":"","ast-hfb-mobile-header-display":"","site-post-title":"","ast-breadcrumbs-content":"","ast-featured-img":"","footer-sml-layout":"","ast-disable-related-posts":"","theme-transparent-header-meta":"default","adv-header-id-meta":"","stick-header-meta":"default","header-above-stick-meta":"","header-main-stick-meta":"","header-below-stick-meta":"","astra-migrate-meta-layouts":"set","ast-page-background-enabled":"default","ast-page-background-meta":{"desktop":{"background-color":"var(--ast-global-color-4)","background-image":"","background-repeat":"repeat","background-position":"center center","background-size":"auto","background-attachment":"scroll","background-type":"","background-media":"","overlay-type":"","overlay-color":"","overlay-opacity":"","overlay-gradient":""},"tablet":{"background-color":"","background-image":"","background-repeat":"repeat","background-position":"center center","background-size":"auto","background-attachment":"scroll","background-type":"","background-media":"","overlay-type":"","overlay-color":"","overlay-opacity":"","overlay-gradient":""},"mobile":{"background-color":"","background-image":"","background-repeat":"repeat","background-position":"center center","background-size":"auto","background-attachment":"scroll","background-type":"","background-media":"","overlay-type":"","overlay-color":"","overlay-opacity":"","overlay-gradient":""}},"ast-content-background-meta":{"desktop":{"background-color":"var(--ast-global-color-5)","background-image":"","background-repeat":"repeat","background-position":"center center","background-size":"auto","background-attachment":"scroll","background-type":"","background-media":"","overlay-type":"","overlay-color":"","overlay-opacity":"","overlay-gradient":""},"tablet":{"background-color":"var(--ast-global-color-5)","background-image":"","background-repeat":"repeat","background-position":"center center","background-size":"auto","background-attachment":"scroll","background-type":"","background-media":"","overlay-type":"","overlay-color":"","overlay-opacity":"","overlay-gradient":""},"mobile":{"background-color":"var(--ast-global-color-5)","background-image":"","background-repeat":"repeat","background-position":"center center","background-size":"auto","background-attachment":"scroll","background-type":"","background-media":"","overlay-type":"","overlay-color":"","overlay-opacity":"","overlay-gradient":""}}},"product_brand":[],"product_cat":[143],"product_tag":[309,310,312,311],"class_list":{"0":"post-3733","1":"product","2":"type-product","3":"status-publish","4":"has-post-thumbnail","6":"product_cat-high-temperature-drying-oven","7":"product_tag-blast-drying-oven","8":"product_tag-constant-temperature-drying-oven","9":"product_tag-forced-air-drying-oven","10":"product_tag-laboratory-drying-oven","11":"desktop-align-left","12":"tablet-align-left","13":"mobile-align-left","14":"ast-col-sm-12","15":"ast-article-post","16":"ast-width-md-12","17":"ast-archive-post","18":"ast-product-gallery-layout-horizontal-slider","19":"ast-product-gallery-with-no-image","20":"ast-product-tabs-layout-horizontal","22":"first","23":"instock","24":"shipping-taxable","25":"product-type-simple"},"uagb_featured_image_src":{"full":["https:\/\/www.ansenta.com\/wp-content\/uploads\/2026\/02\/Blast-Drying-Oven.jpg",1200,1200,false],"thumbnail":["https:\/\/www.ansenta.com\/wp-content\/uploads\/2026\/02\/Blast-Drying-Oven-150x150.jpg",150,150,true],"medium":["https:\/\/www.ansenta.com\/wp-content\/uploads\/2026\/02\/Blast-Drying-Oven-300x300.jpg",300,300,true],"medium_large":["https:\/\/www.ansenta.com\/wp-content\/uploads\/2026\/02\/Blast-Drying-Oven-768x768.jpg",768,768,true],"large":["https:\/\/www.ansenta.com\/wp-content\/uploads\/2026\/02\/Blast-Drying-Oven-1024x1024.jpg",1024,1024,true],"1536x1536":["https:\/\/www.ansenta.com\/wp-content\/uploads\/2026\/02\/Blast-Drying-Oven.jpg",1200,1200,false],"2048x2048":["https:\/\/www.ansenta.com\/wp-content\/uploads\/2026\/02\/Blast-Drying-Oven.jpg",1200,1200,false],"trp-custom-language-flag":["https:\/\/www.ansenta.com\/wp-content\/uploads\/2026\/02\/Blast-Drying-Oven-12x12.jpg",12,12,true],"mailpoet_newsletter_max":["https:\/\/www.ansenta.com\/wp-content\/uploads\/2026\/02\/Blast-Drying-Oven.jpg",1200,1200,false],"woocommerce_thumbnail":["https:\/\/www.ansenta.com\/wp-content\/uploads\/2026\/02\/Blast-Drying-Oven-600x600.jpg",600,600,true],"woocommerce_single":["https:\/\/www.ansenta.com\/wp-content\/uploads\/2026\/02\/Blast-Drying-Oven-600x600.jpg",600,600,true],"woocommerce_gallery_thumbnail":["https:\/\/www.ansenta.com\/wp-content\/uploads\/2026\/02\/Blast-Drying-Oven-100x100.jpg",100,100,true]},"uagb_author_info":{"display_name":"jinxing6611@gmail.com","author_link":"https:\/\/www.ansenta.com\/es\/author\/"},"uagb_comment_info":0,"uagb_excerpt":"Brand:ANSENTA Product Origin:CHINA Delivery time:Within 7 days Supply capacity:Factory Direct Supply Model:Blast Drying Oven Download: Blast Drying Oven","jetpack_sharing_enabled":true,"_links":{"self":[{"href":"https:\/\/www.ansenta.com\/es\/wp-json\/wp\/v2\/product\/3733","targetHints":{"allow":["GET"]}}],"collection":[{"href":"https:\/\/www.ansenta.com\/es\/wp-json\/wp\/v2\/product"}],"about":[{"href":"https:\/\/www.ansenta.com\/es\/wp-json\/wp\/v2\/types\/product"}],"wp:featuredmedia":[{"embeddable":true,"href":"https:\/\/www.ansenta.com\/es\/wp-json\/wp\/v2\/media\/3734"}],"wp:attachment":[{"href":"https:\/\/www.ansenta.com\/es\/wp-json\/wp\/v2\/media?parent=3733"}],"wp:term":[{"taxonomy":"product_brand","embeddable":true,"href":"https:\/\/www.ansenta.com\/es\/wp-json\/wp\/v2\/product_brand?post=3733"},{"taxonomy":"product_cat","embeddable":true,"href":"https:\/\/www.ansenta.com\/es\/wp-json\/wp\/v2\/product_cat?post=3733"},{"taxonomy":"product_tag","embeddable":true,"href":"https:\/\/www.ansenta.com\/es\/wp-json\/wp\/v2\/product_tag?post=3733"}],"curies":[{"name":"wp","href":"https:\/\/api.w.org\/{rel}","templated":true}]}}