{"id":3728,"date":"2026-02-06T14:45:58","date_gmt":"2026-02-06T14:45:58","guid":{"rendered":"https:\/\/www.ansenta.com\/?post_type=product&#038;p=3728"},"modified":"2026-02-06T14:45:58","modified_gmt":"2026-02-06T14:45:58","slug":"water-bath-thermostatic-oscillator","status":"publish","type":"product","link":"https:\/\/www.ansenta.com\/es\/producto\/water-bath-thermostatic-oscillator\/","title":{"rendered":"Oscilador termost\u00e1tico de ba\u00f1o de agua"},"content":{"rendered":"<p><strong>Caracter\u00edsticas<\/strong><br \/>\n1. La temperatura se controla con precisi\u00f3n y se muestra de forma digital en la pantalla LCD.<br \/>\n2. Durante el proceso de oscilaci\u00f3n, se producen peque\u00f1as ondas, pero no salpicaduras.<br \/>\n3. Este instrumento cuenta con un dispositivo de cronometraje (antes de la actualizaci\u00f3n, se adopt\u00f3 el dise\u00f1o de cronometraje mec\u00e1nico. Despu\u00e9s de la actualizaci\u00f3n, se adopt\u00f3 el dise\u00f1o de cronometraje digital del instrumento).<br \/>\n4. El botellero de muelle universal es especialmente adecuado para el cultivo y la preparaci\u00f3n de muestras biol\u00f3gicas para diversos experimentos comparativos.<br \/>\n5. El instrumento se ajusta a una velocidad constante para garantizar un funcionamiento suave y una operaci\u00f3n sencilla y segura.<br \/>\n6. La cavidad interior es de acero inoxidable, con buena resistencia a la corrosi\u00f3n.<br \/>\n7. El producto con modelo S es un oscilador de temperatura constante de ba\u00f1o de agua de tipo refrigeraci\u00f3n.<\/p>\n<p><strong>Par\u00e1metros t\u00e9cnicos:<\/strong><br \/>\n<img fetchpriority=\"high\" decoding=\"async\" class=\"alignnone size-full wp-image-3732\" src=\"https:\/\/www.ansenta.com\/wp-content\/uploads\/2026\/02\/Water-Bath-Thermostatic-Oscillator2.jpg\" alt=\"\" width=\"1200\" height=\"1010\" srcset=\"https:\/\/www.ansenta.com\/wp-content\/uploads\/2026\/02\/Water-Bath-Thermostatic-Oscillator2.jpg 1200w, https:\/\/www.ansenta.com\/wp-content\/uploads\/2026\/02\/Water-Bath-Thermostatic-Oscillator2-300x253.jpg 300w, https:\/\/www.ansenta.com\/wp-content\/uploads\/2026\/02\/Water-Bath-Thermostatic-Oscillator2-1024x862.jpg 1024w, https:\/\/www.ansenta.com\/wp-content\/uploads\/2026\/02\/Water-Bath-Thermostatic-Oscillator2-768x646.jpg 768w, https:\/\/www.ansenta.com\/wp-content\/uploads\/2026\/02\/Water-Bath-Thermostatic-Oscillator2-14x12.jpg 14w, https:\/\/www.ansenta.com\/wp-content\/uploads\/2026\/02\/Water-Bath-Thermostatic-Oscillator2-600x505.jpg 600w\" sizes=\"(max-width: 1200px) 100vw, 1200px\" \/><\/p>\n<p><span style=\"color: #003300;\"><strong>Descargar:<\/strong><\/span><br \/>\n<a href=\"https:\/\/www.ansenta.com\/wp-content\/uploads\/2026\/02\/Water-Bath-Thermostatic-Oscillator.pdf\">Oscilador termost\u00e1tico de ba\u00f1o de agua<\/a><\/p>","protected":false},"excerpt":{"rendered":"<p><span style=\"color: #003300;\"><strong>Marca:<\/strong><\/span>ANSENTA<br \/>\n<span style=\"color: #003300;\"><strong>Origen del producto:<\/strong><\/span>CHINA<br \/>\n<span style=\"color: #003300;\"><strong>Plazo de entrega:<\/strong><\/span>En 7 d\u00edas<br \/>\n<span style=\"color: #003300;\"><strong>Capacidad de suministro:<\/strong><\/span>Suministro directo de f\u00e1brica<br \/>\n<span style=\"color: #003300;\"><strong>Modelo:<\/strong><\/span>Oscilador termost\u00e1tico de ba\u00f1o de agua<br \/>\n<span style=\"color: #003300;\"><strong>Introducci\u00f3n:<\/strong><\/span><br \/>\nEl oscilador de temperatura constante de ba\u00f1o de agua es un instrumento bioqu\u00edmico que combina un ba\u00f1o de agua de temperatura constante controlada y un oscilador. Es principalmente adecuado para el cultivo oscilante de varios compuestos l\u00edquidos y s\u00f3lidos en biolog\u00eda, bioqu\u00edmica, c\u00e9lulas, bacterias y otros departamentos de investigaci\u00f3n cient\u00edfica como petroqu\u00edmica, salud y prevenci\u00f3n de epidemias y monitoreo ambiental en varias universidades y colegios.<br \/>\n<span style=\"color: #003300;\"><strong>Descargar:<\/strong><\/span><br \/>\n<a href=\"https:\/\/www.ansenta.com\/wp-content\/uploads\/2026\/02\/Water-Bath-Thermostatic-Oscillator.pdf\">Oscilador termost\u00e1tico de ba\u00f1o de agua<\/a><\/p>","protected":false},"featured_media":3729,"template":"","meta":{"_uag_custom_page_level_css":"","site-sidebar-layout":"default","site-content-layout":"","ast-site-content-layout":"default","site-content-style":"default","site-sidebar-style":"default","ast-global-header-display":"","ast-banner-title-visibility":"","ast-main-header-display":"","ast-hfb-above-header-display":"","ast-hfb-below-header-display":"","ast-hfb-mobile-header-display":"","site-post-title":"","ast-breadcrumbs-content":"","ast-featured-img":"","footer-sml-layout":"","ast-disable-related-posts":"","theme-transparent-header-meta":"default","adv-header-id-meta":"","stick-header-meta":"default","header-above-stick-meta":"","header-main-stick-meta":"","header-below-stick-meta":"","astra-migrate-meta-layouts":"set","ast-page-background-enabled":"default","ast-page-background-meta":{"desktop":{"background-color":"var(--ast-global-color-4)","background-image":"","background-repeat":"repeat","background-position":"center center","background-size":"auto","background-attachment":"scroll","background-type":"","background-media":"","overlay-type":"","overlay-color":"","overlay-opacity":"","overlay-gradient":""},"tablet":{"background-color":"","background-image":"","background-repeat":"repeat","background-position":"center center","background-size":"auto","background-attachment":"scroll","background-type":"","background-media":"","overlay-type":"","overlay-color":"","overlay-opacity":"","overlay-gradient":""},"mobile":{"background-color":"","background-image":"","background-repeat":"repeat","background-position":"center center","background-size":"auto","background-attachment":"scroll","background-type":"","background-media":"","overlay-type":"","overlay-color":"","overlay-opacity":"","overlay-gradient":""}},"ast-content-background-meta":{"desktop":{"background-color":"var(--ast-global-color-5)","background-image":"","background-repeat":"repeat","background-position":"center center","background-size":"auto","background-attachment":"scroll","background-type":"","background-media":"","overlay-type":"","overlay-color":"","overlay-opacity":"","overlay-gradient":""},"tablet":{"background-color":"var(--ast-global-color-5)","background-image":"","background-repeat":"repeat","background-position":"center center","background-size":"auto","background-attachment":"scroll","background-type":"","background-media":"","overlay-type":"","overlay-color":"","overlay-opacity":"","overlay-gradient":""},"mobile":{"background-color":"var(--ast-global-color-5)","background-image":"","background-repeat":"repeat","background-position":"center center","background-size":"auto","background-attachment":"scroll","background-type":"","background-media":"","overlay-type":"","overlay-color":"","overlay-opacity":"","overlay-gradient":""}}},"product_brand":[],"product_cat":[247],"product_tag":[308,307,306],"class_list":{"0":"post-3728","1":"product","2":"type-product","3":"status-publish","4":"has-post-thumbnail","6":"product_cat-laboratory-bath","7":"product_tag-laboratory-shaking-incubator-bath","8":"product_tag-shaking-water-bath-for-lab","9":"product_tag-thermostatic-shaking-water-bath","10":"desktop-align-left","11":"tablet-align-left","12":"mobile-align-left","13":"ast-col-sm-12","14":"ast-article-post","15":"ast-width-md-12","16":"ast-archive-post","17":"ast-product-gallery-layout-horizontal-slider","18":"ast-product-tabs-layout-horizontal","20":"first","21":"instock","22":"shipping-taxable","23":"product-type-simple"},"uagb_featured_image_src":{"full":["https:\/\/www.ansenta.com\/wp-content\/uploads\/2026\/02\/Water-Bath-Thermostatic-Oscillator.jpg",900,900,false],"thumbnail":["https:\/\/www.ansenta.com\/wp-content\/uploads\/2026\/02\/Water-Bath-Thermostatic-Oscillator-150x150.jpg",150,150,true],"medium":["https:\/\/www.ansenta.com\/wp-content\/uploads\/2026\/02\/Water-Bath-Thermostatic-Oscillator-300x300.jpg",300,300,true],"medium_large":["https:\/\/www.ansenta.com\/wp-content\/uploads\/2026\/02\/Water-Bath-Thermostatic-Oscillator-768x768.jpg",768,768,true],"large":["https:\/\/www.ansenta.com\/wp-content\/uploads\/2026\/02\/Water-Bath-Thermostatic-Oscillator.jpg",900,900,false],"1536x1536":["https:\/\/www.ansenta.com\/wp-content\/uploads\/2026\/02\/Water-Bath-Thermostatic-Oscillator.jpg",900,900,false],"2048x2048":["https:\/\/www.ansenta.com\/wp-content\/uploads\/2026\/02\/Water-Bath-Thermostatic-Oscillator.jpg",900,900,false],"trp-custom-language-flag":["https:\/\/www.ansenta.com\/wp-content\/uploads\/2026\/02\/Water-Bath-Thermostatic-Oscillator-12x12.jpg",12,12,true],"mailpoet_newsletter_max":["https:\/\/www.ansenta.com\/wp-content\/uploads\/2026\/02\/Water-Bath-Thermostatic-Oscillator.jpg",900,900,false],"woocommerce_thumbnail":["https:\/\/www.ansenta.com\/wp-content\/uploads\/2026\/02\/Water-Bath-Thermostatic-Oscillator-600x600.jpg",600,600,true],"woocommerce_single":["https:\/\/www.ansenta.com\/wp-content\/uploads\/2026\/02\/Water-Bath-Thermostatic-Oscillator-600x600.jpg",600,600,true],"woocommerce_gallery_thumbnail":["https:\/\/www.ansenta.com\/wp-content\/uploads\/2026\/02\/Water-Bath-Thermostatic-Oscillator-100x100.jpg",100,100,true]},"uagb_author_info":{"display_name":"jinxing6611@gmail.com","author_link":"https:\/\/www.ansenta.com\/es\/author\/"},"uagb_comment_info":0,"uagb_excerpt":"Brand:ANSENTA Product Origin:CHINA Delivery time:Within 7 days Supply capacity:Factory Direct Supply Model:Water Bath Thermostatic Oscillator Introduction: The water bath constant temperature oscillator is a biochemical instrument that combines a temperature controlled constant temperature water bath and an oscillator. It is mainly suitable for oscillating cultivation of various liquid and solid compounds in biology, biochemistry, cells,&hellip;","jetpack_sharing_enabled":true,"_links":{"self":[{"href":"https:\/\/www.ansenta.com\/es\/wp-json\/wp\/v2\/product\/3728","targetHints":{"allow":["GET"]}}],"collection":[{"href":"https:\/\/www.ansenta.com\/es\/wp-json\/wp\/v2\/product"}],"about":[{"href":"https:\/\/www.ansenta.com\/es\/wp-json\/wp\/v2\/types\/product"}],"wp:featuredmedia":[{"embeddable":true,"href":"https:\/\/www.ansenta.com\/es\/wp-json\/wp\/v2\/media\/3729"}],"wp:attachment":[{"href":"https:\/\/www.ansenta.com\/es\/wp-json\/wp\/v2\/media?parent=3728"}],"wp:term":[{"taxonomy":"product_brand","embeddable":true,"href":"https:\/\/www.ansenta.com\/es\/wp-json\/wp\/v2\/product_brand?post=3728"},{"taxonomy":"product_cat","embeddable":true,"href":"https:\/\/www.ansenta.com\/es\/wp-json\/wp\/v2\/product_cat?post=3728"},{"taxonomy":"product_tag","embeddable":true,"href":"https:\/\/www.ansenta.com\/es\/wp-json\/wp\/v2\/product_tag?post=3728"}],"curies":[{"name":"wp","href":"https:\/\/api.w.org\/{rel}","templated":true}]}}