{"id":3714,"date":"2026-02-05T13:13:49","date_gmt":"2026-02-05T13:13:49","guid":{"rendered":"https:\/\/www.ansenta.com\/?post_type=product&#038;p=3714"},"modified":"2026-02-05T13:14:57","modified_gmt":"2026-02-05T13:14:57","slug":"density-tester-md-300w","status":"publish","type":"product","link":"https:\/\/www.ansenta.com\/es\/producto\/density-tester-md-300w\/","title":{"rendered":"Comprobador de densidad MD-300W"},"content":{"rendered":"<p>Aplicable a: Industrias del caucho, pl\u00e1stico, pel\u00edculas, cables y vidrio, as\u00ed como laboratorios de investigaci\u00f3n de l\u00edquidos, aditivos y alimentos.<br \/>\nPrincipio:Modo s\u00f3lido: Cumple las normas ASTM D297-93, D792-00, D618, D891, GB\/T 1033, JIS K6530 e ISO 2781. Adopta el principio de flotabilidad de Arqu\u00edmedes para una lectura precisa y directa de los valores de medici\u00f3n.<br \/>\nModo l\u00edquido: Cumple con las especificaciones GB\/T 5526, 13531, 15223, 5009, JIS e ISO.Utiliza el principio de flotabilidad de Arqu\u00edmedes para una lectura r\u00e1pida y directa de los valores de densidad de l\u00edquidos.<br \/>\nMedici\u00f3n de s\u00f3lidos: Densidad Aparente, Proporci\u00f3n de Mezcla, Gravedad Espec\u00edfica y Tasa de Cambio de Volumen.<br \/>\nMedici\u00f3n de l\u00edquidos: Densidad relativa, concentraci\u00f3n<\/p>\n<p><strong>Funciones<\/strong><br \/>\nEquipado con una funci\u00f3n de proporci\u00f3n de mezcla que muestra directamente los valores en porcentaje (%),facilitando la I+D de nuevos materiales y la selecci\u00f3n de proporciones de mezcla \u00f3ptimas.<br \/>\nDispone de funciones de ajuste de los l\u00edmites superior e inferior para juzgar la cualificaci\u00f3n de la gravedad espec\u00edfica y la concentraci\u00f3n del objeto medido, con un zumbador integrado para alertas r\u00e1pidas.<br \/>\nIncluye una interfaz inform\u00e1tica RS-232C para facilitar la conexi\u00f3n a ordenadores e impresoras.<br \/>\nAdopta un dise\u00f1o de gran dep\u00f3sito de agua para reducir los errores causados por la flotabilidad del cable de suspensi\u00f3n.<br \/>\nDispone de funciones de medici\u00f3n de la gravedad espec\u00edfica y del \u00edndice de cambio de volumen (con tiempo de lectura ajustable: 1\/10\/30\/60 segundos).<br \/>\nEl modo de ensayo con l\u00edquidos puede compensar los errores inducidos por la flotabilidad del aire para obtener resultados precisos.<br \/>\nMuestra directamente el valor de concentraci\u00f3n de la soluci\u00f3n basado en el valor de gravedad espec\u00edfica medido, sin necesidad de c\u00e1lculos adicionales.<\/p>\n<p><strong>Especificaciones<\/strong><br \/>\n<img fetchpriority=\"high\" decoding=\"async\" class=\"alignnone size-full wp-image-3719\" src=\"https:\/\/www.ansenta.com\/wp-content\/uploads\/2026\/02\/Density-Tester-MD-300W-3.jpg\" alt=\"\" width=\"1200\" height=\"1086\" srcset=\"https:\/\/www.ansenta.com\/wp-content\/uploads\/2026\/02\/Density-Tester-MD-300W-3.jpg 1200w, https:\/\/www.ansenta.com\/wp-content\/uploads\/2026\/02\/Density-Tester-MD-300W-3-300x272.jpg 300w, https:\/\/www.ansenta.com\/wp-content\/uploads\/2026\/02\/Density-Tester-MD-300W-3-1024x927.jpg 1024w, https:\/\/www.ansenta.com\/wp-content\/uploads\/2026\/02\/Density-Tester-MD-300W-3-768x695.jpg 768w, https:\/\/www.ansenta.com\/wp-content\/uploads\/2026\/02\/Density-Tester-MD-300W-3-13x12.jpg 13w, https:\/\/www.ansenta.com\/wp-content\/uploads\/2026\/02\/Density-Tester-MD-300W-3-600x543.jpg 600w\" sizes=\"(max-width: 1200px) 100vw, 1200px\" \/><br \/>\n<strong>Accesorios est\u00e1ndar<\/strong><br \/>\nPlataforma de medici\u00f3n, dep\u00f3sito de agua de una sola pieza, unidad principal, pantalla antiviento, fuente de alimentaci\u00f3n, pinzas,term\u00f3metro, herramienta de medici\u00f3n especial para part\u00edculas, pesa de calibraci\u00f3n de 100 g, marco antiviento, manual de funcionamiento (chino simplificado);Accesorios especiales del modo l\u00edquido:Soporte espec\u00edfico para l\u00edquidos, pesa de vidrio, gancho, vaso de precipitados de 50 CC, placa de soporte.<br \/>\n<span style=\"color: #003300;\"><strong>Descargar:<\/strong><\/span><br \/>\n<a href=\"https:\/\/www.ansenta.com\/wp-content\/uploads\/2026\/02\/Density-Tester-MD-300W.pdf\">Comprobador de densidad MD-300W<\/a><\/p>","protected":false},"excerpt":{"rendered":"<p><span style=\"color: #003300;\"><strong>Marca:<\/strong><\/span>ANSENTA<br \/>\n<span style=\"color: #003300;\"><strong>Origen del producto:<\/strong><\/span>CHINA<br \/>\n<span style=\"color: #003300;\"><strong>Plazo de entrega:<\/strong><\/span>En 7 d\u00edas<br \/>\n<span style=\"color: #003300;\"><strong>Capacidad de suministro:<\/strong><\/span>Suministro directo de f\u00e1brica<br \/>\n<span style=\"color: #003300;\"><strong>Modelo:<\/strong><\/span>Comprobador de densidad MD-300W<br \/>\n<span style=\"color: #003300;\"><strong>Descargar:<\/strong><\/span><br \/>\n<a href=\"https:\/\/www.ansenta.com\/wp-content\/uploads\/2026\/02\/Density-Tester-MD-300W.pdf\">Comprobador de densidad MD-300W<\/a><\/p>","protected":false},"featured_media":3716,"template":"","meta":{"_uag_custom_page_level_css":"","site-sidebar-layout":"default","site-content-layout":"","ast-site-content-layout":"default","site-content-style":"default","site-sidebar-style":"default","ast-global-header-display":"","ast-banner-title-visibility":"","ast-main-header-display":"","ast-hfb-above-header-display":"","ast-hfb-below-header-display":"","ast-hfb-mobile-header-display":"","site-post-title":"","ast-breadcrumbs-content":"","ast-featured-img":"","footer-sml-layout":"","ast-disable-related-posts":"","theme-transparent-header-meta":"default","adv-header-id-meta":"","stick-header-meta":"default","header-above-stick-meta":"","header-main-stick-meta":"","header-below-stick-meta":"","astra-migrate-meta-layouts":"set","ast-page-background-enabled":"default","ast-page-background-meta":{"desktop":{"background-color":"var(--ast-global-color-4)","background-image":"","background-repeat":"repeat","background-position":"center center","background-size":"auto","background-attachment":"scroll","background-type":"","background-media":"","overlay-type":"","overlay-color":"","overlay-opacity":"","overlay-gradient":""},"tablet":{"background-color":"","background-image":"","background-repeat":"repeat","background-position":"center center","background-size":"auto","background-attachment":"scroll","background-type":"","background-media":"","overlay-type":"","overlay-color":"","overlay-opacity":"","overlay-gradient":""},"mobile":{"background-color":"","background-image":"","background-repeat":"repeat","background-position":"center center","background-size":"auto","background-attachment":"scroll","background-type":"","background-media":"","overlay-type":"","overlay-color":"","overlay-opacity":"","overlay-gradient":""}},"ast-content-background-meta":{"desktop":{"background-color":"var(--ast-global-color-5)","background-image":"","background-repeat":"repeat","background-position":"center center","background-size":"auto","background-attachment":"scroll","background-type":"","background-media":"","overlay-type":"","overlay-color":"","overlay-opacity":"","overlay-gradient":""},"tablet":{"background-color":"var(--ast-global-color-5)","background-image":"","background-repeat":"repeat","background-position":"center center","background-size":"auto","background-attachment":"scroll","background-type":"","background-media":"","overlay-type":"","overlay-color":"","overlay-opacity":"","overlay-gradient":""},"mobile":{"background-color":"var(--ast-global-color-5)","background-image":"","background-repeat":"repeat","background-position":"center center","background-size":"auto","background-attachment":"scroll","background-type":"","background-media":"","overlay-type":"","overlay-color":"","overlay-opacity":"","overlay-gradient":""}}},"product_brand":[],"product_cat":[155],"product_tag":[296,297,298,300,299,301],"class_list":{"0":"post-3714","1":"product","2":"type-product","3":"status-publish","4":"has-post-thumbnail","6":"product_cat-densimeter","7":"product_tag-density-tester","8":"product_tag-digital-density-tester","9":"product_tag-electronic-density-tester","10":"product_tag-liquid-density-mete","11":"product_tag-solid-density-tester","12":"product_tag-solid-liquid-dual-purpose-density-tester-meter","13":"desktop-align-left","14":"tablet-align-left","15":"mobile-align-left","16":"ast-col-sm-12","17":"ast-article-post","18":"ast-width-md-12","19":"ast-archive-post","20":"ast-product-gallery-layout-horizontal-slider","21":"ast-product-tabs-layout-horizontal","23":"first","24":"instock","25":"shipping-taxable","26":"product-type-simple"},"uagb_featured_image_src":{"full":["https:\/\/www.ansenta.com\/wp-content\/uploads\/2026\/02\/Density-Tester-MD-300W2.jpg",800,800,false],"thumbnail":["https:\/\/www.ansenta.com\/wp-content\/uploads\/2026\/02\/Density-Tester-MD-300W2-150x150.jpg",150,150,true],"medium":["https:\/\/www.ansenta.com\/wp-content\/uploads\/2026\/02\/Density-Tester-MD-300W2-300x300.jpg",300,300,true],"medium_large":["https:\/\/www.ansenta.com\/wp-content\/uploads\/2026\/02\/Density-Tester-MD-300W2-768x768.jpg",768,768,true],"large":["https:\/\/www.ansenta.com\/wp-content\/uploads\/2026\/02\/Density-Tester-MD-300W2.jpg",800,800,false],"1536x1536":["https:\/\/www.ansenta.com\/wp-content\/uploads\/2026\/02\/Density-Tester-MD-300W2.jpg",800,800,false],"2048x2048":["https:\/\/www.ansenta.com\/wp-content\/uploads\/2026\/02\/Density-Tester-MD-300W2.jpg",800,800,false],"trp-custom-language-flag":["https:\/\/www.ansenta.com\/wp-content\/uploads\/2026\/02\/Density-Tester-MD-300W2-12x12.jpg",12,12,true],"mailpoet_newsletter_max":["https:\/\/www.ansenta.com\/wp-content\/uploads\/2026\/02\/Density-Tester-MD-300W2.jpg",800,800,false],"woocommerce_thumbnail":["https:\/\/www.ansenta.com\/wp-content\/uploads\/2026\/02\/Density-Tester-MD-300W2-600x600.jpg",600,600,true],"woocommerce_single":["https:\/\/www.ansenta.com\/wp-content\/uploads\/2026\/02\/Density-Tester-MD-300W2-600x600.jpg",600,600,true],"woocommerce_gallery_thumbnail":["https:\/\/www.ansenta.com\/wp-content\/uploads\/2026\/02\/Density-Tester-MD-300W2-100x100.jpg",100,100,true]},"uagb_author_info":{"display_name":"jinxing6611@gmail.com","author_link":"https:\/\/www.ansenta.com\/es\/author\/"},"uagb_comment_info":0,"uagb_excerpt":"Brand:ANSENTA Product Origin:CHINA Delivery time:Within 7 days Supply capacity:Factory Direct Supply Model:Density Tester MD-300W Download: Density Tester MD-300W","jetpack_sharing_enabled":true,"_links":{"self":[{"href":"https:\/\/www.ansenta.com\/es\/wp-json\/wp\/v2\/product\/3714","targetHints":{"allow":["GET"]}}],"collection":[{"href":"https:\/\/www.ansenta.com\/es\/wp-json\/wp\/v2\/product"}],"about":[{"href":"https:\/\/www.ansenta.com\/es\/wp-json\/wp\/v2\/types\/product"}],"wp:featuredmedia":[{"embeddable":true,"href":"https:\/\/www.ansenta.com\/es\/wp-json\/wp\/v2\/media\/3716"}],"wp:attachment":[{"href":"https:\/\/www.ansenta.com\/es\/wp-json\/wp\/v2\/media?parent=3714"}],"wp:term":[{"taxonomy":"product_brand","embeddable":true,"href":"https:\/\/www.ansenta.com\/es\/wp-json\/wp\/v2\/product_brand?post=3714"},{"taxonomy":"product_cat","embeddable":true,"href":"https:\/\/www.ansenta.com\/es\/wp-json\/wp\/v2\/product_cat?post=3714"},{"taxonomy":"product_tag","embeddable":true,"href":"https:\/\/www.ansenta.com\/es\/wp-json\/wp\/v2\/product_tag?post=3714"}],"curies":[{"name":"wp","href":"https:\/\/api.w.org\/{rel}","templated":true}]}}